

{"id":66,"date":"2014-07-04T11:53:26","date_gmt":"2014-07-04T11:53:26","guid":{"rendered":"https:\/\/ecoleporquerolles.inria.fr\/?page_id=62"},"modified":"2016-09-14T14:08:20","modified_gmt":"2016-09-14T12:08:20","slug":"programme","status":"publish","type":"page","link":"https:\/\/project.inria.fr\/berder2016\/fr\/programme\/","title":{"rendered":"Programme"},"content":{"rendered":"<p><\/p>\n<p><br \/>\nLe programme est\u00a0compos\u00e9 d\u2019expos\u00e9s d\u2019une heure: 30min de pr\u00e9sentation + 30min de questions (cliquer sur le programme pour\u00a0agrandir).\u00a0R\u00e9sum\u00e9s et\u00a0diapositives des expos\u00e9s sont consultables\u00a0<a href=\"http:\/\/project.inria.fr\/berder2016\/resumes\/\" target=\"_blank\">ici<\/a>.<\/p>\n<p><a href=\"http:\/\/project.inria.fr\/berder2016\/files\/2016\/05\/Berder-2016-planning.png\"><img loading=\"lazy\" decoding=\"async\" class=\"alignnone size-large wp-image-222\" src=\"http:\/\/project.inria.fr\/berder2016\/files\/2016\/05\/Berder-2016-planning-1024x919.png\" alt=\"Berder 2016 - planning\" width=\"1024\" height=\"919\" srcset=\"https:\/\/project.inria.fr\/berder2016\/files\/2016\/05\/Berder-2016-planning-1024x919.png 1024w, https:\/\/project.inria.fr\/berder2016\/files\/2016\/05\/Berder-2016-planning-300x269.png 300w, https:\/\/project.inria.fr\/berder2016\/files\/2016\/05\/Berder-2016-planning-167x150.png 167w, https:\/\/project.inria.fr\/berder2016\/files\/2016\/05\/Berder-2016-planning-150x135.png 150w, https:\/\/project.inria.fr\/berder2016\/files\/2016\/05\/Berder-2016-planning.png 1167w\" sizes=\"auto, (max-width: 1024px) 100vw, 1024px\" \/><\/a><\/p>\n<p>&nbsp;<\/p>\n<p>Le d\u00e9tail des sessions (cliquer sur les titres pour acc\u00e8s aux r\u00e9sum\u00e9s et aux diapositives de certains expos\u00e9s):<\/p>\n<ol>\n<li>Exobiologie\n<ul>\n<li><a href=\"https:\/\/www.researchgate.net\/profile\/Adrienne_Kish\" target=\"_blank\">Adrienne Kish<\/a>, MNHN, <a href=\"http:\/\/project.inria.fr\/berder2016\/resumes#Kish\" target=\"_blank\">\u00ab\u00a0Bizarre, comme c&rsquo;est bizarre ! (Les formes de vie insolites sur Terre)\u00a0\u00bb<\/a><\/li>\n<li><a href=\"http:\/\/isyeb.mnhn.fr\/annuaire-et-pages-personnelles\/pages-personnelles\/article\/maurel-marie-christine?lang=fr\" target=\"_blank\">Marie-Christine Maurel<\/a>, MNHN &amp; UPMC, <a href=\"http:\/\/project.inria.fr\/berder2016\/resumes#Maurel\" target=\"_blank\">\u00ab\u00a0Biodiversit\u00e9s et habitabilit\u00e9s\u00a0\u00bb<\/a><\/li>\n<li><a href=\"http:\/\/luth7.obspm.fr\" target=\"_blank\">Jean Schneider<\/a>, Observatoire de Paris: <a href=\"http:\/\/project.inria.fr\/berder2016\/resumes#Schneider\" target=\"_blank\">\u00ab\u00a0Le vivant autrement\u2026 ailleurs<\/a>\u00ab\u00a0<\/li>\n<li><a href=\"https:\/\/exomars.cnes.fr\/fr\/EXOMARS\/Fr\/GP_contacts.htm\" target=\"_blank\">Michel Viso<\/a>, CNES, <a href=\"http:\/\/project.inria.fr\/berder2016\/resumes#Viso\" target=\"_blank\">\u00ab\u00a0Mars attaqu\u00e9\u2026\u00a0\u00bb<\/a><\/li>\n<\/ul>\n<\/li>\n<li>Biomim\u00e9tisme &amp; Bioinspiration\n<ul>\n<li><a href=\"http:\/\/mecadev.cnrs.fr\/index.php?post\/Abourachid-Anick\" target=\"_blank\">Anick Abourachid<\/a>, MNHN: <a href=\"http:\/\/project.inria.fr\/berder2016\/resumes#Abourachid\" target=\"_blank\">\u00ab\u00a0La morphologie fonctionnelle, \u00e9tude des relations entre les formes et le fonctionnement de la machine animale\u00a0\u00bb<\/a><\/li>\n<li><a href=\"http:\/\/www.insp.upmc.fr\/spip.php?page=annu-personne&amp;idpers=21&amp;lang=fr\" target=\"_blank\">Serge Berthier<\/a>, INSP, <a href=\"http:\/\/project.inria.fr\/berder2016\/resumes#Berthier\" target=\"_blank\">\u00ab\u00a0Araign\u00e9es, libellules et papillons : la bio-inspiration \u00e0 l&rsquo;\u00e9chelle nano\u00a0\u00bb<\/a><\/li>\n<li><a href=\"http:\/\/www.chimeco-lab.com\/#!claude-grison\/c13ay\" target=\"_blank\">Claude Grison<\/a>, CNRS &#8211; Univ. Montpellier, <a href=\"http:\/\/project.inria.fr\/berder2016\/resumes#Grison\" target=\"_blank\">\u00ab\u00a0Les ruses de la nature : une source de bio-inspiration pour la recherche scientifique\u00a0\u00bb<\/a><\/li>\n<li><a href=\"http:\/\/www.labos.upmc.fr\/ljp\/?people8\" target=\"_blank\">Elie Wandersman<\/a>, LJP, UPMC, <a href=\"http:\/\/project.inria.fr\/berder2016\/resumes#Wandersman\" target=\"_blank\">Biomim\u00e9tisme de la perception tactile : des souris et des hommes<\/a><\/li>\n<\/ul>\n<\/li>\n<li>Biologie In Silico &amp; Biologie\u00a0Synth\u00e9tique\n<ul>\n<li><a href=\"http:\/\/www.isir.upmc.fr\/?op=view_profil&amp;lang=fr&amp;id=334\" target=\"_blank\">David Colliaux<\/a>, ISIR, UPMC: \u00ab\u00a0<a href=\"http:\/\/project.inria.fr\/berder2016\/resumes#Colliaux\" target=\"_blank\">Calculs probabilistes dans la phototaxie des microalgues<\/a>\u00ab\u00a0<\/li>\n<li><a href=\"http:\/\/www.dule.fr\" target=\"_blank\">Dusan Misevic<\/a>, INSERM U1001: <a href=\"http:\/\/project.inria.fr\/berder2016\/resumes#Misevic\" target=\"_blank\">\u00ab\u00a0Creativity and surprise in digital evolution\u00a0\u00bb<\/a><\/li>\n<li><a href=\"https:\/\/www.sys2diag.cnrs.fr\" target=\"_blank\">Franck Molina<\/a>, CNRS-Sys2Diag Montpellier, <a href=\"http:\/\/project.inria.fr\/berder2016\/resumes#Molina\" target=\"_blank\">\u00ab\u00a0La biologie de synth\u00e8se a-t-elle de l\u2019avenir?\u00a0\u00bb<\/a><\/li>\n<\/ul>\n<\/li>\n<li>Robotique &amp; Humain Augment\u00e9\n<ul>\n<li><a href=\"http:\/\/www.isir.upmc.fr\/index.php?op=view_profil&amp;id=60&amp;old=N&amp;lang=en\" target=\"_blank\">Nathana\u00ebl Jarrass\u00e9<\/a>, ISIR, UPMC: <a href=\"http:\/\/project.inria.fr\/berder2016\/resumes#Jarrass\u00e9\" target=\"_blank\">\u00ab\u00a0Le mythe de l&rsquo;humain augment\u00e9\u00a0\u00bb<\/a><\/li>\n<li><a href=\"https:\/\/sites.google.com\/site\/christophelavelle\/\" target=\"_blank\">Christophe Lavelle<\/a>, MNHN &amp; ISCC: <a href=\"http:\/\/project.inria.fr\/berder2016\/resumes#Lavelle\" target=\"_blank\">\u00ab\u00a0Food 2.0: la cuisine autrement\u00a0\u00bb<\/a><\/li>\n<li><a href=\"http:\/\/www.isir.upmc.fr\/index.php?op=view_profil&amp;lang=en&amp;id=28\" target=\"_blank\">Olivier Sigaud<\/a>, ISIR, UPMC:<a href=\"http:\/\/project.inria.fr\/berder2016\/resumes#Sigaud\" target=\"_blank\">\u00ab\u00a0Vers des robots immerg\u00e9s dans la soci\u00e9t\u00e9 ? Avanc\u00e9es et questions&#8230;\u00a0\u00bb<\/a><\/li>\n<li><a href=\"http:\/\/www.crpms.shc.univ-paris-diderot.fr\/spip.php?article448\" target=\"_blank\">Serge Tisseron<\/a>, Univ. Paris Diderot, <a href=\"http:\/\/project.inria.fr\/berder2016\/resumes#Tisseron\" target=\"_blank\">\u201dLe jour ou mon robot m\u2019aimera, vers l\u2019empathie artificielle\u201d<\/a><\/li>\n<\/ul>\n<\/li>\n<\/ol>\n<p><\/p>","protected":false},"excerpt":{"rendered":"<p>Le programme est\u00a0compos\u00e9 d\u2019expos\u00e9s d\u2019une heure: 30min de pr\u00e9sentation + 30min de questions (cliquer sur le programme pour\u00a0agrandir).\u00a0R\u00e9sum\u00e9s et\u00a0diapositives des expos\u00e9s sont consultables\u00a0ici. &nbsp; Le d\u00e9tail des sessions (cliquer sur les titres pour acc\u00e8s aux r\u00e9sum\u00e9s et aux diapositives de certains expos\u00e9s): Exobiologie Adrienne Kish, MNHN, \u00ab\u00a0Bizarre, comme c&rsquo;est bizarre\u2026<\/p>\n<p> <a class=\"continue-reading-link\" href=\"https:\/\/project.inria.fr\/berder2016\/fr\/programme\/\"><span>Continue reading<\/span><i class=\"crycon-right-dir\"><\/i><\/a> <\/p>\n","protected":false},"author":935,"featured_media":0,"parent":0,"menu_order":0,"comment_status":"closed","ping_status":"closed","template":"","meta":{"footnotes":""},"class_list":["post-66","page","type-page","status-publish","hentry"],"_links":{"self":[{"href":"https:\/\/project.inria.fr\/berder2016\/fr\/wp-json\/wp\/v2\/pages\/66","targetHints":{"allow":["GET"]}}],"collection":[{"href":"https:\/\/project.inria.fr\/berder2016\/fr\/wp-json\/wp\/v2\/pages"}],"about":[{"href":"https:\/\/project.inria.fr\/berder2016\/fr\/wp-json\/wp\/v2\/types\/page"}],"author":[{"embeddable":true,"href":"https:\/\/project.inria.fr\/berder2016\/fr\/wp-json\/wp\/v2\/users\/935"}],"replies":[{"embeddable":true,"href":"https:\/\/project.inria.fr\/berder2016\/fr\/wp-json\/wp\/v2\/comments?post=66"}],"version-history":[{"count":51,"href":"https:\/\/project.inria.fr\/berder2016\/fr\/wp-json\/wp\/v2\/pages\/66\/revisions"}],"predecessor-version":[{"id":243,"href":"https:\/\/project.inria.fr\/berder2016\/fr\/wp-json\/wp\/v2\/pages\/66\/revisions\/243"}],"wp:attachment":[{"href":"https:\/\/project.inria.fr\/berder2016\/fr\/wp-json\/wp\/v2\/media?parent=66"}],"curies":[{"name":"wp","href":"https:\/\/api.w.org\/{rel}","templated":true}]}}