

{"id":150,"date":"2016-03-31T19:06:10","date_gmt":"2016-03-31T17:06:10","guid":{"rendered":"http:\/\/project.inria.fr\/berder2016\/?page_id=150"},"modified":"2017-02-06T21:46:06","modified_gmt":"2017-02-06T20:46:06","slug":"resumes","status":"publish","type":"page","link":"https:\/\/project.inria.fr\/berder2017\/resumes\/","title":{"rendered":"R\u00e9sum\u00e9s"},"content":{"rendered":"<p><a href=\"https:\/\/project.inria.fr\/berder2017\/files\/2016\/02\/work.png\"><img loading=\"lazy\" decoding=\"async\" src=\"https:\/\/project.inria.fr\/berder2017\/files\/2016\/02\/work.png\" alt=\"work\" width=\"600\" height=\"450\" class=\"alignnone size-full wp-image-112\" srcset=\"https:\/\/project.inria.fr\/berder2017\/files\/2016\/02\/work.png 600w, https:\/\/project.inria.fr\/berder2017\/files\/2016\/02\/work-300x225.png 300w, https:\/\/project.inria.fr\/berder2017\/files\/2016\/02\/work-200x150.png 200w, https:\/\/project.inria.fr\/berder2017\/files\/2016\/02\/work-150x113.png 150w\" sizes=\"auto, (max-width: 600px) 100vw, 600px\" \/><\/a><\/p>\n<p><!-- \n\n<ul>\n\t\n\n<li>\n\n\n<div id=\"Abourachid\"><a href=\"http:\/\/mecadev.cnrs.fr\/index.php?post\/Abourachid-Anick\" target=\"_blank\">Anick Abourachid<\/a>, MNHN: \"La morphologie fonctionnelle, \u00e9tude des relations entre les formes et le fonctionnement de la machine animale\"<\/div>\n\n<\/li>\n\n\n<\/ul>\n\n\n\n\n<p style=\"padding-left: 60px\">L\u2019animal est syst\u00e8me complexe qui fonctionne en interaction avec son environnement. Il est comparable en ce sens \u00e0 une machine qui elle aussi s\u2019inscrit dans un syst\u00e8me. La morphologie fonctionnelle est une discipline de biologie \u00e9volutive qui cherche \u00e0 comprendre les relations entre les formes et le fonctionnement des organismes. Il s\u2019agit d\u2019une approche tr\u00e8s int\u00e9grative qui \u00e9tablit des liens allant des processus mis en \u0153uvres au cours de l\u2019\u00e9volution \u00e0 l\u2019\u00e9cologie des animaux . Elle s\u2019appuie  principalement sur des m\u00e9thodes d\u2019\u00e9tude du mouvement, de sa quantification \u00e0 la compr\u00e9hension de la physiologie et de la biom\u00e9canique sous jacentes. Les possibilit\u00e9s de transfert sont nombreuses. L\u2019exemple d\u00e9velopp\u00e9 au cours de la pr\u00e9sentation montrera comment l\u2019\u00e9tudede la locomotion des oiseaux peut tout \u00e0 la fois participer \u00e0 l\u2019am\u00e9lioration de la locomotion de robots humano\u00efdes et \u00e0 la compr\u00e9hension de l\u2019histoire \u00e9volutive de la bip\u00e9die.<\/p>\n\n\n\n\n<ul>\n\t\n\n<li>\n\n\n<div id=\"Berthier\"><a href=\"http:\/\/www.insp.upmc.fr\/spip.php?page=annu-personne&amp;idpers=21&amp;lang=fr\" target=\"_blank\">Serge Berthier<\/a>, INSP: \"Araign\u00e9es, libellules et papillons : la bio-inspiration \u00e0 l'\u00e9chelle nano\"<\/div>\n\n<\/li>\n\n\n<\/ul>\n\n\n\n\n<p style=\"padding-left: 60px\">Dans la Nature, tout appara\u00eet \u00e9vident. Le papillon a des ailes et il vole ; le poisson des nageoires et il nage\u2026 Sous cette apparente simplicit\u00e9 se cachent des architectures extraordinairement complexes, \u00e0 une \u00e9chelle de taille imm\u00e9diatement sup\u00e9rieure \u00e0 celle de la mol\u00e9cule. Ramper, nager, voler, r\u00e9sister aux chocs, se prot\u00e9ger du soleil, se camoufler, voir la nuit\u2026 Les nanostructures remplissent de nombreuses fonctions, et leur sophistication n\u2019a pas fini de nous \u00e9merveiller. Alors que la Nature est \u00e9conome et utilise peu d\u2019\u00e9l\u00e9ments chimiques, ces structures multifonctionnelles sont extr\u00eamement efficaces, souples et robustes. Et sous le microscope, elles montrent un judicieux d\u00e9sordre qui facilite leur adaptation aux divers changements environnementaux.<\/p>\n\n\n--><\/p>\n<p><\/p>","protected":false},"excerpt":{"rendered":"<p> <a class=\"continue-reading-link\" href=\"https:\/\/project.inria.fr\/berder2017\/resumes\/\"><span>Continue reading<\/span><i class=\"crycon-right-dir\"><\/i><\/a> <\/p>\n","protected":false},"author":935,"featured_media":0,"parent":0,"menu_order":0,"comment_status":"closed","ping_status":"closed","template":"","meta":{"footnotes":""},"class_list":["post-150","page","type-page","status-publish","hentry"],"_links":{"self":[{"href":"https:\/\/project.inria.fr\/berder2017\/wp-json\/wp\/v2\/pages\/150","targetHints":{"allow":["GET"]}}],"collection":[{"href":"https:\/\/project.inria.fr\/berder2017\/wp-json\/wp\/v2\/pages"}],"about":[{"href":"https:\/\/project.inria.fr\/berder2017\/wp-json\/wp\/v2\/types\/page"}],"author":[{"embeddable":true,"href":"https:\/\/project.inria.fr\/berder2017\/wp-json\/wp\/v2\/users\/935"}],"replies":[{"embeddable":true,"href":"https:\/\/project.inria.fr\/berder2017\/wp-json\/wp\/v2\/comments?post=150"}],"version-history":[{"count":1,"href":"https:\/\/project.inria.fr\/berder2017\/wp-json\/wp\/v2\/pages\/150\/revisions"}],"predecessor-version":[{"id":270,"href":"https:\/\/project.inria.fr\/berder2017\/wp-json\/wp\/v2\/pages\/150\/revisions\/270"}],"wp:attachment":[{"href":"https:\/\/project.inria.fr\/berder2017\/wp-json\/wp\/v2\/media?parent=150"}],"curies":[{"name":"wp","href":"https:\/\/api.w.org\/{rel}","templated":true}]}}