

{"id":225,"date":"2014-07-04T12:08:21","date_gmt":"2014-07-04T12:08:21","guid":{"rendered":"https:\/\/ecoleporquerolles.inria.fr\/?page_id=69"},"modified":"2017-04-04T16:16:37","modified_gmt":"2017-04-04T14:16:37","slug":"infos-pratiques","status":"publish","type":"page","link":"https:\/\/project.inria.fr\/berder2017\/infos-pratiques\/","title":{"rendered":"Infos pratiques"},"content":{"rendered":"<p><\/p>\n<h3>Dates<\/h3>\n<ul>\n<li>Du <strong>dimanche<\/strong><span style=\"font-weight: bold;\">\u00a028 mai<\/span><b>\u00a02017<\/b>\u00a0(accueil \u00e0 partir de 18:30h) au <strong>vendredi<\/strong><span style=\"font-weight: bold;\">\u00a002<\/span><b style=\"font-weight: bold;\">\u00a0juin<\/b> 2017\u00a0(12h)<\/li>\n<\/ul>\n<h4><span style=\"background-color: #ffff33\"> Attention : en raison du Pont de l&rsquo;Ascension, nous vous conseillons de r\u00e9server vos billets tr\u00e8s vite.<\/span><\/h4>\n<h3>Lieu et acc\u00e8s<\/h3>\n<ul>\n<li><strong>Lieu<\/strong>: \u00a0Village Vacances Manoir de la Vicomt\u00e9, Dinard, Ile-et-Vilaine, 6 Avenue Georges Pian, 35800 Dinard, <a href=\"http:\/\/vicomte-dinard.com\">vicomte-dinard.com<\/a>, 02 99 46 12 59.<\/li>\n<li><strong>Acc\u00e8s<\/strong>:\n<ul>\n<li>Par la route: Rennes, puis N137<\/li>\n<li>En train : Gare TGV Saint-Malo \u00e0 10 km<\/li>\n<\/ul>\n<\/li>\n<li>Plan d&rsquo;acc\u00e8s\u00a0<a href=\"https:\/\/goo.gl\/maps\/mxSS9Q8AsJ32\" target=\"_blank\">accessible ici<\/a>.<\/li>\n<\/ul>\n<h3>H\u00e9bergement<\/h3>\n<p>H\u00e9bergement au Manoir de la Vicomt\u00e9, en pension compl\u00e8te, comprise dans les frais d&rsquo;inscription.<\/p>\n<h3>Tarif pour les 5 jours<\/h3>\n<ul>\n<li>Plein tarif (statutaires) : 540 Euros<\/li>\n<li>Tarif r\u00e9duit (doctorants) : 320 Euros<\/li>\n<li> Gratuit pour les agents CNRS<\/li>\n<\/ul>\n<p>Ces tarifs comprennent l&rsquo;acc\u00e8s \u00e0 l&rsquo;Ecole, la pension compl\u00e8te et l&rsquo;h\u00e9bergement en chambre double (deux participant.e.s par chambre). Possibilit\u00e9 de demander une chambre simple pour un suppl\u00e9ment de 70 \u20ac.<\/p>","protected":false},"excerpt":{"rendered":"<p>Dates Du dimanche\u00a028 mai\u00a02017\u00a0(accueil \u00e0 partir de 18:30h) au vendredi\u00a002\u00a0juin 2017\u00a0(12h) Attention : en raison du Pont de l&rsquo;Ascension, nous vous conseillons de r\u00e9server vos billets tr\u00e8s vite. Lieu et acc\u00e8s Lieu: \u00a0Village Vacances Manoir de la Vicomt\u00e9, Dinard, Ile-et-Vilaine, 6 Avenue Georges Pian, 35800 Dinard, vicomte-dinard.com, 02 99 46\u2026<\/p>\n<p> <a class=\"continue-reading-link\" href=\"https:\/\/project.inria.fr\/berder2017\/infos-pratiques\/\"><span>Continue reading<\/span><i class=\"crycon-right-dir\"><\/i><\/a> <\/p>\n","protected":false},"author":935,"featured_media":0,"parent":0,"menu_order":0,"comment_status":"closed","ping_status":"closed","template":"","meta":{"footnotes":""},"class_list":["post-225","page","type-page","status-publish","hentry"],"_links":{"self":[{"href":"https:\/\/project.inria.fr\/berder2017\/wp-json\/wp\/v2\/pages\/225","targetHints":{"allow":["GET"]}}],"collection":[{"href":"https:\/\/project.inria.fr\/berder2017\/wp-json\/wp\/v2\/pages"}],"about":[{"href":"https:\/\/project.inria.fr\/berder2017\/wp-json\/wp\/v2\/types\/page"}],"author":[{"embeddable":true,"href":"https:\/\/project.inria.fr\/berder2017\/wp-json\/wp\/v2\/users\/935"}],"replies":[{"embeddable":true,"href":"https:\/\/project.inria.fr\/berder2017\/wp-json\/wp\/v2\/comments?post=225"}],"version-history":[{"count":7,"href":"https:\/\/project.inria.fr\/berder2017\/wp-json\/wp\/v2\/pages\/225\/revisions"}],"predecessor-version":[{"id":372,"href":"https:\/\/project.inria.fr\/berder2017\/wp-json\/wp\/v2\/pages\/225\/revisions\/372"}],"wp:attachment":[{"href":"https:\/\/project.inria.fr\/berder2017\/wp-json\/wp\/v2\/media?parent=225"}],"curies":[{"name":"wp","href":"https:\/\/api.w.org\/{rel}","templated":true}]}}