

{"id":4,"date":"2011-12-08T11:55:34","date_gmt":"2011-12-08T11:55:34","guid":{"rendered":"http:\/\/project.inria.fr\/template1\/?page_id=4"},"modified":"2017-04-04T16:17:18","modified_gmt":"2017-04-04T14:17:18","slug":"home","status":"publish","type":"page","link":"https:\/\/project.inria.fr\/berder2017\/","title":{"rendered":"Accueil"},"content":{"rendered":"<p style=\"text-align: justify;\">L&rsquo;Ecole Th\u00e9matique Interdisciplinaire d&rsquo;Echanges et de Formation en Biologie (Ecole de Berder) est une \u00e9cole visant \u00e0 stimuler l&rsquo;innovation ayant trait aux grandes questions biologiques actuelles, en promouvant des int\u00e9ractions inhabituelles entre chercheurs de disciplines diff\u00e9rentes.<\/p>\n<p>Cette ann\u00e9e, l&rsquo;\u00e9cole de Berder revient en Bretagne, \u00e0 <strong>Dinard<\/strong> :<\/p>\n<table width=\"788\">\n<tbody>\n<tr>\n<td style=\"overflow: hidden;\">\n<ul>\n<ul>\n<li>Th\u00e8me: \u00ab\u00a0<strong>Biodiversit\u00e9 et Soci\u00e9t\u00e9s: Enjeux conceptuels et Methodologiques d&rsquo;une Interdisciplinarit\u00e9 Elargie<\/strong>\u00a0\u00bb<\/li>\n<li>Dates: du 28 mai au 02 Juin 2017<\/li>\n<li>Lieu: <a href=\"https:\/\/goo.gl\/maps\/mxSS9Q8AsJ32\" target=\"_blank\">Village Vacances Manoir de la Vicomt\u00e9, Dinard, Ile-et-Vilaine\u00a0<\/a><\/li>\n<\/ul>\n<\/ul>\n<h2><\/h2>\n<h4><span style=\"color: #993366;\">RENDEZ-VOUS DU 28 MAI AU 02 JUIN 2017!<\/span><\/h4>\n<\/td>\n<td style=\"overflow: hidden;\"><a href=\"http:\/\/vicomte-dinard.com\"><img decoding=\"async\" class=\"alignnone wp-image-239 size-full\" src=\"https:\/\/project.inria.fr\/berder2017\/files\/2011\/12\/manoir-de-la-vicomte-dinard.jpg\" width=\"400\" srcset=\"https:\/\/project.inria.fr\/berder2017\/files\/2011\/12\/manoir-de-la-vicomte-dinard.jpg 524w, https:\/\/project.inria.fr\/berder2017\/files\/2011\/12\/manoir-de-la-vicomte-dinard-300x124.jpg 300w, https:\/\/project.inria.fr\/berder2017\/files\/2011\/12\/manoir-de-la-vicomte-dinard-250x103.jpg 250w, https:\/\/project.inria.fr\/berder2017\/files\/2011\/12\/manoir-de-la-vicomte-dinard-150x62.jpg 150w\" sizes=\"(max-width: 524px) 100vw, 524px\" \/><\/a><span style=\"font-size: small;\">Manoir de la Vicomt\u00e9<\/span><\/td>\n<\/tr>\n<\/tbody>\n<\/table>\n<h4><span style=\"background-color: #ffff33\"> Attention : en raison du Pont de l&rsquo;Ascension, nous vous conseillons de r\u00e9server vos billets tr\u00e8s vite.<\/span><\/h4>\n<hr \/>\n<table width=\"788\">\n<tbody>\n<tr>\n<td style=\"overflow: hidden;\"><a href=\"https:\/\/project.inria.fr\/berder2017\/files\/2011\/12\/Logo_CNRS.png\"><img decoding=\"async\" class=\"alignnone size-full wp-image-265\" src=\"https:\/\/project.inria.fr\/berder2017\/files\/2011\/12\/Logo_CNRS.png\" alt=\"Logo_CNRS\" width=\"75\" srcset=\"https:\/\/project.inria.fr\/berder2017\/files\/2011\/12\/Logo_CNRS.png 709w, https:\/\/project.inria.fr\/berder2017\/files\/2011\/12\/Logo_CNRS-150x150.png 150w, https:\/\/project.inria.fr\/berder2017\/files\/2011\/12\/Logo_CNRS-300x300.png 300w\" sizes=\"(max-width: 709px) 100vw, 709px\" \/><\/a><\/td>\n<td style=\"overflow: hidden;\"><a href=\"https:\/\/project.inria.fr\/berder2017\/files\/2011\/12\/LogoINRIA_new.jpg\"><img decoding=\"async\" class=\"alignnone size-large wp-image-264\" src=\"https:\/\/project.inria.fr\/berder2017\/files\/2011\/12\/LogoINRIA_new-1024x369.jpg\" alt=\"LogoINRIA_new\" width=\"190\" srcset=\"https:\/\/project.inria.fr\/berder2017\/files\/2011\/12\/LogoINRIA_new-1024x369.jpg 1024w, https:\/\/project.inria.fr\/berder2017\/files\/2011\/12\/LogoINRIA_new-300x108.jpg 300w, https:\/\/project.inria.fr\/berder2017\/files\/2011\/12\/LogoINRIA_new-768x277.jpg 768w, https:\/\/project.inria.fr\/berder2017\/files\/2011\/12\/LogoINRIA_new-250x90.jpg 250w, https:\/\/project.inria.fr\/berder2017\/files\/2011\/12\/LogoINRIA_new-150x54.jpg 150w, https:\/\/project.inria.fr\/berder2017\/files\/2011\/12\/LogoINRIA_new.jpg 1960w\" sizes=\"(max-width: 1024px) 100vw, 1024px\" \/><\/a><\/td>\n<td style=\"overflow: hidden;\"><a href=\"https:\/\/project.inria.fr\/berder2017\/files\/2011\/12\/logoESO.png\"><img decoding=\"async\" class=\"alignnone wp-image-292 size-full\" src=\"https:\/\/project.inria.fr\/berder2017\/files\/2011\/12\/logoESO.png\" width=\"120\" srcset=\"https:\/\/project.inria.fr\/berder2017\/files\/2011\/12\/logoESO.png 294w, https:\/\/project.inria.fr\/berder2017\/files\/2011\/12\/logoESO-162x150.png 162w, https:\/\/project.inria.fr\/berder2017\/files\/2011\/12\/logoESO-150x139.png 150w\" sizes=\"(max-width: 294px) 100vw, 294px\" \/><\/a><\/td>\n<td style=\"overflow: hidden;\"><a href=\"https:\/\/project.inria.fr\/berder2017\/files\/2011\/12\/logoEcobio.png\"><img decoding=\"async\" class=\"alignnone wp-image-291 size-full\" src=\"https:\/\/project.inria.fr\/berder2017\/files\/2011\/12\/logoEcobio.png\" width=\"120\" srcset=\"https:\/\/project.inria.fr\/berder2017\/files\/2011\/12\/logoEcobio.png 232w, https:\/\/project.inria.fr\/berder2017\/files\/2011\/12\/logoEcobio-202x150.png 202w, https:\/\/project.inria.fr\/berder2017\/files\/2011\/12\/logoEcobio-150x111.png 150w\" sizes=\"(max-width: 232px) 100vw, 232px\" \/><\/a><\/td>\n<\/tr>\n<tr>\n<td style=\"overflow: hidden;\"><a href=\"https:\/\/project.inria.fr\/berder2017\/files\/2016\/04\/MMMETROPOLITAN_Sys2Diag.jpg\"><img decoding=\"async\" class=\"alignnone wp-image-163 size-full\" src=\"https:\/\/project.inria.fr\/berder2017\/files\/2016\/04\/MMMETROPOLITAN_Sys2Diag.jpg\" width=\"190\" srcset=\"https:\/\/project.inria.fr\/berder2017\/files\/2016\/04\/MMMETROPOLITAN_Sys2Diag.jpg 232w, https:\/\/project.inria.fr\/berder2017\/files\/2016\/04\/MMMETROPOLITAN_Sys2Diag-150x65.jpg 150w\" sizes=\"(max-width: 232px) 100vw, 232px\" \/><\/a><\/td>\n<td style=\"overflow: hidden;\"><a href=\"https:\/\/project.inria.fr\/berder2017\/files\/2011\/12\/logoUrennes2.png\"><img decoding=\"async\" class=\"alignnone wp-image-290 size-full\" src=\"https:\/\/project.inria.fr\/berder2017\/files\/2011\/12\/logoUrennes2.png\" width=\"90\" \/><\/a><\/td>\n<td style=\"overflow: hidden;\"><a href=\"https:\/\/project.inria.fr\/berder2017\/files\/2011\/12\/logoUrennes1.png\"><img decoding=\"async\" class=\"alignnone wp-image-289 size-full\" src=\"https:\/\/project.inria.fr\/berder2017\/files\/2011\/12\/logoUrennes1.png\" width=\"160\" srcset=\"https:\/\/project.inria.fr\/berder2017\/files\/2011\/12\/logoUrennes1.png 1000w, https:\/\/project.inria.fr\/berder2017\/files\/2011\/12\/logoUrennes1-300x152.png 300w, https:\/\/project.inria.fr\/berder2017\/files\/2011\/12\/logoUrennes1-768x388.png 768w, https:\/\/project.inria.fr\/berder2017\/files\/2011\/12\/logoUrennes1-250x126.png 250w, https:\/\/project.inria.fr\/berder2017\/files\/2011\/12\/logoUrennes1-150x76.png 150w\" sizes=\"(max-width: 1000px) 100vw, 1000px\" \/><\/a><\/td>\n<\/tr>\n<\/tbody>\n<\/table>\n<hr \/>\n<p style=\"margin-bottom: 40px;\">Pour se faire une bonne id\u00e9e de cette \u00e9cole, les personnes int\u00e9ress\u00e9es sont invit\u00e9es \u00e0 consulter les pages de quelques \u00e9ditions pr\u00e9c\u00e9dentes (attention, pour les plus anciennes d&rsquo;entre elles, certains liens internes ne sont plus valides):<\/p>\n<ul>\n<li><a title=\"Programme\" href=\"https:\/\/project.inria.fr\/berder2016\" target=\"_blank\"> Le Vivant Autrement<\/a> (2016),<\/li>\n<li><a title=\"Programme\" href=\"https:\/\/ecoleporquerolles.inria.fr\/\">Sexe et Genre: de la biologie \u00e0 la sociologie<\/a>\u00a0(2015),<\/li>\n<li><a href=\"http:\/\/biophysique.mnhn.fr\/berder-porquerolles-2014\" target=\"_blank\">Ev\u00e9nements rares en biologie<\/a>\u00a0(2014),<\/li>\n<li><a href=\"http:\/\/biophysique.mnhn.fr\/berder2013\" target=\"_blank\">Corr\u00e9lation, causalit\u00e9 et r\u00e9gulation en biologie<\/a>\u00a0(2013),<\/li>\n<li><a href=\"http:\/\/biophysique.mnhn.fr\/berder2012\" target=\"_blank\">Naturel et artificiel: le vivant et ses repr\u00e9sentations<\/a>\u00a0(2012),<\/li>\n<li><a href=\"http:\/\/www.lptl.jussieu.fr\/user\/lesne\/berder2011\">Coop\u00e9rativit\u00e9 et singularit\u00e9 en biologie<\/a> (2011),<\/li>\n<li>Histoire et m\u00e9moire en biologie (2010),<\/li>\n<li><a href=\"http:\/\/ecologie.snv.jussieu.fr\/eem\/berder2009\/Berder_2009.html\"> Spatialisation et localisation (2009),<\/a><\/li>\n<li>Robustesse et adaptation en biologie (2008),<\/li>\n<li>Hasard, fluctuations et variabilit\u00e9 en biologie (2007),<\/li>\n<li>Le temps en biologie (2006),<\/li>\n<li>Information et optimisation: quel dialogue entre la biologie et les autres disciplines? (2005).<\/li>\n<\/ul>\n<p style=\"margin-bottom: 40px;\">Il est rappel\u00e9 que l&rsquo;esprit m\u00eame de cette Ecole veut que la nature des expos\u00e9s et la structure du programme soient con\u00e7ues pour <strong>permettre \u00e0 chacun de tirer profit de l\u2019ensemble des expos\u00e9s et des discussions<\/strong>, m\u00eame lorsque le domaine lui est au d\u00e9part \u00e9tranger (soit par les questions, soit par les m\u00e9thodes envisag\u00e9es). Cette \u00ab\u00a0contrainte\u00a0\u00bb implique, pour les oratrices et orateurs (invit\u00e9.e.s et participant.e.s; cf. <a title=\"Programme\" href=\"http:\/\/project.inria.fr\/berder2016\/programme\/\">programme<\/a>), de lire attentivement les <a href=\"https:\/\/project.inria.fr\/berder2017\/files\/2016\/02\/Instructions-orateurs_Berder2016.pdf\">Instructions aux oratrices et orateurs<\/a> qui leur sont destin\u00e9es et, si possible, de les respecter!<\/p>\n","protected":false},"excerpt":{"rendered":"<p>L&rsquo;Ecole Th\u00e9matique Interdisciplinaire d&rsquo;Echanges et de Formation en Biologie (Ecole de Berder) est une \u00e9cole visant \u00e0 stimuler l&rsquo;innovation ayant trait aux grandes questions biologiques actuelles, en promouvant des int\u00e9ractions inhabituelles entre chercheurs de disciplines diff\u00e9rentes. Cette ann\u00e9e, l&rsquo;\u00e9cole de Berder revient en Bretagne, \u00e0 Dinard : Th\u00e8me: \u00ab\u00a0Biodiversit\u00e9 et\u2026<\/p>\n<p> <a class=\"continue-reading-link\" href=\"https:\/\/project.inria.fr\/berder2017\/\"><span>Continue reading<\/span><i class=\"crycon-right-dir\"><\/i><\/a> <\/p>\n","protected":false},"author":1,"featured_media":0,"parent":0,"menu_order":0,"comment_status":"closed","ping_status":"open","template":"","meta":{"footnotes":""},"class_list":["post-4","page","type-page","status-publish","hentry"],"_links":{"self":[{"href":"https:\/\/project.inria.fr\/berder2017\/wp-json\/wp\/v2\/pages\/4","targetHints":{"allow":["GET"]}}],"collection":[{"href":"https:\/\/project.inria.fr\/berder2017\/wp-json\/wp\/v2\/pages"}],"about":[{"href":"https:\/\/project.inria.fr\/berder2017\/wp-json\/wp\/v2\/types\/page"}],"author":[{"embeddable":true,"href":"https:\/\/project.inria.fr\/berder2017\/wp-json\/wp\/v2\/users\/1"}],"replies":[{"embeddable":true,"href":"https:\/\/project.inria.fr\/berder2017\/wp-json\/wp\/v2\/comments?post=4"}],"version-history":[{"count":66,"href":"https:\/\/project.inria.fr\/berder2017\/wp-json\/wp\/v2\/pages\/4\/revisions"}],"predecessor-version":[{"id":373,"href":"https:\/\/project.inria.fr\/berder2017\/wp-json\/wp\/v2\/pages\/4\/revisions\/373"}],"wp:attachment":[{"href":"https:\/\/project.inria.fr\/berder2017\/wp-json\/wp\/v2\/media?parent=4"}],"curies":[{"name":"wp","href":"https:\/\/api.w.org\/{rel}","templated":true}]}}