

{"id":67,"date":"2014-07-04T11:49:28","date_gmt":"2014-07-04T11:49:28","guid":{"rendered":"https:\/\/ecoleporquerolles.inria.fr\/?page_id=60"},"modified":"2017-04-04T16:17:58","modified_gmt":"2017-04-04T14:17:58","slug":"inscriptions","status":"publish","type":"page","link":"https:\/\/project.inria.fr\/berder2017\/inscriptions\/","title":{"rendered":"Inscriptions"},"content":{"rendered":"<p>L&rsquo;inscription se fait par le site CNRS AZUR COLLOQUE. Aller \u00e0 <a href=\"https:\/\/www.azur-colloque.fr\/DR17\/inscription\/fr\">https:\/\/www.azur-colloque.fr\/DR17\/inscription\/fr\/<\/a>.<\/p>\n<h4><span style=\"background-color: #ffff33\"> Attention : en raison du Pont de l&rsquo;Ascension, nous vous conseillons de r\u00e9server vos billets tr\u00e8s vite.<\/span><\/h4>\n<p>Puis cliquez sur \u00ab\u00a0S&rsquo;inscrire\u00a0\u00bb dans l&rsquo;Ecole \u00ab\u00a0BIO-SOCIO\u00a0\u00bb. Attention:<\/p>\n<ul>\n<li>Les agents CNRS doivent s&rsquo;inscrire comme CNRS, qu&rsquo;ils\/elles soient ou non organisateurs\/trices ou invit\u00e9.e.s.<\/li>\n<li>Les invit\u00e9.e.s non CNRS doivent s&rsquo;inscrire comme \u00ab\u00a0organisateurs\/animateurs\u00a0\u00bb.<\/li>\n<li>Il y a une ligne \u00ab\u00a0suppl\u00e9ment chambre individuelle\u00a0\u00bb<\/li>\n<\/ul>\n<p>Lors de votre inscription merci d&rsquo;indique quels sont les ateliers auxquelles vous souhaitez participer avec un ordre de priorit\u00e9.<\/p>\n<ul>\n<li><strong>Date limite des inscriptions<\/strong> : 25 avril 2017<\/li>\n<li><strong>Tarif\u00a0pour les 5 jours<\/strong> (\u00e9cole, h\u00e9bergement et pension compl\u00e8te);\n<ul>\n<li>Plein tarif (statutaires) : 540 Euros<\/li>\n<li>Tarif r\u00e9duit (doctorants) : 320 Euros<\/li>\n<li>Gratuit pour les agents CNRS<\/li>\n<\/ul>\n<p>Ces tarifs comprennent l&rsquo;acc\u00e8s \u00e0 l&rsquo;Ecole, la pension compl\u00e8te et l&rsquo;h\u00e9bergement en chambre double (deux participant.e.s par chambre). Possibilit\u00e9 de demander une chambre simple pour un suppl\u00e9ment de 70 \u20ac.<\/li>\n<\/ul>\n<p>Les participant.e.s peuvent \u00e9ventuellement soumettre une proposition d&rsquo;intervention en session ou atelier avant le 15 avril (cf <a href=\"https:\/\/project.inria.fr\/berder2017\/contacts\/\">page contacts<\/a>). Le comit\u00e9 d&rsquo;organisation s\u00e9lectionnera les propositions si besoin.<\/p>\n<p>&nbsp;<\/p>","protected":false},"excerpt":{"rendered":"<p>L&rsquo;inscription se fait par le site CNRS AZUR COLLOQUE. Aller \u00e0 https:\/\/www.azur-colloque.fr\/DR17\/inscription\/fr\/. Attention : en raison du Pont de l&rsquo;Ascension, nous vous conseillons de r\u00e9server vos billets tr\u00e8s vite. Puis cliquez sur \u00ab\u00a0S&rsquo;inscrire\u00a0\u00bb dans l&rsquo;Ecole \u00ab\u00a0BIO-SOCIO\u00a0\u00bb. Attention: Les agents CNRS doivent s&rsquo;inscrire comme CNRS, qu&rsquo;ils\/elles soient ou non organisateurs\/trices ou\u2026<\/p>\n<p> <a class=\"continue-reading-link\" href=\"https:\/\/project.inria.fr\/berder2017\/inscriptions\/\"><span>Continue reading<\/span><i class=\"crycon-right-dir\"><\/i><\/a> <\/p>\n","protected":false},"author":935,"featured_media":0,"parent":0,"menu_order":0,"comment_status":"closed","ping_status":"closed","template":"","meta":{"footnotes":""},"class_list":["post-67","page","type-page","status-publish","hentry"],"_links":{"self":[{"href":"https:\/\/project.inria.fr\/berder2017\/wp-json\/wp\/v2\/pages\/67","targetHints":{"allow":["GET"]}}],"collection":[{"href":"https:\/\/project.inria.fr\/berder2017\/wp-json\/wp\/v2\/pages"}],"about":[{"href":"https:\/\/project.inria.fr\/berder2017\/wp-json\/wp\/v2\/types\/page"}],"author":[{"embeddable":true,"href":"https:\/\/project.inria.fr\/berder2017\/wp-json\/wp\/v2\/users\/935"}],"replies":[{"embeddable":true,"href":"https:\/\/project.inria.fr\/berder2017\/wp-json\/wp\/v2\/comments?post=67"}],"version-history":[{"count":23,"href":"https:\/\/project.inria.fr\/berder2017\/wp-json\/wp\/v2\/pages\/67\/revisions"}],"predecessor-version":[{"id":374,"href":"https:\/\/project.inria.fr\/berder2017\/wp-json\/wp\/v2\/pages\/67\/revisions\/374"}],"wp:attachment":[{"href":"https:\/\/project.inria.fr\/berder2017\/wp-json\/wp\/v2\/media?parent=67"}],"curies":[{"name":"wp","href":"https:\/\/api.w.org\/{rel}","templated":true}]}}