

{"id":68,"date":"2014-07-04T11:53:26","date_gmt":"2014-07-04T11:53:26","guid":{"rendered":"https:\/\/ecoleporquerolles.inria.fr\/?page_id=62"},"modified":"2017-05-12T16:57:51","modified_gmt":"2017-05-12T14:57:51","slug":"programme","status":"publish","type":"page","link":"https:\/\/project.inria.fr\/berder2017\/programme\/","title":{"rendered":"Programme"},"content":{"rendered":"<p>Attention, ce programme est en cours de finalisation et donn\u00e9 \u00e0 titre indicatif.\u00a0Les cr\u00e9neaux des diff\u00e9rentes sessions et ateliers pourront changer en fonction\u00a0des imp\u00e9ratifs des intervenants et des probl\u00e8mes de transport.<\/p>\n<hr \/>\n<h3><strong>Dimanche 28<\/strong><\/h3>\n<ul>\n<li>18h00-19h00: ap\u00e9ritif d&rsquo;accueil<\/li>\n<li><em>19h30 : dinner<\/em><\/li>\n<li>21h00-22h00: Tour de table + pr\u00e9sentation de l&rsquo;\u00e9cole<\/li>\n<\/ul>\n<hr \/>\n<h3><strong>Lundi\u00a029<\/strong><\/h3>\n<ul>\n<li><strong>Lundi 8h45-9h00 : Informations g\u00e9n\u00e9rales <\/strong><\/li>\n<li><strong>9h00-12h30 : Repr\u00e9sentations et valeurs des interactions natures\/soci\u00e9t\u00e9s <\/strong>\n<ul>\n<li>09h00-10h00: <strong>Chantal Aspe<\/strong>\u00a0:\u00a0Les formes sociales de la construction des rapports natures\/soci\u00e9t\u00e9s<\/li>\n<li>10h00-11h00: <strong>Nathalie Frascaria<\/strong>\u00a0: La Nature Humaine vue dans ses paradoxes: quelles cons\u00e9quences sur les perceptions de l&rsquo;environnement?<\/li>\n<li><em>11h00-11h30: Pause caf\u00e9<\/em><\/li>\n<li>11h30-12h30: <strong>Anne-Caroline Pr\u00e9vot-Julliard<\/strong>\u00a0: Des exp\u00e9riences individuelles de la nature \u00e0 la gouvernance collective<\/li>\n<\/ul>\n<\/li>\n<li><em>12h30-15h30<strong> : <\/strong>repas et d\u00e9couverte libre du site<\/em><\/li>\n<li><strong>15h30-19h00 :\u00a0Estimer et n\u00e9gocier la biodiversit\u00e9, quels concepts, quels enjeux ?<\/strong>\n<ul>\n<li>15h30-16h30: <strong>Agn\u00e8s Schermann<\/strong> :\u00a0Mesurer la biodiversit\u00e9 : concepts et d\u00e9finitions en \u00e9cologie<\/li>\n<li>16h30-17h30: <strong>Jean-Michel Salles<\/strong> : Services \u00e9cosyst\u00e9miques et valeur \u00e9conomique de la biodiversit\u00e9<\/li>\n<li><em>17h30-18h00: Pause Caf\u00e9<\/em><\/li>\n<li>18h00-19h00: <strong>Serge Briffaud<\/strong> : Le paysage, un outil pour une m\u00e9diation environnementale<\/li>\n<\/ul>\n<\/li>\n<li><em>19h30\u00a0: diner<\/em><\/li>\n<li><strong>21h00 : projection<\/strong><\/li>\n<\/ul>\n<hr \/>\n<h3><strong>Mardi\u00a030<\/strong><\/h3>\n<ul>\n<li><strong>9h00-12h30: prot\u00e9ger la biodiversit\u00e9 et les soci\u00e9t\u00e9s<\/strong>\n<ul>\n<li>09h00-10h00: <strong>Nathalie Herv\u00e9-Fournereau et Alexandra\u00a0Langlais<\/strong> : Biodiversit\u00e9 et diversit\u00e9 des enjeux juridiques<\/li>\n<li>10h00-11h00: <strong>Nadia Belaidi<\/strong> : La justice environnementale au service de la paix<\/li>\n<li><em>11h00-11h30: Pause caf\u00e9<\/em><\/li>\n<li>11h30-12h00:\u00a0<strong>Jacques Tassin<\/strong> : Biodiversit\u00e9 et bien-\u00eatre\u00a0dans les soci\u00e9t\u00e9s occidentales<\/li>\n<li>12h00-12h30: <strong>Alix Cosquer<\/strong> : Biodiversit\u00e9 et usage des espaces littoraux<\/li>\n<\/ul>\n<\/li>\n<li><em>12h30-14h00 : repas<\/em><\/li>\n<li>14h00-15h00: <strong>P.H. Gouyon<\/strong>\u00a0:\u00a0Biodiversit\u00e9 et ressources agricoles<\/li>\n<li><strong>15h15-17h00: Ateliers participatifs en session pl\u00e9ni\u00e8re<\/strong>\n<ul>\n<li><strong>Communiquer \u00e0 l\u2019interface entre sciences, action(s) publique(s) et m\u00e9dias<\/strong>. <em>Animateurs : Pascal Marty, Zina Skandrini\u00a0<\/em><\/li>\n<\/ul>\n<\/li>\n<li><strong>17h00-19h30:<\/strong> Balade naturaliste (algues et botanique \u2013 basse mer 18h15)<\/li>\n<li><em>19h45 : diner<\/em><\/li>\n<li><strong>21h00 : Christophe Lavelle <\/strong>: Biodiversit\u00e9 en cuisine<\/li>\n<\/ul>\n<hr \/>\n<h3><strong>Mercredi\u00a031<\/strong><\/h3>\n<ul>\n<li><strong>9h00-12h30: Biodiversit\u00e9 agricole et alimentation<\/strong>\n<ul>\n<li>09h00-10h00 : <strong>Doyle Mc Key<\/strong>\u00a0: Interactions bioculturelles et dynamique de l\u2019\u00e9volution sous la domestication des plantes<\/li>\n<li>10h00-10h30 : <strong>Marion Comptour<\/strong> : Entre fleuve et plaine inondable : dynamique d\u2019un syst\u00e8me social-\u00e9cologique au Congo<\/li>\n<li>10h30-11h00 :<strong> Sophie Caillon<\/strong>\u00a0:\u00a0Circulation des semences : une coop\u00e9ration entre ethnobiologistes et math\u00e9maticiens<\/li>\n<li><em>11h00-11h30 Pause caf\u00e9<\/em><\/li>\n<li>11h30-12h00: <strong>Claudia Sp\u00e9ciale\u00a0:<\/strong>\u00a0R\u00e9silience et subsistance dans les communaut\u00e9s pr\u00e9historiques<\/li>\n<li>12h00-12h30: <strong>Elsa Delanoue\u00a0:<\/strong>\u00a0Controverses autour de l&rsquo;\u00e9levage et statut de l&rsquo;animal<\/li>\n<\/ul>\n<\/li>\n<li><em>12h30-16h30 : <strong>repas et\/ou activit\u00e9s<\/strong> .\u00a0<\/em>Activit\u00e9s possibles : sortie en vieux-gr\u00e9ement, visite St Malo, visite usine mar\u00e9e motrice, sieste<\/li>\n<li><strong>16h30-19h30: Atelier m\u00e9thodologiques en petit groupe<\/strong>, \u00e0 choisir entre\n<ul>\n<li><strong>Atelier 1 : mod\u00e9lisation<\/strong> (<em>Jean-S\u00e9bastien Pierre, Anne Atlan<\/em>). Concevoir un algorithme de mod\u00e8le (sans programmation ni \u00e9quations) \u00e0 partir d&rsquo;un cas concret, afin de mieux comprendre le fonctionnement, les apports, et les limites de l&rsquo;approche par mod\u00e9lisation.<\/li>\n<li><strong>Atelier 2 : enqu\u00eate par entretien<\/strong> (<em>V\u00e9ronique van Tilbeurgh, Philipe Boudes<\/em>) Concevoir un guide d&rsquo;entretien sur une probl\u00e9matique concr\u00e8te, analyser des retours d&rsquo;enqu\u00eates, pour mieux comprendre les ressorts, les exigences et les contraintes de l&rsquo;approche qualitative.<\/li>\n<\/ul>\n<\/li>\n<li><em>19h45\u00a0: diner<\/em><\/li>\n<li><strong>21h00 : Projection<\/strong><\/li>\n<\/ul>\n<hr \/>\n<h3><strong>Jeudi\u00a001<\/strong><\/h3>\n<ul>\n<li><strong>9h00-12h30 : Esp\u00e8ces invasives et cat\u00e9gorisation du vivant<\/strong>\n<ul>\n<li>09h00-10h00: <strong>Gabrielle Thi\u00e9baut<\/strong> : esp\u00e8ces invasives ambivalentes<\/li>\n<li>10h00-11h00: <strong>Marie-Jo Menozzi<\/strong> : sociologie des invasions biologiques<\/li>\n<li><em>11h00-11h30: Pause caf\u00e9<\/em><\/li>\n<li>11h30-12h30:\u00a0<strong>Annik Schnitzler<\/strong> : la France des friches\u00a0et\/ou<strong> Anne Atlan<\/strong> : Valeurs intrins\u00e8ques et cat\u00e9gorisation<\/li>\n<\/ul>\n<\/li>\n<li><em>12h30-16h00 : repas et\/ou activit\u00e9s.\u00a0<\/em>Activit\u00e9s possibles :\u00a0sortie en bateau-taxi, visite St Malo, visite usine mar\u00e9e motrice, sieste<\/li>\n<li><strong>16h00-17h00<\/strong> : <strong>G\u00e9rard Mairet<\/strong> : Droit naturel ou droit biotique ? Id\u00e9e d\u2019une cosmopolitique de la nature<\/li>\n<li><strong>17h15-19h30: Ateliers d&rsquo;\u00e9change et r\u00e9flexion en petits groupes<\/strong>, \u00e0 choisir entre\n<ul>\n<li><strong>Atelier 3: M\u00e9diation et concertation environnementale<\/strong> (<em>Serge Briffaud, V\u00e9ronique Van Tilbeurgh<\/em>)<\/li>\n<li><strong><strong>Atelier 4:\u00a0<\/strong>Echanges autour de la question \u00ab\u00a0Quelle forme de pens\u00e9e est induite par, et n\u00e9cessaire \u00e0, l&rsquo;interdisciplinarit\u00e9 que vous pratiquez?\u00a0\u00bb <\/strong>(Jeanine Guespin)<\/li>\n<li><strong>Science citoyenne et gestion de la nature<\/strong> (animateurs\/trices \u00e0 d\u00e9finir)<\/li>\n<\/ul>\n<\/li>\n<li><em>19h45 : diner<\/em><\/li>\n<li><strong>21h00 soir\u00e9e dansante<\/strong><\/li>\n<\/ul>\n<hr \/>\n<h2><\/h2>\n<h3><strong>Vendredi\u00a002<\/strong><\/h3>\n<ul>\n<li>9h00-10h30: Restitution des ateliers \u2013 conf\u00e9rence r\u00e9capitulative\u00a0par Pierre-Henri Gouyon<\/li>\n<li><em>10h00-10h30: Pause-Caf\u00e9<\/em><\/li>\n<li>10h30-12h00: Table ronde de conclusion et de prospective<\/li>\n<\/ul>\n<h2><\/h2>\n<hr \/>\n<h1>Th\u00e9matiques abord\u00e9es<\/h1>\n<p>On ne peut plus d\u00e9sormais aborder les questions relatives \u00e0 la biodiversit\u00e9 avec les seuls concepts et m\u00e9thodologies des sciences de la vie. Au-del\u00e0 de la compl\u00e9mentarit\u00e9 d\u00e9j\u00e0 bien institu\u00e9e avec les autres sciences de la nature et les sciences formelles, l&rsquo;int\u00e9gration des sciences humaines et sociales est plus r\u00e9cente et amen\u00e9e \u00e0 se d\u00e9velopper. Cette conjonction entre sciences de la nature et SHS est li\u00e9e d&rsquo;une part \u00e0 la prise en compte du r\u00f4le d\u00e9terminant des contextes culturels et socio-\u00e9conomiques dans la dynamique de la biodiversit\u00e9, et d&rsquo;autre part aux enjeux li\u00e9s \u00e0 la biodiversit\u00e9, qui mobilisent des jeux d&rsquo;acteurs multiples et sont souvent source de conflits d&rsquo;int\u00e9r\u00eat activant ou r\u00e9v\u00e9lant des controverses soci\u00e9tales.<br \/>\nLe principe de cette \u00e9cole est de rassembler des chercheur-e-s ayant d\u00e9j\u00e0 travaill\u00e9 de mani\u00e8re interdisciplinaire sur la biodiversit\u00e9, projetant de le faire ou int\u00e9ress\u00e9-e-s par la d\u00e9marche, pour expliciter les concepts mobilis\u00e9s par chaque discipline, cerner les compl\u00e9mentarit\u00e9s et les ruptures, \u00e9voquer\u00a0 les difficult\u00e9s r\u00e9currentes et s&#8217;employer \u00e0 les r\u00e9soudre. Pour cela, nous combinerons une approche th\u00e9orique g\u00e9n\u00e9rale, et l&rsquo;approfondissement de cas concrets qui convoquent plusieurs disciplines et illustrent une cristallisation d\u2019enjeux sociaux.<\/p>\n<h1><\/h1>\n<hr \/>\n<h1>Participant(e)s<\/h1>\n<ul>\n<li>Chantal Aspe, MNHN, UMR 7206, Paris, <a href=\"http:\/\/www.lped.fr\/+-ASPE-Chantal-+.html\">http:\/\/www.lped.fr\/+-ASPE-Chantal-+.html<\/a><\/li>\n<li>Nadia Belaidi, LPED, UMR 151 AMU-IRD, Marseille, <a href=\"http:\/\/www.ecoanthropologie.cnrs.fr\/article881.html?lang=fr\">http:\/\/www.ecoanthropologie.cnrs.fr\/article881.html?lang=fr<\/a><\/li>\n<li>Serge Briffaud, UMR 5319, ENSAP, Bordeaux, <a href=\"http:\/\/www.passages.cnrs.fr\/spip.php?article24\">http:\/\/www.passages.cnrs.fr\/spip.php?article24<\/a><\/li>\n<li>Fran\u00e7oise Burel, UMR 6553, Ecobio, Rennes, <a href=\"https:\/\/ecobio.univ-rennes1.fr\/Fiches_perso\/Fiche.asp?pseudo=FBurel\">https:\/\/ecobio.univ-rennes1.fr\/Fiches_perso\/Fiche.asp?pseudo=FBurel<\/a><\/li>\n<li>Sophie Caillon, UMR 5175, CEFE, Montpellier, <a href=\"http:\/\/www.cefe.cnrs.fr\/fr\/recherche\/ines\/ibc\/896-c\/206-sophie-caillon\">http:\/\/www.cefe.cnrs.fr\/fr\/recherche\/ines\/ibc\/896-c\/206-sophie-caillon<\/a><\/li>\n<li>Nathalie Frascaria, UMR 8070, ESE, Orsay, <a href=\"http:\/\/www.ese.u-psud.fr\/article215.html?lang=en\">http:\/\/www.ese.u-psud.fr\/article215.html?lang=en<\/a><\/li>\n<li>Pierre-Henri Gouyon, UMR 7205, MNHN, Paris, <a href=\"http:\/\/isyeb.mnhn.fr\/annuaire-et-pages-personnelles\/pages-personnelles\/article\/gouyon-pierre-henri?lang=fr\">http:\/\/isyeb.mnhn.fr\/annuaire-et-pages-personnelles\/pages-personnelles\/article\/gouyon-pierre-henri?lang=fr<\/a><\/li>\n<li>Janine Guespin, Universit\u00e9 de Rouen, <a href=\"http:\/\/www.revolutionducomplexe.fr\/bienvenue\/janine-guespin-michel\">http:\/\/www.revolutionducomplexe.fr\/bienvenue\/janine-guespin-michel<\/a><\/li>\n<li>Nathalie Herv\u00e9-Fournereau, UMR 6262, IODE, Rennes, <a href=\"https:\/\/iode.univ-rennes1.fr\/interlocuteurs\/nathalie-herve-fournereau\">https:\/\/iode.univ-rennes1.fr\/interlocuteurs\/nathalie-herve-fournereau<\/a><\/li>\n<li>Alexandra Langlais, UMR 6262, IODE, Rennes, <a href=\"https:\/\/iode.univ-rennes1.fr\/interlocuteurs\/alexandra-langlais\">https:\/\/iode.univ-rennes1.fr\/interlocuteurs\/alexandra-langlais<\/a><\/li>\n<li>Christophe Lavelle, UMR 7196, MNHN, Paris, <a href=\"https:\/\/sites.google.com\/site\/christophelavelle\/\">https:\/\/sites.google.com\/site\/christophelavelle\/<\/a><\/li>\n<li>Pascal Marty, EVS, UMR 5600, ENS Lyon, <a href=\"https:\/\/www.researchgate.net\/profile\/Pascal_Marty\">https:\/\/www.researchgate.net\/profile\/Pascal_Marty<\/a><\/li>\n<li>Doyle Mc Key, CEFE, UMR 5175, Montpellier, <a href=\"http:\/\/www.cefe.cnrs.fr\/fr\/recherche\/ines\/ibc\/1062-ec\/248-doyle-mckey\">http:\/\/www.cefe.cnrs.fr\/fr\/recherche\/ines\/ibc\/1062-ec\/248-doyle-mckey<\/a><\/li>\n<li>Anne-Caroline Pr\u00e9vot-Julliard, UMR 7204, MNHN, Paris, <a href=\"http:\/\/cesco.mnhn.fr\/user\/41\">http:\/\/cesco.mnhn.fr\/user\/41<\/a><\/li>\n<li>Annik Schnitzler, UMR 7360, LIEC, Nancy, <a href=\"http:\/\/bddc.liec.univ-lorraine.fr\/cv\/SCHNITZLER%20A.htm\">http:\/\/bddc.liec.univ-lorraine.fr\/cv\/SCHNITZLER%20A.htm<\/a><\/li>\n<li>Zina Skandrani, UMR 7204, MNHN, Paris, <a href=\"https:\/\/www.researchgate.net\/profile\/Zina_Skandrani\">https:\/\/www.researchgate.net\/profile\/Zina_Skandrani<\/a><\/li>\n<li>V\u00e9ronique van Tilbeurgh, UMR 6590, ESO, Rennes, <a href=\"https:\/\/perso.univ-rennes2.fr\/veronique.vantilbeurgh\">https:\/\/perso.univ-rennes2.fr\/veronique.vantilbeurgh<\/a><\/li>\n<li>Gabrielle Thi\u00e9baut, UMR 6553, Ecobio, Rennes, <a href=\"https:\/\/ecobio.univ-rennes1.fr\/Fiches_perso\/GThiebaut\/\">https:\/\/ecobio.univ-rennes1.fr\/Fiches_perso\/GThiebaut<\/a><\/li>\n<\/ul>\n<h2><\/h2>\n<p><\/p>","protected":false},"excerpt":{"rendered":"<p>Attention, ce programme est en cours de finalisation et donn\u00e9 \u00e0 titre indicatif.\u00a0Les cr\u00e9neaux des diff\u00e9rentes sessions et ateliers pourront changer en fonction\u00a0des imp\u00e9ratifs des intervenants et des probl\u00e8mes de transport. Dimanche 28 18h00-19h00: ap\u00e9ritif d&rsquo;accueil 19h30 : dinner 21h00-22h00: Tour de table + pr\u00e9sentation de l&rsquo;\u00e9cole Lundi\u00a029 Lundi 8h45-9h00\u2026<\/p>\n<p> <a class=\"continue-reading-link\" href=\"https:\/\/project.inria.fr\/berder2017\/programme\/\"><span>Continue reading<\/span><i class=\"crycon-right-dir\"><\/i><\/a> <\/p>\n","protected":false},"author":935,"featured_media":0,"parent":0,"menu_order":0,"comment_status":"closed","ping_status":"closed","template":"","meta":{"footnotes":""},"class_list":["post-68","page","type-page","status-publish","hentry"],"_links":{"self":[{"href":"https:\/\/project.inria.fr\/berder2017\/wp-json\/wp\/v2\/pages\/68","targetHints":{"allow":["GET"]}}],"collection":[{"href":"https:\/\/project.inria.fr\/berder2017\/wp-json\/wp\/v2\/pages"}],"about":[{"href":"https:\/\/project.inria.fr\/berder2017\/wp-json\/wp\/v2\/types\/page"}],"author":[{"embeddable":true,"href":"https:\/\/project.inria.fr\/berder2017\/wp-json\/wp\/v2\/users\/935"}],"replies":[{"embeddable":true,"href":"https:\/\/project.inria.fr\/berder2017\/wp-json\/wp\/v2\/comments?post=68"}],"version-history":[{"count":34,"href":"https:\/\/project.inria.fr\/berder2017\/wp-json\/wp\/v2\/pages\/68\/revisions"}],"predecessor-version":[{"id":386,"href":"https:\/\/project.inria.fr\/berder2017\/wp-json\/wp\/v2\/pages\/68\/revisions\/386"}],"wp:attachment":[{"href":"https:\/\/project.inria.fr\/berder2017\/wp-json\/wp\/v2\/media?parent=68"}],"curies":[{"name":"wp","href":"https:\/\/api.w.org\/{rel}","templated":true}]}}