

{"id":65,"date":"2019-06-20T14:08:39","date_gmt":"2019-06-20T12:08:39","guid":{"rendered":"https:\/\/project.inria.fr\/bigclin\/?page_id=65"},"modified":"2019-06-20T14:13:38","modified_gmt":"2019-06-20T12:13:38","slug":"publications","status":"publish","type":"page","link":"https:\/\/project.inria.fr\/bigclin\/publications\/","title":{"rendered":"Publications"},"content":{"rendered":"<p>&nbsp;<\/p>\n<ul>\n<li id=\"aui_3_4_0_1_308\"><label id=\"aui_3_4_0_1_307\"> Natalia Grabar, Cyril Grouin, Thierry Hamon, Vincent Claveau: <\/label> <strong>Corpus annot\u00e9 de cas cliniques en fran\u00e7ais<\/strong> <label> Traitement Automatique des langues naturelles, TALN <\/label> <label> : 2019 <\/label><\/li>\n<li><label> Natalia Grabar, Cyril Grouin, Thierry Hamon, Vincent Claveau: <\/label> <strong>Actes de l&#8217;atelier et comp\u00e9tition DeFT 2019<\/strong> <label> DeFT 2019 <\/label> <label> : 2019 <\/label><\/li>\n<li><label> Natalia Grabar, Cyril Grouin, Thierry Hamon, Vincent Claveau: <\/label> <strong>Recherche et extraction d\u2019information dans des cas cliniques. Pr\u00e9sentation de la campagne d\u2019\u00e9valuation DEFT 2019<\/strong> <label> Proc of the workshop DeFT 2019 <\/label> <label> : 2019 <\/label><\/li>\n<li><label> Cl\u00e9ment Dalloux, Vincent Claveau, Natalia Grabar: <\/label> <strong>D\u00e9tection de la n\u00e9gation : corpus fran\u00e7ais et apprentissage supervis\u00e9<\/strong> <label> journal TSI &#8211; Technique et science informatiques <\/label> <label> : 2019 <\/label><\/li>\n<li><label> Cyril Grouin, Natalia Grabar, Vincent Claveau, Thierry Hamon: <\/label> <strong>Clinical Case Reports for NLP<\/strong> <label> workshop BioNLP <\/label> <label> : 2019 <\/label><\/li>\n<li><label> Anceaume, Emmanuelle and Busnel, Yann and Cazacu, Vasile: <\/label> <a href=\"https:\/\/hal-imt-atlantique.archives-ouvertes.fr\/hal-02118367\"> L&#8217;art d&#8217;extraire des \\&#8217;el\\&#8217;ements du top-k en temps r\\&#8217;eel sur des fen\\^etres glissantes r\\&#8217;eparties <\/a> <label> ALGOTEL 2019 &#8211; 21\\`emes Rencontres Francophones sur les Aspects Algorithmiques des T\\&#8217;el\\&#8217;ecommunications <\/label> <label> : 2019 <\/label><\/li>\n<li><label> Anceaume, Emmanuelle and Busnel, Yann and Cazacu, Vasile: <\/label> <a href=\"https:\/\/hal-imt-atlantique.archives-ouvertes.fr\/hal-01839930\"> Finding Top-k Most Frequent Items in Distributed Streams in the Time-Sliding Window Model <\/a> <label> DSN 2018 &#8211; 48th Annual IEEE\/IFIP International Conference on Dependable Systems and Networks <\/label> <label> : 2018 <\/label><\/li>\n<li><label> Anceaume, Emmanuelle and Busnel, Yann and Cazacu, Vasile: <\/label> <a href=\"https:\/\/hal.archives-ouvertes.fr\/hal-01888298\"> On the Fly Detection of the Top-k Items in the Distributed Sliding Window Model <\/a> <label> NCA 2018 &#8211; 17th IEEE International Symposium on Network Computing and Applications <\/label> <label> : 2018 <\/label><\/li>\n<li><label> Grabar, Natalia and Claveau, Vincent and Dalloux, Cl\\&#8217;ement: <\/label> <a href=\"https:\/\/hal.archives-ouvertes.fr\/hal-01937096\"> CAS: French Corpus with Clinical Cases <\/a> <label> LOUHI 2018 &#8211; The Ninth International Workshop on Health Text Mining and Information Analysis <\/label> <label> : 2018 <\/label><\/li>\n<li><label> Dalloux, Cl\\&#8217;ement and Grabar, Natalia and Claveau, Vincent and Moro, Claudia: <\/label> <a href=\"https:\/\/hal.archives-ouvertes.fr\/hal-01937100\"> Port\\&#8217;ee de la n\\&#8217;egation : d\\&#8217;etection par apprentissage supervis\\&#8217;e en fran\\c cais et portugais br\\&#8217;esilien <\/a> <label> : 2018 <\/label><\/li>\n<li><label> Minard, Anne-Lyse and Raymond, Christian and Claveau, Vincent: <\/label> <a href=\"https:\/\/hal.archives-ouvertes.fr\/hal-01937019\"> IRISA at SMM4H 2018: Neural Network and Bagging for Tweet Classification <\/a> <label> SMM4H 2018 &#8211; Social Media Mining for Health Applications, Workshop of EMNLP <\/label> <label> : 2018 <\/label><\/li>\n<li><label> Emmanuelle Anceaume, Yann Busnel: <\/label> <strong>Lightweight Metric Computation for Distributed Massive Data Streams<\/strong> <label> Transactions on Large-Scale Data and Knowledge-Centered Systems, 33 <\/label> <label> : 2017 <\/label><\/li>\n<li><label> Vincent Claveau, Ewa Kijak: <\/label> <a href=\"https:\/\/hal.archives-ouvertes.fr\/hal-01621338\"> Strategies to select examples for Active Learning with Conditional Random Fields <\/a> <label> CICLing 2017 &#8211; 18th International Conference on Computational Linguistics and Intelligent Text Processing <\/label> <label> : 2017 <\/label><\/li>\n<li><label> Vincent Claveau, Lucas Oliveira, Guillaume Bouzill\u00e9, Marc Cuggia, Claudia Cabral Moro, et al.: <\/label> <a href=\"https:\/\/hal.archives-ouvertes.fr\/hal-01618930v2\"> Numerical eligibility criteria in clinical protocols: annotation, automatic detection and interpretation <\/a> <label> AIME 2017 &#8211; 16th Conference in Artificial Intelligence in Medecine <\/label> <label> : 2017 <\/label><\/li>\n<li><label> Natalia Grabar, Vincent Claveau: <\/label> <a href=\"https:\/\/hal.archives-ouvertes.fr\/hal-01643969\"> Crit\u00e8res num\u00e9riques dans les essais cliniques : annotation, d\u00e9tection et normalisation <\/a> <label> Actes de la conf\u00e9rence TALN 2017 <\/label> <label> : 2017 <\/label><\/li>\n<li><label> Cl\u00e9ment Dalloux, Vincent Claveau, Natalia Grabar: <\/label> <a href=\"https:\/\/hal.archives-ouvertes.fr\/hal-01659637\"> D\u00e9tection de la n\u00e9gation : corpus fran\u00e7ais et apprentissage supervis\u00e9 <\/a> <label> SIIM 2017 &#8211; Symposium sur l&#8217;Ing\u00e9nierie de l&#8217;Information M\u00e9dicale <\/label> <label> : 2017 <\/label><\/li>\n<li><label> Cl\u00e9ment Dalloux: <\/label> <a href=\"https:\/\/hal.archives-ouvertes.fr\/hal-01659646\"> D\u00e9tection de l&#8217;incertitude et de la n\u00e9gation : un \u00e9tat de l&#8217;art. <\/a> <label> Actes de la conf\u00e9rence RECITAL <\/label> <label> : 2017 <\/label><\/li>\n<li><label> Emmanuelle Anceaume, Yann Busnel, E. Shulte-Geers, Bruno Sericola: <\/label> <strong>Optimization results for a Generalized Coupon Collector Problem<\/strong> <label> Journal of Applied Probability 53(2) <\/label> <label> : 2016 <\/label><\/li>\n<li><label> Vincent Claveau and Ewa Kijak: <\/label> <a href=\"https:\/\/hal.archives-ouvertes.fr\/hal-01394739\"> Direct vs. indirect evaluation of distributional thesauri <\/a> <label> International Conference on Computational Linguistics, COLING <\/label> <label> : 2016 <\/label><\/li>\n<\/ul>\n<p>&nbsp;<\/p>\n<p>&nbsp;<\/p>","protected":false},"excerpt":{"rendered":"<p>&nbsp; Natalia Grabar, Cyril Grouin, Thierry Hamon, Vincent Claveau: Corpus annot\u00e9 de cas cliniques en fran\u00e7ais Traitement Automatique des langues naturelles, TALN : 2019 Natalia\u2026<\/p>\n<p> <a class=\"continue-reading-link\" href=\"https:\/\/project.inria.fr\/bigclin\/publications\/\"><span>Continue reading<\/span><i class=\"crycon-right-dir\"><\/i><\/a> <\/p>\n","protected":false},"author":1611,"featured_media":0,"parent":0,"menu_order":0,"comment_status":"closed","ping_status":"closed","template":"","meta":{"footnotes":""},"class_list":["post-65","page","type-page","status-publish","hentry"],"_links":{"self":[{"href":"https:\/\/project.inria.fr\/bigclin\/wp-json\/wp\/v2\/pages\/65","targetHints":{"allow":["GET"]}}],"collection":[{"href":"https:\/\/project.inria.fr\/bigclin\/wp-json\/wp\/v2\/pages"}],"about":[{"href":"https:\/\/project.inria.fr\/bigclin\/wp-json\/wp\/v2\/types\/page"}],"author":[{"embeddable":true,"href":"https:\/\/project.inria.fr\/bigclin\/wp-json\/wp\/v2\/users\/1611"}],"replies":[{"embeddable":true,"href":"https:\/\/project.inria.fr\/bigclin\/wp-json\/wp\/v2\/comments?post=65"}],"version-history":[{"count":2,"href":"https:\/\/project.inria.fr\/bigclin\/wp-json\/wp\/v2\/pages\/65\/revisions"}],"predecessor-version":[{"id":79,"href":"https:\/\/project.inria.fr\/bigclin\/wp-json\/wp\/v2\/pages\/65\/revisions\/79"}],"wp:attachment":[{"href":"https:\/\/project.inria.fr\/bigclin\/wp-json\/wp\/v2\/media?parent=65"}],"curies":[{"name":"wp","href":"https:\/\/api.w.org\/{rel}","templated":true}]}}