

{"id":65,"date":"2016-11-28T15:34:43","date_gmt":"2016-11-28T14:34:43","guid":{"rendered":"https:\/\/project.inria.fr\/2016visdata\/?page_id=65"},"modified":"2023-10-16T21:24:03","modified_gmt":"2023-10-16T19:24:03","slug":"grading","status":"publish","type":"page","link":"https:\/\/project.inria.fr\/bigvisdata\/grading\/","title":{"rendered":"Grading"},"content":{"rendered":"<p><strong>\u00c9valuation<\/strong><\/p>\n<ul>\n<li>\u00a0<strong>Examen final \u00e9crit <\/strong>&#8211; 80% de la note finale<\/li>\n<li>\u00a0<strong>\u00c9tude d&#8217;articles de recherche\u00a0<\/strong> &#8211; 20% de la note finale\n<ul>\n<li>Quizz d&#8217;\u00e9valuation portant sur les articles \u00e0 lire pour certaines dates (voir <a href=\"_wp_link_placeholder\" data-wplink-edit=\"true\">planning<\/a> des quizz)<\/li>\n<li>Pr\u00e9sentation des articles, sur la base du volontariat (points bonus)<\/li>\n<\/ul>\n<\/li>\n<\/ul>\n<p>Exemple d&#8217;examen:<\/p>\n<ul>\n<li>Examen du 12 f\u00e9vrier 2020 (2 heures): <a href=\"https:\/\/project.inria.fr\/bigvisdata\/files\/2023\/02\/exam2020.pdf\">exam2020<\/a><\/li>\n<\/ul>\n","protected":false},"excerpt":{"rendered":"<p>\u00c9valuation \u00a0Examen final \u00e9crit &#8211; 80% de la note finale \u00a0\u00c9tude d&#8217;articles de recherche\u00a0 &#8211; 20% de la note finale Quizz d&#8217;\u00e9valuation portant sur les articles \u00e0 lire pour certaines dates (voir planning des quizz) Pr\u00e9sentation des articles, sur la base du volontariat (points bonus) Exemple d&#8217;examen: Examen du 12\u2026<\/p>\n<p> <a class=\"continue-reading-link\" href=\"https:\/\/project.inria.fr\/bigvisdata\/grading\/\"><span>Continue reading<\/span><i class=\"crycon-right-dir\"><\/i><\/a> <\/p>\n","protected":false},"author":921,"featured_media":0,"parent":0,"menu_order":0,"comment_status":"closed","ping_status":"closed","template":"","meta":{"footnotes":""},"class_list":["post-65","page","type-page","status-publish","hentry"],"_links":{"self":[{"href":"https:\/\/project.inria.fr\/bigvisdata\/wp-json\/wp\/v2\/pages\/65","targetHints":{"allow":["GET"]}}],"collection":[{"href":"https:\/\/project.inria.fr\/bigvisdata\/wp-json\/wp\/v2\/pages"}],"about":[{"href":"https:\/\/project.inria.fr\/bigvisdata\/wp-json\/wp\/v2\/types\/page"}],"author":[{"embeddable":true,"href":"https:\/\/project.inria.fr\/bigvisdata\/wp-json\/wp\/v2\/users\/921"}],"replies":[{"embeddable":true,"href":"https:\/\/project.inria.fr\/bigvisdata\/wp-json\/wp\/v2\/comments?post=65"}],"version-history":[{"count":13,"href":"https:\/\/project.inria.fr\/bigvisdata\/wp-json\/wp\/v2\/pages\/65\/revisions"}],"predecessor-version":[{"id":442,"href":"https:\/\/project.inria.fr\/bigvisdata\/wp-json\/wp\/v2\/pages\/65\/revisions\/442"}],"wp:attachment":[{"href":"https:\/\/project.inria.fr\/bigvisdata\/wp-json\/wp\/v2\/media?parent=65"}],"curies":[{"name":"wp","href":"https:\/\/api.w.org\/{rel}","templated":true}]}}