

{"id":67,"date":"2016-11-28T15:37:35","date_gmt":"2016-11-28T14:37:35","guid":{"rendered":"https:\/\/project.inria.fr\/2016visdata\/?page_id=67"},"modified":"2023-10-09T17:17:34","modified_gmt":"2023-10-09T15:17:34","slug":"contact","status":"publish","type":"page","link":"https:\/\/project.inria.fr\/bigvisdata\/contact\/","title":{"rendered":"Contact"},"content":{"rendered":"<p>Les cours se d\u00e9rouleront le jeudi, sur une p\u00e9riode allant du 19 octobre 2023 au 18 janvier 2024.<br \/>\nLa plupart des cours sont pr\u00e9vus pour 1h30, certains cours dureront 3h.<\/p>\n<p>Merci de bien v\u00e9rifier les d\u00e9tails pour les dates, les horaires, et les salles, dans <a href=\"https:\/\/project.inria.fr\/bigvisdata\/lectures\/\">Lectures<\/a>.<\/p>\n","protected":false},"excerpt":{"rendered":"<p>Les cours se d\u00e9rouleront le jeudi, sur une p\u00e9riode allant du 19 octobre 2023 au 18 janvier 2024. La plupart des cours sont pr\u00e9vus pour 1h30, certains cours dureront 3h. Merci de bien v\u00e9rifier les d\u00e9tails pour les dates, les horaires, et les salles, dans Lectures.<\/p>\n<p> <a class=\"continue-reading-link\" href=\"https:\/\/project.inria.fr\/bigvisdata\/contact\/\"><span>Continue reading<\/span><i class=\"crycon-right-dir\"><\/i><\/a> <\/p>\n","protected":false},"author":921,"featured_media":0,"parent":0,"menu_order":0,"comment_status":"closed","ping_status":"closed","template":"","meta":{"footnotes":""},"class_list":["post-67","page","type-page","status-publish","hentry"],"_links":{"self":[{"href":"https:\/\/project.inria.fr\/bigvisdata\/wp-json\/wp\/v2\/pages\/67","targetHints":{"allow":["GET"]}}],"collection":[{"href":"https:\/\/project.inria.fr\/bigvisdata\/wp-json\/wp\/v2\/pages"}],"about":[{"href":"https:\/\/project.inria.fr\/bigvisdata\/wp-json\/wp\/v2\/types\/page"}],"author":[{"embeddable":true,"href":"https:\/\/project.inria.fr\/bigvisdata\/wp-json\/wp\/v2\/users\/921"}],"replies":[{"embeddable":true,"href":"https:\/\/project.inria.fr\/bigvisdata\/wp-json\/wp\/v2\/comments?post=67"}],"version-history":[{"count":13,"href":"https:\/\/project.inria.fr\/bigvisdata\/wp-json\/wp\/v2\/pages\/67\/revisions"}],"predecessor-version":[{"id":436,"href":"https:\/\/project.inria.fr\/bigvisdata\/wp-json\/wp\/v2\/pages\/67\/revisions\/436"}],"wp:attachment":[{"href":"https:\/\/project.inria.fr\/bigvisdata\/wp-json\/wp\/v2\/media?parent=67"}],"curies":[{"name":"wp","href":"https:\/\/api.w.org\/{rel}","templated":true}]}}