

{"id":108,"date":"2017-11-23T16:45:27","date_gmt":"2017-11-23T15:45:27","guid":{"rendered":"https:\/\/project.inria.fr\/biplos\/?page_id=108"},"modified":"2018-11-23T16:51:39","modified_gmt":"2018-11-23T15:51:39","slug":"publications","status":"publish","type":"page","link":"https:\/\/project.inria.fr\/biplos\/publications\/","title":{"rendered":"Publications"},"content":{"rendered":"<p>V\u00edctor Bucarey, Carlos Casorr\u00e1n, Martine Labb\u00e9, Fernando Ord\u00f3\u00f1ez, Oscar Figueroa.<br \/>\n\u201cCoordinated defender strategies for border patrols<em>\u201d<\/em>. 2018.\u00a0<a href=\"https:\/\/hal.inria.fr\/hal-01917782\" target=\"_blank\" rel=\"noopener\">\u3008hal-01917782\u3009<\/a><\/p>\n<p>Carlos Casorr\u00e1n, Bernard Fortz, Martine Labb\u00e9, Fernando Ord\u00f3\u00f1ez.<br \/>\n\u201cA study of general and security Stackelberg game formulations<em>\u201d<\/em>. 2018.\u00a0<a href=\"https:\/\/hal.inria.fr\/hal-01917798\" target=\"_blank\" rel=\"noopener\">\u3008hal-01917798\u3009<\/a><\/p>\n<p>Sebasti\u00e1n D\u00e1vila, Martine Labb\u00e9, Fernando Ordo\u00f1ez, Fr\u00e9d\u00e9ric Semet and Vladimir Marianov<br \/>\n\u201cBilevel programming models for multi-product location problems<em>\u201d<\/em>,<br \/>\nEWGLA meeting, Edinburgh, U.K., May 23-25, 2018.<\/p>\n<p>Sebasti\u00e1n D\u00e1vila, Martine Labb\u00e9, Fernando Ordo\u00f1ez, Fr\u00e9d\u00e9ric Semet and Vladimir Marianov<br \/>\n\u201cBilevel programming models for multi-product location problems<em>\u201d<\/em>,<br \/>\nIWOBIP, INRIA, Lille, June 18-22, 2018.<\/p>\n<p>Martine Labb\u00e9, \u201cStackelberg games and bilevel bilinear optimization problem<em>\u201d<\/em>,<br \/>\nJourn\u00e9es de l\u2019optimisation, Montr\u00e9al, Canada, April 7-9, 2018.<\/p>\n<p>Martine Labb\u00e9, \u201cBilevel programming: Stackelberg games and pricing problems<em>\u201d<\/em>,<br \/>\nNETOPT, Estoril, Portugal January 15-19, 2018.<\/p>\n<p>F. Lagos, F. Ordonez, M. Labb\u00e9 (2017), \u201cA branch and price algorithm for a Stackelberg security game\u201d, <em>Computers and Industrial Engineering, <\/em>Vol 111, 216-227.<\/p>\n<p>Ph.D. of Carlos Casorran, co-supervised by Martine Labb\u00e9 (INOCS) and Fernando Ordonez (ISCI). Degree obtained on October 16, 2017.<\/p>\n<p>&nbsp;<\/p>","protected":false},"excerpt":{"rendered":"<p>V\u00edctor Bucarey, Carlos Casorr\u00e1n, Martine Labb\u00e9, Fernando Ord\u00f3\u00f1ez, Oscar Figueroa. \u201cCoordinated defender strategies for border patrols\u201d. 2018.\u00a0\u3008hal-01917782\u3009 Carlos Casorr\u00e1n, Bernard Fortz, Martine Labb\u00e9, Fernando Ord\u00f3\u00f1ez. \u201cA study of general and security Stackelberg game formulations\u201d. 2018.\u00a0\u3008hal-01917798\u3009 Sebasti\u00e1n D\u00e1vila, Martine Labb\u00e9, Fernando Ordo\u00f1ez, Fr\u00e9d\u00e9ric Semet and Vladimir Marianov \u201cBilevel programming models for\u2026<\/p>\n<p> <a class=\"continue-reading-link\" href=\"https:\/\/project.inria.fr\/biplos\/publications\/\"><span>Continue reading<\/span><i class=\"crycon-right-dir\"><\/i><\/a> <\/p>\n","protected":false},"author":1286,"featured_media":0,"parent":0,"menu_order":0,"comment_status":"closed","ping_status":"closed","template":"","meta":{"footnotes":""},"class_list":["post-108","page","type-page","status-publish","hentry"],"_links":{"self":[{"href":"https:\/\/project.inria.fr\/biplos\/wp-json\/wp\/v2\/pages\/108","targetHints":{"allow":["GET"]}}],"collection":[{"href":"https:\/\/project.inria.fr\/biplos\/wp-json\/wp\/v2\/pages"}],"about":[{"href":"https:\/\/project.inria.fr\/biplos\/wp-json\/wp\/v2\/types\/page"}],"author":[{"embeddable":true,"href":"https:\/\/project.inria.fr\/biplos\/wp-json\/wp\/v2\/users\/1286"}],"replies":[{"embeddable":true,"href":"https:\/\/project.inria.fr\/biplos\/wp-json\/wp\/v2\/comments?post=108"}],"version-history":[{"count":4,"href":"https:\/\/project.inria.fr\/biplos\/wp-json\/wp\/v2\/pages\/108\/revisions"}],"predecessor-version":[{"id":150,"href":"https:\/\/project.inria.fr\/biplos\/wp-json\/wp\/v2\/pages\/108\/revisions\/150"}],"wp:attachment":[{"href":"https:\/\/project.inria.fr\/biplos\/wp-json\/wp\/v2\/media?parent=108"}],"curies":[{"name":"wp","href":"https:\/\/api.w.org\/{rel}","templated":true}]}}