

{"id":68,"date":"2022-10-06T15:05:32","date_gmt":"2022-10-06T13:05:32","guid":{"rendered":"https:\/\/project.inria.fr\/bipup\/?page_id=68"},"modified":"2026-03-13T15:02:18","modified_gmt":"2026-03-13T14:02:18","slug":"people","status":"publish","type":"page","link":"https:\/\/project.inria.fr\/bipup\/people\/","title":{"rendered":"People"},"content":{"rendered":"<h2>Members of the project<\/h2>\n<p>PIs:<\/p>\n<ul>\n<li>Fran\u00e7ois Pattou, Professor of General Surgery, Universit\u00e9 de Lille<\/li>\n<li><a href=\"https:\/\/philippe-preux.github.io\">Philippe Preux<\/a>, Professor in Computer Science, Universit\u00e9 de Lille<\/li>\n<\/ul>\n<p>Main participants:<\/p>\n<ul>\n<li>Estelle Chatelain, Engineer in biostatistics<\/li>\n<li>Lorenzo Hermez, Post-doc<\/li>\n<li><a href=\"http:\/\/emiliekaufmann.github.io\/\">\u00c9milie Kaufmann<\/a>, Researcher<\/li>\n<li><a href=\"http:\/\/odalricambrymmaillard.neowordpress.fr\/\">Odalric-Ambrym Maillard<\/a>, Researcher<\/li>\n<li>Gabriele Maggioni, Engineer<\/li>\n<li><a href=\"https:\/\/timotheemathieu.github.io\/\">Timoth\u00e9e Mathieu<\/a>, Researcher<\/li>\n<li>Nicolas Michalak, Ph.D. student<\/li>\n<li>Alban Moor, University of Zurich<\/li>\n<li>Violeta Raverdi, Doctor in general medicine<\/li>\n<li>H\u00e9l\u00e8ne Verkindt, Doctor in general medicine<\/li>\n<\/ul>\n","protected":false},"excerpt":{"rendered":"<p>Members of the project PIs: Fran\u00e7ois Pattou, Professor of General Surgery, Universit\u00e9 de Lille Philippe Preux, Professor in Computer Science, Universit\u00e9 de Lille Main participants: Estelle Chatelain, Engineer in biostatistics Lorenzo Hermez, Post-doc \u00c9milie Kaufmann, Researcher Odalric-Ambrym Maillard, Researcher Gabriele Maggioni, Engineer Timoth\u00e9e Mathieu, Researcher Nicolas Michalak, Ph.D. student Alban\u2026<\/p>\n<p> <a class=\"continue-reading-link\" href=\"https:\/\/project.inria.fr\/bipup\/people\/\"><span>Continue reading<\/span><i class=\"crycon-right-dir\"><\/i><\/a> <\/p>\n","protected":false},"author":1513,"featured_media":0,"parent":0,"menu_order":0,"comment_status":"closed","ping_status":"closed","template":"","meta":{"footnotes":""},"class_list":["post-68","page","type-page","status-publish","hentry"],"_links":{"self":[{"href":"https:\/\/project.inria.fr\/bipup\/wp-json\/wp\/v2\/pages\/68","targetHints":{"allow":["GET"]}}],"collection":[{"href":"https:\/\/project.inria.fr\/bipup\/wp-json\/wp\/v2\/pages"}],"about":[{"href":"https:\/\/project.inria.fr\/bipup\/wp-json\/wp\/v2\/types\/page"}],"author":[{"embeddable":true,"href":"https:\/\/project.inria.fr\/bipup\/wp-json\/wp\/v2\/users\/1513"}],"replies":[{"embeddable":true,"href":"https:\/\/project.inria.fr\/bipup\/wp-json\/wp\/v2\/comments?post=68"}],"version-history":[{"count":16,"href":"https:\/\/project.inria.fr\/bipup\/wp-json\/wp\/v2\/pages\/68\/revisions"}],"predecessor-version":[{"id":130,"href":"https:\/\/project.inria.fr\/bipup\/wp-json\/wp\/v2\/pages\/68\/revisions\/130"}],"wp:attachment":[{"href":"https:\/\/project.inria.fr\/bipup\/wp-json\/wp\/v2\/media?parent=68"}],"curies":[{"name":"wp","href":"https:\/\/api.w.org\/{rel}","templated":true}]}}