

{"id":181,"date":"2023-02-27T09:56:06","date_gmt":"2023-02-27T08:56:06","guid":{"rendered":"https:\/\/project.inria.fr\/bmdec\/?page_id=181"},"modified":"2024-02-05T16:40:27","modified_gmt":"2024-02-05T15:40:27","slug":"faq","status":"publish","type":"page","link":"https:\/\/project.inria.fr\/bmdec\/fr\/faq\/","title":{"rendered":"FAQ"},"content":{"rendered":"\n<p>1. <strong>Quand j&rsquo;ai voulu r\u00e9pondre le formulaire \u00e9tait ferm\u00e9.<\/strong><\/p>\n\n\n\n<p>Les questionnaires que nous vous envoyons ont une fen\u00eatre de r\u00e9ponse limit\u00e9e \u00e0 20 heures. Si vous n&rsquo;avez pas r\u00e9pondu dans ce d\u00e9lai, il est possible que nous vous renvoyions le formulaire. Cette contrainte de temps est particuli\u00e8rement cruciale pour les questionnaires li\u00e9s \u00e0 vos d\u00e9placements, \u00e9tant donn\u00e9 que notre exp\u00e9rimentation suit un cycle quotidien. Nous pr\u00e9voyons d&rsquo;exp\u00e9dier ces questionnaires quotidiens aux alentours de 16 heures.<\/p>\n\n\n\n<p>2. <strong>Quand je prends les transports en commun, dois-je d\u00e9clarer que je ne voyage pas seul(e)&nbsp;?<\/strong><\/p>\n\n\n\n<p>Ce n\u2019est pas n\u00e9cessaire, c\u2019est implicite dans ce choix de transport.<\/p>\n\n\n\n<p>3. <strong>Pourquoi je re\u00e7ois les formulaires le weekend ou sur une p\u00e9riode d\u2019absence d\u00e9clar\u00e9e alors que ne travaille pas&nbsp;?<\/strong><\/p>\n\n\n\n<p>Pour accommoder les p\u00e9riodes de vacances et d&rsquo;absences, nous avons int\u00e9gr\u00e9 une option dans le formulaire quotidien qui vous permet de signaler ces p\u00e9riodes. Bien que vous continuerez \u00e0 recevoir les questionnaires chaque jour, il n\u2019y aura aucune incidence si vous choisissez de ne pas y r\u00e9pondre jusqu&rsquo;\u00e0 votre retour. L&rsquo;envoi des formulaires est g\u00e9r\u00e9 par un syst\u00e8me automatis\u00e9 qui ne traite pas vos r\u00e9ponses de mani\u00e8re instantan\u00e9e.<\/p>\n\n\n\n<p>4. <strong>Les p\u00e9riodes d\u2019absence\/de cong\u00e9s ont-elles un impact sur la gratification&nbsp;?<\/strong><\/p>\n\n\n\n<p>Non si cela reste raisonnable par rapport \u00e0 la p\u00e9riode d\u2019enqu\u00eate de 3 mois.<\/p>\n\n\n\n<p>5. <strong>Je suis \u00e9tudiant(e) et mon ann\u00e9e est termin\u00e9e, comment fais-je&nbsp;?<\/strong><\/p>\n\n\n\n<p>Vous pouvez d\u00e9clarer une absence jusqu\u2019au mi-avril 2024 (fin de l&rsquo;enqu\u00eate).<\/p>\n\n\n\n<p>6. <strong>Je souhaite changer mon email ou mon num\u00e9ro de t\u00e9l\u00e9phone.<\/strong><\/p>\n\n\n\n<p>Envoyez un message le plus rapidement possible \u00e0 <a href=\"mailto:support.bmdec@aqmo.org\">support.bmdec@aqmo.org<\/a>. Le changement peut toutefois prendre quelques jours.<\/p>\n\n\n\n<p>7. <strong><strong>Faut-il d\u00e9clarer d\u2019autres trajets que ceux entre le domicile et &nbsp;le travail (par exemple d\u00e9placement le WE)<\/strong> ?<\/strong><\/p>\n\n\n\n<p>Non ce n&rsquo;est pas n\u00e9cessaire, l&rsquo;enqu\u00eate ne porte que sur ceux-ci.<\/p>\n\n\n\n<p>8. <strong>Je suis en d\u00e9placement professionnel que dois-je indiquer ?<\/strong><\/p>\n\n\n\n<p>Dans ce cas, d\u00e9clarer une absence, nous ne prenons en compte que les trajets entre votre travail\/bureau et votre domicile. L&rsquo;enqu\u00eate ne porte pas sur les autres d\u00e9placements. <\/p>\n\n\n\n<p>9. <strong>Quand l&rsquo;enqu\u00eate se termine-t-elle ?<\/strong><\/p>\n\n\n\n<p>La fin pr\u00e9vue est 30 avril 2024. Cette p\u00e9riode permet de constituer des donn\u00e9es repr\u00e9sentatives sur vos habitudes de transport.<\/p>\n\n\n\n<p>10. <strong>Combien est r\u00e9mun\u00e9r\u00e9e l&rsquo;enqu\u00eate ?<\/strong><\/p>\n\n\n\n<p>La participation \u00e0 l&rsquo;enqu\u00eate est r\u00e9mun\u00e9r\u00e9e sur la base de 70 euros pour une participation compl\u00e8te.<\/p>\n\n\n\n<p>11. <strong>Dans les formulaires, il faut se prononcer sur les horaires des trajets pr\u00e9vus le lendemain, mais dans mon cas, je ne sais pas toujours (horaires flexibles).<\/strong><\/p>\n\n\n\n<p> Nous sommes int\u00e9ress\u00e9s par vos pr\u00e9visions et comme toutes pr\u00e9visions elles peuvent \u00eatre incorrectes, ce n&rsquo;est pas un probl\u00e8me pour l&rsquo;enqu\u00eate. <\/p>\n\n\n\n<p>12. <strong>Je re\u00e7ois des SMS, comment je sais si cela vient de vous ?<\/strong><\/p>\n\n\n\n<p>Vous pouvez contr\u00f4ler l&rsquo;origine des SMS que nous envoyons. Nous utilisons une plateforme con\u00e7ue en interne et h\u00e9berg\u00e9e dans nos locaux \u00e0 l&rsquo;Universit\u00e9 de Rennes (sur le campus de Beaulieu) et des abonnements avec l&rsquo;op\u00e9rateur Bouygues T\u00e9l\u00e9com avec les num\u00e9ros suivants :<\/p>\n\n\n\n<ul class=\"wp-block-list\"><li>06 68 02 14 57<\/li><li>07 61 73 53 52<\/li><li>06 68 02 15 98<\/li><li>07 61 73 53 44<\/li><li>06 68 02 22 62<\/li><li>36034 (op\u00e9rateur SMSMode)<\/li><\/ul>\n\n\n\n<p>Vous pouvez enregistrer ces num\u00e9ros dans vos contacts. Nous mettrons la liste de ces num\u00e9ros \u00e0 jour en fonction des besoins.<\/p>\n\n\n\n<p>13. <strong>Je re\u00e7ois des emails  qui semblent venir du projet mais qui sont identifi\u00e9s comme \u00ab\u00a0pourriel\u00a0\u00bb (spam)<\/strong><\/p>\n\n\n\n<p>Les messages que nous envoyons peuvent \u00eatre marqu\u00e9s comme ind\u00e9sirables pour de multiples raisons ind\u00e9pendantes de notre volont\u00e9 (absence dans vos contacts, aspect tr\u00e8s format\u00e9, pr\u00e9sence de liens, &#8230;). Afin d&rsquo;avoir un maximum de lisibilit\u00e9, le projet pr\u00e9sente toujours les m\u00eames caract\u00e9ristiques :<\/p>\n\n\n\n<ul class=\"wp-block-list\"><li>Nous envoyons nos emails avec le compte \u00ab\u00a0master@aqmo.org\u00a0\u00bb qui est op\u00e9r\u00e9 par OVH.<\/li><li>Les champs complets sont<ul><li>Administration BMDEC &lt;master@aqmo.org&gt; pour l\u2019\u00e9metteur <\/li><li>Support BMDEC &lt;<a href=\"mailto:support.bmdec@aqmo.org\">support.bmdec@aqmo.org<\/a>&gt; pour la r\u00e9ponse.<\/li><\/ul><\/li><li>Nous utilisons le domaine \u00ab\u00a0aqmo.org\u00a0\u00bb pour tous nos services.<\/li><\/ul>\n\n\n\n<p>Ajouter \u00ab\u00a0master@aqmo.org\u00a0\u00bb temporairement \u00e0 vos contacts peut probablement aider \u00e0 r\u00e9soudre le probl\u00e8me de classification des emails.<\/p>\n\n\n\n<p><em>Remarque<\/em> : le compte \u00ab\u00a0master@aqmo.org\u00a0\u00bb est un compte technique, adressez vous au support ou directement aux responsables du projet (\u00e0 l&rsquo;IRISA et au CREM) pour vos probl\u00e8mes, remarques, ou questions sur le projet.<\/p>\n\n\n\n<p>14. <strong>Je ne sais plus si j&rsquo;ai rempli le formulaire ou s&rsquo;il a bien \u00e9t\u00e9 pris en compte, que faire ?<\/strong><\/p>\n\n\n\n<p>Les formulaires peuvent \u00eatre recharg\u00e9 autant que fois que n\u00e9cessaire, et les informations pr\u00e9c\u00e9demment donn\u00e9es y sont pr\u00e9remplies. La page affiche une notification de situation de \u00ab\u00a0mise \u00e0 jour\u00a0\u00bb. Cette fonction n&rsquo;est pas activ\u00e9e pour les donn\u00e9es possiblement identifiantes ou sensibles.<\/p>\n\n\n\n<p>15. <strong>Je voyage accompagn\u00e9 (par exemple avec mes enfants) que sur une partie du voyage seulement, est-ce je me d\u00e9clare seul ou non ?<\/strong><\/p>\n\n\n\n<p>Vous pouvez vous d\u00e9clarer comme accompagn\u00e9 (non seul) m\u00eame si vous l&rsquo;\u00e9tiez seulement pour une portion de votre parcours depuis votre domicile ou votre lieu de travail.<\/p>\n\n\n\n<p>16. <strong>Quand aura lieu la restitution de l&rsquo;enqu\u00eate?<\/strong><\/p>\n\n\n\n<p>La date n&rsquo;est pas encore fix\u00e9e (pr\u00e9vision fin mai). <\/p>\n\n\n\n<blockquote class=\"wp-block-quote is-layout-flow wp-block-quote-is-layout-flow\"><p><\/p><p><\/p><\/blockquote>\n","protected":false},"excerpt":{"rendered":"<p>1. Quand j&rsquo;ai voulu r\u00e9pondre le formulaire \u00e9tait ferm\u00e9. Les questionnaires que nous vous envoyons ont une fen\u00eatre de r\u00e9ponse limit\u00e9e \u00e0 20 heures. Si vous n&rsquo;avez pas r\u00e9pondu dans ce d\u00e9lai, il est possible que nous vous renvoyions le formulaire. Cette contrainte de temps est particuli\u00e8rement cruciale pour les\u2026<\/p>\n<p> <a class=\"continue-reading-link\" href=\"https:\/\/project.inria.fr\/bmdec\/fr\/faq\/\"><span>Continue reading<\/span><i class=\"crycon-right-dir\"><\/i><\/a> <\/p>\n","protected":false},"author":1707,"featured_media":0,"parent":0,"menu_order":0,"comment_status":"closed","ping_status":"closed","template":"","meta":{"footnotes":""},"class_list":["post-181","page","type-page","status-publish","hentry"],"_links":{"self":[{"href":"https:\/\/project.inria.fr\/bmdec\/fr\/wp-json\/wp\/v2\/pages\/181","targetHints":{"allow":["GET"]}}],"collection":[{"href":"https:\/\/project.inria.fr\/bmdec\/fr\/wp-json\/wp\/v2\/pages"}],"about":[{"href":"https:\/\/project.inria.fr\/bmdec\/fr\/wp-json\/wp\/v2\/types\/page"}],"author":[{"embeddable":true,"href":"https:\/\/project.inria.fr\/bmdec\/fr\/wp-json\/wp\/v2\/users\/1707"}],"replies":[{"embeddable":true,"href":"https:\/\/project.inria.fr\/bmdec\/fr\/wp-json\/wp\/v2\/comments?post=181"}],"version-history":[{"count":55,"href":"https:\/\/project.inria.fr\/bmdec\/fr\/wp-json\/wp\/v2\/pages\/181\/revisions"}],"predecessor-version":[{"id":337,"href":"https:\/\/project.inria.fr\/bmdec\/fr\/wp-json\/wp\/v2\/pages\/181\/revisions\/337"}],"wp:attachment":[{"href":"https:\/\/project.inria.fr\/bmdec\/fr\/wp-json\/wp\/v2\/media?parent=181"}],"curies":[{"name":"wp","href":"https:\/\/api.w.org\/{rel}","templated":true}]}}