

{"id":79,"date":"2022-03-08T09:49:11","date_gmt":"2022-03-08T08:49:11","guid":{"rendered":"https:\/\/project.inria.fr\/bmdec\/?page_id=79"},"modified":"2023-10-25T10:28:15","modified_gmt":"2023-10-25T08:28:15","slug":"fonctionnement-du-panel","status":"publish","type":"page","link":"https:\/\/project.inria.fr\/bmdec\/fr\/fonctionnement-du-panel\/","title":{"rendered":"Fonctionnement du panel"},"content":{"rendered":"<h3>Inscription en ligne, d\u00e9marche du questionnaire<\/h3>\n<p>La demande d\u2019inscription au panel se fait par le formulaire de la page\u00a0:\u00a0<a href=\"https:\/\/project.inria.fr\/bmdec\/fr\/francais-inscription-au-panel\/\" target=\"_blank\" rel=\"noopener\">Formulaire d&rsquo;inscription<\/a><\/p>\n<p>Lors de l\u2019inscription il est demand\u00e9 au candidat de lire la charte de politique de protection et d\u2019utilisation des donn\u00e9es personnelles du projet BMDEC.<\/p>\n<h3>RGPD<\/h3>\n<p>La mise en place du r\u00e8glement g\u00e9n\u00e9ral sur la protection des donn\u00e9es (RGPD) dans le cadre du projet BMDEC est conduite sous l\u2019autorit\u00e9 de la <a href=\"https:\/\/www.cnrs.fr\/fr\/personne\/gaelle-bujan\" target=\"_blank\" rel=\"noopener\">DPD du CNRS<\/a> pour les questions r\u00e9glementaires et du RSSI du <a href=\"https:\/\/www.inria.fr\/fr\/centre-inria-universite-rennes\" target=\"_blank\" rel=\"noopener\">centre Inria\u00a0de l&rsquo;Universit\u00e9 de\u00a0Rennes<\/a> pour les questions de s\u00e9curit\u00e9 informatique.\u00a0 La charte est disponible \u00e0 <a href=\"https:\/\/project.inria.fr\/bmdec\/fr\/charte\/\" target=\"_blank\" rel=\"noopener\">Charte.<\/a><\/p>\n<h3>R\u00e9ception des questionnaires<\/h3>\n<p>Les questionnaires sont transmis aux participants par SMS ou email. Le contenu du message est un lien vers un formulaire Web.<\/p>\n<h3>Installation d&rsquo;une application t\u00e9l\u00e9phone<\/h3>\n<p>Il n\u2019y a pas d\u2019application \u00e0 installer sur le t\u00e9l\u00e9phone.<\/p>\n<h3>Questionnaires journaliers<\/h3>\n<p>Tous les jours travaill\u00e9s il est demand\u00e9 de r\u00e9pondre \u00e0 ces questions\u00a0(encore sujet \u00e0 am\u00e9nagement):<\/p>\n<ul>\n<li><em>DEMAIN je me rends sur mon lieu de travail<\/em>\n<ul>\n<li>[&lsquo;oui&rsquo;, &lsquo;non car je t\u00e9l\u00e9travaille&rsquo;, &lsquo;non car je ne travaille pas&rsquo;]<\/li>\n<\/ul>\n<\/li>\n<li><em>Quel(s) mode(s) de transport allez-vous utiliser DEMAIN ?<\/em>\n<ul>\n<li>[&lsquo;Je ne sais pas encore&rsquo;, &lsquo;Aucun&rsquo;, &lsquo;autopartage&rsquo;, &lsquo;covoiturage&rsquo;, &lsquo;auto&rsquo;,&rsquo;deux roues thermiques&rsquo;, &lsquo;bus&rsquo;, &lsquo;m\u00e9tro&rsquo;, &lsquo;train&rsquo;, &lsquo;car&rsquo;, &lsquo;v\u00e9lo&rsquo;, &lsquo;v\u00e9lo en libre service&rsquo;, &lsquo;v\u00e9lo \u00e9lectrique&rsquo;, &lsquo;engin de d\u00e9placement personnel&rsquo;, &lsquo;\u00e0 pied uniquement&rsquo;]<\/li>\n<\/ul>\n<\/li>\n<li><em>DEMAIN je pr\u00e9vois de partir de mon DOMICILE \u00e0<\/em>\n<ul>\n<li>[&lsquo;0h&rsquo;, &lsquo;0h15&rsquo;, &lsquo;0h30&rsquo;, &lsquo;0h45&rsquo;, &lsquo;1h&rsquo;, \u2026, &rsquo;23h30&prime;, &rsquo;23h45&prime;]<\/li>\n<\/ul>\n<\/li>\n<li><em>DEMAIN je pr\u00e9vois de partir de mon lieu de TRAVAIL \u00e0<\/em>\n<ul>\n<li>[&lsquo;0h&rsquo;, &lsquo;0h15&rsquo;, &lsquo;0h30&rsquo;, &lsquo;0h45&rsquo;, &lsquo;1h&rsquo;, \u2026, &rsquo;23h30&prime;, &rsquo;23h45&prime;]<\/li>\n<\/ul>\n<\/li>\n<li><em>AUJOURD&rsquo;HUI j&rsquo;ai utilis\u00e9 les modes de transport<\/em>\n<ul>\n<li>[&lsquo;Les modes d\u00e9clar\u00e9s hier&rsquo;, &lsquo;autopartage&rsquo;, &lsquo;covoiturage&rsquo;, &lsquo;auto&rsquo;, &lsquo;deux roues thermiques&rsquo;,<br \/>\n&lsquo;bus&rsquo;, &lsquo;m\u00e9tro&rsquo;, &lsquo;train&rsquo;, &lsquo;car&rsquo;, &lsquo;v\u00e9lo&rsquo;, &lsquo;v\u00e9lo en libre service&rsquo;, &lsquo;v\u00e9lo \u00e9lectrique&rsquo;, &lsquo;engin de d\u00e9placement personnel&rsquo;, &lsquo;\u00e0 pied uniquement&rsquo;]<\/li>\n<\/ul>\n<\/li>\n<li><em>Mon trajet aller \u00e9tait direct ?<\/em>\n<ul>\n<li>[&lsquo;oui&rsquo;, &lsquo;non&rsquo;]<\/li>\n<\/ul>\n<\/li>\n<li><em>J&rsquo;ai fait mon trajet aller seul(e) ?<\/em>\n<ul>\n<li>[&lsquo;oui&rsquo;, &lsquo;non&rsquo;]<\/li>\n<\/ul>\n<\/li>\n<li><em>Mon trajet retour \u00e9tait direct ?<\/em>\n<ul>\n<li>[&lsquo;oui&rsquo;, &lsquo;non&rsquo;]<\/li>\n<\/ul>\n<\/li>\n<li><em>J&rsquo;ai fait mon trajet retour seul(e) ?<\/em>\n<ul>\n<li>[&lsquo;oui&rsquo;, &lsquo;non&rsquo;]<\/li>\n<\/ul>\n<\/li>\n<li><em>Avez-vous des commentaires \u00e0 ajouter<\/em>\n<ul>\n<li>[texte]<\/li>\n<\/ul>\n<\/li>\n<\/ul>\n<h3>Dur\u00e9e de la saisie journali\u00e8re<\/h3>\n<p>Le temps de r\u00e9ponse estim\u00e9 est de l\u2019ordre d\u2019une minute (voir les questions ci-dessus). Pour la saisie, vous recevez un lien vers un formulaire, soit par SMS soit par mail suivant votre pr\u00e9f\u00e9rence.<\/p>\n<h3>Importance de l\u2019assiduit\u00e9<\/h3>\n<p>Le principal enjeu du panel est de conna\u00eetre de mani\u00e8re fine les comportements individuels de mobilit\u00e9. Pour ce faire, comme la taille du panel est limit\u00e9e, et la p\u00e9riode d\u2019observation relativement courte (3 mois), il est important que chaque membre du panel accomplisse sa saisie quotidiennement et avec assiduit\u00e9. L\u2019assiduit\u00e9 de chaque membre du panel sera donc contr\u00f4l\u00e9e et, \u00e0 l\u2019issue du suivi, la gratification sera r\u00e9duite en cas d\u2019assiduit\u00e9 insuffisante.<\/p>\n<h3>Informations sur la gratification financi\u00e8re li\u00e9e \u00e0 la participation au panel<\/h3>\n<p>Chaque membre du panel exp\u00e9rimental qui aura \u00e9t\u00e9 parfaitement assidu (c\u2019est-\u00e0-dire qui aura r\u00e9pondu chaque jour de sollicitation aux questions pos\u00e9es) recevra \u00e0 l\u2019issue de la p\u00e9riode de suivi des 3 mois une somme de 70 euros (la somme est en cours de finalisation suivant les dons re\u00e7us des entreprises).<\/p>\n<h3>Les retours attendus<\/h3>\n<p>A l\u2019issue de la p\u00e9riode de suivi du panel, l\u2019\u00e9quipe de recherche de l\u2019Universit\u00e9 de Rennes 1 produira des fiches synth\u00e9tiques pr\u00e9sentant les principaux r\u00e9sultats concernant l\u2019analyse des comportements, ce \u00e0 un niveau agr\u00e9g\u00e9. L\u2019\u00e9quipe de BMDEC organisera aussi une s\u00e9rie de rencontres avec les membres du panel pour \u00e9changer sur les r\u00e9sultats de l\u2019\u00e9tude.<\/p>\n<h3>Pourquoi certains candidats ne seront pas retenus<\/h3>\n<p>L\u2019\u00e9tude, qui se fait \u00e0 une \u00e9chelle r\u00e9duite (x100 personnes suivies) doit suivre des r\u00e8gles de repr\u00e9sentativit\u00e9 statistique. Cela signifie que certaines caract\u00e9ristiques socio-d\u00e9mographiques des membres du panel doivent \u00eatre suffisamment proches de celles qu\u2019on observe au niveau de la population. Par cons\u00e9quent, la constitution du panel se fera sur la base de quotas socio-\u00e9conomiques, d\u00e9finis en fonction des caract\u00e9ristiques importantes pour expliquer les d\u00e9placements : \u00e2ge, genre, distance entre le domicile et le travail, etc. Le nombre de personnes dans chaque cat\u00e9gorie doit \u00eatre suffisant pour que le r\u00e9sultat de l\u2019\u00e9tude soit pertinent du point de vue statistique.<\/p>\n","protected":false},"excerpt":{"rendered":"<p>Inscription en ligne, d\u00e9marche du questionnaire La demande d\u2019inscription au panel se fait par le formulaire de la page\u00a0:\u00a0Formulaire d&rsquo;inscription Lors de l\u2019inscription il est demand\u00e9 au candidat de lire la charte de politique de protection et d\u2019utilisation des donn\u00e9es personnelles du projet BMDEC. RGPD La mise en place du\u2026<\/p>\n<p> <a class=\"continue-reading-link\" href=\"https:\/\/project.inria.fr\/bmdec\/fr\/fonctionnement-du-panel\/\"><span>Continue reading<\/span><i class=\"crycon-right-dir\"><\/i><\/a> <\/p>\n","protected":false},"author":1707,"featured_media":0,"parent":0,"menu_order":0,"comment_status":"closed","ping_status":"closed","template":"","meta":{"footnotes":""},"class_list":["post-79","page","type-page","status-publish","hentry"],"_links":{"self":[{"href":"https:\/\/project.inria.fr\/bmdec\/fr\/wp-json\/wp\/v2\/pages\/79","targetHints":{"allow":["GET"]}}],"collection":[{"href":"https:\/\/project.inria.fr\/bmdec\/fr\/wp-json\/wp\/v2\/pages"}],"about":[{"href":"https:\/\/project.inria.fr\/bmdec\/fr\/wp-json\/wp\/v2\/types\/page"}],"author":[{"embeddable":true,"href":"https:\/\/project.inria.fr\/bmdec\/fr\/wp-json\/wp\/v2\/users\/1707"}],"replies":[{"embeddable":true,"href":"https:\/\/project.inria.fr\/bmdec\/fr\/wp-json\/wp\/v2\/comments?post=79"}],"version-history":[{"count":10,"href":"https:\/\/project.inria.fr\/bmdec\/fr\/wp-json\/wp\/v2\/pages\/79\/revisions"}],"predecessor-version":[{"id":269,"href":"https:\/\/project.inria.fr\/bmdec\/fr\/wp-json\/wp\/v2\/pages\/79\/revisions\/269"}],"wp:attachment":[{"href":"https:\/\/project.inria.fr\/bmdec\/fr\/wp-json\/wp\/v2\/media?parent=79"}],"curies":[{"name":"wp","href":"https:\/\/api.w.org\/{rel}","templated":true}]}}