

{"id":52,"date":"2014-02-15T16:20:24","date_gmt":"2014-02-15T15:20:24","guid":{"rendered":"https:\/\/project.inria.fr\/bnpsi\/?page_id=52"},"modified":"2016-02-03T16:25:08","modified_gmt":"2016-02-03T15:25:08","slug":"members","status":"publish","type":"page","link":"https:\/\/project.inria.fr\/bnpsi\/members\/","title":{"rendered":"Members"},"content":{"rendered":"<p><\/p>\n<h2><a href=\"http:\/\/lagis.cnrs.fr\/\" target=\"_blank\">Centre de Recherche en Informatique,\u00a0Signal et Automatique de Lille (CRIStAL UMR 9189)<\/a>, Lille<\/h2>\n<ul>\n<li><a href=\"http:\/\/www.2020science.net\/people\/remi-bardenet\">R\u00e9mi Bardenet<\/a> (CNRS researcher)<\/li>\n<li><a href=\"http:\/\/pierrechainais.ec-lille.fr\/\" target=\"_blank\">Pierre Chainais<\/a> (Associate Professor, <strong>Head of the project<\/strong>)<\/li>\n<li>Hong-Phuong Dang (Ph.D. student, advised by P. Chainais)<\/li>\n<li>Cl\u00e9ment Elvira (Ph.D. student, co-advised by P. Chainais &amp; N. Dobigeon)<\/li>\n<li><a href=\"http:\/\/emmanuelduflos.ec-lille.fr\/Emmanuel_DUFLOSs_website\/Welcome.html\" target=\"_blank\">Emmanuel Duflos<\/a> (Professor)<\/li>\n<li>Cl\u00e9ment Elvira* (Ph.D. student, co-advised by P. Chainais and N. Dobigeon)<\/li>\n<li><a href=\"http:\/\/www.telecom-lille.fr\/people\/septier\/\" target=\"_blank\">Fran\u00e7ois Septier<\/a> (Associate Professor)<\/li>\n<li><a href=\"http:\/\/lagis.cnrs.fr\/VANHEEGHE-Philippe\" target=\"_blank\">Philippe Vanheeghe<\/a> (Professor)<\/li>\n<\/ul>\n<p>*Ph.D. student funded by ANR BNPSI.<\/p>\n<h2><a href=\"http:\/\/www.ims-bordeaux.fr\/IMS\/pages\/accueil.php\" target=\"_blank\">Laboratoire de l\u2019Int\u00e9gration du Mat\u00e9riau au Syst\u00e8me (IMS)<\/a>, Bordeaux<\/h2>\n<ul>\n<li><a href=\"http:\/\/giovannelli.free.fr\/\" target=\"_blank\">Jean-Fran\u00e7ois Giovannelli<\/a> (Professor)<\/li>\n<li><a href=\"http:\/\/www.ims-bordeaux.fr\/IMS\/pages\/pageAccueilPerso.php?email=audrey.giremus\" target=\"_blank\">Audrey Giremus<\/a> (Associate Professor)<\/li>\n<li>Jessica Sodjo* (Ph.D. Student, co-advised by F. Caron, A. Giremus, J.-.F. Giovannelli and N. Dobigeon)<\/li>\n<\/ul>\n<p>*Ph.D. student funded by ANR BNPSI.<\/p>\n<h2><a href=\"http:\/\/www.irit.fr\/\" target=\"_blank\">Institut de Recherche en Informatique de Toulouse (IRIT)<\/a><\/h2>\n<ul>\n<li><a href=\"http:\/\/dobigeon.perso.enseeiht.fr\/\" target=\"_blank\">Nicolas Dobigeon<\/a> (Associate Professor)<\/li>\n<li><a href=\"http:\/\/tourneret.perso.enseeiht.fr\/\" target=\"_blank\">Jean-Yves Tourneret<\/a> (Professor)<\/li>\n<li><a href=\"http:\/\/wei.perso.enseeiht.fr\/\" target=\"_blank\">Qi Wei<\/a> (Ph.D. student, co-advised by N. Dobigeon and J.-Y. Tourneret)<\/li>\n<li>Jorge Prendes (Ph.D. student, co-advised by J.-Y. Tourneret)<\/li>\n<li>Mohamad Abdulghdadi (Ph.D. student, co-advised by J.-Y. Tourneret)<\/li>\n<\/ul>\n<h2><a href=\"http:\/\/www-list.cea.fr\/\" target=\"_blank\">CEA-LIST, Paris<\/a><\/h2>\n<ul>\n<li>Eric Barat (research engineer)<\/li>\n<li>Thierry Montagu (research engineer)<\/li>\n<li>Zacharie Naulet (Ph.D. student, advised by E. Barat)<\/li>\n<\/ul>\n<h2><a href=\"http:\/\/www.inria.fr\/centre\/bordeaux\" target=\"_blank\">INRIA, Bordeaux<\/a><\/h2>\n<ul>\n<li><a href=\"http:\/\/www.stats.ox.ac.uk\/~caron\/\" target=\"_blank\">Fran\u00e7ois Caron<\/a> (INRIA researcher, on leave at Oxford)<\/li>\n<li><a href=\"https:\/\/borishejblum.wordpress.com\/about\/\">Boris Hejblum<\/a> (Ph.D. student, co-advised by F. Caron and R. Thi\u00e9baut)<\/li>\n<li><a href=\"http:\/\/www.sm.u-bordeaux2.fr\/~legrand\/\" target=\"_blank\">Pierrick Legrand<\/a> (Associate Professor)<\/li>\n<li><a href=\"http:\/\/web.maths.unsw.edu.au\/~peterdel-moral\/\" target=\"_blank\">Pierre Del Moral<\/a> (INRIA researcher, on leave at UNSW)<\/li>\n<li><a href=\"http:\/\/adrien.tspace.fr\/\">Adrien Todeschini<\/a> (Ph.D. student, co-advised by F. Caron and M. Chavent)<\/li>\n<\/ul>\n<p><\/p>","protected":false},"excerpt":{"rendered":"<p>Centre de Recherche en Informatique,\u00a0Signal et Automatique de Lille (CRIStAL UMR 9189), Lille R\u00e9mi Bardenet (CNRS researcher) Pierre Chainais (Associate Professor, Head of the project) Hong-Phuong Dang (Ph.D. student, advised by P. Chainais) Cl\u00e9ment Elvira (Ph.D. student, co-advised by P. Chainais &amp; N. Dobigeon) Emmanuel Duflos (Professor) Cl\u00e9ment Elvira* (Ph.D. student, co-advised by P. Chainais &hellip; <\/p>\n<p><a class=\"more-link btn\" href=\"https:\/\/project.inria.fr\/bnpsi\/members\/\">Continue reading<\/a><\/p>\n","protected":false},"author":421,"featured_media":0,"parent":0,"menu_order":0,"comment_status":"closed","ping_status":"closed","template":"","meta":{"_mc_calendar":[],"footnotes":""},"class_list":["post-52","page","type-page","status-publish","hentry","nodate","item-wrap"],"_links":{"self":[{"href":"https:\/\/project.inria.fr\/bnpsi\/wp-json\/wp\/v2\/pages\/52","targetHints":{"allow":["GET"]}}],"collection":[{"href":"https:\/\/project.inria.fr\/bnpsi\/wp-json\/wp\/v2\/pages"}],"about":[{"href":"https:\/\/project.inria.fr\/bnpsi\/wp-json\/wp\/v2\/types\/page"}],"author":[{"embeddable":true,"href":"https:\/\/project.inria.fr\/bnpsi\/wp-json\/wp\/v2\/users\/421"}],"replies":[{"embeddable":true,"href":"https:\/\/project.inria.fr\/bnpsi\/wp-json\/wp\/v2\/comments?post=52"}],"version-history":[{"count":20,"href":"https:\/\/project.inria.fr\/bnpsi\/wp-json\/wp\/v2\/pages\/52\/revisions"}],"predecessor-version":[{"id":251,"href":"https:\/\/project.inria.fr\/bnpsi\/wp-json\/wp\/v2\/pages\/52\/revisions\/251"}],"wp:attachment":[{"href":"https:\/\/project.inria.fr\/bnpsi\/wp-json\/wp\/v2\/media?parent=52"}],"curies":[{"name":"wp","href":"https:\/\/api.w.org\/{rel}","templated":true}]}}