

{"id":86,"date":"2011-12-20T12:34:34","date_gmt":"2011-12-20T12:34:34","guid":{"rendered":"http:\/\/project.inria.fr\/boostyourcode\/?page_id=86"},"modified":"2012-03-20T10:38:38","modified_gmt":"2012-03-20T10:38:38","slug":"accueil","status":"publish","type":"page","link":"https:\/\/project.inria.fr\/boostyourcode\/en\/accueil\/","title":{"rendered":"Affiche Boost your code 2012"},"content":{"rendered":"<p><\/p>\n<p style=\"text-align: center;\">L&#8217;affiche Boost your code 2012 a \u00e9t\u00e9 diffus\u00e9e \u00e0 5000 exemplaires sur les campus de France et de Navarre.<\/p>\n<p style=\"text-align: center;\">Commencez \u00e0 plancher sur votre projet et d\u00e9posez-le pour la Sainte Estelle, \u00e0 la Saint Pancrace il sera trop tard !<\/p>\n<p style=\"text-align: center;\"><a href=\"http:\/\/project.inria.fr\/boostyourcode\/files\/2011\/12\/affiche_BOOST.png\"><img loading=\"lazy\" decoding=\"async\" title=\"affiche BOOST YOUR CODE 2012\" src=\"http:\/\/project.inria.fr\/boostyourcode\/files\/2011\/12\/affiche_BOOST-682x1024.png\" alt=\"affiche BOOST YOUR CODE 2012\" width=\"590\" height=\"885\" \/><\/a><\/p>\n<p><\/p>","protected":false},"excerpt":{"rendered":"<p>L&#8217;affiche Boost your code 2012 a \u00e9t\u00e9 diffus\u00e9e \u00e0 5000 exemplaires sur les campus de France et de Navarre. Commencez \u00e0 plancher sur votre projet et d\u00e9posez-le pour la Sainte Estelle, \u00e0 la Saint Pancrace il sera trop tard !<\/p>\n","protected":false},"author":3,"featured_media":132,"parent":0,"menu_order":0,"comment_status":"closed","ping_status":"closed","template":"","meta":{"footnotes":""},"class_list":["post-86","page","type-page","status-publish","has-post-thumbnail","hentry","nodate","item-wrap"],"_links":{"self":[{"href":"https:\/\/project.inria.fr\/boostyourcode\/en\/wp-json\/wp\/v2\/pages\/86","targetHints":{"allow":["GET"]}}],"collection":[{"href":"https:\/\/project.inria.fr\/boostyourcode\/en\/wp-json\/wp\/v2\/pages"}],"about":[{"href":"https:\/\/project.inria.fr\/boostyourcode\/en\/wp-json\/wp\/v2\/types\/page"}],"author":[{"embeddable":true,"href":"https:\/\/project.inria.fr\/boostyourcode\/en\/wp-json\/wp\/v2\/users\/3"}],"replies":[{"embeddable":true,"href":"https:\/\/project.inria.fr\/boostyourcode\/en\/wp-json\/wp\/v2\/comments?post=86"}],"version-history":[{"count":14,"href":"https:\/\/project.inria.fr\/boostyourcode\/en\/wp-json\/wp\/v2\/pages\/86\/revisions"}],"predecessor-version":[{"id":130,"href":"https:\/\/project.inria.fr\/boostyourcode\/en\/wp-json\/wp\/v2\/pages\/86\/revisions\/130"}],"wp:featuredmedia":[{"embeddable":true,"href":"https:\/\/project.inria.fr\/boostyourcode\/en\/wp-json\/wp\/v2\/media\/132"}],"wp:attachment":[{"href":"https:\/\/project.inria.fr\/boostyourcode\/en\/wp-json\/wp\/v2\/media?parent=86"}],"curies":[{"name":"wp","href":"https:\/\/api.w.org\/{rel}","templated":true}]}}