

{"id":67,"date":"2019-06-18T10:17:36","date_gmt":"2019-06-18T08:17:36","guid":{"rendered":"https:\/\/project.inria.fr\/bowi\/?page_id=67"},"modified":"2019-06-18T11:50:22","modified_gmt":"2019-06-18T09:50:22","slug":"publications","status":"publish","type":"page","link":"https:\/\/project.inria.fr\/bowi\/publications\/","title":{"rendered":"Publications"},"content":{"rendered":"<p>&nbsp;<\/p>\n<ul>\n<li id=\"aui_3_4_0_1_306\"><label id=\"aui_3_4_0_1_305\"> Rizwan Masood, Christian Person, Ronan Sauleau: <\/label> <a href=\"https:\/\/hal.archives-ouvertes.fr\/hal-01383409\"> A Dual-Mode Pattern Diversity Antenna for 2.45 GHz Body-Centric Communications <\/a> <label> IEEE Antennas and Wireless Propagation Letters <\/label> <label> : 2017 <\/label><\/li>\n<li><label> M. Zhadobov, C. Leduc, A. Guraliuc, N. Chahat, R. Sauleau: <\/label> <strong>Antenna \/ human body interactions in the 60 GHz band: state of knowledge and recent advances*<\/strong> <label> IET, State-of-the-art in Body-Centric Wireless Communications and Associated Applications, ISBN: 978-1-84919-989-6 <\/label> <label> : 2016 <\/label><\/li>\n<li><label> N. Chahat, A. Tang, A. Guraliuc, M. Zhadobov, R. Sauleau, G. Valerio: <\/label> <strong>Antennas, phantoms, and body-centric propagation at millimeter waves<\/strong> <label> Electromagnetics of Body-Area Networks: Antennas, Propagation, and RF Circuits, Wiley\/IEEE Press <\/label> <label> : 2016 <\/label><\/li>\n<li><label> R. Masood, C. Person, and R. Sauleau: <\/label> <a href=\"https:\/\/hal.archives-ouvertes.fr\/hal-01322729v1\"> Performance of Radiation Pattern and Polarization diversity for Body-Centric Applications at 2.45 GHz <\/a> <label> European Microwave Conference (EuMC), London (UK), 3-7 Oct. 2016 <\/label> <label> : 2016 <\/label><\/li>\n<li><label> R. Masood, C. Person, and R. Sauleau: <\/label> <strong>A Dual-Mode, Dual-Port Pattern Diversity Antenna for 2.45 GHz WBAN<\/strong> <label> IEEE Antennas and Wireless Propagation Letters, Accepted <\/label> <label> : 2016 <\/label><\/li>\n<li><label> Viet-Hoa Nguyen: <\/label> <strong>Energy-efficient cooperative techniques for Wireless Body Area Sensor Networks<\/strong> <label> PhD Thesis, Univ. Rennes 1 <\/label> <label> : 2016 <\/label><\/li>\n<li><label> Alexis Aulery: <\/label> <strong>Architecture of Ultra Low Power Node for Body Area Network<\/strong> <label> PhD Thesis, Universit\u00e9 de Bretagne Sud <\/label> <label> : 2016 <\/label><\/li>\n<li><label> Rizwan Masood: <\/label> <strong>Study of on-body antennas and channel properties for short-range communications in the context of Wireless Body Area Sensor Networks (WBASN)<\/strong> <label> PhD Thesis, T\u00e9l\u00e9com Bretagne, 29\/03\/2016 <\/label> <label> : 2016 <\/label><\/li>\n<li><label> Alexis Aulery, Jean-Philippe Diguet, Olivier Sentieys, Christian Roland: <\/label> <a href=\"https:\/\/hal.archives-ouvertes.fr\/hal-01163581\"> Low-complexity energy proportional posture\/gesture recognition based on WBSN <\/a> <label> 12th IEEE Int. Conference on Wearable and Implantable Body Sensor Networks (BSN) <\/label> <label> : 2015 <\/label><\/li>\n<li><label> R. Masood, C. Person, R. Sauleau, and P. Pajusco: <\/label> <a href=\"https:\/\/hal.archives-ouvertes.fr\/hal-01289779v1\"> Ajustements statistiques pour l\u2019\u00e9tude du canal off-body en configuration NLoS \u00e0 2,4 GHz <\/a> <label> XIX\u00e8mes Journ\u00e9es Nationales Microondes, Bordeaux, France, 2-5 Jun. 2015 <\/label> <label> : 2015 <\/label><\/li>\n<li><label> Alexis Aulery, Christian Roland, Jean-Philippe Diguet, Zheng Zhongwei, Olivier Sentieys, Pascal Scalart: <\/label> <a href=\"https:\/\/hal.archives-ouvertes.fr\/hal-01119109\"> Radio Signature Based Posture Recognition Using WBSN <\/a> <label> The 14th International Conference on Information Processing in Sensor Networks (IPSN) <\/label> <label> : 2015 <\/label><\/li>\n<li><label> Viet-Hoa Nguyen, Olivier Berder, CHARLOTTE LANGLAIS, Baptiste Vrigneau: <\/label> <a href=\"https:\/\/hal.inria.fr\/hal-01121146\"> Distributed Minimum Euclidean Distance based Precoding for Wireless Sensor Network <\/a> <label> International Conference on Computing, Networking and Communications (ICNC) <\/label> <label> : 2015 <\/label><\/li>\n<li><label> Nguyen, Viet-Hoa and Vrigneau, Baptiste and Langlais, Charlotte and Berder, Olivier: <\/label> <a href=\"https:\/\/hal.archives-ouvertes.fr\/hal-01277173\"> Pr\u00e9codage distribu\u00e9 bas\u00e9 sur la distance euclidienne pour les r\u00e9seaux de capteurs sans fil <\/a> <label> GRETSI 2015 : 25\u00e8me colloque du Groupement de Recherche en Traitement du Signal et des Images <\/label> <label> : 2015 <\/label><\/li>\n<li><label> A. R. Guraliuc, M. Zhadobov, G. Valerio, N. Chahat, R. Sauleau: <\/label> <a href=\"http:\/\/ieeexplore.ieee.org\/stamp\/stamp.jsp?arnumber=06689329\"> Effect of textile on the propagation along the body at 60 GHz <\/a> <label> IEEE Transactions on Antennas and Propagation, 62(3) <\/label> <label> : 2014 <\/label><\/li>\n<li><label> A. R. Guraliuc, M. Zhadobov, G. Valerio, R. Sauleau.: <\/label> <a href=\"http:\/\/ieeexplore.ieee.org\/xpl\/articleDetails.jsp?arnumber=6776405\"> Enhancement of on-body propagation at 60 GHz using electro textiles <\/a> <label> : 2014 <\/label><\/li>\n<li><label> A.R. Guraliuc, M. Zhadobov, G. Valerio, N. Chahat, R. Sauleau: <\/label> <strong>Characterization of the body-centric propagation channel at 60 GHz in the presence of textiles<\/strong> <label> European Conf. on Antennas and Propagation, EuCAP 2014, La Haye, Hollande, 7-11 avril 2014 <\/label> <label> : 2014 <\/label><\/li>\n<li><label> C. Leduc, M. Zhadobov, N. Chahat, R. Sauleau.: <\/label> <strong>Interactions entre corps humain et antennes \u00e0 60 GHz : Impact de la m\u00e9thode d&#8217;alimentation d&#8217;antennes<\/strong> <label> Journ\u00e9es scientifiques URSI &#8220;L&#8217;homme connect\u00e9&#8221;, Paris, 25 et 26 mars 2014. <\/label> <label> : 2014 <\/label><\/li>\n<li><label> N. Chahat, M. Zhadobov, R. Sauleau: <\/label> <a href=\"http:\/\/www.intechopen.com\/books\/progress-in-compact-antennas\"> Antennas for body centric wireless communications at millimeter wave frequencies <\/a> <label> Wireless Communications and Networks <\/label> <label> : 2014 <\/label><\/li>\n<li><label> A. R. Guraliuc, N. Chahat, C. Laduc, M. Zhadobov, R. Sauleau.: <\/label> <a href=\"http:\/\/www.mdpi.com\/2079-9292\/3\/2\/221\"> End-fire antenna for BAN at 60 GHz: impact of bending, on-body performances, and study of an on \/ off-body scenario <\/a> <label> Electronics, Special issue Wearable Electronics, 3 <\/label> <label> : 2014 <\/label><\/li>\n<li><label> A. R. Guraliuc, M. Zhadobov, O. De Sagazan, R. Sauleau.: <\/label> <a href=\"http:\/\/ieeexplore.ieee.org\/xpl\/articleDetails.jsp?arnumber=6810834\"> Solid phantom for body-centric propagation measurements at 60 GHz. IEEE Transactions on Microwave Theory and Techniques. <\/a> <label> IEEE Transactions on Microwave Theory and Techniques, 62(6) <\/label> <label> : 2014 <\/label><\/li>\n<li><label> Rizwan MASOOD, Roxana BURGHELEA, Arnaud Carer, Micka\u00ebl Le Gentil, Olivier Sentieys, Patrice PAJUSCO, Christian Person, Ronan Sauleau: <\/label> <a href=\"https:\/\/hal.inria.fr\/hal-01097608\"> Indoor Off-Body Channel Measurements using miniaturized Chip Antennas with Pattern Diversity <\/a> <label> 44th European Microwave Conference (EuMC), Rome, Italy, Oct 2014 <\/label> <label> : 2014 <\/label><\/li>\n<li><label> Rizwan Masood, Christian Person, Ronan Sauleau: <\/label> <a href=\"https:\/\/hal.archives-ouvertes.fr\/hal-01121572\"> Distribution Fitting for Real-Time Off-Body Channel Measurements <\/a> <label> IEEE International Microwave Workshop Series on RF and Wireless Technologies for Biomedical and Healthcare Applications <\/label> <label> : 2014 <\/label><\/li>\n<li><label> A. Pellegrini, A. Brizzi, L. Zhang, K. Ali, Y. Hao, X. Wu, C. C. Constantinou, Y. Nechayev, P. S. Hall, N. Chahat, M. Zhadobov, R. Sauleau.: <\/label> <a href=\"http:\/\/ieeexplore.ieee.org\/stamp\/stamp.jsp?tp=&amp;arnumber=6645205\"> Antennas and propagation for body-centric wireless communications at millimeter-wave frequencies: A review <\/a> <label> IEEE Antennas and Propagation Magazine, 55(4) <\/label> <label> : 2013 <\/label><\/li>\n<li><label> G. Valerio, R. Sauleau, N. Chahat, A. Guraliuc, M. Zhadobov.: <\/label> <a href=\"http:\/\/ieeexplore.ieee.org\/stamp\/stamp.jsp?tp=&amp;arnumber=6632185\"> Characterization of on-body communications at millimeter waves. Papier invit\u00e9 (Convened Session) <\/a> <label> ICEAA, Torino, Italy, Sept. 2013 <\/label> <label> : 2013 <\/label><\/li>\n<li><label> G. Valerio, N. Chahat, M. Zhadobov, R. Sauleau.: <\/label> <a href=\"http:\/\/ieeexplore.ieee.org\/stamp\/stamp.jsp?tp=&amp;arnumber=6546336\"> Theoretical and experimental characterization of on-body propagation at 60 GHz. Papier invit\u00e9 (Convened Session) <\/a> <label> EuCAP, Gothenburg, Sweden, Apr. 2013 <\/label> <label> : 2013 <\/label><\/li>\n<li><label> A. R. Guraliuc, M. Zhadobov, R. Sauleau.: <\/label> <strong>Analysis of on-body propagation at 60 GHz using skin-equivalent phantoms and common textiles<\/strong> <label> PIERS 2013, Stockholm, Sweden, Aug. 2013 <\/label> <label> : 2013 <\/label><\/li>\n<li><label> G. Valerio, N. Chahat, M. Zhadobov, R. Sauleau.: <\/label> <a href=\"http:\/\/ieeexplore.ieee.org\/stamp\/stamp.jsp?arnumber=06711707\"> Study of propagation along the body at 60 GHz with analytical models and skin-equivalent phantoms <\/a> <label> Antennas Propag. Symp. (APS), Lake Buena Vista, FL, USA, Jul. 2013. <\/label> <label> : 2013 <\/label><\/li>\n<li><label> N. Chahat, M. Zhadobov, A. Guraliuc, C. Lecuc, and R. Sauleau.: <\/label> <strong>Body-centric wireless communications at millimeter waves<\/strong> <label> COST IC1102, 5th WG2 Meeting &amp; Technical Workshop, Ghent, Belgium, Sept. 23-24, 2013 <\/label> <label> : 2013 <\/label><\/li>\n<\/ul>\n<p>&nbsp;<\/p>\n<p>&nbsp;<\/p>","protected":false},"excerpt":{"rendered":"<p>&nbsp; Rizwan Masood, Christian Person, Ronan Sauleau: A Dual-Mode Pattern Diversity Antenna for 2.45 GHz Body-Centric Communications IEEE Antennas and Wireless Propagation Letters : 2017\u2026<\/p>\n<p> <a class=\"continue-reading-link\" href=\"https:\/\/project.inria.fr\/bowi\/publications\/\"><span>Continue reading<\/span><i class=\"crycon-right-dir\"><\/i><\/a> <\/p>\n","protected":false},"author":1611,"featured_media":0,"parent":0,"menu_order":0,"comment_status":"closed","ping_status":"closed","template":"","meta":{"footnotes":""},"class_list":["post-67","page","type-page","status-publish","hentry"],"_links":{"self":[{"href":"https:\/\/project.inria.fr\/bowi\/wp-json\/wp\/v2\/pages\/67","targetHints":{"allow":["GET"]}}],"collection":[{"href":"https:\/\/project.inria.fr\/bowi\/wp-json\/wp\/v2\/pages"}],"about":[{"href":"https:\/\/project.inria.fr\/bowi\/wp-json\/wp\/v2\/types\/page"}],"author":[{"embeddable":true,"href":"https:\/\/project.inria.fr\/bowi\/wp-json\/wp\/v2\/users\/1611"}],"replies":[{"embeddable":true,"href":"https:\/\/project.inria.fr\/bowi\/wp-json\/wp\/v2\/comments?post=67"}],"version-history":[{"count":2,"href":"https:\/\/project.inria.fr\/bowi\/wp-json\/wp\/v2\/pages\/67\/revisions"}],"predecessor-version":[{"id":171,"href":"https:\/\/project.inria.fr\/bowi\/wp-json\/wp\/v2\/pages\/67\/revisions\/171"}],"wp:attachment":[{"href":"https:\/\/project.inria.fr\/bowi\/wp-json\/wp\/v2\/media?parent=67"}],"curies":[{"name":"wp","href":"https:\/\/api.w.org\/{rel}","templated":true}]}}