

{"id":540,"date":"2017-01-16T08:59:44","date_gmt":"2017-01-16T07:59:44","guid":{"rendered":"http:\/\/project.inria.fr\/brenier60\/?page_id=540"},"modified":"2017-01-25T10:06:29","modified_gmt":"2017-01-25T09:06:29","slug":"slides","status":"publish","type":"page","link":"https:\/\/project.inria.fr\/brenier60\/slides\/","title":{"rendered":"SLIDES"},"content":{"rendered":"<ul>\n<li><a href=\"http:\/\/project.inria.fr\/brenier60\/files\/2016\/12\/IHP_Brenier_Ambrosio.pdf\">Luigi Ambrosio (Scuola Normale di Pisa, Italy)<\/a><\/li>\n<li><a href=\"http:\/\/project.inria.fr\/brenier60\/files\/2016\/12\/Brenier-fest-Carlier.pdf\">Guillaume Carlier (Universit\u00e9 Paris Dauphine, France)<\/a><\/li>\n<li><a href=\"http:\/\/project.inria.fr\/brenier60\/files\/2016\/12\/Cullen_Paris2017.pdf\">Mike Cullen (Met Office, UK)<\/a><\/li>\n<li><a href=\"http:\/\/project.inria.fr\/brenier60\/files\/2011\/12\/Brenier.pdf\">Ivar Ekeland (Universit\u00e9 Paris Dauphine, France)<\/a><\/li>\n<li><a href=\"http:\/\/project.inria.fr\/brenier60\/files\/2016\/12\/Brenier60-engquist.pdf\">Bj\u00f6rn Engquist (University of \u00a0Texas at Austin, USA)<\/a><\/li>\n<li>Alessio Figalli (ETH, Suisse) <a href=\"https:\/\/arxiv.org\/abs\/1610.09881\">paper<\/a><\/li>\n<li>Wilfrid Gangbo (University of California LA, USA)<\/li>\n<li><a href=\"http:\/\/project.inria.fr\/brenier60\/files\/2016\/12\/Ghoussoub.pdf\">Nassif Ghoussoub (University of British Columbia, Canada)<\/a><\/li>\n<li><a href=\"http:\/\/project.inria.fr\/brenier60\/files\/2016\/12\/FGolseCVTO.pdf\">Fran\u00e7ois Golse (Ecole Polytechnique, France)<\/a><\/li>\n<li><a href=\"http:\/\/project.inria.fr\/brenier60\/files\/2016\/12\/brenier60-leonard-beamer.pdf\">Christian L\u00e9onard (Universit\u00e9 Paris-Ouest, France)<\/a><\/li>\n<li>Pierre-Louis Lions (Coll\u00e8ge de France, France)<\/li>\n<li><a href=\"http:\/\/project.inria.fr\/brenier60\/files\/2011\/12\/BrenierFestMCCann.pdf\">Robert McCann (University of Toronto, Canada)<\/a><\/li>\n<li><a href=\"http:\/\/project.inria.fr\/brenier60\/files\/2016\/12\/2017-brenier-merigot.pdf\">Quentin M\u00e9rigot (Universit\u00e9 Paris Sud, France)<\/a><\/li>\n<li>Alexander Mielke (Weierstrass Institute for Applied Analysis and Stochastics, Germany) \u00a0 <a href=\"https:\/\/arxiv.org\/abs\/1509.00068\">paper2 <\/a>\u00a0<a href=\"https:\/\/arxiv.org\/abs\/1508.07941\">paper1 <\/a><\/li>\n<li>\u00a0Felix Otto (Max Planck Institute, Leipzig, Germany)<\/li>\n<li><a href=\"http:\/\/project.inria.fr\/brenier60\/files\/2016\/12\/Brenier_PERTHAME.pdf\">Beno\u00eet Perthame (Universit\u00e9 Pierre et\u00a0Marie Curie, France)<\/a><\/li>\n<li><a href=\"http:\/\/project.inria.fr\/brenier60\/files\/2016\/12\/LSR.pdf\">Laure Saint-Raymond (ENS Paris and\u00a0Universit\u00e9 Pierre et Marie Curie, France)<\/a><\/li>\n<li>Filippo Santambrogio (Universit\u00e9 Paris Sud, France)<\/li>\n<li><a href=\"http:\/\/project.inria.fr\/brenier60\/files\/2016\/12\/Serfaty.pdf\">Sylvia Serfaty (Universit\u00e9 Pierre et\u00a0Marie Curie, France and\u00a0<span class=\"s1\">Courant Institute, NYU<\/span>)<\/a><\/li>\n<li><a href=\"http:\/\/project.inria.fr\/brenier60\/files\/2016\/12\/YanBrenier60-Touzi.pdf\">Nizar Touzi (Ecole Polytechnique, France)<\/a><\/li>\n<li><a href=\"http:\/\/project.inria.fr\/brenier60\/files\/2016\/12\/AnniversaireBrenier_Vialard.pdf\">Fran\u00e7ois-Xavier Vialard (Universit\u00e9 Paris Dauphine, France)<\/a><\/li>\n<li>Cedric Villani (IHP and U. Lyon)<\/li>\n<\/ul>\n","protected":false},"excerpt":{"rendered":"<p>Luigi Ambrosio (Scuola Normale di Pisa, Italy) Guillaume Carlier (Universit\u00e9 Paris Dauphine, France) Mike Cullen (Met Office, UK) Ivar Ekeland (Universit\u00e9 Paris Dauphine, France) Bj\u00f6rn Engquist (University of \u00a0Texas at Austin, USA) Alessio Figalli (ETH, Suisse) paper Wilfrid Gangbo (University of California LA, USA) Nassif Ghoussoub (University of British Columbia,\u2026<\/p>\n<p> <a class=\"continue-reading-link\" href=\"https:\/\/project.inria.fr\/brenier60\/slides\/\"><span>Continue reading<\/span><i class=\"crycon-right-dir\"><\/i><\/a> <\/p>\n","protected":false},"author":213,"featured_media":0,"parent":0,"menu_order":0,"comment_status":"closed","ping_status":"closed","template":"","meta":{"footnotes":""},"class_list":["post-540","page","type-page","status-publish","hentry"],"_links":{"self":[{"href":"https:\/\/project.inria.fr\/brenier60\/wp-json\/wp\/v2\/pages\/540","targetHints":{"allow":["GET"]}}],"collection":[{"href":"https:\/\/project.inria.fr\/brenier60\/wp-json\/wp\/v2\/pages"}],"about":[{"href":"https:\/\/project.inria.fr\/brenier60\/wp-json\/wp\/v2\/types\/page"}],"author":[{"embeddable":true,"href":"https:\/\/project.inria.fr\/brenier60\/wp-json\/wp\/v2\/users\/213"}],"replies":[{"embeddable":true,"href":"https:\/\/project.inria.fr\/brenier60\/wp-json\/wp\/v2\/comments?post=540"}],"version-history":[{"count":11,"href":"https:\/\/project.inria.fr\/brenier60\/wp-json\/wp\/v2\/pages\/540\/revisions"}],"predecessor-version":[{"id":565,"href":"https:\/\/project.inria.fr\/brenier60\/wp-json\/wp\/v2\/pages\/540\/revisions\/565"}],"wp:attachment":[{"href":"https:\/\/project.inria.fr\/brenier60\/wp-json\/wp\/v2\/media?parent=540"}],"curies":[{"name":"wp","href":"https:\/\/api.w.org\/{rel}","templated":true}]}}