

{"id":119,"date":"2025-01-16T10:22:57","date_gmt":"2025-01-16T09:22:57","guid":{"rendered":"https:\/\/project.inria.fr\/bwaves25\/?page_id=119"},"modified":"2025-05-05T12:17:42","modified_gmt":"2025-05-05T10:17:42","slug":"committees","status":"publish","type":"page","link":"https:\/\/project.inria.fr\/bwaves25\/en\/committees\/","title":{"rendered":"Committees"},"content":{"rendered":"\n<h4 class=\"wp-block-heading\"><strong>Scientific Committee<\/strong><\/h4>\n\n\n\n<h6 class=\"wp-block-heading\"><\/h6>\n\n\n\n<p>Michel Benoit,&nbsp;&nbsp;EDF R&amp;D LNHE and Saint-Venant Hydraulics Lab (France)<\/p>\n\n\n\n<p>Philippe Bonneton, CNRS Universit\u00e9 de Bordeaux&nbsp;(France)<\/p>\n\n\n\n<p>Maurizio Brocchini, Universit\u00e0 Politecnica delle Marche (Italy)<\/p>\n\n\n\n<p>Magda Carr, Newcastle University (UK)<\/p>\n\n\n\n<p>St\u00e9fan Grilli,&nbsp;University of Rhode Island (USA)<\/p>\n\n\n\n<p>Alessandro Iafrati,&nbsp; Institute of Marine Engineering (Italy)<\/p>\n\n\n\n<p>Pierre Lubin, Universit\u00e9 de Bordeaux (France)<\/p>\n\n\n\n<p>Atle Jensen, University of Oslo (Norway)<\/p>\n\n\n\n<p>James T. JR&nbsp;Kirby,&nbsp;University of Delaware&nbsp;(USA)<\/p>\n\n\n\n<p>Marissa Yates-Michelin, , ENPC and Saint-Venant Hydraulics Lab.&nbsp;(France)<\/p>\n\n\n\n<p>Fabrice Veron,&nbsp;University of Delaware&nbsp;(USA)<\/p>\n\n\n\n<h4 class=\"wp-block-heading\"><strong>Organization<\/strong><\/h4>\n\n\n\n<p>St\u00e9phane Abadie,&nbsp; Universit\u00e9 de Pau et des Pays de l\u2019Adour (France)<\/p>\n\n\n\n<p>Henrik Kalisch,&nbsp; University of Bergen (Norway)<\/p>\n\n\n\n<p>Mario Ricchiuto, Inria (France)<\/p>\n\n\n\n<p>Volker Roeber,\u00a0 Universit\u00e9 de Pau et des Pays de l\u2019Adour (France)<\/p>\n\n\n\n<p><\/p>\n","protected":false},"excerpt":{"rendered":"<p>Scientific Committee Michel Benoit,&nbsp;&nbsp;EDF R&amp;D LNHE and Saint-Venant Hydraulics Lab (France) Philippe Bonneton, CNRS Universit\u00e9 de Bordeaux&nbsp;(France) Maurizio Brocchini, Universit\u00e0 Politecnica delle Marche (Italy) Magda Carr, Newcastle University (UK) St\u00e9fan Grilli,&nbsp;University of Rhode Island (USA) Alessandro Iafrati,&nbsp; Institute of Marine Engineering (Italy) Pierre Lubin, Universit\u00e9 de Bordeaux (France) Atle Jensen,\u2026<\/p>\n<p> <a class=\"continue-reading-link\" href=\"https:\/\/project.inria.fr\/bwaves25\/en\/committees\/\"><span>Continue reading<\/span><i class=\"crycon-right-dir\"><\/i><\/a> <\/p>\n","protected":false},"author":915,"featured_media":0,"parent":0,"menu_order":0,"comment_status":"closed","ping_status":"closed","template":"","meta":{"footnotes":""},"class_list":["post-119","page","type-page","status-publish","hentry"],"_links":{"self":[{"href":"https:\/\/project.inria.fr\/bwaves25\/en\/wp-json\/wp\/v2\/pages\/119","targetHints":{"allow":["GET"]}}],"collection":[{"href":"https:\/\/project.inria.fr\/bwaves25\/en\/wp-json\/wp\/v2\/pages"}],"about":[{"href":"https:\/\/project.inria.fr\/bwaves25\/en\/wp-json\/wp\/v2\/types\/page"}],"author":[{"embeddable":true,"href":"https:\/\/project.inria.fr\/bwaves25\/en\/wp-json\/wp\/v2\/users\/915"}],"replies":[{"embeddable":true,"href":"https:\/\/project.inria.fr\/bwaves25\/en\/wp-json\/wp\/v2\/comments?post=119"}],"version-history":[{"count":5,"href":"https:\/\/project.inria.fr\/bwaves25\/en\/wp-json\/wp\/v2\/pages\/119\/revisions"}],"predecessor-version":[{"id":162,"href":"https:\/\/project.inria.fr\/bwaves25\/en\/wp-json\/wp\/v2\/pages\/119\/revisions\/162"}],"wp:attachment":[{"href":"https:\/\/project.inria.fr\/bwaves25\/en\/wp-json\/wp\/v2\/media?parent=119"}],"curies":[{"name":"wp","href":"https:\/\/api.w.org\/{rel}","templated":true}]}}