

{"id":220,"date":"2025-06-12T11:57:11","date_gmt":"2025-06-12T09:57:11","guid":{"rendered":"https:\/\/project.inria.fr\/bwaves25\/?page_id=220"},"modified":"2025-06-24T10:29:33","modified_gmt":"2025-06-24T08:29:33","slug":"participants","status":"publish","type":"page","link":"https:\/\/project.inria.fr\/bwaves25\/en\/participants\/","title":{"rendered":"Participants"},"content":{"rendered":"\n<p>Aritz Abalia UPPA<br>Lila Bahroun Shom<br>Umberto Bosi Universit\u00e9 de Pau et Pays de l&#8217;Adour<br>Frederic Bouchette University of Montpellier<br>Ronaldyn Dabu The Ocean Cleanup<br>Nikola Danglade Rivages Pro Tech<br>Alizee De Groodt CIIMAR<br>Matthias Delpey Joint Lab KOSTARISK \/ Center Rivages Pro Tech<br>Hugo Demare<br>Edwin Josu\u00e9 Espina Sandoval University of Bologna<br>Vasileios Georgopoulos University of Bergen<br>Behnam Ghadimi Coastal and marine engineering and management (CoMEM)<br>Simone Guazzotti Ghent University<br>Emile Gu\u00e9lard Ancilotti Universit\u00e9 de Pau et des Pays de l\u2019Adour, E2S UPPA, SIAME, Anglet, France<br>YenChung Hung Laboratoire de Math\u00e9matique, USMB<br>Atle Jensen University of Oslo<br>Yves Le Guer SIAME<br>V\u00edctor Loras Herrero Universit\u00e9 de Pau et des Pays de l\u2019Adour, E2S UPPA, SIAME, Anglet, France<br>Patrick Marsaleix CNRS<br>Matthias Largen I2M (Universit\u00e9 de Bordeaux)<br>H\u00e9lo\u00efse Michaud Shom<br>Hedi Midouni KU Leuven<br>Theo Moura HR Wallingford<br>Cara Peetz TU Braunschweig<br>Yago Pego Mart\u00ednez Universitetet i Bergen<br>Panu Pietikainen Universite de Pau et des Pays de l\u2019Adour, E2S UPPA, SIAME, Anglet, France<br>Mohamed Rozki UPPA<br>Hadi Shamsnia University of Padova<br>Diego Slamovitz Universit\u00e9 de Pau et des Pays de l&#8217;Adour<br>Tianning Tang University of Manchester<br>Filipe Tenreiro INRIA  <br>Pablo Vall\u00e9s Universit\u00e9 de Pau et des Pays de l&#8217;Adour, Universidad de Zaragoza<br>Ying Wang \u00c9cole centrale de Nantes<br>Alessandro Iafrati, CNR Istituto di Ingegneria del Mare (Italy)<br>Daniel Pel\u00e1ez-Zapata, ENS Paris-Saclay (France) and University College Dublin (Ireland)<br>Damien Sous, Universit\u00e9 de Pau et des Pays de l\u2019Adour (France)<br>Fabio Addona, University of Delaware<br>Fabrice Veron, University of Delaware<br>Yves-Marie Scolan, ENSTA Bretagne (France)<br>Jeffrey Harris, LHSV, Ecole des Ponts (France)<br>Michel Benoit, EDF R&amp;D LNHE and Saint-Venant Hydraulics Lab (France)<br>\u00d8ystein Lande, University of Oslo (Norway)<br>Guillaume Ducrozet, Centrale Nantes (France)<br>Ioannis Karmpadakis, Imperial College London (UK)<br>Michael Stre\u00dfer, Helmholtz-Zentrum Hereon (Germany)<br>Matteo Postacchini, Universit\u00e0 Politecnica delle Marche (Italy)<br>Nicholas Pizzo, University of Rhode Island (USA)<br>Rosa Maria Vargas-Magana, University of Bergen (Norway)<br>Marissa Yates-Michelin, ENPC and Saint-Venant Hydraulics Lab. (France)<br>Dan Liberzon, Technion (Israel)<br>Margarita Shtremel, Technion (Israel)<br>Emmanuel Dormy, ENS Paris (France)<br>St\u00e9phane Abadie, SIAME<br>Volker Roeber, SIAME<br>Henrik Kalisch, University of Bergen (Norway)<br>Alessandro Del Piero, INRIA (France)<\/p>\n","protected":false},"excerpt":{"rendered":"<p>Aritz Abalia UPPALila Bahroun ShomUmberto Bosi Universit\u00e9 de Pau et Pays de l&#8217;AdourFrederic Bouchette University of MontpellierRonaldyn Dabu The Ocean CleanupNikola Danglade Rivages Pro TechAlizee De Groodt CIIMARMatthias Delpey Joint Lab KOSTARISK \/ Center Rivages Pro TechHugo DemareEdwin Josu\u00e9 Espina Sandoval University of BolognaVasileios Georgopoulos University of BergenBehnam Ghadimi Coastal\u2026<\/p>\n<p> <a class=\"continue-reading-link\" href=\"https:\/\/project.inria.fr\/bwaves25\/en\/participants\/\"><span>Continue reading<\/span><i class=\"crycon-right-dir\"><\/i><\/a> <\/p>\n","protected":false},"author":915,"featured_media":0,"parent":0,"menu_order":0,"comment_status":"closed","ping_status":"closed","template":"","meta":{"footnotes":""},"class_list":["post-220","page","type-page","status-publish","hentry"],"_links":{"self":[{"href":"https:\/\/project.inria.fr\/bwaves25\/en\/wp-json\/wp\/v2\/pages\/220","targetHints":{"allow":["GET"]}}],"collection":[{"href":"https:\/\/project.inria.fr\/bwaves25\/en\/wp-json\/wp\/v2\/pages"}],"about":[{"href":"https:\/\/project.inria.fr\/bwaves25\/en\/wp-json\/wp\/v2\/types\/page"}],"author":[{"embeddable":true,"href":"https:\/\/project.inria.fr\/bwaves25\/en\/wp-json\/wp\/v2\/users\/915"}],"replies":[{"embeddable":true,"href":"https:\/\/project.inria.fr\/bwaves25\/en\/wp-json\/wp\/v2\/comments?post=220"}],"version-history":[{"count":2,"href":"https:\/\/project.inria.fr\/bwaves25\/en\/wp-json\/wp\/v2\/pages\/220\/revisions"}],"predecessor-version":[{"id":239,"href":"https:\/\/project.inria.fr\/bwaves25\/en\/wp-json\/wp\/v2\/pages\/220\/revisions\/239"}],"wp:attachment":[{"href":"https:\/\/project.inria.fr\/bwaves25\/en\/wp-json\/wp\/v2\/media?parent=220"}],"curies":[{"name":"wp","href":"https:\/\/api.w.org\/{rel}","templated":true}]}}