

{"id":4,"date":"2011-12-08T11:55:34","date_gmt":"2011-12-08T11:55:34","guid":{"rendered":"http:\/\/project.inria.fr\/template1\/?page_id=4"},"modified":"2021-05-31T17:59:39","modified_gmt":"2021-05-31T15:59:39","slug":"home","status":"publish","type":"page","link":"https:\/\/project.inria.fr\/byblos\/fr\/","title":{"rendered":"Pr\u00e9sentation"},"content":{"rendered":"<p>Le projet ByBloS (2021-2025) est un projet collaboratif financ\u00e9 fran\u00e7ais par l&rsquo;<a href=\"https:\/\/anr.fr\/\">Agence Nationale de la Recherche<\/a> (ANR) en informatique distribu\u00e9e. Il a impliqu\u00e9 quatre \u00e9quipes de recherche de trois laboratoires : <a href=\"http:\/\/www.irisa.fr\/\">IRISA<\/a> (coordinateur, <a href=\"https:\/\/www.univ-rennes1.fr\">University of Rennes 1<\/a>) \u00e0 Rennes, <a href=\"https:\/\/liris.cnrs.fr\">LIRIS<\/a> (<a href=\"https:\/\/www.insa-lyon.fr\/\">INSA Lyon<\/a>) \u00e0 Lyon, et <a href=\"https:\/\/www.ls2n.fr\">LS2N<\/a> (<a href=\"http:\/\/Universit\u00e9 de Nantes\">Universit\u00e9 de Nantes<\/a>) \u00e0 Nantes.<\/p>\n<p>Au cours des dix derni\u00e8res ann\u00e9es, les syst\u00e8mes \u00e0 base de Blockchain ont profond\u00e9ment marqu\u00e9 la soci\u00e9t\u00e9 et la recherche. Les algorithmes qui les sous-tendent sont cependant souvent inefficaces et passent mal \u00e0 l&rsquo;\u00e9chelle, pour des raisons inh\u00e9rentes \u00e0 l&rsquo;ordre total que ces algorithmes cherchent \u00e0 appliquer \u00e0 leurs op\u00e9rations, ordre total qui implique \u00e0 son tour un accord tol\u00e9rant aux byzantins, l&rsquo;un des probl\u00e8mes les plus difficiles en informatique r\u00e9partie. Pour surmonter ces limites, nous proposons dans ce projet une approche tangencielle, en remarquant que de nombreuses applications &#8211; y compris les cryptomonnaies &#8211; n&rsquo;exigent pas un tel accord, et peuvent au contraire \u00eatre mises en oeuvre de mani\u00e8re beaucoup plus l\u00e9g\u00e8re, et donc plus \u00e9volutive et plus efficace. Nous sommes par ailleurs convaincus que ces nouvelles applications tol\u00e9rantes aux byzantins peuvent servir de fondations \u00e0 des services en ligne multi-utilisateurs de grande taille, et qu&rsquo;en plus de la tol\u00e9rance aux fautes byzantine, ces syst\u00e8mes doivent donc \u00e9galement fournir des m\u00e9canismes robustes de protection de la vie priv\u00e9e, con\u00e7us d\u00e8s leur origine pour exploiter les synergies implicites avec les m\u00e9canismes byzantins.<\/p>\n<p><img loading=\"lazy\" decoding=\"async\" class=\"alignnone wp-image-67\" src=\"https:\/\/project.inria.fr\/byblos\/files\/2021\/04\/logo-ANR-300x131.png\" alt=\"\" width=\"149\" height=\"65\" srcset=\"https:\/\/project.inria.fr\/byblos\/files\/2021\/04\/logo-ANR-300x131.png 300w, https:\/\/project.inria.fr\/byblos\/files\/2021\/04\/logo-ANR-150x65.png 150w, https:\/\/project.inria.fr\/byblos\/files\/2021\/04\/logo-ANR.png 395w\" sizes=\"auto, (max-width: 149px) 100vw, 149px\" \/><\/p>","protected":false},"excerpt":{"rendered":"<p>Le projet ByBloS (2021-2025) est un projet collaboratif financ\u00e9 fran\u00e7ais par l&rsquo;Agence Nationale de la Recherche (ANR) en informatique distribu\u00e9e. Il a impliqu\u00e9 quatre \u00e9quipes de recherche de trois laboratoires : IRISA (coordinateur, University of Rennes 1) \u00e0 Rennes, LIRIS (INSA Lyon) \u00e0 Lyon, et LS2N (Universit\u00e9 de Nantes) \u00e0\u2026<\/p>\n<p> <a class=\"continue-reading-link\" href=\"https:\/\/project.inria.fr\/byblos\/fr\/\"><span>Continue reading<\/span><i class=\"crycon-right-dir\"><\/i><\/a> <\/p>\n","protected":false},"author":1,"featured_media":0,"parent":0,"menu_order":0,"comment_status":"closed","ping_status":"open","template":"","meta":{"footnotes":""},"class_list":["post-4","page","type-page","status-publish","hentry"],"_links":{"self":[{"href":"https:\/\/project.inria.fr\/byblos\/fr\/wp-json\/wp\/v2\/pages\/4","targetHints":{"allow":["GET"]}}],"collection":[{"href":"https:\/\/project.inria.fr\/byblos\/fr\/wp-json\/wp\/v2\/pages"}],"about":[{"href":"https:\/\/project.inria.fr\/byblos\/fr\/wp-json\/wp\/v2\/types\/page"}],"author":[{"embeddable":true,"href":"https:\/\/project.inria.fr\/byblos\/fr\/wp-json\/wp\/v2\/users\/1"}],"replies":[{"embeddable":true,"href":"https:\/\/project.inria.fr\/byblos\/fr\/wp-json\/wp\/v2\/comments?post=4"}],"version-history":[{"count":10,"href":"https:\/\/project.inria.fr\/byblos\/fr\/wp-json\/wp\/v2\/pages\/4\/revisions"}],"predecessor-version":[{"id":70,"href":"https:\/\/project.inria.fr\/byblos\/fr\/wp-json\/wp\/v2\/pages\/4\/revisions\/70"}],"wp:attachment":[{"href":"https:\/\/project.inria.fr\/byblos\/fr\/wp-json\/wp\/v2\/media?parent=4"}],"curies":[{"name":"wp","href":"https:\/\/api.w.org\/{rel}","templated":true}]}}