

{"id":64,"date":"2017-09-29T13:11:55","date_gmt":"2017-09-29T11:11:55","guid":{"rendered":"https:\/\/project.inria.fr\/cbcrypt\/?page_id=64"},"modified":"2018-02-28T21:16:30","modified_gmt":"2018-02-28T20:16:30","slug":"participants","status":"publish","type":"page","link":"https:\/\/project.inria.fr\/cbcrypt\/participants\/","title":{"rendered":"Participants"},"content":{"rendered":"<p><\/p>\n<ul>\n<li><a href=\"http:\/\/www.inria.fr\">Inria<\/a>\n<ul>\n<li><a href=\"https:\/\/www.paris.inria.fr\/secret\/Jean-Pierre.Tillich\/\" target=\"_blank\" rel=\"noopener\">Jean-Pierre Tillich<\/a>, <a href=\"https:\/\/www.paris.inria.fr\/secret\" target=\"_blank\" rel=\"noopener\">EPI SECRET<\/a>, <strong>project coordinator<\/strong><\/li>\n<li>Alain Couvreur, <a href=\"https:\/\/team.inria.fr\/grace\/\" target=\"_blank\" rel=\"noopener\">EPI GRACE<\/a><\/li>\n<li><a href=\"https:\/\/www.paris.inria.fr\/secret\/Nicolas.Sendrier\/\" target=\"_blank\" rel=\"noopener\">Nicolas Sendrier<\/a>, <a href=\"https:\/\/www.paris.inria.fr\/secret\" target=\"_blank\" rel=\"noopener\">EPI SECRET<\/a><\/li>\n<\/ul>\n<\/li>\n<li>XLIM\n<ul>\n<li>Philippe Gaborit<\/li>\n<li>Olivier Blazy<\/li>\n<li>Christophe Clavier<\/li>\n<li>Duong-Hieu Phan<\/li>\n<li>Olivier Ruatta<\/li>\n<\/ul>\n<\/li>\n<li><a href=\"http:\/\/www.litislab.eu\/\">LITIS<\/a>\n<ul>\n<li><a href=\"http:\/\/magali.bardet.free.fr\/\">Magali Bardet<\/a>, \u00e9quipe C&amp;A<\/li>\n<li>Ayoub Otmani, \u00e9quipe C&amp;A<\/li>\n<li>Manon Bertin, \u00e9quipe C&amp;A<\/li>\n<\/ul>\n<\/li>\n<li>IMB\n<ul>\n<li>Gilles Z\u00e9mor<\/li>\n<li>Guilhem Castagnos<\/li>\n<li>Pierre Loidreau, IRMAR<\/li>\n<\/ul>\n<\/li>\n<\/ul>\n<p><\/p>","protected":false},"excerpt":{"rendered":"<p>Inria Jean-Pierre Tillich, EPI SECRET, project coordinator Alain Couvreur, EPI GRACE Nicolas Sendrier, EPI SECRET XLIM Philippe Gaborit Olivier Blazy Christophe Clavier Duong-Hieu Phan Olivier Ruatta LITIS Magali Bardet, \u00e9quipe C&amp;A Ayoub Otmani, \u00e9quipe C&amp;A Manon Bertin, \u00e9quipe C&amp;A IMB Gilles Z\u00e9mor Guilhem Castagnos Pierre Loidreau, IRMAR<\/p>\n<p> <a class=\"continue-reading-link\" href=\"https:\/\/project.inria.fr\/cbcrypt\/participants\/\"><span>Continue reading<\/span><i class=\"crycon-right-dir\"><\/i><\/a> <\/p>\n","protected":false},"author":1259,"featured_media":0,"parent":0,"menu_order":0,"comment_status":"closed","ping_status":"closed","template":"","meta":{"footnotes":""},"class_list":["post-64","page","type-page","status-publish","hentry"],"_links":{"self":[{"href":"https:\/\/project.inria.fr\/cbcrypt\/wp-json\/wp\/v2\/pages\/64","targetHints":{"allow":["GET"]}}],"collection":[{"href":"https:\/\/project.inria.fr\/cbcrypt\/wp-json\/wp\/v2\/pages"}],"about":[{"href":"https:\/\/project.inria.fr\/cbcrypt\/wp-json\/wp\/v2\/types\/page"}],"author":[{"embeddable":true,"href":"https:\/\/project.inria.fr\/cbcrypt\/wp-json\/wp\/v2\/users\/1259"}],"replies":[{"embeddable":true,"href":"https:\/\/project.inria.fr\/cbcrypt\/wp-json\/wp\/v2\/comments?post=64"}],"version-history":[{"count":14,"href":"https:\/\/project.inria.fr\/cbcrypt\/wp-json\/wp\/v2\/pages\/64\/revisions"}],"predecessor-version":[{"id":110,"href":"https:\/\/project.inria.fr\/cbcrypt\/wp-json\/wp\/v2\/pages\/64\/revisions\/110"}],"wp:attachment":[{"href":"https:\/\/project.inria.fr\/cbcrypt\/wp-json\/wp\/v2\/media?parent=64"}],"curies":[{"name":"wp","href":"https:\/\/api.w.org\/{rel}","templated":true}]}}