

{"id":78,"date":"2025-09-24T22:32:00","date_gmt":"2025-09-24T20:32:00","guid":{"rendered":"https:\/\/project.inria.fr\/cha2man\/?page_id=78"},"modified":"2026-02-11T15:41:56","modified_gmt":"2026-02-11T14:41:56","slug":"members","status":"publish","type":"page","link":"https:\/\/project.inria.fr\/cha2man\/members\/","title":{"rendered":"Members"},"content":{"rendered":"\n<div class=\"wp-block-columns is-layout-flex wp-container-core-columns-is-layout-9d6595d7 wp-block-columns-is-layout-flex\">\n  <!-- Column Brazil -->\n  <div class=\"wp-block-column\">\n    <h2 style=\"display:flex; align-items:center; gap:8px;\">\n    <img decoding=\"async\" src=\"https:\/\/upload.wikimedia.org\/wikipedia\/commons\/thumb\/0\/05\/Flag_of_Brazil.svg\/1000px-Flag_of_Brazil.svg.png\" alt=\"Brazil\" style=\"width:32px; height:auto;\">\n    Brazil\n    <\/h2>\n    \n\n  <!-- Member 7 Brazil -->\n    <div class=\"member\">\n      <div class=\"member-photo\">\n        <img decoding=\"async\" src=\"https:\/\/project.inria.fr\/cha2man\/files\/2025\/09\/profile.png\" alt=\"Erika ORTIZ\">\n      <\/div>\n      <div class=\"member-info\">\n        <strong>Andr\u00e9 Lu\u00eds Peixoto Considera<\/strong>\n        <span><strong>PhD student at IMPA<\/strong><\/span>\n      <\/div>\n      <div class=\"member-popup\">\n        <h3><strong>Andr\u00e9 CONSIDERA<\/strong><\/h3>\n        <hr style=\"border: none; border-top: 2px solid #ccc; margin: 20px 0;\">\n        <p><strong>Institution:<\/strong> Instituto Nacional de Matem\u00e1tica Pura e Aplicada<\/p>\n        <p><strong>Research interest:<\/strong> mathematical fluid dynamics, in particular spontaneous stochasticity in fluid systems.<\/p>\n      <\/div>\n    <\/div>\n\n    <!-- Member 1 Brazil -->\n    <div class=\"member\">\n      <div class=\"member-photo\">\n        <img decoding=\"async\" src=\"https:\/\/www.abc.org.br\/wp-content\/uploads\/2025\/04\/resize-int.jpg\" alt=\"Hubert LACOIN\">\n      <\/div>\n      <div class=\"member-info\">\n        <strong>Hubert LACOIN<\/strong>\n        <span>IMPA<\/span>\n      <\/div>\n      <div class=\"member-popup\">\n        <h3><strong>Hubert LACOIN<\/strong><\/h3>\n        <hr style=\"border: none; border-top: 2px solid #ccc; margin: 20px 0;\">\n        <p><strong>Institution:<\/strong> Instituto Nacional de Matem\u00e1tica Pura e Aplicada<\/p>\n        <p><strong>Research interest:<\/strong> Probability theory, stochastic processes and statistical mechanics, with particular interest in random polymers, disordered systems, and interacting particle systems.<\/p>\n      <\/div>\n    <\/div>\n\n\n    \n    <!-- Member 2 Brazil -->\n    <div class=\"member\">\n      <div class=\"member-photo\">\n        <img decoding=\"async\" src=\"https:\/\/i.ytimg.com\/vi\/YXODsj8RYxw\/hqdefault.jpg\" alt=\"Luna LOMONACO\">\n      <\/div>\n      <div class=\"member-info\">\n        <strong>Luna LOMONACO<\/strong>\n        <span>IMPA<\/span>\n      <\/div>\n      <div class=\"member-popup\">\n        <h3><strong>Luna LOMONACO<\/strong><\/h3>\n        <hr style=\"border: none; border-top: 2px solid #ccc; margin: 20px 0;\">\n        <p><strong>Institution:<\/strong> Instituto Nacional de Matem\u00e1tica Pura e Aplicada<\/p>\n        <p><strong>Research interest:<\/strong> Dynamical systems, particularly on the Mandelbrot set and fractals, as well as quasi-conformal mappings and the study of geometric structures in complex spaces.<\/p>\n      <\/div>\n    <\/div>\n\n<!-- Member 3 Brazil -->\n    <div class=\"member\">\n      <div class=\"member-photo\">\n        <img decoding=\"async\" src=\"https:\/\/epadinamica.wordpress.com\/wp-content\/uploads\/2015\/06\/12239897_945050255568625_6678463980620903686_n.jpg?w=276&#038;h=376\" alt=\"Arcelino DO NASCIMIENTO\">\n      <\/div>\n      <div class=\"member-info\">\n        <strong>Arcelino DO NASCIMIENTO<\/strong>\n        <span>IMPA<\/span>\n      <\/div>\n      <div class=\"member-popup\">\n        <h3><strong>Arcelino DO NASCIMIENTO<\/strong><\/h3>\n        <hr style=\"border: none; border-top: 2px solid #ccc; margin: 20px 0;\">\n        <p><strong>Institution:<\/strong> Instituto Nacional de Matem\u00e1tica Pura e Aplicada<\/p>\n        <p><strong>Research interest:<\/strong> Dynamical systems, particularly on holomorphic dynamical systems, geometric topology, and complex dynamics.<\/p>\n      <\/div>\n    <\/div>\n\n<!-- Member 4 Brazil -->\n    <div class=\"member\">\n      <div class=\"member-photo\">\n        <img decoding=\"async\" src=\"https:\/\/live.staticflickr.com\/646\/32068596243_e3022a1acb_b.jpg\" alt=\"Alexei MAILYBAEV\"\n         style=\"border: 3px solid skyblue; border-radius: 70%;\">\n      <\/div>\n      <div class=\"member-info\">\n        <strong>Alexei MAILYBAEV<\/strong>\n        <span><strong>National Coordinator<\/strong><\/span>\n        <span>IMPA<\/span>\n      <\/div>\n      <div class=\"member-popup\">\n        <h3><strong>Alexei MAILYBAEV<\/strong><\/h3>\n        <hr style=\"border: none; border-top: 2px solid #ccc; margin: 20px 0;\">\n        <p><strong>Institution:<\/strong> Instituto Nacional de Matem\u00e1tica Pura e Aplicada<\/p>\n        <p><strong>Research interest:<\/strong> Mathematical theory of turbulence, particularly on phenomena such as spontaneous stochasticity, hidden statistical symmetries, and blow-ups in turbulent flows.<\/p>\n      <\/div>\n    <\/div>\n\n<!-- Member 5 Brazil -->\n    <div class=\"member\">\n      <div class=\"member-photo\">\n        <img decoding=\"async\" src=\"https:\/\/project.inria.fr\/cha2man\/files\/2025\/09\/profile.png\" alt=\"J. Victor MEDEIROS\">\n      <\/div>\n      <div class=\"member-info\">\n        <strong>J. Victor MEDEIROS <\/strong>\n        <span><strong>PhD student at IMPA<\/strong><\/span>\n      <\/div>\n      <div class=\"member-popup\">\n        <h3><strong>J. Victor MEDEIROS<\/strong><\/h3>\n        <hr style=\"border: none; border-top: 2px solid #ccc; margin: 20px 0;\">\n        <p><strong>Institution:<\/strong> Instituto Nacional de Matem\u00e1tica Pura e Aplicada<\/p>\n        <p><strong>Research interest:<\/strong> Teichm\u00fcller theory, dynamics of circle maps, hyperbolic geometry, and holomorphic dynamics in several variables.<\/p>\n      <\/div>\n    <\/div>\n\n<!-- Member 6 Brazil -->\n    <div class=\"member\">\n      <div class=\"member-photo\">\n        <img decoding=\"async\" src=\"https:\/\/project.inria.fr\/cha2man\/files\/2025\/09\/profile.png\" alt=\"Erika ORTIZ\">\n      <\/div>\n      <div class=\"member-info\">\n        <strong>Erika ORTIZ<\/strong>\n        <span><strong>PhD student at IMPA<\/strong><\/span>\n      <\/div>\n      <div class=\"member-popup\">\n        <h3><strong>Erika ORTIZ<\/strong><\/h3>\n        <hr style=\"border: none; border-top: 2px solid #ccc; margin: 20px 0;\">\n        <p><strong>Institution:<\/strong> Instituto Nacional de Matem\u00e1tica Pura e Aplicada<\/p>\n        <p><strong>Research interest:<\/strong> mathematical fluid dynamics, in particular spontaneous stochasticity in fluid systems.<\/p>\n      <\/div>\n    <\/div>\n\n  <\/div>\n\n\n\n  <!-- Column Chile -->\n<div class=\"wp-block-column\">\n  <h2 style=\"display:flex; align-items:center; gap:8px;\">\n    <img decoding=\"async\" src=\"https:\/\/flagpedia.net\/data\/flags\/w1600\/cl.png\" alt=\"Chile\" style=\"width:32px; height:auto;\">\n    Chile\n  <\/h2>\n\n  <!-- Member 1 Chile -->\n  <div class=\"member\">\n    <div class=\"member-photo\">\n      <img decoding=\"async\" src=\"https:\/\/www.cmm.uchile.cl\/wp-content\/uploads\/2012\/02\/fontbona_joaquin_01.jpg\" alt=\"Joaqu\u00edn FONTBONA\">\n    <\/div>\n    <div class=\"member-info\">\n      <strong>Joaqu\u00edn FONTBONA<\/strong>\n      <span>CMM-UC<\/span>\n    <\/div>\n    <div class=\"member-popup\">\n      <h3><strong>Joaqu\u00edn FONTBONA<\/strong><\/h3>\n      <hr style=\"border: none; border-top: 2px solid #ccc; margin: 20px 0;\">\n      <p><strong>Institution:<\/strong> Center of Mathematical Modeling, Universidad de Chile<\/p>\n      <p><strong>Research interest:<\/strong> Probability and stochastic processes with applications in physics and biology. Statistics and machine learning with applications in signal processing, remote sensing and mining.<\/p>\n    <\/div>\n  <\/div>\n\n  <!-- Member 2 Chile -->\n  <div class=\"member\">\n    <div class=\"member-photo\">\n      <img decoding=\"async\" src=\"https:\/\/i1.rgstatic.net\/ii\/profile.image\/1147087693582336-1650498426498_Q512\/Eduardo-Gutierrez-Turner.jpg\" alt=\"Eduardo GUTI\u00c9RREZ\">\n    <\/div>\n    <div class=\"member-info\">\n      <strong>Eduardo GUTI\u00c9RREZ<\/strong>\n      <span>PhD Student at UV<\/span>\n    <\/div>\n    <div class=\"member-popup\">\n      <h3><strong>Eduardo GUTI\u00c9RREZ<\/strong><\/h3>\n      <hr style=\"border: none; border-top: 2px solid #ccc; margin: 20px 0;\">\n      <p><strong>Institution:<\/strong> Universidad de Valpara\u00edso<\/p>\n      <p><strong>Research interest:<\/strong> Applied statistics in physics and social sciences<\/p>\n    <\/div>\n  <\/div>\n\n  <!-- Member 3 Chile -->\n  <div class=\"member\">\n    <div class=\"member-photo\">\n      <img decoding=\"async\" src=\"https:\/\/www.mat.uc.cl\/archivos\/noticias\/2023-08-25_profesor-de-la-facultad-de-matematicas-jan-kiwi-recibio-reconocimiento-a-la-trayectoria-academica.png\" alt=\"Jan KIWI\">\n    <\/div>\n    <div class=\"member-info\">\n      <strong>Jan KIWI<\/strong>\n      <span>PUC<\/span>\n    <\/div>\n    <div class=\"member-popup\">\n      <h3><strong>Jan KIWI<\/strong><\/h3>\n      <hr style=\"border: none; border-top: 2px solid #ccc; margin: 20px 0;\">\n      <p><strong>Institution:<\/strong> Pontificia Universidad Cat\u00f3lica de Chile<\/p>\n      <p><strong>Research interest:<\/strong> Dynamical Systems, iteration and dynamics of complex polynomials and rational maps, moduli spaces and indeterminacy loci, rescaling limits in complex dynamics, and combinatorial\/topological aspects of polynomial maps.<\/p>\n    <\/div>\n  <\/div>\n\n  <!-- Member 4 Chile -->\n  <div class=\"member\">\n    <div class=\"member-photo\">\n      <img decoding=\"async\" src=\"https:\/\/project.inria.fr\/swam\/files\/2024\/07\/WhatsApp-Image-2024-07-15-at-11.18.41-AM-edited.jpeg\" alt=\"Kerlyns MART\u00cdNEZ\">\n    <\/div>\n    <div class=\"member-info\">\n      <strong>Kerlyns MART\u00cdNEZ<\/strong>\n      <span><strong>National Coordinator<\/strong><\/span>\n      <span>UdeC<\/span>\n    <\/div>\n    <div class=\"member-popup\">\n      <h3><strong>Kerlyns MART\u00cdNEZ<\/strong><\/h3>\n      <hr style=\"border: none; border-top: 2px solid #ccc; margin: 20px 0;\">\n      <p><strong>Institution:<\/strong> DIM, Universidad de Concepci\u00f3n<\/p>\n      <p><strong>Research interest:<\/strong> Mathematical Modeling, numerical probability and statistics, with particular interest in stochastic differential equations driven by irregular processes and applications in physics, biology and machine learning.<\/p>\n    <\/div>\n  <\/div>\n\n  <!-- Member 5 Chile -->\n  <div class=\"member\">\n    <div class=\"member-photo\">\n      <img decoding=\"async\" src=\"https:\/\/cimfav.uv.cl\/templates\/yootheme\/cache\/7b\/hector2-7b9c3bce.jpeg\" alt=\"H\u00e9ctor OLIVERO\">\n    <\/div>\n    <div class=\"member-info\">\n      <strong>H\u00e9ctor OLIVERO<\/strong>\n      <span>CIMFAV &#8211; UV<\/span>\n    <\/div>\n    <div class=\"member-popup\">\n      <h3><strong>H\u00e9ctor OLIVERO<\/strong><\/h3>\n      <hr style=\"border: none; border-top: 2px solid #ccc; margin: 20px 0;\">\n      <p><strong>Institution:<\/strong> Centro de Investigaci\u00f3n y Modelamiento de Fen\u00f3menos Aleatorios, Universidad de Valpara\u00edso<\/p>\n      <p><strong>Research interest:<\/strong> Mathematical modeling, stochastic processes and numerical probability, with particular interest in nonlinear stochastic dynamics with applications in biology, physics, and engineering.<\/p>\n    <\/div>\n  <\/div>\n<\/div>\n\n\n  <!-- Column France -->\n  <div class=\"wp-block-column\">\n    <h2 style=\"display:flex; align-items:center; gap:8px;\">\n    <img decoding=\"async\" src=\"https:\/\/upload.wikimedia.org\/wikipedia\/en\/thumb\/c\/c3\/Flag_of_France.svg\/330px-Flag_of_France.svg.png\" alt=\"Brazil\" style=\"width:32px; height:auto;\">\n    France\n    <\/h2>\n    \n    <!-- Member 1 France -->\n    <div class=\"member\">\n      <div class=\"member-photo\">\n        <img decoding=\"async\" src=\"https:\/\/newsroom.univ-cotedazur.fr\/medias\/photo\/6f45c4bc-dbb0-4052-a6fc-3fc5616e5321_1610702375876-jpeg\" \n     alt=\"J\u00e9r\u00e9mie BEC\"\n     style=\"width:150px; height:150px; object-fit:cover; object-position:left center; border-radius:50%; border:2px solid #ccc;\">\n\n      <\/div>\n      <div class=\"member-info\">\n        <strong>J\u00e9r\u00e9mie BEC<\/strong>\n        <span>CALISTO, INRIA, CNRS<\/span>\n      <\/div>\n      <div class=\"member-popup\">\n        <h3><strong>J\u00e9r\u00e9mie BEC<\/strong><\/h3>\n        <hr style=\"border: none; border-top: 2px solid #ccc; margin: 20px 0;\">\n        <p><strong>Institution:<\/strong> Inria Centre at Universit\u00e9 C\u00f4te d\u2019Azur<\/p>\n<p>Centre National de la Recherche Scientifique<\/p>\n        <p><strong>Research interest:<\/strong> Fluid dynamics and turbulent transport, with particular interest in spontaneous stochasticity, dissipative anomalies, irreversibility, intermittency, and particles in turbulent flows.<\/p>\n      <\/div>\n    <\/div>\n    \n    <!-- Member 2 France -->\n    <div class=\"member\">\n      <div class=\"member-photo\">\n        <img decoding=\"async\" src=\"https:\/\/encrypted-tbn0.gstatic.com\/images?q=tbn:ANd9GcQDinbGw8J3xumemhjOjna8F9ortw5CVa_hwA&#038;s\" alt=\"Mireille BOSSY\"\n          style=\"border: 3px solid skyblue; border-radius: 50%;\">\n      <\/div>\n      <div class=\"member-info\">\n        <strong><strong>Mireille BOSSY<\/strong><\/strong>\n        <span><strong>International Coordinator<\/strong><\/span>\n        <span>CALISTO, INRIA<\/span>\n      <\/div>\n      <div class=\"member-popup\">\n        <h3>Mireille BOSSY<\/h3>\n        <hr style=\"border: none; border-top: 2px solid #ccc; margin: 20px 0;\">\n        <p><strong>Institution:<\/strong> Inria Centre at Universit\u00e9 C\u00f4te d\u2019Azur<\/p>\n        <p><strong>Research interest:<\/strong> Stochastic modeling and numerical analysis applied to fluid dynamics, with particular interest in stochastic Lagrangian models, numerical probabilities and probabilistic methods for turbulent flows.<\/p>\n      <\/div>\n    <\/div>\n\n    <!-- Member 2 France -->\n    <div class=\"member\">\n      <div class=\"member-photo\">\n        <img decoding=\"async\" src=\"https:\/\/www-sop.inria.fr\/members\/Chiara.Calascibetta\/assets\/images\/Chiara.png\" \nalt=\"Chiara CALASCIBETTA\"\n          style=\"border: 3px solid skyblue; border-radius: 50%;\">\n      <\/div>\n      <div class=\"member-info\">\n        <strong><strong>Chiara CALASCIBETTA<\/strong><\/strong>\n        <span><strong>Post doc <\/strong><\/span>\n        <span>CALISTO, INRIA<\/span>\n      <\/div>\n      <div class=\"member-popup\">\n        <h3>Chiara CALASCIBETTA<\/h3>\n        <hr style=\"border: none; border-top: 2px solid #ccc; margin: 20px 0;\">\n        <p><strong>Institution:<\/strong> Inria Centre at Universit\u00e9 C\u00f4te d\u2019Azur<\/p>\n        <p><strong>Research interest:<\/strong> Statistical mechanics, high performance computing, active matter and control theory.<\/p>\n      <\/div>\n    <\/div\n\n\n\n<!-- Member 3 France -->\n    <div class=\"member\">\n      <div class=\"member-photo\">\n        <img decoding=\"async\" src=\"https:\/\/i1.rgstatic.net\/ii\/profile.image\/277094937448455-1443075989520_Q512\/Laetitia-Giraldi.jpg\" alt=\"Laetitia GIRALDI\">\n      <\/div>\n      <div class=\"member-info\">\n        <strong><strong>Laetitia GIRALDI<\/strong><\/strong>\n        <span>CALISTO, INRIA<\/span>\n      <\/div>\n      <div class=\"member-popup\">\n        <h3>Laetitia GIRALDI<\/h3>\n        <hr style=\"border: none; border-top: 2px solid #ccc; margin: 20px 0;\">\n        <p><strong>Institution:<\/strong> Inria Centre at Universit\u00e9 C\u00f4te d\u2019Azur<\/p>\n        <p><strong>Research interest:<\/strong> Mathematical modeling, numerical analysis, control, and optimization, with particular interest in biological microswimmers and artificial microrobots.<\/p>\n      <\/div>\n    <\/div>\n\n<!-- Member 4 France -->\n    <div class=\"member\">\n      <div class=\"member-photo\">\n        <img decoding=\"async\" src=\"https:\/\/www-sop.inria.fr\/members\/Christophe.Henry\/assets\/images\/image-2-632x474.jpeg\" alt=\"Christophe HENRY\">\n      <\/div>\n      <div class=\"member-info\">\n        <strong><strong>Christophe HENRY<\/strong><\/strong>\n        <span>CALISTO, INRIA<\/span>\n      <\/div>\n      <div class=\"member-popup\">\n        <h3>Christophe HENRY<\/h3>\n        <hr style=\"border: none; border-top: 2px solid #ccc; margin: 20px 0;\">\n        <p><strong>Institution:<\/strong> Inria Centre at Universit\u00e9 C\u00f4te d\u2019Azur<\/p>\n        <p><strong>Research interest:<\/strong> Fluid dynamics, particle transport, and multiphase flows, with particular interest in particle resuspension, aggregation, and deposition.<\/p>\n      <\/div>\n    <\/div>\n\n\n<!-- Member 9 France -->\n    <div class=\"member\">\n      <div class=\"member-photo\">\n        <img decoding=\"async\" src=\"https:\/\/project.inria.fr\/cha2man\/files\/2026\/02\/LongLi.jpg\" alt=\"Long LI\">\n      <\/div>\n      <div class=\"member-info\">\n        <strong><strong>Long LI<\/strong><\/strong>\n        <span>INPHYNI, UCA<\/span>\n      <\/div>\n      <div class=\"member-popup\">\n        <h3>Long LI<\/h3>\n        <hr style=\"border: none; border-top: 2px solid #ccc; margin: 20px 0;\">\n        <p><strong>Institution:<\/strong> CNRS<\/p>\n        <p><strong>Research interest:<\/strong> stochastic modeling and uncertainty quantification, advanced numerical methods, high-performance computing, stochastic modeling of turbulence.<\/p>\n      <\/div>\n    <\/div>\n<!-- Member 5 France -->\n    <div class=\"member\">\n      <div class=\"member-photo\">\n        <img decoding=\"async\" src=\"https:\/\/scholar.googleusercontent.com\/citations?view_op=medium_photo&#038;user=oR-woBoAAAAJ&#038;citpid=1\" alt=\"Paul MAURER\">\n      <\/div>\n      <div class=\"member-info\">\n        <strong><strong>Paul MAURER<\/strong><\/strong>\n        <span>PhD Student at CALISTO<\/span>\n      <\/div>\n      <div class=\"member-popup\">\n        <h3>Paul MAURER<\/h3>\n        <hr style=\"border: none; border-top: 2px solid #ccc; margin: 20px 0;\">\n        <p><strong>Institution:<\/strong> Inria Centre at Universit\u00e9 C\u00f4te d\u2019Azur<\/p>\n        <p><strong>Research interest:<\/strong> Stochastic modeling and numerical analysis with applications in physics and finance, with particular interest in stochastic differential equations driven by irregular noises, turbulent particle transport and rough volatility.s.<\/p>\n      <\/div>\n    <\/div>\n\n<!-- Member 6 France -->\n    <div class=\"member\">\n      <div class=\"member-photo\">\n        <img decoding=\"async\" src=\"https:\/\/www.insmi.cnrs.fr\/sites\/institut_insmi\/files\/inline-images\/Jasmin%20cropped_1.png\" alt=\"Jasmin RAISSY\">\n      <\/div>\n      <div class=\"member-info\">\n        <strong><strong>Jasmin RAISSY<\/strong><\/strong>\n        <span>U. Bordeaux<\/span>\n      <\/div>\n      <div class=\"member-popup\">\n        <h3>Jasmin RAISSY<\/h3>\n        <hr style=\"border: none; border-top: 2px solid #ccc; margin: 20px 0;\">\n        <p><strong>Institution:<\/strong> Universit\u00e9 de Bordeaux<\/p>\n        <p><strong>Research interest:<\/strong> Dynamical systems with particular interest in complex dynamics, iteration of holomorphic maps, bifurcation theory, fixed points and stability.<\/p>\n      <\/div>\n    <\/div>\n\n<!-- Member 7 France -->\n    <div class=\"member\">\n      <div class=\"member-photo\">\n        <img decoding=\"async\" src=\"https:\/\/www.math.univ-toulouse.fr\/~roesch\/photo2.JPG\" alt=\"Pascale ROESCH\">\n      <\/div>\n      <div class=\"member-info\">\n        <strong><strong>Pascale ROESCH<\/strong><\/strong>\n        <span>U. Toulouse<\/span>\n      <\/div>\n      <div class=\"member-popup\">\n        <h3>Pascale ROESCH<\/h3>\n        <hr style=\"border: none; border-top: 2px solid #ccc; margin: 20px 0;\">\n        <p><strong>Institution:<\/strong> Universit\u00e9 de Toulouse<\/p>\n        <p><strong>Research interest:<\/strong> Dynamical systems, particularly in complex dynamics, Julia sets, Fatou components, renormalization theory, and rigidity phenomena in dynamical systems.<\/p>\n      <\/div>\n    <\/div>\n\n<!-- Member 8 France -->\n    <div class=\"member\">\n      <div class=\"member-photo\">\n        <img decoding=\"async\" src=\"https:\/\/i1.rgstatic.net\/ii\/profile.image\/534806148677632-1504519130520_Q512\/Simon-Thalabard.jpg\" alt=\"Simon THALABARD\">\n      <\/div>\n      <div class=\"member-info\">\n        <strong><strong>Simon THALABARD<\/strong><\/strong>\n        <span>INPHYNI, UCA<\/span>\n      <\/div>\n      <div class=\"member-popup\">\n        <h3>Simon THALABARD<\/h3>\n        <hr style=\"border: none; border-top: 2px solid #ccc; margin: 20px 0;\">\n        <p><strong>Institution:<\/strong> Universit\u00e9 C\u00f4te d\u2019Azur<\/p>\n        <p><strong>Research interest:<\/strong> Stochastic modeling of turbulence, intermittency, spontaneous stochasticity, and the study of blowup phenomena and scale-invariant patterns in fluid dynamics.<\/p>\n      <\/div>\n    <\/div>\n  <\/div>\n\n<\/div>\n\n\n\n<script type=\"text\/javascript\">\ndocument.addEventListener(\"DOMContentLoaded\", function() {\n  const members = document.querySelectorAll(\".member\");\n\n  let modal = document.getElementById(\"memberModal\");\n  if (!modal) {\n    modal = document.createElement(\"div\");\n    modal.id = \"memberModal\";\n    modal.className = \"member-modal\";\n    modal.innerHTML = `\n      <div class=\"member-modal-content\">\n        <span class=\"member-modal-close\">&times;<\/span>\n        <div class=\"member-modal-body\"><\/div>\n      <\/div>`;\n    document.body.appendChild(modal);\n  }\n\n  const modalBody = modal.querySelector(\".member-modal-body\");\n  const modalClose = modal.querySelector(\".member-modal-close\");\n\n  members.forEach(member => {\n    member.querySelector(\".member-photo img\").addEventListener(\"click\", function() {\n      const popup = member.querySelector(\".member-popup\").innerHTML;\n      modalBody.innerHTML = popup;\n      modal.style.display = \"block\";\n    });\n  });\n\n  modalClose.addEventListener(\"click\", function() {\n    modal.style.display = \"none\";\n  });\n\n  window.addEventListener(\"click\", function(event) {\n    if (event.target == modal) {\n      modal.style.display = \"none\";\n    }\n  });\n});\n<\/script>\n\n","protected":false},"excerpt":{"rendered":"<p>Brazil Andr\u00e9 Lu\u00eds Peixoto Considera PhD student at IMPA Andr\u00e9 CONSIDERA Institution: Instituto Nacional de Matem\u00e1tica Pura e Aplicada Research interest: mathematical fluid dynamics, in particular spontaneous stochasticity in fluid systems. Hubert LACOIN IMPA Hubert LACOIN Institution: Instituto Nacional de Matem\u00e1tica Pura e Aplicada Research interest: Probability theory, stochastic processes\u2026<\/p>\n<p> <a class=\"continue-reading-link\" href=\"https:\/\/project.inria.fr\/cha2man\/members\/\"><span>Continue reading<\/span><i class=\"crycon-right-dir\"><\/i><\/a> <\/p>\n","protected":false},"author":2608,"featured_media":0,"parent":0,"menu_order":0,"comment_status":"closed","ping_status":"closed","template":"","meta":{"footnotes":""},"class_list":["post-78","page","type-page","status-publish","hentry"],"_links":{"self":[{"href":"https:\/\/project.inria.fr\/cha2man\/wp-json\/wp\/v2\/pages\/78","targetHints":{"allow":["GET"]}}],"collection":[{"href":"https:\/\/project.inria.fr\/cha2man\/wp-json\/wp\/v2\/pages"}],"about":[{"href":"https:\/\/project.inria.fr\/cha2man\/wp-json\/wp\/v2\/types\/page"}],"author":[{"embeddable":true,"href":"https:\/\/project.inria.fr\/cha2man\/wp-json\/wp\/v2\/users\/2608"}],"replies":[{"embeddable":true,"href":"https:\/\/project.inria.fr\/cha2man\/wp-json\/wp\/v2\/comments?post=78"}],"version-history":[{"count":73,"href":"https:\/\/project.inria.fr\/cha2man\/wp-json\/wp\/v2\/pages\/78\/revisions"}],"predecessor-version":[{"id":231,"href":"https:\/\/project.inria.fr\/cha2man\/wp-json\/wp\/v2\/pages\/78\/revisions\/231"}],"wp:attachment":[{"href":"https:\/\/project.inria.fr\/cha2man\/wp-json\/wp\/v2\/media?parent=78"}],"curies":[{"name":"wp","href":"https:\/\/api.w.org\/{rel}","templated":true}]}}