

{"id":95,"date":"2018-03-25T20:05:22","date_gmt":"2018-03-25T18:05:22","guid":{"rendered":"https:\/\/project.inria.fr\/chorale\/?page_id=95"},"modified":"2019-01-24T11:42:57","modified_gmt":"2019-01-24T10:42:57","slug":"contact","status":"publish","type":"page","link":"https:\/\/project.inria.fr\/chorale\/contact\/","title":{"rendered":"Contact"},"content":{"rendered":"<p><strong>Scientific Leader :<\/strong> Philippe Martinet<br \/>\nResearch Director<br \/>\nINRIA Sophia Antipolis<br \/>\nPhilippe.Martinet@inria.fr<br \/>\nPhone 04 92 38 77 69<br \/>\nhttp:\/\/www-sop.inria.fr\/members\/Philippe.Martinet\/<\/p>\n<p><strong>Assistant:<\/strong> Patricia Riveill<br \/>\nINRIA Sophia Antipolis M\u00e9diterran\u00e9e<br \/>\nB\u00e2timent Lagrange, bureau L003<br \/>\n2004, route des Lucioles &#8211; BP93<br \/>\n06902 Sophia-Antipolis C\u00e9dex<br \/>\nPatricia.Riveill@inria.fr<br \/>\nPhone <span style=\"font-family: 'Source Sans Pro';\">04.97.15.53.80<\/span><\/p>","protected":false},"excerpt":{"rendered":"<p>Scientific Leader : Philippe Martinet Research Director INRIA Sophia Antipolis Philippe.Martinet@inria.fr Phone 04 92 38 77 69 http:\/\/www-sop.inria.fr\/members\/Philippe.Martinet\/ Assistant: Patricia Riveill INRIA Sophia Antipolis M\u00e9diterran\u00e9e B\u00e2timent Lagrange, bureau L003 2004, route des Lucioles &#8211; BP93 06902 Sophia-Antipolis C\u00e9dex Patricia.Riveill@inria.fr Phone 04.97.15.53.80<\/p>\n<p> <a class=\"continue-reading-link\" href=\"https:\/\/project.inria.fr\/chorale\/contact\/\"><span>Continue reading<\/span><i class=\"crycon-right-dir\"><\/i><\/a> <\/p>\n","protected":false},"author":1372,"featured_media":0,"parent":0,"menu_order":0,"comment_status":"closed","ping_status":"closed","template":"","meta":{"footnotes":""},"class_list":["post-95","page","type-page","status-publish","hentry"],"_links":{"self":[{"href":"https:\/\/project.inria.fr\/chorale\/wp-json\/wp\/v2\/pages\/95","targetHints":{"allow":["GET"]}}],"collection":[{"href":"https:\/\/project.inria.fr\/chorale\/wp-json\/wp\/v2\/pages"}],"about":[{"href":"https:\/\/project.inria.fr\/chorale\/wp-json\/wp\/v2\/types\/page"}],"author":[{"embeddable":true,"href":"https:\/\/project.inria.fr\/chorale\/wp-json\/wp\/v2\/users\/1372"}],"replies":[{"embeddable":true,"href":"https:\/\/project.inria.fr\/chorale\/wp-json\/wp\/v2\/comments?post=95"}],"version-history":[{"count":5,"href":"https:\/\/project.inria.fr\/chorale\/wp-json\/wp\/v2\/pages\/95\/revisions"}],"predecessor-version":[{"id":441,"href":"https:\/\/project.inria.fr\/chorale\/wp-json\/wp\/v2\/pages\/95\/revisions\/441"}],"wp:attachment":[{"href":"https:\/\/project.inria.fr\/chorale\/wp-json\/wp\/v2\/media?parent=95"}],"curies":[{"name":"wp","href":"https:\/\/api.w.org\/{rel}","templated":true}]}}