

{"id":4,"date":"2011-12-08T11:55:34","date_gmt":"2011-12-08T11:55:34","guid":{"rendered":"http:\/\/project.inria.fr\/template1\/?page_id=4"},"modified":"2026-01-16T13:53:08","modified_gmt":"2026-01-16T12:53:08","slug":"home","status":"publish","type":"page","link":"https:\/\/project.inria.fr\/chronicardio\/","title":{"rendered":"Home"},"content":{"rendered":"<p align=\"justify\">In the Plan Innovation Sant\u00e9 2030, the french government has made digital health (&#8220;Sant\u00e9 Num\u00e9rique&#8221;) one of its main three axes of priority in its strategy of national acceleration.<\/p>\n<p align=\"justify\">The umbrella term \u201cprogramme et \u00e9quipement prioritaire de recherche Sant\u00e9 Num\u00e9rique (PEPR SN)\u201d is the major initiative of this national acceleration strategy. It is dedicated to boost and estimulate the scientific research in the field. Its management has been trusted to two institutions: INSERM and INRIA. The objective of PEPR SN is to federate a national multi-disciplinary community active in the digital health sciences for the development and exploitation of the digital twin concept.<\/p>\n<p align=\"justify\"><a href=\"https:\/\/pepr-santenum.fr\/en\/2023\/11\/08\/chronicardio-en\/\">Chronicardio<\/a>\u00a0is one of the projects in the PEPR initiative.<\/p>\n\n\n<figure class=\"wp-block-image size-large\"><a href=\"https:\/\/project.inria.fr\/chronicardio\/files\/2026\/01\/Capture-decran-2026-01-16-a-13.50.06.png\"><img loading=\"lazy\" decoding=\"async\" width=\"1024\" height=\"968\" src=\"https:\/\/project.inria.fr\/chronicardio\/files\/2026\/01\/Capture-decran-2026-01-16-a-13.50.06-1024x968.png\" alt=\"\" class=\"wp-image-125\" srcset=\"https:\/\/project.inria.fr\/chronicardio\/files\/2026\/01\/Capture-decran-2026-01-16-a-13.50.06-1024x968.png 1024w, https:\/\/project.inria.fr\/chronicardio\/files\/2026\/01\/Capture-decran-2026-01-16-a-13.50.06-300x284.png 300w, https:\/\/project.inria.fr\/chronicardio\/files\/2026\/01\/Capture-decran-2026-01-16-a-13.50.06-768x726.png 768w, https:\/\/project.inria.fr\/chronicardio\/files\/2026\/01\/Capture-decran-2026-01-16-a-13.50.06-150x142.png 150w, https:\/\/project.inria.fr\/chronicardio\/files\/2026\/01\/Capture-decran-2026-01-16-a-13.50.06.png 1192w\" sizes=\"auto, (max-width: 1024px) 100vw, 1024px\" \/><\/a><\/figure>","protected":false},"excerpt":{"rendered":"<p>In the Plan Innovation Sant\u00e9 2030, the french government has made digital health (&#8220;Sant\u00e9 Num\u00e9rique&#8221;) one of its main three axes of priority in its strategy of national acceleration. The umbrella term \u201cprogramme et \u00e9quipement prioritaire de recherche Sant\u00e9 Num\u00e9rique (PEPR SN)\u201d is the major initiative of this national acceleration\u2026<\/p>\n<p> <a class=\"continue-reading-link\" href=\"https:\/\/project.inria.fr\/chronicardio\/\"><span>Continue reading<\/span><i class=\"crycon-right-dir\"><\/i><\/a> <\/p>\n","protected":false},"author":1,"featured_media":0,"parent":0,"menu_order":0,"comment_status":"closed","ping_status":"open","template":"","meta":{"footnotes":""},"class_list":["post-4","page","type-page","status-publish","hentry"],"_links":{"self":[{"href":"https:\/\/project.inria.fr\/chronicardio\/wp-json\/wp\/v2\/pages\/4","targetHints":{"allow":["GET"]}}],"collection":[{"href":"https:\/\/project.inria.fr\/chronicardio\/wp-json\/wp\/v2\/pages"}],"about":[{"href":"https:\/\/project.inria.fr\/chronicardio\/wp-json\/wp\/v2\/types\/page"}],"author":[{"embeddable":true,"href":"https:\/\/project.inria.fr\/chronicardio\/wp-json\/wp\/v2\/users\/1"}],"replies":[{"embeddable":true,"href":"https:\/\/project.inria.fr\/chronicardio\/wp-json\/wp\/v2\/comments?post=4"}],"version-history":[{"count":10,"href":"https:\/\/project.inria.fr\/chronicardio\/wp-json\/wp\/v2\/pages\/4\/revisions"}],"predecessor-version":[{"id":129,"href":"https:\/\/project.inria.fr\/chronicardio\/wp-json\/wp\/v2\/pages\/4\/revisions\/129"}],"wp:attachment":[{"href":"https:\/\/project.inria.fr\/chronicardio\/wp-json\/wp\/v2\/media?parent=4"}],"curies":[{"name":"wp","href":"https:\/\/api.w.org\/{rel}","templated":true}]}}