

{"id":75,"date":"2025-03-18T10:31:09","date_gmt":"2025-03-18T09:31:09","guid":{"rendered":"https:\/\/project.inria.fr\/cited2025\/?page_id=75"},"modified":"2025-10-14T10:26:51","modified_gmt":"2025-10-14T08:26:51","slug":"committees","status":"publish","type":"page","link":"https:\/\/project.inria.fr\/cited2025\/committees\/","title":{"rendered":"COMMITTEES"},"content":{"rendered":"\n<p><\/p>\n\n\n\n<h2 class=\"wp-block-heading\"><strong>Program committee:<\/strong><\/h2>\n\n\n\n<ul class=\"wp-block-list\">\n<li><strong>International<\/strong> <strong>Honorary Presidents:<\/strong>&nbsp;<em>(in progress\u2026)<\/em><\/li>\n<\/ul>\n\n\n\n<h2 class=\"wp-block-heading\"><strong>Chairs :<\/strong><\/h2>\n\n\n\n<ul class=\"wp-block-list\">\n<li><strong>KADDOUR Amira<\/strong>, Universit\u00e9 de Carthage Tunisie.<\/li>\n\n\n\n<li><strong>SIDHOM Sahbi<\/strong>, Pr\u00e9sident ISKO-Maghreb &amp; Universit\u00e9 de Lorraine France.<\/li>\n\n\n\n<li><strong>BELHADJ Jamel<\/strong>, Director of <em>HIDE \u2013 Higher Institute of Digital Engineering, University of Tunis, Tunisia<\/em>.<\/li>\n<\/ul>\n\n\n\n<p><\/p>\n\n\n\n<h2 class=\"wp-block-heading\"><strong>Members :<\/strong><\/h2>\n\n\n\n<ul class=\"wp-block-list\">\n<li><strong>ABBESI<\/strong> Mohamed Ammar, University of Gafsa, Tunisia<\/li>\n\n\n\n<li><strong>ABOUB<\/strong> Nedia, University La Manouba, Tunisia<\/li>\n\n\n\n<li><strong>ADDAM<\/strong> Mohamed, ENSA Al Hoceima, Morocco<\/li>\n\n\n\n<li><strong>AHMADI<\/strong> Fatma, IEEE Tunisia, National Engineering School of Gabes (ENIG), Tunisia<\/li>\n\n\n\n<li><strong>ALAIN<\/strong> Sylvestre, University of Grenoble, France<\/li>\n\n\n\n<li><strong>AROURI<\/strong> Mohamed, University Nice C\u00f4te d\u2019Azur, France<\/li>\n\n\n\n<li><strong>BATISTA<\/strong> Paulo, University of \u00c9vora, Portugal<\/li>\n\n\n\n<li><strong>BELLOW<\/strong> Edgar, Chair of Industrial Bioeconomy, Neoma Business School, France<\/li>\n\n\n\n<li><strong>BEN RHOUMA<\/strong> Amine, ENSIT University of Tunis &amp; LSE-COSYS (ENIT\/ENSIT), Tunisia<\/li>\n\n\n\n<li><strong>BERRADA<\/strong> Ilham, ENSIAS, University Mohammed V de Rabat, Morocco<\/li>\n\n\n\n<li><strong>BOUBAKEUR<\/strong> Ahmed, Ecole Nationale Polytechnique d\u2019Alger, Algeria<\/li>\n\n\n\n<li><strong>BOUSSAID<\/strong> Omar, ERIC Lab &amp; University Lumi\u00e8re Lyon 2, France<\/li>\n\n\n\n<li><strong>BOUZA\u00cfENE<\/strong> Afef, University of Carthage, Tunisia<\/li>\n\n\n\n<li><strong>CHERIF <\/strong>Habib, ENSIT University of Tunis &amp; LSE-COSYS (ENIT\/ENSIT), Tunisia<\/li>\n\n\n\n<li><strong>DJEBALI<\/strong> Ridha, University of Jendouba, Tunisia<\/li>\n\n\n\n<li><strong>EL-BOUHDIDI<\/strong> Jaber, ENSA de Tetouan, Morocco<\/li>\n\n\n\n<li><strong>EL-GHOUL<\/strong> Mansour, University of Lorraine, France<\/li>\n\n\n\n<li><strong>EL-HADDADI<\/strong> Anass, Vice-President ISKO-Maghreb &amp; ENSA Al Hoceima, Morocco<\/li>\n\n\n\n<li><strong>HAGUI<\/strong> Abdelhamid, VAD Lab, University of Carthage, Tunisia<\/li>\n\n\n\n<li><strong>HAJLAOUI<\/strong> Makki, University of Carthage, Tunisia<\/li>\n\n\n\n<li><strong>HENRY<\/strong> Carole, Soci\u00e9t\u00e9 G\u00e9n\u00e9rale Insurance, Luxembourg<\/li>\n\n\n\n<li><strong>JOMNI<\/strong> Fethi, University of Tunis El Manar, Tunisia<\/li>\n\n\n\n<li><strong>KADDOUR<\/strong> Amira, Vice-President ISKO-Maghreb &amp; ENSTAB, University of Carthage, Tunisia<\/li>\n\n\n\n<li><strong>KALLEL<\/strong> Ilhem, IEEE SMC Society Chair, ISIMS, University of Sfax, Tunisia<\/li>\n\n\n\n<li><strong>KAMMOUN<\/strong> Habib, IEEE Tunisia Section Chair &amp; University of Sfax, Faculty of Science, Tunisia<\/li>\n\n\n\n<li><strong>KHABBOUCHI<\/strong> Imed, University of Carthage, Tunisia<\/li>\n\n\n\n<li><strong>KHALFA<\/strong> Sana, IEEE Tunisia, Private Polytechnic School \u2013 Monastir, Tunisia<\/li>\n\n\n\n<li><strong>LAABIDI<\/strong> Nadia, University of Carthage, Tunisia<\/li>\n\n\n\n<li><strong>LHUILLERY<\/strong> St\u00e9phane, Chair of Industrial Bioeconomy, Neoma Business School, France<\/li>\n\n\n\n<li><strong>MEZIANE<\/strong> Abdelkrim, Vice-President ISKO-Maghreb for Algeria &amp; CERIST, Algeria<\/li>\n\n\n\n<li><strong>MHAMDI<\/strong> Faouzi, University of Jendouba, Tunisia<\/li>\n\n\n\n<li><strong>MONTICOLO<\/strong> Davy, ENSGSI-ERPI &amp; University of Lorraine, France<\/li>\n\n\n\n<li><strong>NAOUI<\/strong> Kamel, University La Manouba, Tunisia<\/li>\n\n\n\n<li><strong>PECQUET<\/strong> Pascal, University of Montpellier, France<\/li>\n\n\n\n<li><strong>ROUAHI<\/strong> Ahlem, University of Jendouba, Tunisia<\/li>\n\n\n\n<li><strong>SIDHOM<\/strong> Sahbi, President ISKO-Maghreb Chapter &amp; University of Lorraine, France<\/li>\n\n\n\n<li><strong>TANTI<\/strong> Marc, Center for Epidemiology and Public Health of the Armed Forces &#8211; SESSTIM, France<\/li>\n\n\n\n<li><strong>ZOUAOUI<\/strong> Mhamed, University La Manouba, Tunisia<\/li>\n<\/ul>\n\n\n\n<div class=\"wp-block-group\"><div class=\"wp-block-group__inner-container is-layout-flow wp-block-group-is-layout-flow\">\n<h2 class=\"wp-block-heading\"><strong>Organizing Committee :<\/strong><\/h2>\n\n\n\n<h3 class=\"wp-block-heading\"><strong>Chairs :<\/strong><\/h3>\n\n\n\n<ul class=\"wp-block-list\">\n<li><strong>Sahbi SIDHOM<\/strong>&nbsp;\u2013 President, ISKO-Maghreb;&nbsp;<em>University of Lorraine, France<\/em><\/li>\n\n\n\n<li><strong>Lamia LABED-JILANI&nbsp;<\/strong>\u2013 Vice-President ISKO- Maghreb; Vice-President of Virtual University of Tunis, Member of RIADI Lab (ENSI \u2013 UMA),&nbsp;<em>Tunisia<\/em><\/li>\n\n\n\n<li><strong>Jamel BELHADJ<\/strong>&nbsp;\u2013 Director of&nbsp;<em>HIDE \u2013 Higher Institute of Digital Engineering, University of Tunis, Tunisia<\/em><\/li>\n<\/ul>\n\n\n\n<p><strong>Key Roles :<\/strong><\/p>\n\n\n\n<ul class=\"wp-block-list\">\n<li><strong>General Chair<\/strong><br>Prof. Sahbi SIDHOM (Universit\u00e9 de Lorraine, France)<\/li>\n\n\n\n<li><strong>Finance &amp; Treasurer<\/strong><br>Dr. Mohamed AYARI (University of Carthage, Tunisia)<\/li>\n\n\n\n<li><strong>Program<\/strong>&nbsp;<strong>Chair<\/strong><br>Prof. Lamia LABED-JILANI (Vice-President of Virtual University of Tunis,, Tunisia)<br>Prof. Jamel BELHADJ (Director of&nbsp;<em>HIDE \u2013 Higher Institute of Digital Engineering, University of Tunis, Tunisia<\/em>)<\/li>\n\n\n\n<li><strong>Publications<\/strong>&nbsp;<strong>Chair<\/strong><br>Prof. Sahbi SIDHOM (Universit\u00e9 de Lorraine, France)<\/li>\n\n\n\n<li><strong>Publicity &amp; Public Relations<\/strong><br>Prof. Sihem BEN SASSI (ENSI University of Manouba, Tunisia)<\/li>\n<\/ul>\n\n\n\n<h3 class=\"wp-block-heading\"><strong>Members :<\/strong><\/h3>\n\n\n\n<ul class=\"wp-block-list\">\n<li>Alya Slimene, LIMTIC University of Tunis &#8211; Tunisia<\/li>\n\n\n\n<li>Amine Ben Rhouma, University of Tunis &#8211; Tunisia<\/li>\n\n\n\n<li>Amira Haddouk, ENSIT &#8211; Tunisia<\/li>\n\n\n\n<li>Emna Akkari, LPV CRten University of Carthage &#8211; Tunisia<\/li>\n\n\n\n<li>Ferihane Kboubi,RIADI University of Manouba &#8211; Tunisia<\/li>\n\n\n\n<li>Habib Cherif, University of Tunis &#8211; Tunisia<\/li>\n\n\n\n<li>Mahdi Cherif, RIADI University of Tunis &#8211; Tunisia<\/li>\n\n\n\n<li>Mariem Ennigrou, SMART University of Tunis &#8211; Tunisia<\/li>\n\n\n\n<li>Marouene Chaieb, RIADI University of Manouba &#8211; Tunisia<\/li>\n\n\n\n<li>Marouene Kachroudi, LIPAH University of Manouba &#8211; Tunisia<\/li>\n\n\n\n<li>Mohamed Ali Khenessi, University of Tunis &#8211; Tunisia<\/li>\n\n\n\n<li>Mounir Smida, University of Tunis &#8211; Tunisia<\/li>\n\n\n\n<li>Nabil Badri, RIADI University of Manouba &#8211; Tunisia<\/li>\n\n\n\n<li>Nacim Yanes, RIADI University of Gabes &#8211; Tunisia<\/li>\n\n\n\n<li>Nejib Abida, Science Parks, and Technopoles Tunis, Tunisia<\/li>\n\n\n\n<li>Olfa Ferchichi, RIADI SESAM &#8211; Tunisia<\/li>\n\n\n\n<li>Raoudha Beltaifa, RIADI University of Carthage &#8211; Tunisia<\/li>\n\n\n\n<li>Sana Ben Abdallah, RIADI University of Manouba &#8211; Tunisia<\/li>\n\n\n\n<li>Sarra Laabidi, RIADI SESAM &#8211; Tunisia<\/li>\n\n\n\n<li>Semia Sonia Selmi, University of Manouba &#8211; Tunisia<\/li>\n\n\n\n<li>Walid Bayounes, RIADI University of Tunis &#8211; Tunisia<\/li>\n<\/ul>\n<\/div><\/div>\n","protected":false},"excerpt":{"rendered":"<p>Program committee: Chairs : Members : Organizing Committee : Chairs : Key Roles : Members :<\/p>\n<p> <a class=\"continue-reading-link\" href=\"https:\/\/project.inria.fr\/cited2025\/committees\/\"><span>Continue reading<\/span><i class=\"crycon-right-dir\"><\/i><\/a> <\/p>\n","protected":false},"author":2189,"featured_media":0,"parent":0,"menu_order":0,"comment_status":"closed","ping_status":"closed","template":"","meta":{"footnotes":""},"class_list":["post-75","page","type-page","status-publish","hentry"],"_links":{"self":[{"href":"https:\/\/project.inria.fr\/cited2025\/wp-json\/wp\/v2\/pages\/75","targetHints":{"allow":["GET"]}}],"collection":[{"href":"https:\/\/project.inria.fr\/cited2025\/wp-json\/wp\/v2\/pages"}],"about":[{"href":"https:\/\/project.inria.fr\/cited2025\/wp-json\/wp\/v2\/types\/page"}],"author":[{"embeddable":true,"href":"https:\/\/project.inria.fr\/cited2025\/wp-json\/wp\/v2\/users\/2189"}],"replies":[{"embeddable":true,"href":"https:\/\/project.inria.fr\/cited2025\/wp-json\/wp\/v2\/comments?post=75"}],"version-history":[{"count":14,"href":"https:\/\/project.inria.fr\/cited2025\/wp-json\/wp\/v2\/pages\/75\/revisions"}],"predecessor-version":[{"id":162,"href":"https:\/\/project.inria.fr\/cited2025\/wp-json\/wp\/v2\/pages\/75\/revisions\/162"}],"wp:attachment":[{"href":"https:\/\/project.inria.fr\/cited2025\/wp-json\/wp\/v2\/media?parent=75"}],"curies":[{"name":"wp","href":"https:\/\/api.w.org\/{rel}","templated":true}]}}