

{"id":68,"date":"2013-02-06T12:43:21","date_gmt":"2013-02-06T11:43:21","guid":{"rendered":"https:\/\/project.inria.fr\/cities\/?page_id=68"},"modified":"2013-05-31T11:12:17","modified_gmt":"2013-05-31T09:12:17","slug":"kickoff-presentations","status":"publish","type":"page","link":"https:\/\/project.inria.fr\/cities\/fr\/download\/kickoff-presentations\/","title":{"rendered":"Pr\u00e9sentations donn\u00e9es lors du Kick-off Meeting du projet CITiES"},"content":{"rendered":"<p><a href=\"https:\/\/project.inria.fr\/cities\/files\/2013\/02\/kick-off-Cities-slides_Prados.pdf\">Slides d&rsquo;introduction &#8211; Emmanuel Prados<\/a><\/p>\n<p><a href=\"https:\/\/project.inria.fr\/cities\/files\/2013\/02\/kick-off-Cities-IAU.pptx\">Pr\u00e9sentation de l&rsquo;IAU<\/a><br \/>\n<a href=\"https:\/\/project.inria.fr\/cities\/files\/2013\/02\/kick-off-Cities-AURG.pdf\">Pr\u00e9sentation de l&rsquo;AURG<\/a><br \/>\n<a href=\"https:\/\/project.inria.fr\/cities\/files\/2013\/02\/kick-off-Cities-MOISE.pptx\">Pr\u00e9sentation de l&rsquo;\u00e9quipe MOISE<\/a><br \/>\n<a href=\"https:\/\/project.inria.fr\/cities\/files\/2013\/02\/kick-off-Cities-Presentation_Equipe_Modelisation.pdf\">Pr\u00e9sentation des \u00e9quipes de Modelisation<\/a><\/p>\n<p><a href=\"https:\/\/project.inria.fr\/cities\/files\/2013\/02\/kick-off-Cities-Iddri.ppt\">Pr\u00e9sentation de TRANUS et du Mod\u00e8le de Grenoble &#8211; Projet AETIC &#8211; IDDRI &#8211; Mathieu Saujot<\/a><br \/>\n<a href=\"https:\/\/project.inria.fr\/cities\/files\/2013\/02\/kick-off-Cities-Simbad.ppt\">Pr\u00e9sentation du Mod\u00e8le Simbad et du LET<\/a><br \/>\n<a href=\"https:\/\/project.inria.fr\/cities\/files\/2013\/02\/kick-off-Cities-UrbanSim.pdf\">Pr\u00e9sentation du mod\u00e8le UrbanSim<\/a><br \/>\n<a href=\"https:\/\/project.inria.fr\/cities\/files\/2013\/02\/kick-off-Cities-SIMAURIF.pptx\">Pr\u00e9sentation du projet SIMAURIF &#8211; Dany Nguyen-Luong<\/a><\/p>\n<p><a href=\"https:\/\/project.inria.fr\/cities\/files\/2013\/02\/kick-off-cities-validation-Peter-2.pdf\">Introduction \u00e0 la validation &#8211; Peter Sturm<\/a><br \/>\n<a href=\"https:\/\/project.inria.fr\/cities\/files\/2013\/02\/kick-off-Cities-AS-Clementine_Elise.pdf\">Introduction \u00e0 l&rsquo;analyse de sensibilit\u00e9 &#8211; par Cl\u00e9mentine Prieur et Elise Arnaud<\/a><br \/>\n<a href=\"https:\/\/project.inria.fr\/cities\/files\/2013\/02\/kick-off-cities-calage-Peter.pdf\">Introduction au calage &#8211; Par Peter Sturm<\/a><\/p>\n<p><a href=\"https:\/\/project.inria.fr\/cities\/files\/2013\/02\/kick-off-Cities-ANR-Demange.pdf\">Pr\u00e9sentation de l&rsquo;ANR &#8211; Cyril Demange<\/a><\/p>","protected":false},"excerpt":{"rendered":"<p>Slides d&rsquo;introduction &#8211; Emmanuel Prados Pr\u00e9sentation de l&rsquo;IAU Pr\u00e9sentation de l&rsquo;AURG Pr\u00e9sentation de l&rsquo;\u00e9quipe MOISE Pr\u00e9sentation des \u00e9quipes de Modelisation Pr\u00e9sentation de TRANUS et du Mod\u00e8le de Grenoble &#8211; Projet AETIC &#8211; IDDRI &#8211; Mathieu Saujot Pr\u00e9sentation du Mod\u00e8le Simbad et du LET Pr\u00e9sentation du mod\u00e8le UrbanSim Pr\u00e9sentation du projet SIMAURIF &#8211; Dany Nguyen-Luong Introduction &hellip; <\/p>\n<p><a class=\"more-link btn\" href=\"https:\/\/project.inria.fr\/cities\/fr\/download\/kickoff-presentations\/\">Lire la suite<\/a><\/p>\n","protected":false},"author":271,"featured_media":0,"parent":91,"menu_order":0,"comment_status":"open","ping_status":"open","template":"","meta":{"footnotes":""},"class_list":["post-68","page","type-page","status-publish","hentry","nodate","item-wrap"],"_links":{"self":[{"href":"https:\/\/project.inria.fr\/cities\/fr\/wp-json\/wp\/v2\/pages\/68","targetHints":{"allow":["GET"]}}],"collection":[{"href":"https:\/\/project.inria.fr\/cities\/fr\/wp-json\/wp\/v2\/pages"}],"about":[{"href":"https:\/\/project.inria.fr\/cities\/fr\/wp-json\/wp\/v2\/types\/page"}],"author":[{"embeddable":true,"href":"https:\/\/project.inria.fr\/cities\/fr\/wp-json\/wp\/v2\/users\/271"}],"replies":[{"embeddable":true,"href":"https:\/\/project.inria.fr\/cities\/fr\/wp-json\/wp\/v2\/comments?post=68"}],"version-history":[{"count":22,"href":"https:\/\/project.inria.fr\/cities\/fr\/wp-json\/wp\/v2\/pages\/68\/revisions"}],"predecessor-version":[{"id":188,"href":"https:\/\/project.inria.fr\/cities\/fr\/wp-json\/wp\/v2\/pages\/68\/revisions\/188"}],"up":[{"embeddable":true,"href":"https:\/\/project.inria.fr\/cities\/fr\/wp-json\/wp\/v2\/pages\/91"}],"wp:attachment":[{"href":"https:\/\/project.inria.fr\/cities\/fr\/wp-json\/wp\/v2\/media?parent=68"}],"curies":[{"name":"wp","href":"https:\/\/api.w.org\/{rel}","templated":true}]}}