

{"id":91,"date":"2013-05-16T11:57:22","date_gmt":"2013-05-16T09:57:22","guid":{"rendered":"https:\/\/project.inria.fr\/cities\/?page_id=91"},"modified":"2013-10-14T11:06:49","modified_gmt":"2013-10-14T09:06:49","slug":"download","status":"publish","type":"page","link":"https:\/\/project.inria.fr\/cities\/fr\/download\/","title":{"rendered":"Docs"},"content":{"rendered":"<p>Vous pouvez trouver ici plusieurs documents t\u00e9l\u00e9chargeables: pr\u00e9sentations, notes, rapports&#8230;<\/p>","protected":false},"excerpt":{"rendered":"<p>Vous pouvez trouver ici plusieurs documents t\u00e9l\u00e9chargeables: pr\u00e9sentations, notes, rapports&#8230;<\/p>\n","protected":false},"author":271,"featured_media":0,"parent":0,"menu_order":4,"comment_status":"closed","ping_status":"closed","template":"","meta":{"footnotes":""},"class_list":["post-91","page","type-page","status-publish","hentry","nodate","item-wrap"],"_links":{"self":[{"href":"https:\/\/project.inria.fr\/cities\/fr\/wp-json\/wp\/v2\/pages\/91","targetHints":{"allow":["GET"]}}],"collection":[{"href":"https:\/\/project.inria.fr\/cities\/fr\/wp-json\/wp\/v2\/pages"}],"about":[{"href":"https:\/\/project.inria.fr\/cities\/fr\/wp-json\/wp\/v2\/types\/page"}],"author":[{"embeddable":true,"href":"https:\/\/project.inria.fr\/cities\/fr\/wp-json\/wp\/v2\/users\/271"}],"replies":[{"embeddable":true,"href":"https:\/\/project.inria.fr\/cities\/fr\/wp-json\/wp\/v2\/comments?post=91"}],"version-history":[{"count":9,"href":"https:\/\/project.inria.fr\/cities\/fr\/wp-json\/wp\/v2\/pages\/91\/revisions"}],"predecessor-version":[{"id":282,"href":"https:\/\/project.inria.fr\/cities\/fr\/wp-json\/wp\/v2\/pages\/91\/revisions\/282"}],"wp:attachment":[{"href":"https:\/\/project.inria.fr\/cities\/fr\/wp-json\/wp\/v2\/media?parent=91"}],"curies":[{"name":"wp","href":"https:\/\/api.w.org\/{rel}","templated":true}]}}