

{"id":74,"date":"2021-12-07T16:42:25","date_gmt":"2021-12-07T15:42:25","guid":{"rendered":"https:\/\/project.inria.fr\/clara\/?page_id=74"},"modified":"2024-11-20T08:21:42","modified_gmt":"2024-11-20T07:21:42","slug":"team","status":"publish","type":"page","link":"https:\/\/project.inria.fr\/clara\/team\/","title":{"rendered":"Team Members"},"content":{"rendered":"<h4>Steering committee<\/h4>\n<ul>\n<li>Patricia Serrano Alvarado, MCF HDR, LS2N Lab, GDD team, Nantes, <strong>project coordinator.<\/strong><\/li>\n<li>Colin de la Higuera, Pr, LS2N Lab, TALN team, Nantes, chaire UNESCO RELIA.<\/li>\n<li>Zoltan Miklos, MCF HDR, IRISA Lab, DRUID team, Rennes.<\/li>\n<\/ul>\n<h4>Permanent researchers<\/h4>\n<ul>\n<li>S\u00e9bastien Ferr\u00e9, Pr, IRISA Lab, LACODAM (ex. SemLis) team, Rennes.<\/li>\n<li>Annie Foret, MCF, IRISA Lab, DRUID (ex. SemLis) team, Rennes.<\/li>\n<li>Micka\u00ebl Foursov, MCF, IRISA Lab, DRUID team, Rennes.<\/li>\n<li>David Gross-Amblard, Pr, IRISA Lab, DRUID team, Rennes.<\/li>\n<li>Ho\u00ebl Le Capitaine, MCF, LS2N Lab, DuKe team, Nantes.<\/li>\n<\/ul>\n<h4>Participants<\/h4>\n<ul>\n<li>Margo Bernelin, CR CNRS, Laboratoire Droit et Changement Social, Nantes.<\/li>\n<li>\u00c9lie Allouche, Fran\u00e7ois Bocquet, Axel Jean, Alain Thillay,&nbsp;Direction du Num\u00e9rique pour l\u2019\u00c9ducation, Minist\u00e8re de l&#8217;education.<\/li>\n<li>Catherine Lemonnier, Rectorat de Nantes.<\/li>\n<li>Christine Bac and Didier Perret, Rectorat de Rennes.<\/li>\n<\/ul>\n<h4>Non permanent participants<\/h4>\n<ul>\n<li>Ginwa Fakih, PhD student, Nantes Universit\u00e9. CLARA funding.<\/li>\n<li>Aymen Bazouz, PhD student, Universit\u00e9 de Rennes 1. CLARA funding.<\/li>\n<li>Mano\u00e9 Kieffer, Phd student, Nantes Universit\u00e9. AIBy4 funding.<\/li>\n<li>Malo Revel, Master 2 student, ENS Rennes (January to July 2023). CLARA funding.<\/li>\n<li>Hugo Chabane, Master 1 student, Nantes Universit\u00e9 (January to July 2023). GDD funding.<\/li>\n<li>Matth\u00e9o Lecrivain, Master 1 student, Nantes Universit\u00e9 (January to July 2023). GDD funding.<\/li>\n<li>Corentin Follenfant, engineer (until June 2022). Chaire UNESCO funding.<\/li>\n<\/ul>\n\n\n<p><\/p>\n","protected":false},"excerpt":{"rendered":"<p>Steering committee Patricia Serrano Alvarado, MCF HDR, LS2N Lab, GDD team, Nantes, project coordinator. Colin de la Higuera, Pr, LS2N Lab, TALN team, Nantes, chaire\u2026<\/p>\n<p> <a class=\"continue-reading-link\" href=\"https:\/\/project.inria.fr\/clara\/team\/\"><span>Continue reading<\/span><i class=\"crycon-right-dir\"><\/i><\/a> <\/p>\n","protected":false},"author":1754,"featured_media":0,"parent":0,"menu_order":0,"comment_status":"closed","ping_status":"closed","template":"","meta":{"footnotes":""},"class_list":["post-74","page","type-page","status-publish","hentry"],"_links":{"self":[{"href":"https:\/\/project.inria.fr\/clara\/wp-json\/wp\/v2\/pages\/74","targetHints":{"allow":["GET"]}}],"collection":[{"href":"https:\/\/project.inria.fr\/clara\/wp-json\/wp\/v2\/pages"}],"about":[{"href":"https:\/\/project.inria.fr\/clara\/wp-json\/wp\/v2\/types\/page"}],"author":[{"embeddable":true,"href":"https:\/\/project.inria.fr\/clara\/wp-json\/wp\/v2\/users\/1754"}],"replies":[{"embeddable":true,"href":"https:\/\/project.inria.fr\/clara\/wp-json\/wp\/v2\/comments?post=74"}],"version-history":[{"count":25,"href":"https:\/\/project.inria.fr\/clara\/wp-json\/wp\/v2\/pages\/74\/revisions"}],"predecessor-version":[{"id":301,"href":"https:\/\/project.inria.fr\/clara\/wp-json\/wp\/v2\/pages\/74\/revisions\/301"}],"wp:attachment":[{"href":"https:\/\/project.inria.fr\/clara\/wp-json\/wp\/v2\/media?parent=74"}],"curies":[{"name":"wp","href":"https:\/\/api.w.org\/{rel}","templated":true}]}}