

{"id":77,"date":"2021-12-07T16:43:27","date_gmt":"2021-12-07T15:43:27","guid":{"rendered":"https:\/\/project.inria.fr\/clara\/?page_id=77"},"modified":"2026-02-25T14:01:43","modified_gmt":"2026-02-25T13:01:43","slug":"publications","status":"publish","type":"page","link":"https:\/\/project.inria.fr\/clara\/publications\/","title":{"rendered":"Publications"},"content":{"rendered":"\n<p>\u00ab This work has received French government support granted to the Labex Cominlabs excellence laboratory and managed by the National Research Agency in the &#8220;Investing for the Future&#8221; program under reference ANR-10-LABX-07-01 \u00bb.<\/p>\n\n\n\n<h2 class=\"wp-block-heading has-text-align-left\">PhD Defense<\/h2>\n\n\n\n<ol class=\"wp-block-list\">\n<li>12 September 2025 \u2013 <strong>PhD defense by Ginwa Fakih<\/strong>, entitled \u201cRelaxation of SPARQL Queries in the Presence of RDF Reification.\u201d<\/li>\n\n\n\n<li>26 February 2025 \u2013 <strong>PhD defense by Aymen Bazouzi<\/strong>, entitled \u201c<a href=\"https:\/\/theses.hal.science\/tel-05242520\" data-type=\"link\" data-id=\"https:\/\/theses.hal.science\/tel-05242520\">Combining Educational Resources Using Graph Representation Learning<\/a>.\u201d<\/li>\n<\/ol>\n\n\n\n<h2 class=\"wp-block-heading has-text-align-left\">Publications<\/h2>\n\n\n\n<ol class=\"wp-block-list\">\n<li>Ginwa Fakih, Patricia Serrano-Alvarado, Matthieu Perrin.\u00a0<em><strong>SHARP : A Hybrid Approach for SPARQL Query Relaxation.<\/strong><\/em>\u00a0In\u00a0Proceedings of the\u00a021th International Conference on Semantic Systems (SEMANTiCS), September 2025. Vienna, Austria.\u00a0<a href=\"https:\/\/ebooks.iospress.nl\/doi\/10.3233\/SSW250020\">DOI: 10.3233\/SSW250020.<\/a>\u00a0Nominated Best Student paper! Three papers were nominated.<\/li>\n\n\n\n<li>Aymen Bazouzi, Ho\u00ebl Le Capitaine, Zoltan Miklos, Micka\u00ebl Foursov.\u00a0<em><strong>Precedability Prediction Between Open Educational Resources<\/strong><\/em>. ACM International Conference on Information Technology for Social Good (GoodIT), Septembre, 2024, Bremen, Germany.\u00a0<a href=\"https:\/\/hal.science\/hal-04654407\">https:\/\/hal.science\/hal-04654407<\/a><\/li>\n\n\n\n<li>Ginwa Fakih, Patricia Serrano-Alvarado.<strong><em>\u00a0A Survey on SPARQL Query Relaxation under the Lens of RDF Reification<\/em><\/strong>. In Semantic Web Journal\u2013 Interoperability, Usability, Applicability ; \u00e9d. IOS Press. Impact Factor 3, CiteScore 2024 8.3. Hindex 56. SJR 2023 0.86, Q1-Q2 September 2024.\u00a0<em>\u00a0DOI:\u00a010.3233\/SW-243621.\u00a0<a href=\"https:\/\/content.iospress.com\/articles\/semantic-web\/sw243621\">https:\/\/content.iospress.com\/articles\/semantic-web\/sw243621<\/a><\/em>.\u00a0<a href=\"https:\/\/hal.science\/hal-04677368\">https:\/\/hal.science\/hal-04677368<\/a>.<\/li>\n\n\n\n<li>Mano\u00e9 Kieffer, Hugo Chabane, Matth\u00e9o L\u00e9crivain, Patricia Serrano-Alvarado.\u00a0<strong><em>CLARA search engine: Linking Licensed Educational Resources<\/em><\/strong>. Demonstration paper. In Proceedings of the 29th Extended Conference on Semantic Web (ESWC), Hersonnissos, Crete, Greece. May, 2024.\u00a0<a href=\"https:\/\/hal.science\/hal-04586246\">https:\/\/hal.science\/hal-04586246.<\/a>\u00a0Nominated Best Demonstraton! Four demonstrations were nominated.<\/li>\n\n\n\n<li>Aymen Bazouz,\u00a0Zoltan Miklos, Micka\u00ebl Foursov, Ho\u00ebl Le Capitaine<strong>.\u00a0<em>ConstrucTED: Constructing Tailored Educational Datasets from Online Courses<\/em><\/strong><em>.<\/em>\u00a0\u00a0In\u00a0Proceedings of the 16th\u00a0International Conference\u00a0on Computer Supported Education\u00a0<em>(CSEDU) &#8211; Volume 1<\/em><em>, ISBN 978-989-758-697-2, ISSN 2184-5026. May, 2024,\u00a0Angers, France.\u00a0<\/em><a href=\"https:\/\/hal.science\/hal-04510615\">https:\/\/hal.science\/hal-04510615<\/a><\/li>\n\n\n\n<li>Patricia Serrano-Alvarado.\u00a0<strong><em>De la R\u00e9utilisation de Donn\u00e9es sous Licence dans le Web des Donn\u00e9es<\/em><\/strong>. 18 pages. In St\u00e9phane Tirard (dir.), avec la collaboration de Sonia Desmoulin, Guillaume Durand, Karine Le Jeune, Ma\u00ebl Lemoine, M\u00e9decine personnalis\u00e9e et donn\u00e9es en grand nombre \u2013 Tome 2\u00a0: Regards pluriels, Paris, Editions Hermann, parution pr\u00e9vue en 2024.\u00a0<a href=\"https:\/\/hal.science\/hal-04626118\">https:\/\/hal.science\/hal-04626118<\/a><\/li>\n\n\n\n<li>Ginwa Fakih,\u00a0Patricia Serrano-Alvarado.\u00a0<em><strong>A Survey on SPARQL Query Relaxation under the Lens of RDF Reification<\/strong>.<\/em>\u00a0In 39\u00e8me Conf\u00e9rence sur la Gestion de Donn\u00e9es \u2013 Principes, Technologies et Applications, October, 2023, Montpellier, France.\u00a0<\/li>\n\n\n\n<li>Mano\u00e9 Kieffer, Ginwa Fakih,\u00a0Patricia Serrano-Alvarado.\u00a0<strong><em>Methodology for Creating a Knowledge Graph with RDF Reification<\/em><\/strong>. In 39\u00e8me Conf\u00e9rence sur la Gestion de Donn\u00e9es \u2013 Principes, Technologies et Applications, October, 2023, Montpellier, France.<\/li>\n\n\n\n<li>Mano\u00e9 Kieffer, Ginwa Fakih, Patricia Serrano-Alvarado.\u00a0<em><strong>Evaluating Reification with Multi-valued Properties in a Knowledge Graph of Licensed Educational Resources.\u00a0<\/strong><\/em>In\u00a0Proceedings of the\u00a019th International Conference on Semantic Systems (SEMANTiCS), September 2023, Leipzig, Allemagne.\u00a0<a href=\"https:\/\/ebooks.iospress.nl\/volumearticle\/64015\" target=\"_blank\" rel=\"noreferrer noopener\">https:\/\/ebooks.iospress.nl\/volumearticle\/64015,<\/a>\u00a0<a href=\"https:\/\/hal.science\/hal-04160947v3\">hal-04160947v3<\/a>,<\/li>\n\n\n\n<li>Malo Revel, Aur\u00e9lien Lamercerie, Annie Foret and Zoltan Miklos.\u00a0<strong><em>Extracting ODRL Digital Right Representations from License Texts using AMR<\/em><\/strong>. In Proceedings\u00a0of the Sixth International\u00a0Workshop on Automated Semantic Analysis of Information in Legal Text (ASAIL), June, 2023, Braga, Portugal.\u00a0<a href=\"https:\/\/ceur-ws.org\/Vol-3441\/paper16.pdf\" target=\"_blank\" rel=\"noreferrer noopener\">https:\/\/ceur-ws.org\/Vol-3441\/paper16.pdf<\/a>\u00a0,\u00a0<a href=\"https:\/\/inria.hal.science\/hal-04449668\">hal-04449668<\/a><\/li>\n\n\n\n<li>Aymen Bazouz, Micka\u00ebl Foursov, Ho\u00ebl Le Capitaine, Zoltan Miklos.\u00a0<em><strong>EMBEDD-ER: EMBEDDing Educational Resources Using Linked Open Data<\/strong>.<\/em>\u00a0In Proceedings of the 15th International Conference on Computer Supported Education (CSEDU)- Volume 1, ISBN 978-989-758-641-5, ISSN 2184-5026, pages 439-446. Apr 21-23, 2023, Lisbon, Portugal. Preprint\u00a0<a href=\"https:\/\/hal.science\/hal-04037990\/document\">https:\/\/hal.science\/hal-04037990\/<\/a><\/li>\n\n\n\n<li>S\u00e9bastien Ferr\u00e9.<em><strong>\u00a0Conceptual Navigation in Large Knowledge Graphs<\/strong><\/em>. Book chapter, Rokia Missaoui, Leonard Kwuida, and Talel Abdessalem, editors, Complex Data Analysis with Formal Concept Analysis, pages 1-30. Springer, 2022.\u00a0<a href=\"https:\/\/inria.hal.science\/hal-03926161\/\">https:\/\/inria.hal.science\/hal-03926161\/<\/a><\/li>\n\n\n\n<li>Hugo Ayats, Peggy Cellier, and S\u00e9bastien Ferr\u00e9.\u00a0<strong><em>A Two-Step Approach for Explainable Relation Extraction<\/em><\/strong>. In Symposium on Intelligent Data Analysis (IDA), pages 1-12, 2022.\u00a0<a href=\"https:\/\/inria.hal.science\/hal-03866083\/\">https:\/\/inria.hal.science\/hal-03866083\/<\/a><\/li>\n<\/ol>\n\n\n\n<h2 class=\"wp-block-heading has-text-align-left\">Book<\/h2>\n\n\n\n<p>Colin de la Higuera, Jotsna Iyer. <strong><em>IA pour les Enseignants: un manuel ouvert<\/em>. L&#8217;intelligence artificielle pour et par les enseignants.<\/strong> Unesco chair, RELIA, AI4Teachers. Nantes Universit\u00e9. 2nd Edition, January 2024.\u00a0<a href=\"https:\/\/www.ai4t.eu\/textbook\">https:\/\/www.ai4t.eu\/textbook<\/a>\u00a0<\/p>\n\n\n\n<h2 class=\"wp-block-heading has-text-align-left\">Dataset<\/h2>\n\n\n\n<p>M. Kieffer, G. Fakih, P. Serrano-Alvarado in collaboration with Corentin Follenfant and\u00a0Colin\u00a0de la Higuera. <strong>CLARA Knowledge Graph of licensed educational resources<\/strong>. March 2023,\u00a0<a href=\"http:\/\/10.5281\/zenodo.8403141\">10.5281\/zenodo.8403141<\/a>,\u00a0<a href=\"https:\/\/hal.science\/hal-04754656v1\">https:\/\/hal.science\/hal-04754656v1<\/a><\/p>\n\n\n\n<h2 class=\"wp-block-heading has-text-align-left\">Talks&nbsp;<\/h2>\n\n\n\n<ol reversed class=\"wp-block-list\">\n<li><strong>Patricia Serrano Alvarado<\/strong>. &#8220;<a href=\"https:\/\/chaireunescorelia.univ-nantes.fr\/wp-content\/uploads\/sites\/98\/2023\/02\/support_patricia_serrano_alvarado.pdf\" target=\"_blank\" rel=\"noreferrer noopener\">\u00c0 la recherche de ressources p\u00e9dagogiques sous licence dans le web<\/a>&#8220;. <a href=\"https:\/\/chaireunescorelia.univ-nantes.fr\/tag\/gtnum-2\/\" target=\"_blank\" rel=\"noreferrer noopener\">GTNum IA_EO<\/a>, <a href=\"https:\/\/www.innovation-pedagogique.fr\/article14360.html\" target=\"_blank\" rel=\"noreferrer noopener\">Journ\u00e9e Intelligence Artificielle et \u00c9ducation Ouverte<\/a>, January 26th 2023, Nantes.<\/li>\n\n\n\n<li><strong>Colin de la Higuera<\/strong>. &#8220;<a href=\"https:\/\/afia.asso.fr\/wp-content\/uploads\/2022\/01\/EFIA_cdlh_06012022.pdf\" target=\"_blank\" rel=\"noreferrer noopener\">IA : former les enseignants du secondaire<\/a>&#8220;. <a href=\"https:\/\/afia.asso.fr\" target=\"_blank\" rel=\"noreferrer noopener\">AFIA<\/a>, <a href=\"https:\/\/afia.asso.fr\/les-journees\/efia-2022\/\" target=\"_blank\" rel=\"noreferrer noopener\">Journ\u00e9e Enseignement et Formation &amp; Intelligence Artificielle<\/a>, January 6th 2022, Paris.<\/li>\n<\/ol>\n\n\n\n<h2 class=\"wp-block-heading has-text-align-left\">Animation de la communaut\u00e9&nbsp;<\/h2>\n\n\n\n<ol reversed class=\"wp-block-list\">\n<li><strong>Zoltan Miklos<\/strong>. <a href=\"https:\/\/www.linkedin.com\/posts\/isfec-bretagne_fili\u00e8res-projets-activity-7043489994895745024-ZnEC\/?utm_source=share&amp;utm_medium=member_desktop\" target=\"_blank\" rel=\"noreferrer noopener\">IA et Education<\/a>, formation pour les enseignants de 1er et 2eme degr\u00e9s, l&#8217;IFSEC Bretagne, les 8 et 9 mars 2023, Brest.<\/li>\n<\/ol>\n\n\n\n<p><\/p>\n","protected":false},"excerpt":{"rendered":"<p>\u00ab This work has received French government support granted to the Labex Cominlabs excellence laboratory and managed by the National Research Agency in the &#8220;Investing\u2026<\/p>\n<p> <a class=\"continue-reading-link\" href=\"https:\/\/project.inria.fr\/clara\/publications\/\"><span>Continue reading<\/span><i class=\"crycon-right-dir\"><\/i><\/a> <\/p>\n","protected":false},"author":1754,"featured_media":0,"parent":0,"menu_order":0,"comment_status":"closed","ping_status":"closed","template":"","meta":{"footnotes":""},"class_list":["post-77","page","type-page","status-publish","hentry"],"_links":{"self":[{"href":"https:\/\/project.inria.fr\/clara\/wp-json\/wp\/v2\/pages\/77","targetHints":{"allow":["GET"]}}],"collection":[{"href":"https:\/\/project.inria.fr\/clara\/wp-json\/wp\/v2\/pages"}],"about":[{"href":"https:\/\/project.inria.fr\/clara\/wp-json\/wp\/v2\/types\/page"}],"author":[{"embeddable":true,"href":"https:\/\/project.inria.fr\/clara\/wp-json\/wp\/v2\/users\/1754"}],"replies":[{"embeddable":true,"href":"https:\/\/project.inria.fr\/clara\/wp-json\/wp\/v2\/comments?post=77"}],"version-history":[{"count":57,"href":"https:\/\/project.inria.fr\/clara\/wp-json\/wp\/v2\/pages\/77\/revisions"}],"predecessor-version":[{"id":327,"href":"https:\/\/project.inria.fr\/clara\/wp-json\/wp\/v2\/pages\/77\/revisions\/327"}],"wp:attachment":[{"href":"https:\/\/project.inria.fr\/clara\/wp-json\/wp\/v2\/media?parent=77"}],"curies":[{"name":"wp","href":"https:\/\/api.w.org\/{rel}","templated":true}]}}