

{"id":74,"date":"2017-03-22T13:52:58","date_gmt":"2017-03-22T12:52:58","guid":{"rendered":"https:\/\/project.inria.fr\/cobcom\/?page_id=74"},"modified":"2021-07-28T11:45:59","modified_gmt":"2021-07-28T09:45:59","slug":"team","status":"publish","type":"page","link":"https:\/\/project.inria.fr\/cobcom\/team\/","title":{"rendered":"Team"},"content":{"rendered":"<p>The researchers and students of CoBCoM are part of the <a href=\"https:\/\/team.inria.fr\/athena\/\">ATHENA<\/a> Inria team.<\/p>\n<h3>Current members<\/h3>\n<ul class=\"team-list\">\n<li>\n<a>Rachid Deriche<\/a><br \/>\n<i>Research Director, Head of the ATHENA team<\/i>\n<\/li>\n<li>\n<a>Th\u00e9odore Papadopoulo<\/a><br \/>\n<i>Research Director, Member of the ATHENA team<\/i>\n<\/li>\n<li>\n<a>Samuel Deslauriers-Gauthier<\/a><br \/>\n<i>Researcher, Member of the ATHENA team<\/i>\n<\/li>\n<li>\n<a>Mauro Zucchelli<\/a><br \/>\n<i>Researcher, Member of the ATHENA team<\/i>\n<\/li>\n<li>\n<a>Matteo Frigo<\/a><br \/>\n<i>Post-doctoral fellow, Member of the ATHENA team<\/i>\n<\/li>\n<li>\n<a>Ivana Koj\u010di\u0107<\/a><br \/>\n<i>Ph.D. Student, Member of the ATHENA team<\/i>\n<\/li>\n<li>\n<a>Sara Sedlar<\/a><br \/>\n<i>Ph.D. Student, Member of the ATHENA team<\/i>\n<\/li>\n<li>\n<a>Yang Ji<\/a><br \/>\n<i>Engineer, Member of the ATHENA team<\/i>\n<\/li>\n<li>\n<a>Claire Senica<\/a><br \/>\n<i>Administrative assistant, Member of the ATHENA team<\/i>\n<\/li>\n<\/ul>\n<h3>Past members<\/h3>\n<ul class=\"team-list\">\n<li>\n<a>Maureen Clerc<\/a><br \/>\n<i>Directrice, Centre de recherche Sophia Antipolis-M\u00e9dit\u00e9rran\u00e9e<\/i>\n<\/li>\n<li>\n<a>Demian Wassermann<\/a><br \/>\n<i>Associate Research Professor, Member of the Parietal team<\/i>\n<\/li>\n<li>\n<a>Guillermo Gallardo<\/a><br \/>\n<i><\/i>\n<\/li>\n<li>\n<a>Kostiantyn Maksymenko<\/a><br \/>\n<i><\/i>\n<\/li>\n<li>\n<a>Abib Alimi<\/a><br \/>\n<i><\/i>\n<\/li>\n<li>\n<a>Isa Costantini<\/a><br \/>\n<i><\/i>\n<\/li>\n<\/ul>\n<h3>Collaborators<\/h3>\n<ul class=\"team-list\">\n<li><a href=\"http:\/\/scil.dinf.usherbrooke.ca\/?page_id=524&#038;lang=en\">Maxime Descoteaux<\/a><\/li>\n<li><a href=\"https:\/\/www.med.upenn.edu\/sbia\/rverma.html\">Ragini Verma<\/a><\/li>\n<li><a href=\"http:\/\/profs.sci.univr.it\/~menegaz\/\">Gloria Menegaz<\/a><\/li>\n<\/ul>\n<p><\/p>","protected":false},"excerpt":{"rendered":"<p>The researchers and students of CoBCoM are part of the ATHENA Inria team. Current members Rachid Deriche Research Director, Head of the ATHENA team Th\u00e9odore Papadopoulo Research Director, Member of the ATHENA team Samuel Deslauriers-Gauthier Researcher, Member of the ATHENA team Mauro Zucchelli Researcher, Member of the ATHENA team Matteo\u2026<\/p>\n<p> <a class=\"continue-reading-link\" href=\"https:\/\/project.inria.fr\/cobcom\/team\/\"><span>Continue reading<\/span><i class=\"crycon-right-dir\"><\/i><\/a> <\/p>\n","protected":false},"author":1185,"featured_media":0,"parent":0,"menu_order":0,"comment_status":"closed","ping_status":"closed","template":"","meta":{"footnotes":""},"class_list":["post-74","page","type-page","status-publish","hentry"],"_links":{"self":[{"href":"https:\/\/project.inria.fr\/cobcom\/wp-json\/wp\/v2\/pages\/74","targetHints":{"allow":["GET"]}}],"collection":[{"href":"https:\/\/project.inria.fr\/cobcom\/wp-json\/wp\/v2\/pages"}],"about":[{"href":"https:\/\/project.inria.fr\/cobcom\/wp-json\/wp\/v2\/types\/page"}],"author":[{"embeddable":true,"href":"https:\/\/project.inria.fr\/cobcom\/wp-json\/wp\/v2\/users\/1185"}],"replies":[{"embeddable":true,"href":"https:\/\/project.inria.fr\/cobcom\/wp-json\/wp\/v2\/comments?post=74"}],"version-history":[{"count":21,"href":"https:\/\/project.inria.fr\/cobcom\/wp-json\/wp\/v2\/pages\/74\/revisions"}],"predecessor-version":[{"id":292,"href":"https:\/\/project.inria.fr\/cobcom\/wp-json\/wp\/v2\/pages\/74\/revisions\/292"}],"wp:attachment":[{"href":"https:\/\/project.inria.fr\/cobcom\/wp-json\/wp\/v2\/media?parent=74"}],"curies":[{"name":"wp","href":"https:\/\/api.w.org\/{rel}","templated":true}]}}