

{"id":64,"date":"2019-06-18T14:56:16","date_gmt":"2019-06-18T12:56:16","guid":{"rendered":"https:\/\/project.inria.fr\/coco\/?page_id=64"},"modified":"2019-06-18T14:59:32","modified_gmt":"2019-06-18T12:59:32","slug":"results","status":"publish","type":"page","link":"https:\/\/project.inria.fr\/coco\/results\/","title":{"rendered":"Results"},"content":{"rendered":"<p><\/p>\n<div id=\"aui_3_4_0_1_373\" class=\"journal-content-article\">\n<h3 id=\"aui_3_4_0_1_372\">Activity summary<\/h3>\n<p>You can download the project <a href=\"https:\/\/project.inria.fr\/coco\/files\/2019\/06\/COCoactivitysummary2013-2016.pdf\">activity summary (2013-2016)<\/a>.<\/p>\n<h3>Platforms<\/h3>\n<p><a href=\"http:\/\/coconotes.comin-ocw.org\/\"><img decoding=\"async\" src=\"https:\/\/coco.cominlabs.u-bretagneloire.fr\/documents\/52197\/53169\/coconotes.jpg\/6d0bb113-2dbb-4356-9037-cca5dad213c1?t=1458297675000\" alt=\"COCoNotes\" \/><\/a><\/p>\n<p>Our platform for enriched and annotable video publications.<\/p>\n<p>&nbsp;<\/p>\n<p><a href=\"http:\/\/comin-ocw.org\/live\/\"><img loading=\"lazy\" decoding=\"async\" src=\"https:\/\/coco.cominlabs.u-bretagneloire.fr\/documents\/52197\/53169\/coconotes-live.jpg\/2557130d-934b-4dd1-928c-9d32765219cb?t=1458297682000\" alt=\"COCoNotes Live\" width=\"208\" height=\"30\" \/><\/a><\/p>\n<p>A live annotation tool, through a private microblogging interface with the possibility to categorize posts.<\/p>\n<p>&nbsp;<\/p>\n<h3>Video resources<\/h3>\n<p>61 videos (43 hours) enriched with synchronized slides, quizes, annotations.<\/p>\n<p>&nbsp;<\/p>\n<h3><strong>Source code<\/strong><\/h3>\n<p>We are participating in the development of the <a href=\"https:\/\/github.com\/oaubert\/metadataplayer\">Metadataplayer<\/a> framework. You can also access the source code of our <a href=\"https:\/\/github.com\/oaubert\/coconoteslive\">live annotation tool<\/a> and of the currently developped <a href=\"https:\/\/github.com\/oaubert\/coconotes\">COCoNotes platform<\/a>.<\/p>\n<p>&nbsp;<\/p>\n<h3><strong>Organization of events<\/strong><\/h3>\n<ul>\n<li>Ljubljana OCWC Global, Ljubljana, 23-25 April 2014<\/li>\n<li>Journ\u00e9e des MOOCs, Nantes, 24 January 2014<\/li>\n<li>Colloque &#8220;Internet et \u00e9ducation&#8221;, Journ\u00e9es Scientifiques de l&#8217;Universit\u00e9 de Nantes, 12 June 2015<\/li>\n<\/ul>\n<p>&nbsp;<\/p>\n<h3><strong>Visits (incoming)<\/strong><\/h3>\n<ul>\n<li>Denis Gillet, Ma\u00eetre d&#8217;enseignement et de recherche, EPFL (Jan 2014)<\/li>\n<li>Patrick Jermann, Directeur ex\u00e9cutif, EPFL (Jan 2014)<\/li>\n<li>Vanda Luengo (Jun 2015)<\/li>\n<\/ul>\n<p>&nbsp;<\/p>\n<h3><strong>Talks given<\/strong><\/h3>\n<ul>\n<li>Internet of Education (Ljubljana, 2013)<\/li>\n<li>Online Educa (Berlin, 2013)<\/li>\n<li>International Conference on MultiMedia Modeling (Dublin, 2014)<\/li>\n<li>Conference on Computer Supported Education (Barcelona, 2014)<\/li>\n<li>Spring Workshop on Mining and Learning (Oostende, 2014)<\/li>\n<li>OpenCourseWareConference (Ljubljana, 2014)<\/li>\n<li>Journ\u00e9e p\u00e9dagogique de la SIF (Paris, 2014)<\/li>\n<li>Research Seminar (Caen, 2015)<\/li>\n<li>SAVE-SD Workshop (Florence, 2015)<\/li>\n<li>Open Education Global Conference (Banff, 2015)<\/li>\n<li>Environnements Informatiques pour l&#8217;Apprentissage Humain (Agadir, 2015)<\/li>\n<li>COMPSAC Symposium on Computer Education and Learning Technologies (Taichung, 2015)<\/li>\n<li>Action Lab OEC Global (Cracovie, 2016)<\/li>\n<li>iAnnotate (Berlin, 2016)<\/li>\n<li>EC-TEL (Lyon, 2016)<\/li>\n<\/ul>\n<p>&nbsp;<\/p>\n<h3><strong>Key industrial contacts<\/strong><\/h3>\n<ul>\n<li><a href=\"http:\/\/openclassrooms.com\/\">OpenClassrooms<\/a><\/li>\n<li><a href=\"http:\/\/www.thinkovery.com\">Thinkovery<\/a><\/li>\n<\/ul>\n<p>&nbsp;<\/p>\n<h3>Collaborations<\/h3>\n<ul>\n<li>Videolectures.net<\/li>\n<li>Knowledge4All<\/li>\n<li>Explornova<\/li>\n<li>Ouest Medialab<\/li>\n<li>Unires<\/li>\n<li>CIRM \/ UEB<\/li>\n<li>UTICE \/ UBL<\/li>\n<li>OpenHypervideo project<\/li>\n<li>Hubble ANR project<\/li>\n<li>CANOPE<\/li>\n<\/ul>\n<p>&nbsp;<\/p>\n<h3><strong>Partnerships, projects launched<\/strong><\/h3>\n<ul>\n<li>In 2014, submission to ERC grant<\/li>\n<li>In 2015, participation to submissions of projects<\/li>\n<\/ul>\n<p>&nbsp;<\/p>\n<h3><strong>Partnerships, projects accepted<\/strong><\/h3>\n<ul>\n<li><strong>Class&#8217;Code<\/strong> : The goal is to conceive, produce and deploy over the entire French territory a massive open blended learning course intended for the education professionals and more generally for anyone interested in teaching Computational Thinking to young people (8-14 years old). This project (<a href=\"http:\/\/classcode.fr\">http:\/\/classcode.fr<\/a>) is supported by many French institutions.<\/li>\n<li><strong>PASTEL : <\/strong>Performing Automated Speech Transcription for Enhancing Learning. This project, involving labs from UBL (LIUM, LINA, CREN) and Orange, aims at enhancing the live learning experience by providing live automated speech transcription.<\/li>\n<\/ul>\n<\/div>\n<p><\/p>","protected":false},"excerpt":{"rendered":"<p>Activity summary You can download the project activity summary (2013-2016). Platforms Our platform for enriched and annotable video publications. &nbsp; A live annotation tool, through\u2026<\/p>\n<p> <a class=\"continue-reading-link\" href=\"https:\/\/project.inria.fr\/coco\/results\/\"><span>Continue reading<\/span><i class=\"crycon-right-dir\"><\/i><\/a> <\/p>\n","protected":false},"author":1611,"featured_media":0,"parent":0,"menu_order":0,"comment_status":"closed","ping_status":"closed","template":"","meta":{"footnotes":""},"class_list":["post-64","page","type-page","status-publish","hentry"],"_links":{"self":[{"href":"https:\/\/project.inria.fr\/coco\/wp-json\/wp\/v2\/pages\/64","targetHints":{"allow":["GET"]}}],"collection":[{"href":"https:\/\/project.inria.fr\/coco\/wp-json\/wp\/v2\/pages"}],"about":[{"href":"https:\/\/project.inria.fr\/coco\/wp-json\/wp\/v2\/types\/page"}],"author":[{"embeddable":true,"href":"https:\/\/project.inria.fr\/coco\/wp-json\/wp\/v2\/users\/1611"}],"replies":[{"embeddable":true,"href":"https:\/\/project.inria.fr\/coco\/wp-json\/wp\/v2\/comments?post=64"}],"version-history":[{"count":2,"href":"https:\/\/project.inria.fr\/coco\/wp-json\/wp\/v2\/pages\/64\/revisions"}],"predecessor-version":[{"id":81,"href":"https:\/\/project.inria.fr\/coco\/wp-json\/wp\/v2\/pages\/64\/revisions\/81"}],"wp:attachment":[{"href":"https:\/\/project.inria.fr\/coco\/wp-json\/wp\/v2\/media?parent=64"}],"curies":[{"name":"wp","href":"https:\/\/api.w.org\/{rel}","templated":true}]}}