

{"id":4,"date":"2011-12-08T11:55:34","date_gmt":"2011-12-08T11:55:34","guid":{"rendered":"http:\/\/project.inria.fr\/template1\/?page_id=4"},"modified":"2023-01-04T10:11:18","modified_gmt":"2023-01-04T09:11:18","slug":"home","status":"publish","type":"page","link":"https:\/\/project.inria.fr\/codex\/fr\/","title":{"rendered":"Action Exploratoire Codex"},"content":{"rendered":"<p>La notation musicale est un m\u00e9dia historique essentiel pour l&rsquo;\u00e9change et la pr\u00e9servation de l&rsquo;information dans le monde de la culture et des humanit\u00e9s. Dans les domaines de la repr\u00e9sentation de donn\u00e9es complexes et des langages formels, Codex veut contribuer au d\u00e9veloppement des <strong>m\u00e9thodes num\u00e9riques pour le traitement de la musique \u00e9crite<\/strong>, en particulier les probl\u00e8mes de la transcription musicale, la musicologie calculatoire, la recherche et l&rsquo;indexation dans les collection de partitions num\u00e9riques, ainsi que les approches participatives pour leur num\u00e9risation et \u00e9dition.<\/p>\n<p>Ce projet pluridisciplinaire r\u00e9unit un groupe de collaborateurs en musicologie, sciences de l&rsquo;information et des biblioth\u00e8ques et informatique.<\/p>","protected":false},"excerpt":{"rendered":"<p>La notation musicale est un m\u00e9dia historique essentiel pour l&rsquo;\u00e9change et la pr\u00e9servation de l&rsquo;information dans le monde de la culture et des humanit\u00e9s. Dans les domaines de la repr\u00e9sentation de donn\u00e9es complexes et des langages formels, Codex veut contribuer au d\u00e9veloppement des m\u00e9thodes num\u00e9riques pour le traitement de la&#8230;<\/p>\n<p> <a class=\"continue-reading-link\" href=\"https:\/\/project.inria.fr\/codex\/fr\/\"><span>Continue reading<\/span><i class=\"crycon-right-dir\"><\/i><\/a> <\/p>\n","protected":false},"author":1,"featured_media":0,"parent":0,"menu_order":0,"comment_status":"closed","ping_status":"open","template":"","meta":{"footnotes":""},"class_list":["post-4","page","type-page","status-publish","hentry"],"_links":{"self":[{"href":"https:\/\/project.inria.fr\/codex\/fr\/wp-json\/wp\/v2\/pages\/4","targetHints":{"allow":["GET"]}}],"collection":[{"href":"https:\/\/project.inria.fr\/codex\/fr\/wp-json\/wp\/v2\/pages"}],"about":[{"href":"https:\/\/project.inria.fr\/codex\/fr\/wp-json\/wp\/v2\/types\/page"}],"author":[{"embeddable":true,"href":"https:\/\/project.inria.fr\/codex\/fr\/wp-json\/wp\/v2\/users\/1"}],"replies":[{"embeddable":true,"href":"https:\/\/project.inria.fr\/codex\/fr\/wp-json\/wp\/v2\/comments?post=4"}],"version-history":[{"count":16,"href":"https:\/\/project.inria.fr\/codex\/fr\/wp-json\/wp\/v2\/pages\/4\/revisions"}],"predecessor-version":[{"id":200,"href":"https:\/\/project.inria.fr\/codex\/fr\/wp-json\/wp\/v2\/pages\/4\/revisions\/200"}],"wp:attachment":[{"href":"https:\/\/project.inria.fr\/codex\/fr\/wp-json\/wp\/v2\/media?parent=4"}],"curies":[{"name":"wp","href":"https:\/\/api.w.org\/{rel}","templated":true}]}}