

{"id":69,"date":"2021-10-04T11:17:03","date_gmt":"2021-10-04T09:17:03","guid":{"rendered":"https:\/\/project.inria.fr\/colearn\/?page_id=69"},"modified":"2026-03-30T15:17:02","modified_gmt":"2026-03-30T13:17:02","slug":"publications","status":"publish","type":"page","link":"https:\/\/project.inria.fr\/colearn\/publications\/","title":{"rendered":"Publications"},"content":{"rendered":"\n<p><strong>2026<\/strong><\/p>\n\n\n\n<p>Emmanuel Sampaio, Franck Aumont, Olivier Le Meur, Thomas Maugey, &#8220;Energy aware images via pixel value reduction: the impact of compression on attenuation maps&#8221;, IEEE ICASSP, Barcelona, Spain, May 2026<\/p>\n\n\n\n<p>Nicolas Charpenay, Ma\u00ebl Le Treust, Aline Roumy, &#8220;On the Additivity of Optimal Rates for Independent Zero-Error Source and Channel Problems&#8221; IEEE Transactions on Information Theory, March 2026.<\/p>\n\n\n\n<p>Ismaila Salihou Adamou, Elsa Dupraz, Reza Asvadi, and Tadashi Matsumoto, &#8220;Practical Short-Length Coding Schemes for Binary Distributed Hypothesis Testing&#8221;, IEEE Transactions on Communications, February 2026<\/p>\n\n\n\n<p>Tom Bordin, Thomas Maugey, Sergio Barbarossa, &#8220;SeSeCo: Selective semantic compression of images&#8221;, in IEEE Open Journal of Signal Processing, February 2026<\/p>\n\n\n\n<p><strong>2025<\/strong><\/p>\n\n\n\n<p>Jiahui Wei, Philippe Mary, Elsa Dupraz, &#8220;Non-Asymptotic Achievable Rate-Distortion Region for Indirect Wyner-Ziv Source Coding&#8221;, ITW 2025<\/p>\n\n\n\n<p>Jiahui Wei, Philippe Mary, Elsa Dupraz, &#8220;Compromis d\u00e9bit-distorsion-classification avec information adjacente&#8221;, GRETSI 2025<\/p>\n\n\n\n<p><strong>2024<\/strong><\/p>\n\n\n\n<p>Nicolas Charpenay, Ma\u00ebl Le Treust, Aline Roumy, &#8221;Side Information Design in Zero-Error Coding for Computing&#8221;, Entropy, Igal Sason\u2019s Special Issue on \u201cExtremal and Additive Combinatorial Aspects in Information Theory\u201d, April 2024.<\/p>\n\n\n\n<p>Jiahui Wei, Elsa Dupraz, Philippe Mary, Practical Coding Schemes based on LDPC Codes for Distributed Parametric Regression, accepted at the Information Theory Workshop (ITW) 2024<\/p>\n\n\n\n<p>Ahcen Aliouat, Elsa Dupraz, <a href=\"https:\/\/arxiv.org\/pdf\/2403.10202\">Learning on JPEG-LDPC Compressed Images: Classifying with Syndromes<\/a>, accepted at EUSIPCO 2024<\/p>\n\n\n\n<p>Jiahui Wei, Philippe Mary, Elsa Dupraz, <a href=\"https:\/\/project.inria.fr\/colearn\/files\/2024\/01\/Wei24IZS.pdf\" data-type=\"URL\" data-id=\"https:\/\/project.inria.fr\/colearn\/files\/2024\/01\/Wei24IZS.pdf\">Rate-Loss Regions for Polynomial Regression with Side Information<\/a>, accepted at the International Zurich Seminar on Information and Communication (IZS) 2024<\/p>\n\n\n\n<p><strong>2023<\/strong><\/p>\n\n\n\n<p>R\u00e9mi Piau, Thomas Maugey, Aline Roumy, <a href=\"https:\/\/hal.science\/hal-04133669\">Predicting CNN learning accuracy using chaos measurement<\/a>, IEEE International Conference on Acoustics, Speech and Signal Processing (ICASSP), June 2023, Rhodes, Greece.<\/p>\n\n\n\n<p>Jiahui WEI, Elsa Dupraz, Philippe Mary, <a href=\"https:\/\/project.inria.fr\/colearn\/files\/2023\/09\/Wei23Gretsi.pdf\" data-type=\"URL\" data-id=\"https:\/\/project.inria.fr\/colearn\/files\/2023\/09\/Wei23Gretsi.pdf\">R\u00e9gions atteignables pour la r\u00e9gression lin\u00e9aire sur donn\u00e9es compress\u00e9es avec information adjacente<\/a>, accepted at GRETSI 2023<\/p>\n\n\n\n<p>R\u00e9mi Piau, Thomas Maugey, Aline Roumy, <a href=\"https:\/\/project.inria.fr\/colearn\/files\/2023\/09\/2023_piau1196.pdf\" data-type=\"URL\" data-id=\"https:\/\/project.inria.fr\/colearn\/files\/2023\/09\/2023_piau1196.pdf\">Pr\u00e9diction de la pr\u00e9cision d\u2019apprentissage des r\u00e9seaux de neurones convolutifs par mesure du chaos<\/a>, accepted at GRETSI 2023<\/p>\n\n\n\n<p>Jiahui Wei, Elsa Dupraz, Philippe Mary, <a href=\"https:\/\/project.inria.fr\/colearn\/files\/2023\/06\/Eusipco_CoLearn.pdf\" data-type=\"URL\" data-id=\"https:\/\/project.inria.fr\/colearn\/files\/2023\/06\/Eusipco_CoLearn.pdf\">Asymptotic and non-asymptotic rate-loss bounds for linear regression with side information<\/a>, accepted at EUSIPCO 2023<\/p>\n\n\n\n<p>Remi Piau, Aline Roumy, and Thomas Maugey, <a href=\"https:\/\/ieeexplore.ieee.org\/abstract\/document\/10095647\" data-type=\"URL\" data-id=\"https:\/\/ieeexplore.ieee.org\/abstract\/document\/10095647\">Learning on entropy coded images with CNN<\/a>,  IEEE International Conference on Acoustics, Speech and Signal Processing (ICASSP), June 2023, Rhodes, Greece.<\/p>\n\n\n\n<p>Alireza Tasdighi and Elsa Dupraz, <a rel=\"noreferrer noopener\" href=\"https:\/\/ieeexplore.ieee.org\/iel7\/6287639\/6514899\/10024256.pdf\" target=\"_blank\">An End-to-End Scheme for Learning over Compressed Data Transmitted Through a Noisy Channel,<\/a> IEEE Access, vol. 11, p. 8254-8267, 2023<\/p>\n","protected":false},"excerpt":{"rendered":"<p>2026 Emmanuel Sampaio, Franck Aumont, Olivier Le Meur, Thomas Maugey, &#8220;Energy aware images via pixel value reduction: the impact of compression on attenuation maps&#8221;, IEEE\u2026<\/p>\n<p> <a class=\"continue-reading-link\" href=\"https:\/\/project.inria.fr\/colearn\/publications\/\"><span>Continue reading<\/span><i class=\"crycon-right-dir\"><\/i><\/a> <\/p>\n","protected":false},"author":1754,"featured_media":0,"parent":0,"menu_order":0,"comment_status":"closed","ping_status":"closed","template":"","meta":{"footnotes":""},"class_list":["post-69","page","type-page","status-publish","hentry"],"_links":{"self":[{"href":"https:\/\/project.inria.fr\/colearn\/wp-json\/wp\/v2\/pages\/69","targetHints":{"allow":["GET"]}}],"collection":[{"href":"https:\/\/project.inria.fr\/colearn\/wp-json\/wp\/v2\/pages"}],"about":[{"href":"https:\/\/project.inria.fr\/colearn\/wp-json\/wp\/v2\/types\/page"}],"author":[{"embeddable":true,"href":"https:\/\/project.inria.fr\/colearn\/wp-json\/wp\/v2\/users\/1754"}],"replies":[{"embeddable":true,"href":"https:\/\/project.inria.fr\/colearn\/wp-json\/wp\/v2\/comments?post=69"}],"version-history":[{"count":21,"href":"https:\/\/project.inria.fr\/colearn\/wp-json\/wp\/v2\/pages\/69\/revisions"}],"predecessor-version":[{"id":214,"href":"https:\/\/project.inria.fr\/colearn\/wp-json\/wp\/v2\/pages\/69\/revisions\/214"}],"wp:attachment":[{"href":"https:\/\/project.inria.fr\/colearn\/wp-json\/wp\/v2\/media?parent=69"}],"curies":[{"name":"wp","href":"https:\/\/api.w.org\/{rel}","templated":true}]}}