

{"id":772,"date":"2020-11-03T09:34:49","date_gmt":"2020-11-03T08:34:49","guid":{"rendered":"https:\/\/cominlabs.inria.fr\/?page_id=772"},"modified":"2021-02-08T15:49:15","modified_gmt":"2021-02-08T14:49:15","slug":"call-for-projects-2021","status":"publish","type":"page","link":"https:\/\/project.inria.fr\/cominlabs\/call-for-projects-2021\/","title":{"rendered":"Call for projects 2021"},"content":{"rendered":"<p><em>Calendrier AAP 2021 CominLabs<\/em><\/p>\n<p>&#8211; jusqu&#8217;au 15\/11\/2020: d\u00e9p\u00f4t d&#8217;une manifestation d&#8217;int\u00e9r\u00eat (format libre, mais pas plus de 4 pages tout compris)<br \/>\n&#8211; \u0097jusqu&#8217;au 05\/12\/2020: envois de commentaires individuels par les membres du burex aux porteurs des manifestations d&#8217;int\u00e9r\u00eat pour aider au montage des pr\u00e9-propositions<br \/>\n&#8211; \u009721\/12\/2020: soumission des pr\u00e9-propositions (5 pages maximum tout compris)<br \/>\n&#8211; \u009715\/01\/2021: pr\u00e9-s\u00e9lection par le burex de 15 pr\u00e9-propositions au plus<br \/>\n&#8211; \u009720\/02\/2021: soumission des propositions finales (15 pages maximum tout compris, en anglais) et envoi \u00e0 l&#8217;IAC pour \u00e9valuation<br \/>\n&#8211; \u0097d\u00e9but avril 2021: s\u00e9lection finale par le CA de CominLabs<\/p>\n<p><em>Message du 03\/11\/2020<\/em><\/p>\n<p>Rappel: la date butoir de soumission de manifestations d&#8217;int\u00e9r\u00eat concernant l&#8217;appel \u00e0 projets CominLabs 2021 est le <b>15 novembre au soir<\/b>. Cette \u00e9tape est <strong>obligatoire<\/strong> pour concourir \u00e0 cet appel.<\/p>\n<p>Les soumissions devront \u00eatre envoy\u00e9es \u00e0 l&#8217;adresse <b><a class=\"moz-txt-link-abbreviated\" href=\"mailto:cominlabs-burex@inria.fr\">cominlabs-burex@inria.fr<\/a><\/b><\/p>\n<p>La manifestation d\u2019int\u00e9r\u00eat doit comporter au maximum 4 pages au format libre et \u00eatre soumise au format pdf.<br \/>\nAu d\u00e9but de la premi\u00e8re page devront \u00eatre mentionn\u00e9s a minima les points suivants:<br \/>\n&#8211; acronyme du projet et sous-titre d\u00e9velopp\u00e9<br \/>\n&#8211; nom du responsable scientifique avec adresse \u00e9lectronique pour envoi des commentaires des membres du burex<br \/>\n&#8211; liste des permanents impliqu\u00e9s dans la proposition avec \u00e9quipe, laboratoire et \u00e9tablissement employeur pour chacun(e)<br \/>\n&#8211; montant global du budget demand\u00e9 envisag\u00e9<br \/>\n&#8211; fili\u00e8re \u00e0 laquelle la proposition \u00e9marge (\u00e9ventuellement une fili\u00e8re secondaire si opportun), consulter au besoin la page <a class=\"moz-txt-link-freetext\" href=\"https:\/\/cominlabs.inria.fr\/research-tracks\/\">https:\/\/cominlabs.inria.fr\/research-tracks\/<\/a><\/p>\n<p>Veiller \u00e0 bien positionner l&#8217;originalit\u00e9 de la proposition dans l&#8217;\u00e9tat de l&#8217;art international concern\u00e9, ses enjeux, les approches envisag\u00e9es pour attaquer les verrous identifi\u00e9s, les retomb\u00e9es esp\u00e9r\u00e9es, les applications possibles.<br \/>\nR\u00e9diger dans un premier paragraphe un descriptif court qui permette de situer votre projet \u00e0 destination de non experts de votre sujet.<\/p>\n<p>Comme toujours, nous souhaitons financer et soutenir des projets de recherche &#8220;qui ne pourraient pas se faire sans le concours de CominLabs&#8221;. L&#8217;interdisciplinarit\u00e9 au sens large et le montage de consortium rapprochant de mani\u00e8re nouvelle des \u00e9quipes aux expertises compl\u00e9mentaires sont aussi appr\u00e9ci\u00e9s. A ce stade, vous recevrez par messagerie des commentaires \u00e9manant de membres du burex \u00e0 titre individuel.<\/p>\n<p>Il ne s&#8217;agira que de commentaires visant \u00e0 vous aider dans le montage de votre proposition. Ils n&#8217;engageront pas coll\u00e9gialement le burex et leur prise en compte ne garantira pas la pr\u00e9s\u00e9lection de la proposition courte.<\/p>\n<p><em>Message du 09\/11\/2020<\/em><\/p>\n<p>Je vous rappelle que la premi\u00e8re \u00e9tape de l&#8217;AAP 2021 CominLabs, \u00e0 savoir le d\u00e9p\u00f4t d&#8217;une manifestation d&#8217;int\u00e9r\u00eat (MI) va se clore le <b>15 novembre au soir<\/b>. Il est <b>indispensable de r\u00e9pondre<\/b> <b>\u00e0 cette premi\u00e8re \u00e9tape pour participer ensuite \u00e0 cet appel<\/b>.<br \/>\nVous devez envoyer par messagerie votre MI au format pdf (4 pages max) \u00e0 l&#8217;adresse: <a class=\"moz-txt-link-abbreviated\" href=\"mailto:cominlabs-burex@inria.fr\">cominlabs-burex@inria.fr<\/a><\/p>\n<p>Je tiens \u00e9galement \u00e0 souligner qu&#8217;il s&#8217;agit du d\u00e9p\u00f4t d&#8217;une manifestation d&#8217;int\u00e9r\u00eat et que cette \u00e9tape va permettre un \u00e9change avec le burex. La pr\u00e9-s\u00e9lection n&#8217;interviendra qu&#8217;\u00e0 la seconde \u00e9tape, apr\u00e8s le d\u00e9p\u00f4t des propositions courtes dont la date butoir est elle le 21 d\u00e9cembre 2020. Aussi, il n&#8217;est pas n\u00e9cessairement attendu une proposition compl\u00e8tement ficel\u00e9e. Vous pouvez m\u00eame y ins\u00e9rer des questions \u00e0 destination du burex. Cette \u00e9tape est une \u00e9tape de &#8220;coconstruction&#8221; pour vous aider \u00e0 \u00e9laborer au mieux votre proposition.<\/p>\n<p>A nouveau,\u00a0la manifestation d&#8217;int\u00e9r\u00eat constitue la premi\u00e8re \u00e9tape du processus, sans enjeu de pr\u00e9-s\u00e9lection \u00e0 ce stade mais avec l&#8217;id\u00e9e de &#8220;coconstruction&#8221; ou d&#8217;aide au montage. Concernant le document de MI, sa longueur doit \u00eatre de 4 pages maximum tout compris, y compris les \u00e9ventuelles r\u00e9f\u00e9rences.<\/p>\n<p>Pour faciliter notre gestion de l&#8217;appel, merci de suivre la consigne suivante pour la d\u00e9nomination de votre fichier pdf: MI_AcronymeProjet_AAP2021.pdf<\/p>\n<p><em>Message du 07\/12\/2020<\/em><\/p>\n<p>Vous avez tous(tes) re\u00e7u 2 \u00e0 3 retours pour vos manifestations d&#8217;int\u00e9r\u00eat (MI).<br \/>\nComme je l&#8217;avais d\u00e9j\u00e0 indiqu\u00e9, il ne s&#8217;agit pas de recommandations prescriptives (sauf si cela concerne des questions d&#8217;\u00e9ligibilit\u00e9 ou de budget),<br \/>\nmais de conseils (a priori utiles!) pour vous aider \u00e0 construire au mieux vos propositions. A vous d&#8217;en tenir compte \u00e0 votre guise.<br \/>\nR\u00e9ciproquement, les suivre ne garantit pas que la proposition sera n\u00e9cessairement pr\u00e9s\u00e9lectionn\u00e9e!<\/p>\n<p>Je rappelle que CominLabs a pour politique forte de privil\u00e9gier des projets collaboratifs, originaux et risqu\u00e9s, rassemblant des comp\u00e9tences compl\u00e9mentaires, ne r\u00e9pondant pas \u00e0 des appels classiques, bref, selon la formule consacr\u00e9e<br \/>\n&#8220;des projets qui ne pas pourraient pas exister sans CominLabs&#8221;.<\/p>\n<p>Vous avez jusqu&#8217;au <b>21\/12\/2020 minuit au plus tard <\/b>(aucune soumission ne sera accept\u00e9e apr\u00e8s cette date)<br \/>\npour soumettre votre proposition courte sur le site EasyChair suivant:<\/p>\n<p><a class=\"moz-txt-link-freetext\" href=\"https:\/\/easychair.org\/conferences\/?conf=cominlabsprojects202\">https:\/\/easychair.org\/conferences\/?conf=cominlabsprojects202<\/a><\/p>\n<p>La proposition courte doit comporter <b>5 pages au plus<\/b> TOUT COMPRIS<br \/>\n(une sixi\u00e8me page ne comprenant que des r\u00e9f\u00e9rences bibliographiques pourra cependant \u00eatre ajout\u00e9e),<br \/>\net devra \u00eatre soumise au <b>format pdf mono-colonne<\/b>.<br \/>\nUne proposition d\u00e9passant ce nombre de pages ne sera pas accept\u00e9e.<\/p>\n<p>Le format est libre, mais ne tassez pas trop la mise en page qui doit rester a\u00e9r\u00e9e pour que lecture en soit ais\u00e9e<br \/>\n(n&#8217;oubliez pas que cela peut en influencer l&#8217;\u00e9valuation!).<br \/>\nSi la proposition courte peut \u00eatre r\u00e9dig\u00e9e en fran\u00e7ais ou en anglais, sachez que si elle est pr\u00e9s\u00e9lectionn\u00e9e,<br \/>\nla proposition longue devra elle \u00eatre obligatoirement r\u00e9dig\u00e9e en anglais.<\/p>\n<p>La proposition doit OBLIGATOIREMENT comporter au moins les informations suivantes:<br \/>\n&#8211; acronyme et sous-titre d\u00e9velopp\u00e9,<br \/>\n&#8211; nom du responsable scientifique du projet,<br \/>\n&#8211; composition du consortium (permanents impliqu\u00e9s, laboratoires et \u00e9tablissements),<br \/>\n&#8211; r\u00e9sum\u00e9 de 7-8 lignes de la proposition compr\u00e9hensible par des non-experts du probl\u00e8me trait\u00e9,<br \/>\n&#8211; montant de la demande budg\u00e9taire totale avec sa d\u00e9clinaison par postes de d\u00e9pense,<br \/>\nIndiquez les \u00e9tablissements contractants. Attention, les co\u00fbts des doctorants, postdoctorants et ing\u00e9nieurs CDD,<br \/>\nDOIVENT correspondre aux salaires pratiqu\u00e9s par les \u00e9tablissements qui en seront les employeurs si le projet est accept\u00e9 in fine.<br \/>\nMentionnez EN PLUS les \u00e9ventuels cofinancements D\u00c9J\u00c0 acquis avec leurs montants.<br \/>\n&#8211; descriptif de son contenu scientifique, avec au moins l&#8217;identification claire du probl\u00e8me trait\u00e9, ses verrous, les approches envisag\u00e9es,<br \/>\nson originalit\u00e9, son positionnement dans le contexte international, les applications possibles et les retomb\u00e9es envisag\u00e9es.<\/p>\n<p><em>Message du 05\/02\/2021<br \/>\n<\/em><\/p>\n<p>Voil\u00e0 quelques rappels et consignes pour la r\u00e9daction de vos propositions longues.<br \/>\n&#8211; La date butoir de soumission est le <b>20\/02\/2021 au soir<\/b> (minuit).<br \/>\n&#8211; Comme pour la proposition courte, inclure au d\u00e9but de la premi\u00e8re page de document les informations suivantes de mani\u00e8re bien lisible:<br \/>\nacronyme et sous-titre d\u00e9velopp\u00e9, nom du responsable scientifique du projet, composition du consortium (permanents impliqu\u00e9s, laboratoires et \u00e9tablissements), r\u00e9sum\u00e9 de 7-8 lignes de la proposition compr\u00e9hensible par des non-experts du probl\u00e8me trait\u00e9, montant de la demande budg\u00e9taire totale. Cela sera la fiche signal\u00e9tique du projet.<br \/>\n&#8211; Quand vous soumettrez votre proposition sous easychair, indiquez bien dans le titre l&#8217;acronyme du projet et le sous-titre d\u00e9velopp\u00e9. Cela nous facilitera la gestion ult\u00e9rieure des soumissions.<br \/>\n&#8211; Les membres IAC qui vont \u00e9valuer vos propositions sont entre autres sensibles aux points suivants: positionnement par rapport \u00e0 l&#8217;\u00e9tat de l&#8217;art, originalit\u00e9 de l&#8217;approche, impacts et retomb\u00e9es attendus sur le plan m\u00e9thodologique et sur le plan applicatif (si ce dernier fait sens), organisation et structuration du projet, \u00e9l\u00e9ments de CV pour le responsable scientifique et les principaux acteurs du projet (au besoin donner un pointeur sur vos pages web personnelles). Penser \u00e0 bien renseigner ces aspects.<br \/>\n&#8211; Ne pas inclure de budget d\u00e9taill\u00e9 dans le corps du texte, vous avez les tableaux, que je vous ai envoy\u00e9s, \u00e0 remplir et \u00e0 placer en annexe qui n&#8217;est pas comptabilis\u00e9e dans les 15 pages autoris\u00e9es. Par contre, inclure un paragraphe dans le texte d\u00e9volu au budget, en y rappelant le montant total d&#8217;aide demand\u00e9e, sa r\u00e9partition par grands postes de d\u00e9penses, et renvoyer sur les tableaux en annexe pour les d\u00e9tails, notamment pour sa r\u00e9partition partenaire par partenaire. De plus, dans ce paragraphe du texte, commenter et justifier, vos choix budg\u00e9taires (vos demandes de ressources, notamment en moyens humains). C&#8217;est le moyen de traiter la question de l&#8217;ad\u00e9quation entre travaux envisag\u00e9s et moyens demand\u00e9s.<br \/>\n&#8211; Les r\u00e9f\u00e9rences bibliographiques sont comptabilis\u00e9es dans les 15 pages autoris\u00e9es.<br \/>\n&#8211; La dur\u00e9e du contrat ne pourra pas d\u00e9passer fin 2024. Le labex a \u00e9t\u00e9 prolong\u00e9 jusqu&#8217;\u00e0 fin 2024. Donc les d\u00e9penses ne sont \u00e9ligibles que jusque fin 2024. Il faut construire le projet en cons\u00e9quence (les th\u00e8ses devront d\u00e9buter \u00e0 la rentr\u00e9e universitaire 2021 notamment). On ne saura au mieux qu&#8217;en 2023 si une extension d&#8217;\u00e9ligibilit\u00e9 des d\u00e9penses pourrait nous \u00eatre accord\u00e9e par l&#8217;ANR.<\/p>\n","protected":false},"excerpt":{"rendered":"<p>Calendrier AAP 2021 CominLabs &#8211; jusqu&#8217;au 15\/11\/2020: d\u00e9p\u00f4t d&#8217;une manifestation d&#8217;int\u00e9r\u00eat (format libre, mais pas plus de 4 pages tout compris) &#8211; \u0097jusqu&#8217;au 05\/12\/2020: envois\u2026<\/p>\n<p> <a class=\"continue-reading-link\" href=\"https:\/\/project.inria.fr\/cominlabs\/call-for-projects-2021\/\"><span>Continue reading<\/span><i class=\"crycon-right-dir\"><\/i><\/a> <\/p>\n","protected":false},"author":1754,"featured_media":0,"parent":0,"menu_order":0,"comment_status":"closed","ping_status":"closed","template":"","meta":{"footnotes":""},"class_list":["post-772","page","type-page","status-publish","hentry"],"_links":{"self":[{"href":"https:\/\/project.inria.fr\/cominlabs\/wp-json\/wp\/v2\/pages\/772","targetHints":{"allow":["GET"]}}],"collection":[{"href":"https:\/\/project.inria.fr\/cominlabs\/wp-json\/wp\/v2\/pages"}],"about":[{"href":"https:\/\/project.inria.fr\/cominlabs\/wp-json\/wp\/v2\/types\/page"}],"author":[{"embeddable":true,"href":"https:\/\/project.inria.fr\/cominlabs\/wp-json\/wp\/v2\/users\/1754"}],"replies":[{"embeddable":true,"href":"https:\/\/project.inria.fr\/cominlabs\/wp-json\/wp\/v2\/comments?post=772"}],"version-history":[{"count":14,"href":"https:\/\/project.inria.fr\/cominlabs\/wp-json\/wp\/v2\/pages\/772\/revisions"}],"predecessor-version":[{"id":2324,"href":"https:\/\/project.inria.fr\/cominlabs\/wp-json\/wp\/v2\/pages\/772\/revisions\/2324"}],"wp:attachment":[{"href":"https:\/\/project.inria.fr\/cominlabs\/wp-json\/wp\/v2\/media?parent=772"}],"curies":[{"name":"wp","href":"https:\/\/api.w.org\/{rel}","templated":true}]}}