

{"id":346,"date":"2014-12-15T09:05:36","date_gmt":"2014-12-15T09:05:36","guid":{"rendered":"https:\/\/compsysbio.inria.fr\/?page_id=55"},"modified":"2017-03-13T17:23:28","modified_gmt":"2017-03-13T16:23:28","slug":"invited-speakers","status":"publish","type":"page","link":"https:\/\/project.inria.fr\/compsysbio2017\/invited-speakers\/","title":{"rendered":"Invited speakers"},"content":{"rendered":"<p><\/p>\n<h4>Plenary lecturers<\/h4>\n<ul>\n<li>\n<h6><strong><a href=\"http:\/\/www.theosysbio.bio.ic.ac.uk\/people\/ann-babtie\/\" target=\"_blank\">Ann BABTIE<\/a><\/strong><strong><br \/>\n<\/strong>Imperial College, London, UK<\/h6>\n<\/li>\n<li>\n<h6><strong><a href=\"http:\/\/gingproc.iim.csic.es\/~julio\/\" target=\"_blank\">Julio BANGA<\/a><\/strong><strong><br \/>\n<\/strong>CSIC, Vigo, Spain<\/h6>\n<\/li>\n<li>\n<h6><strong><a href=\"http:\/\/www.iamruthbaker.com\/\" target=\"_blank\">Ruth BAKER<\/a><\/strong><strong><br \/>\n<\/strong>The University of Oxford, UK<\/h6>\n<\/li>\n<li>\n<h6><strong><a href=\"http:\/\/www.ulb.ac.be\/sciences\/utc\/DUPONT\/gdupont.html\" target=\"_blank\">Genevi\u00e8ve DUPONT<\/a><\/strong><strong><br \/>\n<\/strong>Free University, Brussels, Belgium<\/h6>\n<\/li>\n<li>\n<h6><strong><a href=\"http:\/\/elsamadlab.ucsf.edu\" target=\"_blank\">Hana EL-SAMAD<\/a><\/strong><strong><br \/>\n<\/strong>University of California, San Francisco, USA<\/h6>\n<\/li>\n<li>\n<h6><strong><a href=\"http:\/\/www.igc.gulbenkian.pt\/igordo\" target=\"_blank\">Isabel GORDO<br \/>\n<\/a><\/strong>Gulbenkian Institute, Lisbon, Portugal<\/h6>\n<\/li>\n<li>\n<h6><strong><a href=\"http:\/\/dbkgroup.org\/dbk.htm\" target=\"_blank\">Douglas KELL<\/a><\/strong><strong><br \/>\n<\/strong>University of Manchester, UK<\/h6>\n<\/li>\n<li>\n<h6><strong><a href=\"http:\/\/www.davidrand.co.uk\/\">David RAND<\/a><\/strong><br \/>\nUniversity of Warwick, UK<\/h6>\n<\/li>\n<li>\n<h6><strong><a href=\"https:\/\/www.bsse.ethz.ch\/department\/people\/detail-person.html?persid=160309\" target=\"_blank\">Tanja STADLER<\/a><\/strong><strong><br \/>\n<\/strong>ETH Z\u00fcrich, Switzerland<\/h6>\n<\/li>\n<li>\n<h6><strong><a href=\"http:\/\/www.csb.ethz.ch\" target=\"_blank\">J\u00f6rg STELLING<\/a><\/strong><strong><br \/>\n<\/strong>ETH Z\u00fcrich, Switzerland<\/h6>\n<\/li>\n<li>\n<h6><strong><a href=\"https:\/\/amolf.nl\/research-groups\/biochemical-networks\" target=\"_blank\">Pieter Rein TEN WOLDE<\/a><\/strong><strong><br \/>\n<\/strong>AMOLF, Amsterdam, The Netherlands<\/h6>\n<\/li>\n<li>\n<h6><strong><a href=\"http:\/\/www.phys.ens.fr\/~awalczak\/\">Aleksandra WALCZAK<br \/>\n<\/a><\/strong>ENS Paris, France<\/h6>\n<\/li>\n<\/ul>\n<h5>Afternoon blackboard teaching and hands-on sessions will be given by<\/h5>\n<ul>\n<li>\n<h6 style=\"text-align: left;\"><strong><a href=\"http:\/\/contraintes.inria.fr\/~batt\/home.html\" target=\"_blank\">Gregory BATT<br \/>\n<\/a><\/strong>INRIA Saclay &#8211; Ile-de-France<br \/>\nand Pasteur Institute, Paris, France<\/h6>\n<\/li>\n<li>\n<h6><strong><a href=\"http:\/\/bruggemanlab.nl\/\" target=\"_blank\">Frank BRUGGEMAN<\/a><br \/>\n<\/strong>Free University, Amsterdam, The Netherlands<\/h6>\n<\/li>\n<li>\n<h6><strong><a href=\"http:\/\/compbio.igc.gulbenkian.pt\/nmd\/node\/23\" target=\"_blank\">Claudine CHAOUIYA<\/a><br \/>\n<\/strong>Gulbenkian Institute, Lisbon, Portugal<\/h6>\n<\/li>\n<li>\n<h6 style=\"text-align: justify;\"><strong><a href=\"https:\/\/team.inria.fr\/ibis\/\">Eugenio CINQUEMANI<\/a><\/strong><br \/>\nINRIA, Grenoble, France<\/h6>\n<\/li>\n<li>\n<h6><strong><a href=\"https:\/\/team.inria.fr\/ibis\/\" target=\"_blank\">Hidde DE JONG<\/a><br \/>\n<\/strong>INRIA Grenoble, France<\/h6>\n<\/li>\n<li>\n<h6><strong><a href=\"https:\/\/www2.hu-berlin.de\/biologie\/theorybp\/index.php\" target=\"_blank\">Markus KRANTZ<\/a><br \/>\n<\/strong>Humboldt University, Berlin, Germany<\/h6>\n<\/li>\n<\/ul>\n<p><!-- \t\n\n<li>\n\n\n<h6><strong><a href=\"http:\/\/www.lps.ens.fr\/~cocco\/\" target=\"_blank\">Simona Cocco<\/a><\/strong><strong>\n<\/strong>Ecole Normale Sup\u00e9rieure, Paris, France<\/h6>\n\n\n<\/li>\n\n\n \t\n\n<li>\n\n\n<h6><strong><span style=\"color: #000000;\"><a href=\"http:\/\/homepages.inf.ed.ac.uk\/vdanos\/\" target=\"_blank\">Vincent Danos\n<\/a><\/span><\/strong><span style=\"color: #000000;\">Ecole Normale Sup\u00e9rieure, Paris, France<\/span><\/h6>\n\n\n<\/li>\n\n\n \t\n\n<li>\n\n\n<h6><strong><a href=\"http:\/\/dsb.upf.edu\" target=\"_blank\">Jordi Garcia-Ojalvo<\/a>\n<\/strong>Universitat Pompeu Fabra, Barcelona, Spain<\/h6>\n\n\n<\/li>\n\n\n \t\n\n<li>\n\n\n<h6><strong><a href=\"https:\/\/team.inria.fr\/virtualplants\/christophe-godin\/\" target=\"_blank\">Christophe Godin<\/a>\n<\/strong>INRIA Montpellier, France<\/h6>\n\n\n<\/li>\n\n\n \t\n\n<li>\n\n\n<h6><strong><a href=\"http:\/\/nibelung.bioquant.uni-heidelberg.de\/Welcome.html\" target=\"_blank\">Thomas H\u00f6fer<\/a>\n<\/strong>DKFZ, Heidelberg, Germany<\/h6>\n\n\n<\/li>\n\n\n \t\n\n<li>\n\n\n<h6><strong><a href=\"http:\/\/www.bsse.ethz.ch\/ctsb\" target=\"_blank\">Mustafa Khammash<\/a>\n<\/strong>ETH Z\u00fcrich, Switzerland<\/h6>\n\n\n<\/li>\n\n\n \t\n\n<li>\n\n\n<h6><strong><a href=\"https:\/\/www2.hu-berlin.de\/biologie\/theorybp\/\" target=\"_blank\">Edda Klipp<\/a>\n<\/strong>Humboldt Universit\u00e4t Berlin, Germany<\/h6>\n\n\n<\/li>\n\n\n \t\n\n<li>\n\n\n<h6><strong><a href=\"http:\/\/molinalab.bio.ed.ac.uk\/home.html\" target=\"_blank\">Nacho Molina<\/a>\n<\/strong><span style=\"color: #000000;\">University of Edinburgh, UK<\/span><\/h6>\n\n\n<\/li>\n\n\n \t\n\n<li>\n\n\n<h6><strong><a href=\"http:\/\/www.cytosim.org\" target=\"_blank\">Fran\u00e7ois N\u00e9d\u00e9lec<\/a>\n<\/strong>EMBL Heidelberg, Germany<\/h6>\n\n\n<\/li>\n\n\n \t\n\n<li>\n\n\n<h6><strong><a href=\"http:\/\/mpf.biol.vt.edu\/lab_website\/\" target=\"_blank\">John Tyson<\/a>\n<\/strong>VirginiaTech, Blacksburg, VA, USA<\/h6>\n\n\n<\/li>\n\n\n \t\n\n<li>\n\n\n<h6><strong><a href=\"http:\/\/www.falw.vu\/~microb\/mcf\/personnel\/htm\/westerhoff.html\" target=\"_blank\">Hans Westerhoff<\/a>\n<\/strong>Vrije Univeristeit Amsterdam, The Netherlands<\/h6>\n\n\n<\/li>\n\n\n--><\/p>","protected":false},"excerpt":{"rendered":"<p>Plenary lecturers Ann BABTIE Imperial College, London, UK Julio BANGA CSIC, Vigo, Spain Ruth BAKER The University of Oxford, UK Genevi\u00e8ve DUPONT Free University, Brussels, Belgium Hana EL-SAMAD University of California, San Francisco, USA Isabel GORDO Gulbenkian Institute, Lisbon, Portugal Douglas KELL University of Manchester, UK David RAND University of\u2026<\/p>\n<p> <a class=\"continue-reading-link\" href=\"https:\/\/project.inria.fr\/compsysbio2017\/invited-speakers\/\"><span>Continue reading<\/span><i class=\"crycon-right-dir\"><\/i><\/a> <\/p>\n","protected":false},"author":935,"featured_media":0,"parent":0,"menu_order":0,"comment_status":"closed","ping_status":"closed","template":"","meta":{"footnotes":""},"class_list":["post-346","page","type-page","status-publish","hentry"],"_links":{"self":[{"href":"https:\/\/project.inria.fr\/compsysbio2017\/wp-json\/wp\/v2\/pages\/346","targetHints":{"allow":["GET"]}}],"collection":[{"href":"https:\/\/project.inria.fr\/compsysbio2017\/wp-json\/wp\/v2\/pages"}],"about":[{"href":"https:\/\/project.inria.fr\/compsysbio2017\/wp-json\/wp\/v2\/types\/page"}],"author":[{"embeddable":true,"href":"https:\/\/project.inria.fr\/compsysbio2017\/wp-json\/wp\/v2\/users\/935"}],"replies":[{"embeddable":true,"href":"https:\/\/project.inria.fr\/compsysbio2017\/wp-json\/wp\/v2\/comments?post=346"}],"version-history":[{"count":33,"href":"https:\/\/project.inria.fr\/compsysbio2017\/wp-json\/wp\/v2\/pages\/346\/revisions"}],"predecessor-version":[{"id":521,"href":"https:\/\/project.inria.fr\/compsysbio2017\/wp-json\/wp\/v2\/pages\/346\/revisions\/521"}],"wp:attachment":[{"href":"https:\/\/project.inria.fr\/compsysbio2017\/wp-json\/wp\/v2\/media?parent=346"}],"curies":[{"name":"wp","href":"https:\/\/api.w.org\/{rel}","templated":true}]}}