

{"id":24,"date":"2014-12-08T22:36:27","date_gmt":"2014-12-08T22:36:27","guid":{"rendered":"https:\/\/compsysbio.inria.fr\/?page_id=24"},"modified":"2019-01-17T12:08:54","modified_gmt":"2019-01-17T11:08:54","slug":"committees","status":"publish","type":"page","link":"https:\/\/project.inria.fr\/compsysbio2019\/committees\/","title":{"rendered":"Committees"},"content":{"rendered":"<p><\/p>\n<h4 style=\"color: #333333;\">Scientific Committee<\/h4>\n<ul style=\"color: #2c2b2b;\">\n<li>Daniel Kahn, INRA \/ Universit\u00e9 de Lyon (chair)<\/li>\n<li>Ann Babtie, Imperial College, London<\/li>\n<li><span id=\"OBJ_PREFIX_DWT2101_com_zimbra_email\" class=\"addrBubble\" style=\"color: black;\">Gregory Batt, INRIA \/ Pasteur Institute, Paris<\/span><span id=\"OBJ_PREFIX_DWT2102_com_zimbra_email\" class=\"addrBubble\" style=\"color: black;\"><\/span><\/li>\n<li><span id=\"OBJ_PREFIX_DWT2103_com_zimbra_email\" class=\"addrBubble\" style=\"color: black;\">Frank Bruggeman, Free University, Amsterdam<\/span><\/li>\n<li><span id=\"OBJ_PREFIX_DWT2104_com_zimbra_email\" class=\"addrBubble\" style=\"color: black;\">Claudine Chaouiya, Gulbenkian Institute, Lisbon<\/span><\/li>\n<li>Anton Crombach, INRIA \/ Universit\u00e9 de Lyon<\/li>\n<li><span id=\"OBJ_PREFIX_DWT2107_com_zimbra_email\" class=\"addrBubble\" style=\"color: black;\">Hidde de Jong, INRIA \/ Universit\u00e9 Grenoble Alpes<br \/>\n<\/span><\/li>\n<li>Genevi\u00e8ve Dupont, <span id=\"OBJ_PREFIX_DWT2103_com_zimbra_email\" class=\"addrBubble\">Free University<\/span>, Brussels<\/li>\n<li><span id=\"OBJ_PREFIX_DWT2108_com_zimbra_email\" class=\"addrBubble\" style=\"color: black;\">Olivier Gandrillon, CNRS \/ <span id=\"zv__TV-SR-Mail-1__MSGmore_addrs_TO\" style=\"color: #333333;\"><span id=\"OBJ_PREFIX_DWT2112_com_zimbra_email\" class=\"addrBubble\" style=\"color: black;\">ENS Lyon<\/span><\/span><br \/>\n<\/span><\/li>\n<li>Jordi Garcia-Ojalvo,\u00a0University Pompeu Fabra, Barcelona<\/li>\n<li>Daniel Jost, CNRS \/ <span id=\"OBJ_PREFIX_DWT2107_com_zimbra_email\" class=\"addrBubble\">Universit\u00e9 Grenoble Alpes<br \/>\n<\/span><\/li>\n<li>Mustafa Khammash,\u00a0ETH, Z\u00fcrich<\/li>\n<li>Fran\u00e7ois N\u00e9d\u00e9lec, EMBL, Heidelberg<\/li>\n<li>Jean Peccoud, Colorado State University<\/li>\n<li>David Rand, University of Warwick<\/li>\n<li>Denis Thieffry, <span id=\"zv__TV-SR-Mail-1__MSGmore_addrs_TO\" style=\"color: #333333;\"><span id=\"OBJ_PREFIX_DWT2112_com_zimbra_email\" class=\"addrBubble\" style=\"color: black;\">ENS Paris<\/span><\/span><\/li>\n<li>John Tyson, Virginia Tech<\/li>\n<li>Aleksandra Walczak, CNRS \/ <span id=\"zv__TV-SR-Mail-1__MSGmore_addrs_TO\" style=\"color: #333333;\"><span id=\"OBJ_PREFIX_DWT2112_com_zimbra_email\" class=\"addrBubble\" style=\"color: black;\">ENS Paris<\/span><\/span><\/li>\n<li>Andrea Weisse, Imperial College, London<\/li>\n<\/ul>\n<h4 style=\"color: #333333;\">Organization Committee<\/h4>\n<ul style=\"color: #2c2b2b;\">\n<li>Daniel Kahn, INRA \/\u00a0Universit\u00e9 de Lyon (chair)<\/li>\n<li>Betty Bigai, CNRS \/ Universit\u00e9 de Lyon<\/li>\n<li>Anton Crombach, INRIA \/ Universit\u00e9 de Lyon<span id=\"OBJ_PREFIX_DWT2102_com_zimbra_email\" class=\"addrBubble\" style=\"color: black;\"><\/span><\/li>\n<li><span id=\"OBJ_PREFIX_DWT2107_com_zimbra_email\" class=\"addrBubble\">Hidde de Jong, INRIA \/ Universit\u00e9 Grenoble Alpes<\/span><span id=\"OBJ_PREFIX_DWT2107_com_zimbra_email\" class=\"addrBubble\" style=\"color: black;\"><\/span><\/li>\n<li><span id=\"OBJ_PREFIX_DWT2108_com_zimbra_email\" class=\"addrBubble\" style=\"color: black;\">Olivier Gandrillon, CNRS \/ <span id=\"zv__TV-SR-Mail-1__MSGmore_addrs_TO\" style=\"color: #333333;\"><span id=\"OBJ_PREFIX_DWT2112_com_zimbra_email\" class=\"addrBubble\" style=\"color: black;\">ENS Lyon<\/span><\/span><br \/>\n<\/span><\/li>\n<li>Daniel Jost, CNRS \/ <span id=\"OBJ_PREFIX_DWT2107_com_zimbra_email\" class=\"addrBubble\">Universit\u00e9 Grenoble Alpes<br \/>\n<\/span><\/li>\n<li><span id=\"zv__TV-SR-Mail-1__MSGmore_addrs_TO\" style=\"color: #333333;\"><span id=\"OBJ_PREFIX_DWT2112_com_zimbra_email\" class=\"addrBubble\" style=\"color: black;\">Denis Thieffry, ENS Paris<\/span><\/span><\/li>\n<\/ul>\n<p><\/p>","protected":false},"excerpt":{"rendered":"<p>Scientific Committee Daniel Kahn, INRA \/ Universit\u00e9 de Lyon (chair) Ann Babtie, Imperial College, London Gregory Batt, INRIA \/ Pasteur Institute, Paris Frank Bruggeman, Free University, Amsterdam Claudine Chaouiya, Gulbenkian Institute, Lisbon Anton Crombach, INRIA \/ Universit\u00e9 de Lyon Hidde de Jong, INRIA \/ Universit\u00e9 Grenoble Alpes Genevi\u00e8ve Dupont, Free\u2026<\/p>\n<p> <a class=\"continue-reading-link\" href=\"https:\/\/project.inria.fr\/compsysbio2019\/committees\/\"><span>Continue reading<\/span><i class=\"crycon-right-dir\"><\/i><\/a> <\/p>\n","protected":false},"author":935,"featured_media":0,"parent":0,"menu_order":0,"comment_status":"closed","ping_status":"closed","template":"","meta":{"footnotes":""},"class_list":["post-24","page","type-page","status-publish","hentry"],"_links":{"self":[{"href":"https:\/\/project.inria.fr\/compsysbio2019\/wp-json\/wp\/v2\/pages\/24","targetHints":{"allow":["GET"]}}],"collection":[{"href":"https:\/\/project.inria.fr\/compsysbio2019\/wp-json\/wp\/v2\/pages"}],"about":[{"href":"https:\/\/project.inria.fr\/compsysbio2019\/wp-json\/wp\/v2\/types\/page"}],"author":[{"embeddable":true,"href":"https:\/\/project.inria.fr\/compsysbio2019\/wp-json\/wp\/v2\/users\/935"}],"replies":[{"embeddable":true,"href":"https:\/\/project.inria.fr\/compsysbio2019\/wp-json\/wp\/v2\/comments?post=24"}],"version-history":[{"count":19,"href":"https:\/\/project.inria.fr\/compsysbio2019\/wp-json\/wp\/v2\/pages\/24\/revisions"}],"predecessor-version":[{"id":681,"href":"https:\/\/project.inria.fr\/compsysbio2019\/wp-json\/wp\/v2\/pages\/24\/revisions\/681"}],"wp:attachment":[{"href":"https:\/\/project.inria.fr\/compsysbio2019\/wp-json\/wp\/v2\/media?parent=24"}],"curies":[{"name":"wp","href":"https:\/\/api.w.org\/{rel}","templated":true}]}}