

{"id":346,"date":"2014-12-15T09:05:36","date_gmt":"2014-12-15T09:05:36","guid":{"rendered":"https:\/\/compsysbio.inria.fr\/?page_id=55"},"modified":"2019-03-18T11:27:09","modified_gmt":"2019-03-18T10:27:09","slug":"invited-speakers","status":"publish","type":"page","link":"https:\/\/project.inria.fr\/compsysbio2019\/invited-speakers\/","title":{"rendered":"Invited speakers"},"content":{"rendered":"<p><\/p>\n<h4>Plenary lecturers<\/h4>\n<ul>\n<li>\n<h6><a href=\"http:\/\/www.gorelab.org\/\"><strong>Jeff Gore<\/strong><\/a><strong><br \/>\n<\/strong>Massachusetts Institute of Technology, Boston<\/h6>\n<\/li>\n<li>\n<h6><a href=\"http:\/\/www.ecm.ub.es\/nonlinphys\/english\/membres\/ibanes.html\"><strong>Marta Iba\u00f1es<\/strong><\/a><strong><br \/>\n<\/strong>University of Barcelona<\/h6>\n<\/li>\n<li>\n<h6><a href=\"https:\/\/www.bsse.ethz.ch\/cobi\/group\/people\/person-detail.html?persid=149424\"><strong>Dagmar Iber<\/strong><\/a><strong><br \/>\n<\/strong>ETHZ, Basel<\/h6>\n<\/li>\n<li>\n<h6><strong><a href=\"https:\/\/naef-lab.epfl.ch\/\">Felix Na\u00ebf<\/a><br \/>\n<\/strong>EPFL, Lausanne<\/h6>\n<\/li>\n<li>\n<h6><strong><a href=\"https:\/\/sites.google.com\/view\/oteromuras\">Irene Otero-Muras<\/a><br \/>\n<\/strong>Spanish National Research Council, Vigo<\/h6>\n<\/li>\n<li>\n<h6><a href=\"http:\/\/sysos.eng.ox.ac.uk\/wiki\/index.php\/User:Antonis\"><strong>Antonis Papachristodoulou<\/strong><\/a><br \/>\nUniversity of Oxford<\/h6>\n<\/li>\n<li>\n<h6><a href=\"http:\/\/www.physics.rockefeller.edu\/siggia\/\"><strong>Eric Siggia<\/strong><\/a><strong><br \/>\n<\/strong>Rockefeller University, New York<\/h6>\n<\/li>\n<li>\n<h6><a href=\"https:\/\/warwick.ac.uk\/fac\/sci\/lifesci\/people\/osoyer\/\"><strong>Orkun Soyer<\/strong><\/a><strong><br \/>\n<\/strong>University of Warwick<\/h6>\n<\/li>\n<li>\n<h6><strong><a href=\"https:\/\/www.imperial.ac.uk\/people\/andrea.weisse\">Andrea Weisse<\/a><a href=\"http:\/\/www.theosysbio.bio.ic.ac.uk\/people\/michael-stumpf\/\"><br \/>\n<\/a><\/strong>Imperial College, London<\/h6>\n<\/li>\n<li>\n<h6><strong><a href=\"https:\/\/www.mdc-berlin.de\/training\/phd_program\/People\/Faculty\/Faculty_info\/Research_Groups\/Wolf\">Jana Wolf<\/a><a href=\"http:\/\/www.theosysbio.bio.ic.ac.uk\/people\/michael-stumpf\/\"><br \/>\n<\/a><\/strong>Max Delbr\u00fcck Center for Molecular Medicine, Berlin<\/h6>\n<\/li>\n<li>\n<h6><a href=\"http:\/\/www.imsb.ethz.ch\/research\/zampieri-group\/research.html\"><strong>Mattia Zampieri<\/strong><\/a><strong><br \/>\n<\/strong>ETH Z\u00fcrich<\/h6>\n<\/li>\n<\/ul>\n<h5>Afternoon blackboard teaching and hands-on sessions will be given by<\/h5>\n<ul>\n<li>\n<h6><strong><a href=\"http:\/\/compbio.igc.gulbenkian.pt\/nmd\/node\/23\" target=\"_blank\" rel=\"noopener\">Claudine Chaouiya<\/a><br \/>\n<\/strong>Gulbenkian Institute, Lisbon<\/h6>\n<\/li>\n<li>\n<h6><strong><a href=\"https:\/\/team.inria.fr\/ibis\/\" target=\"_blank\" rel=\"noopener\">Hidde de Jong<\/a><br \/>\n<\/strong>INRIA Grenoble<\/h6>\n<\/li>\n<li>\n<h6><strong><a href=\"http:\/\/genome.jouy.inra.fr\/~agoelzer\/\" target=\"_blank\" rel=\"noopener\">Anne Goelzer<\/a><br \/>\n<\/strong>INRA Jouy en Josas<\/h6>\n<\/li>\n<li>\n<h6><strong><a href=\"https:\/\/www.bsse.ethz.ch\/ctsb\" target=\"_blank\" rel=\"noopener\">Mustafa Khammash<\/a><br \/>\n<\/strong>ETHZ, Basel<\/h6>\n<\/li>\n<li>\n<h6><strong><a href=\"http:\/\/genome.jouy.inra.fr\/~wliebermeis\/index_en.html\" target=\"_blank\" rel=\"noopener\">Wolfram Liebermeister<\/a><br \/>\n<\/strong>INRA Jouy en Josas<\/h6>\n<\/li>\n<li>\n<h6><strong><a href=\"http:\/\/www.cytosim.org\/\" target=\"_blank\" rel=\"noopener\">Fran\u00e7ois N\u00e9d\u00e9lec<\/a><br \/>\n<\/strong>EMBL Heidelberg<\/h6>\n<\/li>\n<li>\n<h6><strong><a href=\"https:\/\/research.pasteur.fr\/en\/member\/jakob-ruess\/\" target=\"_blank\" rel=\"noopener\">Jakob Ruess<\/a><br \/>\n<\/strong>INRIA Saclay, Paris<\/h6>\n<\/li>\n<\/ul>\n<p><!--\n \t\n\n<li>\n\n\n<h6><strong><a href=\"http:\/\/www.lps.ens.fr\/~cocco\/\" target=\"_blank\">Simona Cocco<\/a><\/strong><strong>\n<\/strong>Ecole Normale Sup\u00e9rieure, Paris, France<\/h6>\n\n\n<\/li>\n\n\n \t\n\n<li>\n\n\n<h6><strong><span style=\"color: #000000;\"><a href=\"http:\/\/homepages.inf.ed.ac.uk\/vdanos\/\" target=\"_blank\">Vincent Danos\n<\/a><\/span><\/strong><span style=\"color: #000000;\">Ecole Normale Sup\u00e9rieure, Paris, France<\/span><\/h6>\n\n\n<\/li>\n\n\n \t\n\n<li>\n\n\n<h6><strong><a href=\"http:\/\/dsb.upf.edu\" target=\"_blank\">Jordi Garcia-Ojalvo<\/a>\n<\/strong>Universitat Pompeu Fabra, Barcelona, Spain<\/h6>\n\n\n<\/li>\n\n\n \t\n\n<li>\n\n\n<h6><strong><a href=\"https:\/\/team.inria.fr\/virtualplants\/christophe-godin\/\" target=\"_blank\">Christophe Godin<\/a>\n<\/strong>INRIA Montpellier, France<\/h6>\n\n\n<\/li>\n\n\n \t\n\n<li>\n\n\n<h6><strong><a href=\"http:\/\/nibelung.bioquant.uni-heidelberg.de\/Welcome.html\" target=\"_blank\">Thomas H\u00f6fer<\/a>\n<\/strong>DKFZ, Heidelberg, Germany<\/h6>\n\n\n<\/li>\n\n\n \t\n\n<li>\n\n\n<h6><strong><a href=\"http:\/\/www.bsse.ethz.ch\/ctsb\" target=\"_blank\">Mustafa Khammash<\/a>\n<\/strong>ETH Z\u00fcrich, Switzerland<\/h6>\n\n\n<\/li>\n\n\n \t\n\n<li>\n\n\n<h6><strong><a href=\"https:\/\/www2.hu-berlin.de\/biologie\/theorybp\/\" target=\"_blank\">Edda Klipp<\/a>\n<\/strong>Humboldt Universit\u00e4t Berlin, Germany<\/h6>\n\n\n<\/li>\n\n\n \t\n\n<li>\n\n\n<h6><strong><a href=\"http:\/\/molinalab.bio.ed.ac.uk\/home.html\" target=\"_blank\">Nacho Molina<\/a>\n<\/strong><span style=\"color: #000000;\">University of Edinburgh, UK<\/span><\/h6>\n\n\n<\/li>\n\n\n \t\n\n<li>\n\n\n<h6><strong><a href=\"http:\/\/www.cytosim.org\" target=\"_blank\">Fran\u00e7ois N\u00e9d\u00e9lec<\/a>\n<\/strong>EMBL Heidelberg, Germany<\/h6>\n\n\n<\/li>\n\n\n \t\n\n<li>\n\n\n<h6><strong><a href=\"http:\/\/mpf.biol.vt.edu\/lab_website\/\" target=\"_blank\">John Tyson<\/a>\n<\/strong>VirginiaTech, Blacksburg, VA, USA<\/h6>\n\n\n<\/li>\n\n\n \t\n\n<li>\n\n\n<h6><strong><a href=\"http:\/\/www.falw.vu\/~microb\/mcf\/personnel\/htm\/westerhoff.html\" target=\"_blank\">Hans Westerhoff<\/a>\n<\/strong>Vrije Univeristeit Amsterdam, The Netherlands<\/h6>\n\n\n<\/li>\n\n\n--><\/p>","protected":false},"excerpt":{"rendered":"<p>Plenary lecturers Jeff Gore Massachusetts Institute of Technology, Boston Marta Iba\u00f1es University of Barcelona Dagmar Iber ETHZ, Basel Felix Na\u00ebf EPFL, Lausanne Irene Otero-Muras Spanish National Research Council, Vigo Antonis Papachristodoulou University of Oxford Eric Siggia Rockefeller University, New York Orkun Soyer University of Warwick Andrea Weisse Imperial College, London\u2026<\/p>\n<p> <a class=\"continue-reading-link\" href=\"https:\/\/project.inria.fr\/compsysbio2019\/invited-speakers\/\"><span>Continue reading<\/span><i class=\"crycon-right-dir\"><\/i><\/a> <\/p>\n","protected":false},"author":935,"featured_media":0,"parent":0,"menu_order":0,"comment_status":"closed","ping_status":"closed","template":"","meta":{"footnotes":""},"class_list":["post-346","page","type-page","status-publish","hentry"],"_links":{"self":[{"href":"https:\/\/project.inria.fr\/compsysbio2019\/wp-json\/wp\/v2\/pages\/346","targetHints":{"allow":["GET"]}}],"collection":[{"href":"https:\/\/project.inria.fr\/compsysbio2019\/wp-json\/wp\/v2\/pages"}],"about":[{"href":"https:\/\/project.inria.fr\/compsysbio2019\/wp-json\/wp\/v2\/types\/page"}],"author":[{"embeddable":true,"href":"https:\/\/project.inria.fr\/compsysbio2019\/wp-json\/wp\/v2\/users\/935"}],"replies":[{"embeddable":true,"href":"https:\/\/project.inria.fr\/compsysbio2019\/wp-json\/wp\/v2\/comments?post=346"}],"version-history":[{"count":51,"href":"https:\/\/project.inria.fr\/compsysbio2019\/wp-json\/wp\/v2\/pages\/346\/revisions"}],"predecessor-version":[{"id":720,"href":"https:\/\/project.inria.fr\/compsysbio2019\/wp-json\/wp\/v2\/pages\/346\/revisions\/720"}],"wp:attachment":[{"href":"https:\/\/project.inria.fr\/compsysbio2019\/wp-json\/wp\/v2\/media?parent=346"}],"curies":[{"name":"wp","href":"https:\/\/api.w.org\/{rel}","templated":true}]}}