

{"id":136,"date":"2014-12-22T11:37:43","date_gmt":"2014-12-22T11:37:43","guid":{"rendered":"https:\/\/compsysbio.inria.fr\/?page_id=136"},"modified":"2021-11-08T21:03:09","modified_gmt":"2021-11-08T20:03:09","slug":"blackboard-teaching-and-computer-practicals","status":"publish","type":"page","link":"https:\/\/project.inria.fr\/compsysbio2021\/blackboard-teaching-and-computer-practicals\/","title":{"rendered":"Blackboard &#038;  Practicals"},"content":{"rendered":"<p><\/p>\n<div>\n<div class=\"\">\n<h5><strong>Qualitative dynamical modeling of cellular networks<\/strong><\/h5>\n<h5><strong><a href=\"https:\/\/www.ibens.ens.fr\/spip.php?rubrique27\" target=\"_blank\" rel=\"noopener\">Denis Thieffry<\/a><br \/>\n<\/strong><em>Ecole Normale Sup\u00e9rieure, Paris<\/em><\/h5>\n<div>\n<p class=\"\">The first session will be devoted to a didactical introduction to Boolean dynamical modelling of regulatory\/signaling networks. Through simple examples, we will emphasise key differences between the most used updating methods and discuss their limitations. These examples will further enable us to contrast the behaviours positive and negative circuits regulatory circuits, from both dynamical and biological point of views. We will also review several extensions of the Boolean formalism, which were specifically developped to model more precisely the behaviour of biological networks. Finally, we will stress some of the computational challenges arising with large\/complex regulatory networks, and discuss some of the current approaches to cope with these challenges.<\/p>\n<p class=\"\"><span class=\"\" lang=\"en-GB\">The second session will be devoted to a tutorial on the use of the<\/span><span class=\"\" lang=\"en-GB\"> software GINsim (<a class=\"\" href=\"http:\/\/ginsim.org\/\">http:\/\/ginsim.org<\/a>). <\/span><span class=\"\" lang=\"en-GB\">Using this software, participants will be trained to<\/span><span class=\"\" lang=\"en-GB\"> build and analy<\/span><span class=\"\" lang=\"en-GB\">s<\/span><span class=\"\" lang=\"en-GB\">e a <\/span><span class=\"\" lang=\"en-GB\">small but sophisticate<\/span> <span class=\"\" lang=\"en-GB\">multi-level <\/span><span class=\"\" lang=\"en-GB\">logical model, <\/span><span class=\"\" lang=\"en-GB\">thereby<\/span><span class=\"\" lang=\"en-GB\">illustrating the concepts introduced during the course. <\/span><\/p>\n<p class=\"\"><span class=\"\" lang=\"en-GB\">Students need to have GINsim installed on their laptop, with a JAVA version 1.7 or higher. Files with dependencies should be downloaded from:<br class=\"\" \/><a class=\"\" href=\"http:\/\/ginsim.org\/sites\/default\/files\/GINsim-3.0.0b-with-deps.jar\">http:\/\/ginsim.org\/sites\/default\/files\/GINsim-3.0.0b-with-deps.jar<\/a><br class=\"\" \/><\/span><\/p>\n<p class=\"\"><span class=\"\" lang=\"en-GB\"><b class=\"\">Further reading<\/b><\/span><span class=\"\" lang=\"en-GB\">:<\/span><\/p>\n<p class=\"\"><span class=\"\" lang=\"en-GB\">A review to logical modelling:<br class=\"\" \/><a class=\"\" href=\"https:\/\/www.frontiersin.org\/articles\/10.3389\/fgene.2016.00094\/full\">https:\/\/www.frontiersin.org\/articles\/10.3389\/fgene.2016.00094\/full<\/a><\/span><\/p>\n<p class=\"\"><span class=\"\" lang=\"en-GB\">An article specifically introducting the GINsim tutorial:<br class=\"\" \/><a class=\"\" href=\"https:\/\/www.frontiersin.org\/articles\/10.3389\/fphys.2018.00646\/full\">https:\/\/www.frontiersin.org\/articles\/10.3389\/fphys.2018.00646\/full<\/a><\/span><\/p>\n<\/div>\n<\/div>\n<\/div>\n<div>\n<h5><\/h5>\n<h5><strong>Dynamic models integrating metabolism and gene expression<\/strong><\/h5>\n<h5><strong><a href=\"https:\/\/team.inria.fr\/ibis\/\" target=\"_blank\" rel=\"noopener\">Hidde de Jong<\/a><br \/>\n<\/strong><em>INRIA Grenoble &#8211; Rh\u00f4ne-Alpes<\/em><\/h5>\n<p>We will step-by-step build quantitative ODE models of a metabolic network integrating regulation on both the metabolic and gene expression level, and investigate the effect of these layers of regulation on the networks dynamics. The course will be structured around the case of carbon catabolite repression in bacteria, using simple kinetic models. All simulations will be carried out by means of Matlab (no toolboxes needed). The <a href=\"http:\/\/ibis.inrialpes.fr\/people\/dejong\/courses\/coursINSA\/2021\/INSA20.pdf\">hand-out<\/a> and the <a href=\"http:\/\/ibis.inrialpes.fr\/people\/dejong\/courses\/coursINSA\/2021\/files.zip\">models and simulation code<\/a> are available from the instructor.<\/p>\n<p>Kremling A, Geiselmann J, Ropers D, de Jong H (2015). Understanding carbon catabolite repression in <em>Escherichia coli<\/em> using quantitative models. <em>Trends Microbiol.<\/em>, 23:99-109<\/p>\n<\/div>\n<div>\n<div>\n<hr \/>\n<\/div>\n<div>\n<div>\n<h5><\/h5>\n<h5><strong>Computing resource allocation of the cell<\/strong><\/h5>\n<h5><strong><a href=\"http:\/\/genome.jouy.inra.fr\/~agoelzer\/\" target=\"_blank\" rel=\"noopener\">Anne Goelzer<\/a><br \/>\n<\/strong><em>INRA Jouy en Josas<\/em><\/h5>\n<p>After a brief recall on constraint-based modeling, we will study the resource balance analysis (RBA) framework. We will illustrate the capability of prediction of RBA on a core-model of <em>Bacillus subtilis<\/em>: ribosome abundance, hierarchy of carbon and nitrogen source, cellular configurations maximizing the production of a compound of interest, etc. All simulations will be carried out by means of Matlab (release 2016 or later) and having either Cplex version 12.4.0.0 (preferred) or the optimization toolbox for solving linear programming optimization problems.<\/p>\n<p>The RBA code using Cplex or the Matlab optimization toolbox can be found <a href=\"http:\/\/project.inria.fr\/compsysbio2019\/files\/2019\/03\/RBA_CompSysBio_test.zip\">here<\/a>. Please test it before the course by following <a href=\"http:\/\/project.inria.fr\/compsysbio2019\/files\/2019\/03\/rba_test_tuto.pdf\">these instructions<\/a>.<br \/>\n<a href=\"https:\/\/www.ibm.com\/analytics\/cplex-optimizer\">https:\/\/www.ibm.com\/analytics\/cplex-optimizer<\/a><\/p>\n<\/div>\n<div>\n<hr \/>\n<\/div>\n<div><\/div>\n<div><\/div>\n<h5><strong>Multistability, bifurcation, and differentiation<br \/>\n<\/strong><\/h5>\n<h5><strong><a href=\"https:\/\/www2.ulb.ac.be\/sciences\/utc\/dgonze.html\">Didier Gonze<\/a><br \/>\n<\/strong><em>Universit\u00e9 Libre de Bruxelles<br \/>\n<\/em><\/h5>\n<p class=\"moz-quote-pre\">During embryonic development, cells divide and successively differentiate to acquire specific identities. This differentiation process is controlled by gene regulatory networks that typically display bi- or multistability. We will see how to build and to analyze such multistable systems based on ODE and bifurcation theory. We will then describe a particular model developed to account for cell fate specification during early embryonic development in mammals. These models will be simulated with Matlab\/Octave and\/or XPP-AUTO ( <a class=\"moz-txt-link-freetext\" href=\"http:\/\/homepages.ulb.ac.be\/~dgonze\/AUSSOIS2021\/\">http:\/\/homepages.ulb.ac.be\/~dgonze\/AUSSOIS2021\/<\/a>\u00a0 ; \u00a0<a class=\"moz-txt-link-freetext\" href=\"http:\/\/www.math.pitt.edu\/~bard\/xpp\/xpp.html\">http:\/\/www.math.pitt.edu\/~bard\/xpp\/xpp.html<\/a>).<\/p>\n<\/div>\n<div>\n<hr \/>\n<\/div>\n<h5><\/h5>\n<h5><strong>Enzyme economy in metabolic models<\/strong><\/h5>\n<h5><strong><a href=\"http:\/\/genome.jouy.inra.fr\/~wliebermeis\/index_en.html\" target=\"_blank\" rel=\"noopener\">Wolfram Liebermeister<\/a><br \/>\n<\/strong><em>INRA Jouy en Josas<br \/>\n<\/em><\/h5>\n<p>Enzyme economy in metabolic models (Wolfram Liebermeister, INRAE Jouy en Josas)<\/p>\n<p>In this blackboard course, you will learn about an economic aspect of microbial metabolism: the protein cost associated with metabolic fluxes. We discuss how this cost can be approximated based on a principle of minimal enzyme investments, how enzyme efficiencies can be used to predict metabolic fluxes, and how simplified cost functions for Flux Balance Analysis can be derived. By considering a partitioning of protein resources between ribosomes and metabolic enzymes, predictions about enzyme cost can be translated into cell growth rates. Then we have a brief look at large-scale constraint-based cell models that partition the protein budget into individual enzymes. Such models predict metabolic strategies and protein investments from metabolic network structure, from physical and physiological constraints (such as limited cell space, protein composition, and enzyme catalytic rates), and from an assumed drive for fast or efficient growth.<\/p>\n<p>Prerequisites: basic understanding of cell biology, enzyme kinetics, and mathematical optimality problems.<\/p>\n<p>Noor E., Flamholz A., Bar-Even A., Davidi D., Milo R., Liebermeister W. (2016). The protein cost of metabolic fluxes: prediction from enzymatic rate laws and cost minimization. PLoS Comput. Biol. 12: e1005167.<br \/>\nWortel M.T., Noor E., Ferris M., Bruggeman F.J., Liebermeister W. (2018). Metabolic enzyme cost explains variable trade-offs between microbial growth rate and yield. PLoS Comput. Biol. 14: e1006010.<\/p>\n<\/div>\n<div>\n<hr \/>\n<\/div>\n<h5><\/h5>\n<h5><strong>Simulation of intracellular mechanics<\/strong><\/h5>\n<h5><strong><a href=\"http:\/\/www.cytosim.org\/\" target=\"_blank\" rel=\"noopener\">Fran\u00e7ois N\u00e9d\u00e9lec<\/a><br \/>\n<\/strong><em>EMBL Heidelberg<br \/>\n<\/em><\/h5>\n<div class=\"\">\n<p>In this practical session, we will introduce basic methods to simulate systems containing mechanics and chemical reactions. We will in particular discuss how to extend Gillespie&#8217;s method when some of the reactions are affected by force, which is the case for example for the unbinding of a molecular bond under force, or for a molecular motor stepping along a filament. We will also discuss Brownian motion and consider simple problems of mechanical equilibrium, in which for example the position of a bead is constrained by a molecular link. The objective of the practical will be for the students to implement these methods and to write a simulation in Java of a bead being pulled by a molecular motor.<\/p>\n<p>We will use the Processing software to be installed from <a class=\"\" href=\"https:\/\/processing.org\/download\/\">https:\/\/processing.org\/download\/<\/a><\/p>\n<\/div>\n<div>\n<hr \/>\n<\/div>\n<h5><\/h5>\n<h5><strong>The laws of thermodynamics: applications in models of metabolism<br \/>\n<\/strong><\/h5>\n<h5><strong><a href=\"https:\/\/www.weizmann.ac.il\/plants\/Milo\/group-members\">Elad Noor<\/a><br \/>\n<\/strong><em>Weizmann Institute of Science<\/em><\/h5>\n<p>We will start with the basic laws of thermodynamics, and see a few fundamental implications in enzyme catalysis and metabolism (including flux direction constraints, the Haldane relationship, and the flux-force relationship). We will also learn how to apply these laws to constraint-based metabolic models, and when selecting parameters for kinetic models. Finally, we will see how thermodynamics can also be used in optimization problems, such as the Max-min Driving Force (MDF) algorithm. Exercises will be carried out in Python (Jupyter notebook). A good MILP solver (CPLEX or GUROBI) is recommended but not necessary.<\/p>\n<p>Noor, E., Flamholz, A., Liebermeister, W., Bar-Even, A., and Milo, R. (2013). A note on the kinetics of enzyme action: A decomposition that highlights thermodynamic effects. <em>FEBS Letters<\/em> 587, 2772\u20132777.<br \/>\nNoor, E., Bar-Even, A., Flamholz, A., Reznik, E., Liebermeister, W., and Milo, R. (2014). Pathway thermodynamics highlights kinetic obstacles in central metabolism. <em>PLoS Computational Biology<\/em> 10, e1003483.<br \/>\nNoor, E. (2018). Removing both internal and unrealistic energy-generating cycles in Flux Balance Analysis. ArXiv:1803.04999 [q-Bio].<\/p>\n<p><strong>\u00a0<\/strong><\/p>\n<div>\n<hr \/>\n<\/div>\n<h5><\/h5>\n<h5><strong>Modeling cellular growth<br \/>\n<\/strong><\/h5>\n<h5><strong><a href=\"https:\/\/www.imperial.ac.uk\/people\/andrea.weisse\">Andrea Weisse<\/a><br \/>\n<\/strong><em>University of Edinburgh<br \/>\n<\/em><\/h5>\n<p>In this module, we will learn about a mechanistic framework to model cellular growth. We will learn how the core cell model is built around fundamental constraints faced by all living cells, such as finite pools of energy and ribosomes, and how it incorporates key cellular processes, such as nutrient import, metabolism and protein biosynthesis. We will also learn how it can be studied using both deterministic and stochastic modelling techniques, and the type of predictions that can be drawn from these different approaches. We will then implement the cell model step by step, starting from and extending Matlab code that will be provided by the instructor.<\/p>\n<p>&nbsp;<\/p>","protected":false},"excerpt":{"rendered":"<p>Qualitative dynamical modeling of cellular networks Denis Thieffry Ecole Normale Sup\u00e9rieure, Paris The first session will be devoted to a didactical introduction to Boolean dynamical modelling of regulatory\/signaling networks. Through simple examples, we will emphasise key differences between the most used updating methods and discuss their limitations. These examples will\u2026<\/p>\n<p> <a class=\"continue-reading-link\" href=\"https:\/\/project.inria.fr\/compsysbio2021\/blackboard-teaching-and-computer-practicals\/\"><span>Continue reading<\/span><i class=\"crycon-right-dir\"><\/i><\/a> <\/p>\n","protected":false},"author":935,"featured_media":0,"parent":0,"menu_order":0,"comment_status":"closed","ping_status":"closed","template":"","meta":{"footnotes":""},"class_list":["post-136","page","type-page","status-publish","hentry"],"_links":{"self":[{"href":"https:\/\/project.inria.fr\/compsysbio2021\/wp-json\/wp\/v2\/pages\/136","targetHints":{"allow":["GET"]}}],"collection":[{"href":"https:\/\/project.inria.fr\/compsysbio2021\/wp-json\/wp\/v2\/pages"}],"about":[{"href":"https:\/\/project.inria.fr\/compsysbio2021\/wp-json\/wp\/v2\/types\/page"}],"author":[{"embeddable":true,"href":"https:\/\/project.inria.fr\/compsysbio2021\/wp-json\/wp\/v2\/users\/935"}],"replies":[{"embeddable":true,"href":"https:\/\/project.inria.fr\/compsysbio2021\/wp-json\/wp\/v2\/comments?post=136"}],"version-history":[{"count":71,"href":"https:\/\/project.inria.fr\/compsysbio2021\/wp-json\/wp\/v2\/pages\/136\/revisions"}],"predecessor-version":[{"id":882,"href":"https:\/\/project.inria.fr\/compsysbio2021\/wp-json\/wp\/v2\/pages\/136\/revisions\/882"}],"wp:attachment":[{"href":"https:\/\/project.inria.fr\/compsysbio2021\/wp-json\/wp\/v2\/media?parent=136"}],"curies":[{"name":"wp","href":"https:\/\/api.w.org\/{rel}","templated":true}]}}