

{"id":346,"date":"2014-12-15T09:05:36","date_gmt":"2014-12-15T09:05:36","guid":{"rendered":"https:\/\/compsysbio.inria.fr\/?page_id=55"},"modified":"2021-11-02T23:18:28","modified_gmt":"2021-11-02T22:18:28","slug":"invited-speakers","status":"publish","type":"page","link":"https:\/\/project.inria.fr\/compsysbio2021\/invited-speakers\/","title":{"rendered":"Invited speakers"},"content":{"rendered":"<p><\/p>\n<h4>Plenary lecturers<\/h4>\n<ul>\n<li>\n<h6><a href=\"https:\/\/homepages.warwick.ac.uk\/staff\/M.Asally\/\"><strong><span class=\"author-a-qgz85zz70zdmb2tb0z82z5z77z9t b\"><b>Munehiro Asally<\/b><\/span><\/strong><\/a><strong><br \/>\n<\/strong><span class=\"author-a-qgz85zz70zdmb2tb0z82z5z77z9t\">University of Warwick<br \/>\n<\/span><\/h6>\n<\/li>\n<li>\n<h6><a href=\"https:\/\/www.epfl.ch\/labs\/bitbol-lab\/\"><strong><span class=\"author-a-qgz85zz70zdmb2tb0z82z5z77z9t b\"><b>Anne-Florence Bitbol<\/b><\/span><\/strong><\/a><strong><br \/>\n<\/strong><span class=\"author-a-qgz85zz70zdmb2tb0z82z5z77z9t\">EPFL, Lausanne<br \/>\n<\/span><\/h6>\n<\/li>\n<li>\n<h6><a href=\"http:\/\/www.cvijoviclab.org\/\"><strong><span class=\"author-a-qgz85zz70zdmb2tb0z82z5z77z9t b\"><b>Marija Cvijovic<\/b><\/span><\/strong><\/a><strong><br \/>\n<\/strong>University of Gothenburg<\/h6>\n<\/li>\n<li>\n<h6><a href=\"http:\/\/grimagroup.bio.ed.ac.uk\/\"><strong><span class=\"author-a-qgz85zz70zdmb2tb0z82z5z77z9t b\"><b>Ramon Grima<\/b><\/span><\/strong><\/a><strong><br \/>\n<\/strong>University of Edinburgh<\/h6>\n<\/li>\n<li>\n<h6><a href=\"https:\/\/www.jic.ac.uk\/people\/martin-howard\/\"><strong><span class=\"author-a-qgz85zz70zdmb2tb0z82z5z77z9t b\"><b>Martin Howard<\/b><\/span><\/strong><\/a><strong><br \/>\n<\/strong><span class=\"author-a-qgz85zz70zdmb2tb0z82z5z77z9t\">John Innes Center<\/span>, Norwich<\/h6>\n<\/li>\n<li>\n<h6><a href=\"https:\/\/www.slcu.cam.ac.uk\/people\/jonsson-henrik\"><strong><span class=\"author-a-qgz85zz70zdmb2tb0z82z5z77z9t b\"><b>Henrik J\u00f6nsson<\/b><\/span><\/strong><\/a><strong><br \/>\n<\/strong><span class=\"author-a-qgz85zz70zdmb2tb0z82z5z77z9t\">University of Cambridge<\/span><\/h6>\n<\/li>\n<li>\n<h6><a href=\"https:\/\/www.caesar.de\/en\/research\/groups\/cellular-computations-and-learning\/research-focus-ccl-eng.html\"><strong><span class=\"author-a-qgz85zz70zdmb2tb0z82z5z77z9t b\"><b>Aneta Koseska<\/b><\/span><\/strong><\/a><strong><br \/>\n<\/strong>Center of Advanced European Studies and Research (caesar), Bonn<\/h6>\n<\/li>\n<li>\n<h6><a href=\"https:\/\/www.nbi.ku.dk\/english\/staff\/?pure=en\/persons\/370970\"><strong><span class=\"author-a-qgz85zz70zdmb2tb0z82z5z77z9t b\"><b>Ala Trusina<\/b><\/span> <\/strong><\/a><strong><br \/>\n<\/strong><span class=\"author-a-qgz85zz70zdmb2tb0z82z5z77z9t\">Niels Bohr Institute, Copenhagen<br \/>\n<\/span><\/h6>\n<\/li>\n<li>\n<h6><a href=\"https:\/\/www.jesus.ox.ac.uk\/people\/dr-berta-verd\"><strong>Berta Verd<\/strong><\/a><strong><br \/>\n<\/strong><span class=\"author-a-qgz85zz70zdmb2tb0z82z5z77z9t\">University of Oxford<br \/>\n<\/span><\/h6>\n<\/li>\n<li>\n<h6><a href=\"http:\/\/www.youklab.org\/\"><strong><span class=\"author-a-qgz85zz70zdmb2tb0z82z5z77z9t b\"><b>Hyun Youk<\/b><\/span><\/strong><\/a><strong><br \/>\n<\/strong><span class=\"author-a-qgz85zz70zdmb2tb0z82z5z77z9t\">Delft University and University of Massachusetts Medical School<\/span><\/h6>\n<\/li>\n<\/ul>\n<h5>Afternoon blackboard teaching and hands-on sessions will be given by<\/h5>\n<ul>\n<li>\n<h6><strong><a href=\"https:\/\/www.ibens.ens.fr\/spip.php?rubrique27\" target=\"_blank\" rel=\"noopener\">Denis\u00a0Thieffry<\/a><br \/>\n<\/strong>Ecole Normale Sup\u00e9rieure<\/h6>\n<\/li>\n<li>\n<h6><strong><a href=\"https:\/\/team.inria.fr\/ibis\/hidde-de-jong\/\" target=\"_blank\" rel=\"noopener\">Hidde de Jong<\/a><br \/>\n<\/strong>INRIA \/ Universit\u00e9 Grenoble Alpes<\/h6>\n<\/li>\n<li>\n<h6><strong><a href=\"http:\/\/genome.jouy.inra.fr\/~agoelzer\/\" target=\"_blank\" rel=\"noopener\">Anne Goelzer<\/a><br \/>\n<\/strong>INRA Jouy en Josas<\/h6>\n<\/li>\n<li>\n<h6><strong><a href=\"https:\/\/www2.ulb.ac.be\/sciences\/utc\/dgonze.html\" target=\"_blank\" rel=\"noopener\">Didier Gonze<\/a><br \/>\n<\/strong>Universit\u00e9 Libre de Bruxelles<\/h6>\n<\/li>\n<li>\n<h6><strong><a href=\"http:\/\/genome.jouy.inra.fr\/~wliebermeis\/index_en.html\" target=\"_blank\" rel=\"noopener\">Wolfram Liebermeister<\/a><br \/>\n<\/strong>INRA Jouy en Josas<\/h6>\n<\/li>\n<li>\n<h6><strong><a href=\"https:\/\/www.slcu.cam.ac.uk\/people\/francois-nedelec\" target=\"_blank\" rel=\"noopener\">Fran\u00e7ois N\u00e9d\u00e9lec<\/a><br \/>\n<\/strong>University of Cambridge<\/h6>\n<\/li>\n<li>\n<h6><strong><a href=\"https:\/\/www.weizmann.ac.il\/plants\/Milo\/group-members\" target=\"_blank\" rel=\"noopener\">Elad Noor<\/a><br \/>\n<\/strong>Weizmann Institute of Science<\/h6>\n<\/li>\n<li>\n<h6><strong><a href=\"https:\/\/www.imperial.ac.uk\/people\/andrea.weisse\" target=\"_blank\" rel=\"noopener\">Andrea Weisse<\/a><br \/>\n<\/strong>Univ Edinburgh<\/h6>\n<h6><\/h6>\n<\/li>\n<\/ul>\n<p><!--\n \t\n\n<li>\n\n\n<h6><strong><a href=\"http:\/\/www.lps.ens.fr\/~cocco\/\" target=\"_blank\">Simona Cocco<\/a><\/strong><strong>\n<\/strong>Ecole Normale Sup\u00e9rieure, Paris, France<\/h6>\n\n\n<\/li>\n\n\n \t\n\n<li>\n\n\n<h6><strong><span style=\"color: #000000;\"><a href=\"http:\/\/homepages.inf.ed.ac.uk\/vdanos\/\" target=\"_blank\">Vincent Danos\n<\/a><\/span><\/strong><span style=\"color: #000000;\">Ecole Normale Sup\u00e9rieure, Paris, France<\/span><\/h6>\n\n\n<\/li>\n\n\n \t\n\n<li>\n\n\n<h6><strong><a href=\"http:\/\/dsb.upf.edu\" target=\"_blank\">Jordi Garcia-Ojalvo<\/a>\n<\/strong>Universitat Pompeu Fabra, Barcelona, Spain<\/h6>\n\n\n<\/li>\n\n\n \t\n\n<li>\n\n\n<h6><strong><a href=\"https:\/\/team.inria.fr\/virtualplants\/christophe-godin\/\" target=\"_blank\">Christophe Godin<\/a>\n<\/strong>INRIA Montpellier, France<\/h6>\n\n\n<\/li>\n\n\n \t\n\n<li>\n\n\n<h6><strong><a href=\"http:\/\/nibelung.bioquant.uni-heidelberg.de\/Welcome.html\" target=\"_blank\">Thomas H\u00f6fer<\/a>\n<\/strong>DKFZ, Heidelberg, Germany<\/h6>\n\n\n<\/li>\n\n\n \t\n\n<li>\n\n\n<h6><strong><a href=\"http:\/\/www.bsse.ethz.ch\/ctsb\" target=\"_blank\">Mustafa Khammash<\/a>\n<\/strong>ETH Z\u00fcrich, Switzerland<\/h6>\n\n\n<\/li>\n\n\n \t\n\n<li>\n\n\n<h6><strong><a href=\"https:\/\/www2.hu-berlin.de\/biologie\/theorybp\/\" target=\"_blank\">Edda Klipp<\/a>\n<\/strong>Humboldt Universit\u00e4t Berlin, Germany<\/h6>\n\n\n<\/li>\n\n\n \t\n\n<li>\n\n\n<h6><strong><a href=\"http:\/\/molinalab.bio.ed.ac.uk\/home.html\" target=\"_blank\">Nacho Molina<\/a>\n<\/strong><span style=\"color: #000000;\">University of Edinburgh, UK<\/span><\/h6>\n\n\n<\/li>\n\n\n \t\n\n<li>\n\n\n<h6><strong><a href=\"http:\/\/www.cytosim.org\" target=\"_blank\">Fran\u00e7ois N\u00e9d\u00e9lec<\/a>\n<\/strong>EMBL Heidelberg, Germany<\/h6>\n\n\n<\/li>\n\n\n \t\n\n<li>\n\n\n<h6><strong><a href=\"http:\/\/mpf.biol.vt.edu\/lab_website\/\" target=\"_blank\">John Tyson<\/a>\n<\/strong>VirginiaTech, Blacksburg, VA, USA<\/h6>\n\n\n<\/li>\n\n\n \t\n\n<li>\n\n\n<h6><strong><a href=\"http:\/\/www.falw.vu\/~microb\/mcf\/personnel\/htm\/westerhoff.html\" target=\"_blank\">Hans Westerhoff<\/a>\n<\/strong>Vrije Univeristeit Amsterdam, The Netherlands<\/h6>\n\n\n<\/li>\n\n\n--><\/p>","protected":false},"excerpt":{"rendered":"<p>Plenary lecturers Munehiro Asally University of Warwick Anne-Florence Bitbol EPFL, Lausanne Marija Cvijovic University of Gothenburg Ramon Grima University of Edinburgh Martin Howard John Innes Center, Norwich Henrik J\u00f6nsson University of Cambridge Aneta Koseska Center of Advanced European Studies and Research (caesar), Bonn Ala Trusina Niels Bohr Institute, Copenhagen Berta\u2026<\/p>\n<p> <a class=\"continue-reading-link\" href=\"https:\/\/project.inria.fr\/compsysbio2021\/invited-speakers\/\"><span>Continue reading<\/span><i class=\"crycon-right-dir\"><\/i><\/a> <\/p>\n","protected":false},"author":935,"featured_media":0,"parent":0,"menu_order":0,"comment_status":"closed","ping_status":"closed","template":"","meta":{"footnotes":""},"class_list":["post-346","page","type-page","status-publish","hentry"],"_links":{"self":[{"href":"https:\/\/project.inria.fr\/compsysbio2021\/wp-json\/wp\/v2\/pages\/346","targetHints":{"allow":["GET"]}}],"collection":[{"href":"https:\/\/project.inria.fr\/compsysbio2021\/wp-json\/wp\/v2\/pages"}],"about":[{"href":"https:\/\/project.inria.fr\/compsysbio2021\/wp-json\/wp\/v2\/types\/page"}],"author":[{"embeddable":true,"href":"https:\/\/project.inria.fr\/compsysbio2021\/wp-json\/wp\/v2\/users\/935"}],"replies":[{"embeddable":true,"href":"https:\/\/project.inria.fr\/compsysbio2021\/wp-json\/wp\/v2\/comments?post=346"}],"version-history":[{"count":59,"href":"https:\/\/project.inria.fr\/compsysbio2021\/wp-json\/wp\/v2\/pages\/346\/revisions"}],"predecessor-version":[{"id":879,"href":"https:\/\/project.inria.fr\/compsysbio2021\/wp-json\/wp\/v2\/pages\/346\/revisions\/879"}],"wp:attachment":[{"href":"https:\/\/project.inria.fr\/compsysbio2021\/wp-json\/wp\/v2\/media?parent=346"}],"curies":[{"name":"wp","href":"https:\/\/api.w.org\/{rel}","templated":true}]}}