

{"id":346,"date":"2014-12-15T09:05:36","date_gmt":"2014-12-15T09:05:36","guid":{"rendered":"https:\/\/compsysbio.inria.fr\/?page_id=55"},"modified":"2025-09-09T21:00:35","modified_gmt":"2025-09-09T19:00:35","slug":"invited-speakers","status":"publish","type":"page","link":"https:\/\/project.inria.fr\/compsysbio2025\/invited-speakers\/","title":{"rendered":"Invited speakers"},"content":{"rendered":"<p><\/p>\n<h4 style=\"text-align: center;\"><strong>Keynote speakers<\/strong><\/h4>\n<p style=\"text-align: center;\"><a href=\"http:\/\/project.inria.fr\/compsysbio2025\/files\/2025\/03\/Portrait-Picotti-2023-HighRes-scaled.jpg\"><img loading=\"lazy\" decoding=\"async\" class=\"alignnone size-thumbnail wp-image-1083\" src=\"http:\/\/project.inria.fr\/compsysbio2025\/files\/2025\/03\/Portrait-Picotti-2023-HighRes-150x150.jpg\" alt=\"\" width=\"150\" height=\"150\" \/><\/a><\/p>\n<h6 style=\"text-align: center;\">(\u00a9 <span lang=\"EN-US\">Katarzyna Novak<\/span>)<\/h6>\n<h6 style=\"text-align: center;\"><strong><a href=\"https:\/\/imsb.ethz.ch\/research\/picotti.html\"><span class=\"author-a-qgz85zz70zdmb2tb0z82z5z77z9t b\">Paola Picotti<\/span><\/a>,<\/strong> <span lang=\"EN-US\"><em>Institute of Molecular Systems Biology, ETH Zurich, CH<\/em><\/span><br \/>\nThe Picotti lab investigates how protein conformational changes impact cellular physiology and result in human disease using experimental systems biology approaches.<\/h6>\n<hr \/>\n<p style=\"text-align: center;\"><a href=\"http:\/\/project.inria.fr\/compsysbio2025\/files\/2025\/02\/Khammash_Mustafa_pic2.jpeg\"><img loading=\"lazy\" decoding=\"async\" class=\"alignnone size-thumbnail wp-image-1047\" src=\"http:\/\/project.inria.fr\/compsysbio2025\/files\/2025\/02\/Khammash_Mustafa_pic2-150x150.jpeg\" alt=\"\" width=\"150\" height=\"150\" \/><\/a><\/p>\n<h6 style=\"text-align: center;\">(\u00a9 ETH Zurich)<\/h6>\n<h6 style=\"text-align: center;\"><strong><a href=\"https:\/\/bsse.ethz.ch\/ctsb\"><span class=\"author-a-qgz85zz70zdmb2tb0z82z5z77z9t b\">Mustafa Khammash<\/span><\/a>, <\/strong><em>ETH Zurich, CH<\/em><br \/>\nThe Khammash group develops mathematical and experimental methods to elucidate biological regulation and engineer synthetic circuits for controlling stochastic dynamics in living cells, with applications in synthetic biology, biotechnology and medicine.<\/h6>\n<h4 style=\"text-align: center;\"><strong>Plenary lecturers<\/strong><\/h4>\n<p style=\"text-align: center;\"><a href=\"http:\/\/project.inria.fr\/compsysbio2025\/files\/2025\/02\/Helen_Alexander-605-cropped-small.jpeg\"><img loading=\"lazy\" decoding=\"async\" class=\"alignnone size-thumbnail wp-image-1058\" src=\"http:\/\/project.inria.fr\/compsysbio2025\/files\/2025\/02\/Helen_Alexander-605-cropped-small-150x150.jpeg\" alt=\"\" width=\"150\" height=\"150\" \/><\/a><\/p>\n<h6 style=\"text-align: center;\"><strong><a href=\"https:\/\/biology.ed.ac.uk\/alexander\"><span class=\"author-a-qgz85zz70zdmb2tb0z82z5z77z9t b\">Helen Alexander<\/span><\/a>, <\/strong><em>University of Edinburgh, UK<\/em><br \/>\nThe Alexander group uses mathematical models and in vitro experiments to address questions in evolutionary biology, ecology, and infectious disease dynamics, with a focus on the \u2018evolutionary rescue\u2019 of bacterial populations leading to antibiotic resistance<\/h6>\n<hr \/>\n<p><a href=\"http:\/\/project.inria.fr\/compsysbio2025\/files\/2025\/02\/barbara.jpeg\"><img loading=\"lazy\" decoding=\"async\" class=\"alignnone size-thumbnail wp-image-1069 aligncenter\" src=\"http:\/\/project.inria.fr\/compsysbio2025\/files\/2025\/02\/barbara-150x150.jpeg\" alt=\"\" width=\"150\" height=\"150\" srcset=\"https:\/\/project.inria.fr\/compsysbio2025\/files\/2025\/02\/barbara-150x150.jpeg 150w, https:\/\/project.inria.fr\/compsysbio2025\/files\/2025\/02\/barbara.jpeg 180w\" sizes=\"auto, (max-width: 150px) 100vw, 150px\" \/><\/a><\/p>\n<h6 style=\"text-align: center;\"><strong><a href=\"https:\/\/profiles.imperial.ac.uk\/b.bravi21\"><span class=\"author-a-qgz85zz70zdmb2tb0z82z5z77z9t b\">Barbara Bravi<\/span><\/a>, <\/strong><em>Imperial College London, UK.<\/em><br \/>\n<em>\u00a0<\/em>Barbara Bravi&#8217;s main research interests are in statistical biophysics, using tools from machine learning and stochastic processes and with applications to cancer evolution and immunology<\/h6>\n<hr \/>\n<p><a href=\"http:\/\/project.inria.fr\/compsysbio2025\/files\/2024\/12\/LauraCantini-33-Modifier-HDprint-scaled.jpg\"><img loading=\"lazy\" decoding=\"async\" class=\"size-thumbnail wp-image-942 aligncenter\" src=\"http:\/\/project.inria.fr\/compsysbio2025\/files\/2024\/12\/LauraCantini-33-Modifier-HDprint-150x150.jpg\" alt=\"\" width=\"150\" height=\"150\" \/><\/a><\/p>\n<h6 style=\"text-align: center;\">(\u00a9 Fr\u00e9d\u00e9ric Albert 2021)<\/h6>\n<h6 style=\"text-align: center;\"><strong><a href=\"https:\/\/research.pasteur.fr\/en\/member\/laura-cantini\/\"><span class=\"author-a-qgz85zz70zdmb2tb0z82z5z77z9t b\">Laura Cantini, <\/span><\/a><\/strong><em><span class=\"author-a-qgz85zz70zdmb2tb0z82z5z77z9t b\">Institut Pasteur, University of Paris, FR.<\/span><\/em><br \/>\nThe Cantini lab works at the interface of machine learning and genomics, developing methods exploiting the full richness and complementarity of the available single-cell data to derive actionable biological knowledge.<\/h6>\n<hr \/>\n<h6 style=\"text-align: center;\"><a href=\"http:\/\/project.inria.fr\/compsysbio2025\/files\/2024\/12\/OlivierDec2023carre.jpg\"><img loading=\"lazy\" decoding=\"async\" class=\"alignnone size-thumbnail wp-image-944\" src=\"http:\/\/project.inria.fr\/compsysbio2025\/files\/2024\/12\/OlivierDec2023carre-150x150.jpg\" alt=\"\" width=\"150\" height=\"150\" srcset=\"https:\/\/project.inria.fr\/compsysbio2025\/files\/2024\/12\/OlivierDec2023carre-150x150.jpg 150w, https:\/\/project.inria.fr\/compsysbio2025\/files\/2024\/12\/OlivierDec2023carre-300x298.jpg 300w, https:\/\/project.inria.fr\/compsysbio2025\/files\/2024\/12\/OlivierDec2023carre-768x763.jpg 768w, https:\/\/project.inria.fr\/compsysbio2025\/files\/2024\/12\/OlivierDec2023carre.jpg 934w\" sizes=\"auto, (max-width: 150px) 100vw, 150px\" \/><\/a><\/h6>\n<h6 style=\"text-align: center;\"><strong><a href=\"https:\/\/institutmichelserres.fr\/in-english\/\"><span class=\"author-a-qgz85zz70zdmb2tb0z82z5z77z9t b\">Olivier Hamant<\/span><\/a><\/strong><a href=\"https:\/\/institutmichelserres.fr\/in-english\/\"><span class=\"author-a-qgz85zz70zdmb2tb0z82z5z77z9t b\">, <\/span><\/a><em><span class=\"author-a-qgz85zz70zdmb2tb0z82z5z77z9t b\">RDP, ENS de Lyon, FR.<\/span><\/em><br \/>\nOlivier Hamant is studying the question of biological robustness in plant systems, with transversal implications in socio-ecology and economy.<\/h6>\n<hr \/>\n<p style=\"text-align: center;\"><a href=\"http:\/\/project.inria.fr\/compsysbio2025\/files\/2025\/03\/Steffen_Klamt.jpg\"><img loading=\"lazy\" decoding=\"async\" class=\"alignnone size-thumbnail wp-image-1091\" src=\"http:\/\/project.inria.fr\/compsysbio2025\/files\/2025\/03\/Steffen_Klamt-150x150.jpg\" alt=\"\" width=\"150\" height=\"150\" \/><\/a><\/p>\n<h6 style=\"text-align: center;\"><strong><a href=\"https:\/\/www.mpi-magdeburg.mpg.de\/arb\"><span class=\"author-a-qgz85zz70zdmb2tb0z82z5z77z9t b\">Steffen Klamt<\/span><\/a>, <\/strong><em>Max Planck Institute for Dynamics of Complex Technical Systems, Magdeburg, GER.<\/em><br \/>\nThe Klamt group develops mathematical methods for systems and computational biology and combines them with experimental investigations to obtain a systems-level understanding of the metabolism in microorganisms and to design cell factories for biotechnological applications.<\/h6>\n<hr \/>\n<p><a href=\"http:\/\/project.inria.fr\/compsysbio2025\/files\/2025\/02\/IMG_1473_profile_july2022.jpeg\"><img loading=\"lazy\" decoding=\"async\" class=\"alignnone size-thumbnail wp-image-1065 aligncenter\" src=\"http:\/\/project.inria.fr\/compsysbio2025\/files\/2025\/02\/IMG_1473_profile_july2022-150x150.jpeg\" alt=\"\" width=\"150\" height=\"150\" \/><\/a><\/p>\n<h6 style=\"text-align: center;\"><strong><a href=\"https:\/\/www.ibps.sorbonne-universite.fr\/fr\/Recherche\/umr-7238\/Proteome-Diversification-Evolution\"><span class=\"author-a-qgz85zz70zdmb2tb0z82z5z77z9t b\">Elodie Laine<\/span><\/a>, <\/strong><em>CQSB, Sorbonne Universit\u00e9, Paris, FR.<\/em><br \/>\nThe Laine group develops computational methods for deciphering the complexities behind the sequence-structure-function relationship of proteins.<\/h6>\n<hr \/>\n<p><a href=\"http:\/\/project.inria.fr\/compsysbio2025\/files\/2025\/02\/2024-05-14-UoB-Headshots-May-14-2024-small.jpg\"><img loading=\"lazy\" decoding=\"async\" class=\"size-thumbnail wp-image-1055 aligncenter\" src=\"http:\/\/project.inria.fr\/compsysbio2025\/files\/2025\/02\/2024-05-14-UoB-Headshots-May-14-2024-small-150x150.jpg\" alt=\"\" width=\"150\" height=\"150\" \/><\/a><\/p>\n<h6 style=\"text-align: center;\"><strong><a href=\"https:\/\/www.bristol.ac.uk\/people\/person\/Lucia-Marucci-8de3a95c-6f5e-4c4a-9850-cba01fd70edd\/\"><span class=\"author-a-qgz85zz70zdmb2tb0z82z5z77z9t b\">Lucia Marucci<\/span><\/a>, <\/strong><em>BrisSynBio, University of Bristol, UK<\/em><br \/>\nThe Marucci group aims at quantitively understanding and directly engineering cell functions using mathematical modelling, control engineering and machine learning, with applications spanning biotechnology and healthcare.<\/h6>\n<hr \/>\n<p style=\"text-align: center;\"><a href=\"http:\/\/project.inria.fr\/compsysbio2025\/files\/2025\/03\/kirsty.jpeg\"><img loading=\"lazy\" decoding=\"async\" class=\"alignnone size-thumbnail wp-image-1087\" src=\"http:\/\/project.inria.fr\/compsysbio2025\/files\/2025\/03\/kirsty-150x150.jpeg\" alt=\"\" width=\"150\" height=\"150\" \/><\/a><\/p>\n<h6 style=\"text-align: center;\"><strong><a href=\"https:\/\/micromotility.com\"><span class=\"author-a-qgz85zz70zdmb2tb0z82z5z77z9t b\">Kirsty Wan<\/span><\/a><\/strong><em>, Living Systems Institute, University of Exeter, UK<\/em><br \/>\nThe Wan group studies the fundamental question of how cells move, integrating experimental, theoretical and computational approaches to reveal biophysical mechanisms of motility at the microscopic scale.<\/h6>\n<hr \/>\n<h6 style=\"text-align: center;\"><a href=\"http:\/\/project.inria.fr\/compsysbio2025\/files\/2024\/12\/Jana_Wolf-scaled.jpg\"><img loading=\"lazy\" decoding=\"async\" class=\"alignnone size-thumbnail wp-image-945\" src=\"http:\/\/project.inria.fr\/compsysbio2025\/files\/2024\/12\/Jana_Wolf-150x150.jpg\" alt=\"\" width=\"150\" height=\"150\" \/><\/a><\/h6>\n<h6 style=\"text-align: center;\">(\u00a9 Heidi Scherm)<\/h6>\n<h6 style=\"text-align: center;\"><strong><a href=\"https:\/\/www.mdc-berlin.de\/wolf\"><span class=\"author-a-qgz85zz70zdmb2tb0z82z5z77z9t b\">Jana Wolf<\/span><\/a><\/strong><em><span class=\"author-a-qgz85zz70zdmb2tb0z82z5z77z9t b\">, MDC for Molecular Medecine &amp; Department of Mathematics and Computer Science, Free University Berlin, GER.<\/span><\/em><br \/>\n<span lang=\"EN-US\">The Wolf group studies computational models of signaling pathways, gene-regulation and metabolic networks in normal and disease states with a focus on processes in cancer biology and early development.<\/span><\/h6>\n<hr \/>\n<h6 style=\"text-align: center;\"><a href=\"http:\/\/project.inria.fr\/compsysbio2025\/files\/2024\/12\/ZechnerChristoph1.jpeg\"><img loading=\"lazy\" decoding=\"async\" class=\"size-thumbnail wp-image-946 aligncenter\" src=\"http:\/\/project.inria.fr\/compsysbio2025\/files\/2024\/12\/ZechnerChristoph1-150x150.jpeg\" alt=\"\" width=\"150\" height=\"150\" \/><\/a>(\u00a9 MPI-CBG)<\/h6>\n<h6 style=\"text-align: center;\"><strong><a href=\"https:\/\/zechnerlab.wordpress.com\"><span class=\"author-a-qgz85zz70zdmb2tb0z82z5z77z9t b\">Christoph Zechner<\/span><\/a><\/strong><span class=\"author-a-qgz85zz70zdmb2tb0z82z5z77z9t b\">, <em>SISSA, Trieste, IT.<\/em><\/span><br \/>\nThe Zechner lab combines physics and mathematics to study stochastic processes in biology.<\/h6>\n<h4 style=\"text-align: center;\"><strong>Afternoon blackboard teaching and hands-on sessions will be given by<\/strong><\/h4>\n<h6><a href=\"http:\/\/project.inria.fr\/compsysbio2025\/files\/2024\/12\/Hugo-photo.jpg\"><img loading=\"lazy\" decoding=\"async\" class=\"size-thumbnail wp-image-937 aligncenter\" src=\"http:\/\/project.inria.fr\/compsysbio2025\/files\/2024\/12\/Hugo-photo-150x150.jpg\" alt=\"\" width=\"150\" height=\"150\" \/><\/a><\/h6>\n<h6 style=\"text-align: center;\"><strong><a href=\"https:\/\/www.researchgate.net\/profile\/Hugo-Dourado-3\">Hugo Dourado,<\/a><\/strong> <em>Institute for Computer Science and Department of Biology, Heinrich-Heine University, D\u00fcsseldorf, GER.<\/em><br \/>\nHugo Dourado&#8217;s research focuses on understanding cell biology and evolution using the analytical tools of mathematical optimization.<\/h6>\n<hr \/>\n<p><a href=\"http:\/\/project.inria.fr\/compsysbio2025\/files\/2025\/09\/Photo_UH.jpg\"><img loading=\"lazy\" decoding=\"async\" class=\"alignnone size-thumbnail wp-image-1134 aligncenter\" src=\"http:\/\/project.inria.fr\/compsysbio2025\/files\/2025\/09\/Photo_UH-150x150.jpg\" alt=\"\" width=\"150\" height=\"150\" srcset=\"https:\/\/project.inria.fr\/compsysbio2025\/files\/2025\/09\/Photo_UH-150x150.jpg 150w, https:\/\/project.inria.fr\/compsysbio2025\/files\/2025\/09\/Photo_UH-300x300.jpg 300w, https:\/\/project.inria.fr\/compsysbio2025\/files\/2025\/09\/Photo_UH.jpg 600w\" sizes=\"auto, (max-width: 150px) 100vw, 150px\" \/><\/a><\/p>\n<h6 style=\"text-align: center;\"><strong><a href=\"https:\/\/herbach.perso.math.cnrs.fr\"><span class=\"author-a-qgz85zz70zdmb2tb0z82z5z77z9t b\">Ulysse Herbach<\/span><\/a>, <\/strong><em>INRIA Nancy, Univ Lorraine, FR<\/em><em>.<\/em><br \/>\nUlysse Herbarch&#8217;s research focuses on modeling and characterizing circulating tumor DNA (ctDNA) dynamics for detecting resistance to targeted therapies using mathematical biology.<\/h6>\n<hr \/>\n<h6 style=\"text-align: center;\"><a href=\"http:\/\/project.inria.fr\/compsysbio2025\/files\/2025\/01\/photo_DG.png\"><img loading=\"lazy\" decoding=\"async\" class=\"alignnone size-thumbnail wp-image-992\" src=\"http:\/\/project.inria.fr\/compsysbio2025\/files\/2025\/01\/photo_DG-150x150.png\" alt=\"\" width=\"150\" height=\"150\" \/><\/a><\/h6>\n<h6 style=\"text-align: center;\"><strong><a href=\"https:\/\/utc.ulb.be\/dgonze.html\" target=\"_blank\" rel=\"noopener\">Didier Gonze<\/a>, <\/strong><em>Unit of Theoretical Chronobiology, Universit\u00e9 Libre de Bruxelles, BEL.<\/em><br \/>\nThe Gonze&#8217;s group focuses on deterministic and stochastic modeling of gene regulatory networks (circadian clocks, cell cycle, embryonic development, calcium signalling).<\/h6>\n<hr \/>\n<h6 style=\"text-align: center;\"><img loading=\"lazy\" decoding=\"async\" class=\"aligncenter size-thumbnail wp-image-997\" src=\"http:\/\/project.inria.fr\/compsysbio2025\/files\/2025\/01\/hidde-e1641462075811-127x150.jpg\" alt=\"\" width=\"127\" height=\"150\" \/><\/h6>\n<h6 style=\"text-align: center;\"><strong><a href=\"https:\/\/team.inria.fr\/microcosme\/hidde-de-jong\/\" target=\"_blank\" rel=\"noopener\">Hidde de Jong<\/a>, <\/strong><em>MICROCOSM, Inria &#8211; Universit\u00e9 Grenoble Alpes, FR.<\/em><br \/>\nThe MICROCOSM research group combines computational and experimental approaches for the analysis, engineering, and control of the growth of microorganisms.<\/h6>\n<hr \/>\n<p style=\"text-align: center;\"><a href=\"http:\/\/project.inria.fr\/compsysbio2025\/files\/2024\/12\/image___fr____preview.jpeg\"><img loading=\"lazy\" decoding=\"async\" class=\"alignnone size-thumbnail wp-image-949\" src=\"http:\/\/project.inria.fr\/compsysbio2025\/files\/2024\/12\/image___fr____preview-150x150.jpeg\" alt=\"\" width=\"150\" height=\"150\" \/><\/a><\/p>\n<h6 style=\"text-align: center;\"><strong><a href=\"https:\/\/www.ens-lyon.fr\/LBMC\/equipes\/biologie-physique-de-la-chromatine?set_language=en&amp;cl=en\">Daniel Jost<\/a><\/strong><em>, LBMC, CNRS, ENS de Lyon, FR.<\/em><br \/>\nThe Jost group investigates the generic principles driving chromatin folding and regulation by developing physical and computational models, in close connection with experimental biology.<\/h6>\n<hr \/>\n<h6><\/h6>\n<h6 style=\"text-align: center;\">\u00a0<a href=\"http:\/\/project.inria.fr\/compsysbio2025\/files\/2025\/06\/Diana2.jpg\"><img loading=\"lazy\" decoding=\"async\" class=\"alignnone size-thumbnail wp-image-1106\" src=\"http:\/\/project.inria.fr\/compsysbio2025\/files\/2025\/06\/Diana2-150x150.jpg\" alt=\"\" width=\"150\" height=\"150\" \/><\/a><\/h6>\n<h6 style=\"text-align: center;\"><a href=\"https:\/\/chemnet.univie.ac.at\/team\/diana-szeliova\/\">Diana Sz\u00e9liova<\/a>, <em>Univ Vienna, AUST.<\/em><br \/>\nDiana Sz\u00e9liov\u00e1 studies resource allocation and evolution in microorganisms using constraint-based modeling methods such as resource balance analysis and growth balance analysis.<\/h6>\n<hr \/>\n<p><a href=\"http:\/\/project.inria.fr\/compsysbio2025\/files\/2025\/01\/C0508_001.jpg\"><img loading=\"lazy\" decoding=\"async\" class=\"size-thumbnail wp-image-1026 aligncenter\" src=\"http:\/\/project.inria.fr\/compsysbio2025\/files\/2025\/01\/C0508_001-150x150.jpg\" alt=\"\" width=\"150\" height=\"150\" \/><\/a><\/p>\n<h6 style=\"text-align: center;\"><strong><a href=\"https:\/\/www.slcu.cam.ac.uk\/people\/francois-nedelec\" target=\"_blank\" rel=\"noopener\">Fran\u00e7ois<\/a><\/strong><a href=\"https:\/\/www.slcu.cam.ac.uk\/people\/francois-nedelec\" target=\"_blank\" rel=\"noopener\"> Nedelec<\/a><em>, Sainsbury lab, Cambridge University, UK.<\/em><br \/>\nNedelec group uses simulations, theory, and experimental insights to investigate how cytoskeletal systems organize and function.<\/h6>\n<hr \/>\n<h6 style=\"text-align: center;\"><strong><a href=\"https:\/\/franckpicard.github.io\">Franck Picard<\/a><\/strong><br \/>\n<i>LBMC, CNRS, ENS de Lyon, FR.<\/i><\/h6>\n<hr \/>\n<h6 style=\"text-align: center;\"><a href=\"http:\/\/project.inria.fr\/compsysbio2025\/files\/2025\/01\/mrichard_picture-scaled.jpg\"><img loading=\"lazy\" decoding=\"async\" class=\"alignnone size-thumbnail wp-image-995\" src=\"http:\/\/project.inria.fr\/compsysbio2025\/files\/2025\/01\/mrichard_picture-150x150.jpg\" alt=\"\" width=\"150\" height=\"150\" \/><\/a><\/h6>\n<h6 style=\"text-align: center;\"><strong><a href=\"https:\/\/magrichard.github.io\/index.html\" target=\"_blank\" rel=\"noopener\">Magali Richard <\/a><\/strong>, <em>TIMC, CNRS, Universit\u00e9 Grenoble-Alpes, FR.<\/em><br \/>\nThe Richard group is interested in developing statistical and computational methods for the analysis of tumor heterogeneity.<i><br \/>\n<\/i><\/h6>\n<hr \/>\n<h6><a href=\"http:\/\/project.inria.fr\/compsysbio2025\/files\/2025\/01\/cedric_vaillant.jpg\"><img loading=\"lazy\" decoding=\"async\" class=\"size-thumbnail wp-image-1023 aligncenter\" src=\"http:\/\/project.inria.fr\/compsysbio2025\/files\/2025\/01\/cedric_vaillant-150x150.jpg\" alt=\"\" width=\"150\" height=\"150\" srcset=\"https:\/\/project.inria.fr\/compsysbio2025\/files\/2025\/01\/cedric_vaillant-150x150.jpg 150w, https:\/\/project.inria.fr\/compsysbio2025\/files\/2025\/01\/cedric_vaillant-200x200.jpg 200w\" sizes=\"auto, (max-width: 150px) 100vw, 150px\" \/><\/a><\/h6>\n<h6 style=\"text-align: center;\"><strong><a href=\"https:\/\/www.ens-lyon.fr\/PHYSIQUE\/presentation\/annuaire\/vaillant-cedric\" target=\"_blank\" rel=\"noopener\">C\u00e9dric Vaillant<\/a> , <\/strong><i>LPENSL, CNRS, ENS de Lyon, <\/i><em>FR.<\/em><br \/>\nC\u00e9dric Vaillant&#8217;s research focuses on developing theoretical models of chromatin at different scales from the positioning of nucleosomes to the large-scale organization of the genome.<\/h6>\n<hr \/>\n<p><a href=\"http:\/\/project.inria.fr\/compsysbio2025\/files\/2025\/09\/ventre_elias_crcm.jpg\"><img loading=\"lazy\" decoding=\"async\" class=\"alignnone size-thumbnail wp-image-1133 aligncenter\" src=\"http:\/\/project.inria.fr\/compsysbio2025\/files\/2025\/09\/ventre_elias_crcm-150x150.jpg\" alt=\"\" width=\"150\" height=\"150\" srcset=\"https:\/\/project.inria.fr\/compsysbio2025\/files\/2025\/09\/ventre_elias_crcm-150x150.jpg 150w, https:\/\/project.inria.fr\/compsysbio2025\/files\/2025\/09\/ventre_elias_crcm.jpg 162w\" sizes=\"auto, (max-width: 150px) 100vw, 150px\" \/><\/a><\/p>\n<h6 style=\"text-align: center;\"><strong><a href=\"https:\/\/eliasventre.github.io\" target=\"_blank\" rel=\"noopener\">Elias Ventre<\/a> , <\/strong><i>COMPO team, INRIA, Marseille, <\/i><em>FR.<\/em><br \/>\nElias Ventre&#8217;s research focuses on modeling gene expression at the molecular level for studying cellular fate using multiscale analysis of stochastic hybrid processes.<\/h6>\n<hr \/>\n<p><a href=\"http:\/\/project.inria.fr\/compsysbio2025\/files\/2024\/12\/AndreaWeisse-1-edited-scaled-e1728905057360-286x300-1.jpeg\"><img loading=\"lazy\" decoding=\"async\" class=\"size-thumbnail wp-image-929 aligncenter\" src=\"http:\/\/project.inria.fr\/compsysbio2025\/files\/2024\/12\/AndreaWeisse-1-edited-scaled-e1728905057360-286x300-1-150x150.jpeg\" alt=\"\" width=\"150\" height=\"150\" \/><\/a><\/p>\n<h6 style=\"text-align: center;\"><strong><a href=\"https:\/\/homepages.inf.ed.ac.uk\/aweisse\/\" target=\"_blank\" rel=\"noopener\">Andrea Weisse<\/a>, <\/strong><em>School of Informatics &amp; School of Biological Sciences, University of Edinburgh, UK<\/em><br \/>\nThe Weisse group uses computational modelling and data analysis to better understand bacterial responses to antibiotics.<\/h6>\n<h6><\/h6>\n<p><!--\n \t\n\n<li>\n\n\n<h6><strong><a href=\"http:\/\/www.lps.ens.fr\/~cocco\/\" target=\"_blank\" rel=\"noopener\">Simona Cocco<\/a><\/strong><strong>\n<\/strong>Ecole Normale Sup\u00e9rieure, Paris, France<\/h6>\n\n\n<\/li>\n\n\n \t\n\n<li>\n\n\n<h6><strong><span style=\"color: #000000;\"><a href=\"http:\/\/homepages.inf.ed.ac.uk\/vdanos\/\" target=\"_blank\" rel=\"noopener\">Vincent Danos\n<\/a><\/span><\/strong><span style=\"color: #000000;\">Ecole Normale Sup\u00e9rieure, Paris, France<\/span><\/h6>\n\n\n<\/li>\n\n\n \t\n\n<li>\n\n\n<h6><strong><a href=\"http:\/\/dsb.upf.edu\" target=\"_blank\" rel=\"noopener\">Jordi Garcia-Ojalvo<\/a>\n<\/strong>Universitat Pompeu Fabra, Barcelona, Spain<\/h6>\n\n\n<\/li>\n\n\n \t\n\n<li>\n\n\n<h6><strong><a href=\"https:\/\/team.inria.fr\/virtualplants\/christophe-godin\/\" target=\"_blank\" rel=\"noopener\">Christophe Godin<\/a>\n<\/strong>INRIA Montpellier, France<\/h6>\n\n\n<\/li>\n\n\n \t\n\n<li>\n\n\n<h6><strong><a href=\"http:\/\/nibelung.bioquant.uni-heidelberg.de\/Welcome.html\" target=\"_blank\" rel=\"noopener\">Thomas H\u00f6fer<\/a>\n<\/strong>DKFZ, Heidelberg, Germany<\/h6>\n\n\n<\/li>\n\n\n \t\n\n<li>\n\n\n<h6><strong><a href=\"http:\/\/www.bsse.ethz.ch\/ctsb\" target=\"_blank\" rel=\"noopener\">Mustafa Khammash<\/a>\n<\/strong>ETH Z\u00fcrich, Switzerland<\/h6>\n\n\n<\/li>\n\n\n \t\n\n<li>\n\n\n<h6><strong><a href=\"https:\/\/www2.hu-berlin.de\/biologie\/theorybp\/\" target=\"_blank\" rel=\"noopener\">Edda Klipp<\/a>\n<\/strong>Humboldt Universit\u00e4t Berlin, Germany<\/h6>\n\n\n<\/li>\n\n\n \t\n\n<li>\n\n\n<h6><strong><a href=\"http:\/\/molinalab.bio.ed.ac.uk\/home.html\" target=\"_blank\" rel=\"noopener\">Nacho Molina<\/a>\n<\/strong><span style=\"color: #000000;\">University of Edinburgh, UK<\/span><\/h6>\n\n\n<\/li>\n\n\n \t\n\n<li>\n\n\n<h6><strong><a href=\"http:\/\/www.cytosim.org\" target=\"_blank\" rel=\"noopener\">Fran\u00e7ois N\u00e9d\u00e9lec<\/a>\n<\/strong>EMBL Heidelberg, Germany<\/h6>\n\n\n<\/li>\n\n\n \t\n\n<li>\n\n\n<h6><strong><a href=\"http:\/\/mpf.biol.vt.edu\/lab_website\/\" target=\"_blank\" rel=\"noopener\">John Tyson<\/a>\n<\/strong>VirginiaTech, Blacksburg, VA, USA<\/h6>\n\n\n<\/li>\n\n\n \t\n\n<li>\n\n\n<h6><strong><a href=\"http:\/\/www.falw.vu\/~microb\/mcf\/personnel\/htm\/westerhoff.html\" target=\"_blank\" rel=\"noopener\">Hans Westerhoff<\/a>\n<\/strong>Vrije Univeristeit Amsterdam, The Netherlands<\/h6>\n\n\n<\/li>\n\n\n--><\/p>","protected":false},"excerpt":{"rendered":"<p>Keynote speakers (\u00a9 Katarzyna Novak) Paola Picotti, Institute of Molecular Systems Biology, ETH Zurich, CH The Picotti lab investigates how protein conformational changes impact cellular physiology and result in human disease using experimental systems biology approaches. (\u00a9 ETH Zurich) Mustafa Khammash, ETH Zurich, CH The Khammash group develops mathematical and\u2026<\/p>\n<p> <a class=\"continue-reading-link\" href=\"https:\/\/project.inria.fr\/compsysbio2025\/invited-speakers\/\"><span>Continue reading<\/span><i class=\"crycon-right-dir\"><\/i><\/a> <\/p>\n","protected":false},"author":935,"featured_media":0,"parent":0,"menu_order":0,"comment_status":"closed","ping_status":"closed","template":"","meta":{"footnotes":""},"class_list":["post-346","page","type-page","status-publish","hentry"],"_links":{"self":[{"href":"https:\/\/project.inria.fr\/compsysbio2025\/wp-json\/wp\/v2\/pages\/346","targetHints":{"allow":["GET"]}}],"collection":[{"href":"https:\/\/project.inria.fr\/compsysbio2025\/wp-json\/wp\/v2\/pages"}],"about":[{"href":"https:\/\/project.inria.fr\/compsysbio2025\/wp-json\/wp\/v2\/types\/page"}],"author":[{"embeddable":true,"href":"https:\/\/project.inria.fr\/compsysbio2025\/wp-json\/wp\/v2\/users\/935"}],"replies":[{"embeddable":true,"href":"https:\/\/project.inria.fr\/compsysbio2025\/wp-json\/wp\/v2\/comments?post=346"}],"version-history":[{"count":98,"href":"https:\/\/project.inria.fr\/compsysbio2025\/wp-json\/wp\/v2\/pages\/346\/revisions"}],"predecessor-version":[{"id":1135,"href":"https:\/\/project.inria.fr\/compsysbio2025\/wp-json\/wp\/v2\/pages\/346\/revisions\/1135"}],"wp:attachment":[{"href":"https:\/\/project.inria.fr\/compsysbio2025\/wp-json\/wp\/v2\/media?parent=346"}],"curies":[{"name":"wp","href":"https:\/\/api.w.org\/{rel}","templated":true}]}}