

{"id":360,"date":"2022-04-25T09:27:48","date_gmt":"2022-04-25T07:27:48","guid":{"rendered":"https:\/\/project.inria.fr\/concoursstipgra2021\/?page_id=360"},"modified":"2024-06-04T11:35:30","modified_gmt":"2024-06-04T09:35:30","slug":"candidater-2","status":"publish","type":"page","link":"https:\/\/project.inria.fr\/concoursstipgra\/candidater-2\/","title":{"rendered":"Candidater"},"content":{"rendered":"<p><\/p>\n<table style=\"border-collapse: collapse; width: 100%;\" border=\"1\">\n<tbody>\n<tr>\n<td style=\"width: 50%;\">\n<h4><a href=\"https:\/\/project.inria.fr\/concoursstipgra\/files\/2024\/05\/candidater2.jpg\"><img loading=\"lazy\" decoding=\"async\" class=\"wp-image-764 alignright\" src=\"https:\/\/project.inria.fr\/concoursstipgra\/files\/2024\/05\/candidater2.jpg\" alt=\"\" width=\"136\" height=\"136\" srcset=\"https:\/\/project.inria.fr\/concoursstipgra\/files\/2024\/05\/candidater2.jpg 225w, https:\/\/project.inria.fr\/concoursstipgra\/files\/2024\/05\/candidater2-150x150.jpg 150w\" sizes=\"auto, (max-width: 136px) 100vw, 136px\" \/><\/a><\/h4>\n<h4><\/h4>\n<h4><strong><span style=\"color: #99cc00;\">Votre candidature pourra \u00eatre :\u00a0\u00a0 \u00a0 <\/span><br \/>\n<\/strong><\/h4>\n<ul>\n<li>\n<h5>une vid\u00e9o (dur\u00e9e 5 minutes maximum)<\/h5>\n<\/li>\n<li>\n<h5>une bande dessin\u00e9e<\/h5>\n<\/li>\n<li>\n<h5>une description \u00e9crite (2 pages A4 maximum)<\/h5>\n<\/li>\n<li>\n<h5>un dessin<\/h5>\n<\/li>\n<li>\n<h5>une construction Lego, Playmobil&#8230; expliqu\u00e9e<\/h5>\n<\/li>\n<li>\n<h5>&#8230; ou tout autre support de votre imagination (pouvant \u00eatre vu, lu, \u00e9cout\u00e9 en 5 minutes environ)<\/h5>\n<\/li>\n<\/ul>\n<\/td>\n<td style=\"width: 50%; background-color: #f2f2f2;\">\n<h4><span style=\"color: #33cccc;\"><strong>Calendrier du concours :\u00a0 <a href=\"https:\/\/project.inria.fr\/concoursstipgra\/files\/2024\/05\/agenda4.jpg\"><img loading=\"lazy\" decoding=\"async\" class=\"wp-image-774 alignright\" src=\"https:\/\/project.inria.fr\/concoursstipgra\/files\/2024\/05\/agenda4.jpg\" alt=\"\" width=\"149\" height=\"149\" srcset=\"https:\/\/project.inria.fr\/concoursstipgra\/files\/2024\/05\/agenda4.jpg 225w, https:\/\/project.inria.fr\/concoursstipgra\/files\/2024\/05\/agenda4-150x150.jpg 150w\" sizes=\"auto, (max-width: 149px) 100vw, 149px\" \/><\/a><\/strong><\/span><\/h4>\n<h5><span style=\"color: #33cccc;\">Soumission des candidatures :<\/span><br \/>\ndu 1er juin au 15 septembre 2024 minuit<\/h5>\n<h5><span style=\"color: #33cccc;\">Annonce des laur\u00e9ats :<\/span><br \/>\ncourant septembre 2024<\/h5>\n<h5><span style=\"color: #33cccc;\">Remise du ou des prix :<br \/>\n<span style=\"color: #000000;\">courant octobre 2024<\/span><\/span><\/h5>\n<h5><span style=\"color: #ff6600;\"><a href=\"https:\/\/project.inria.fr\/concoursstipgra\/files\/2024\/06\/Reglement-concours-idees-innovantes-4ed-V040624_V1.pdf\" target=\"_blank\" rel=\"noopener\"><span style=\"color: #99cc00;\"><span style=\"color: #ff9900;\">R\u00e8glement du concours<\/span><\/span><\/a><strong><br \/>\n<\/strong><\/span><\/h5>\n<p><em><span style=\"font-size: 10pt;\">version modifi\u00e9e du 04\/06\/24<\/span><br \/>\n<\/em><\/td>\n<\/tr>\n<\/tbody>\n<\/table>\n<h4><strong><span style=\"color: #ff6600;\"><span style=\"color: #ff4000;\">D\u00e9poser votre candidature\u00a0<\/span> <\/span><\/strong><span style=\"color: #ff6600;\"><span style=\"color: #99cc00;\"><br \/>\n<\/span><\/span><\/h4>\n<h5>Pour faciliter la soumission, merci d&rsquo;utiliser Filesender (<a href=\"https:\/\/filesender.renater.fr\" target=\"_blank\" rel=\"noopener\">https:\/\/filesender.renater.fr<\/a>) pour charger votre pr\u00e9sentation et nous transmettre le lien.<\/h5>\n<table style=\"border-collapse: collapse; width: 100%;\">\n<tbody>\n<tr>\n<td style=\"width: 50%;\">\n<h5>\n<div class=\"wpcf7 no-js\" id=\"wpcf7-f135-o2\" lang=\"fr-FR\" dir=\"ltr\" data-wpcf7-id=\"135\"><form action=\"\/concoursstipgra\/wp-json\/wp\/v2\/pages\/360#wpcf7-f135-o2\" method=\"post\" class=\"wpcf7-form init\" novalidate=\"novalidate\" data-status=\"init\">\n<div style=\"display: none;\">\n<input type=\"hidden\" name=\"_wpcf7\" value=\"135\" \/>\n<input type=\"hidden\" name=\"_wpcf7_version\" value=\"6.0.6\" \/>\n<input type=\"hidden\" name=\"_wpcf7_locale\" value=\"fr_FR\" \/>\n<input type=\"hidden\" name=\"_wpcf7_unit_tag\" value=\"wpcf7-f135-o2\" \/>\n<input type=\"hidden\" name=\"_wpcf7_container_post\" value=\"0\" \/>\n<input type=\"hidden\" name=\"_wpcf7_posted_data_hash\" value=\"\" \/>\n<\/div>\n<p><label> Votre nom (obligatoire)<br \/>\n<span class=\"wpcf7-form-control-wrap\" data-name=\"your-name\"><input class=\"wpcf7-form-control wpcf7-text wpcf7-validates-as-required\" aria-required=\"true\" aria-invalid=\"false\" value=\"\" type=\"text\" name=\"your-name\" \/><\/span> <\/label>\n<\/p>\n<p><label> Votre adresse de messagerie (obligatoire)<br \/>\n<span class=\"wpcf7-form-control-wrap\" data-name=\"your-email\"><input class=\"wpcf7-form-control wpcf7-email wpcf7-validates-as-required wpcf7-text wpcf7-validates-as-email\" aria-required=\"true\" aria-invalid=\"false\" value=\"\" type=\"email\" name=\"your-email\" \/><\/span> <\/label>\n<\/p>\n<p><label> Nom de votre projet (obligatoire)<br \/>\n<span class=\"wpcf7-form-control-wrap\" data-name=\"project-name\"><input class=\"wpcf7-form-control wpcf7-text wpcf7-validates-as-required\" aria-required=\"true\" aria-invalid=\"false\" value=\"\" type=\"text\" name=\"project-name\" \/><\/span> <\/label>\n<\/p>\n<p><label> Lien vers votre pr\u00e9sentation (obligatoire)<br \/>\n<span class=\"wpcf7-form-control-wrap\" data-name=\"fichier\"><input class=\"wpcf7-form-control wpcf7-url wpcf7-validates-as-required wpcf7-text wpcf7-validates-as-url\" aria-required=\"true\" aria-invalid=\"false\" value=\"\" type=\"url\" name=\"fichier\" \/><\/span> <\/label>\n<\/p>\n<p><label> Commentaire \u00e9ventuel<br \/>\n<span class=\"wpcf7-form-control-wrap\" data-name=\"your-message\"><textarea cols=\"40\" rows=\"10\" class=\"wpcf7-form-control wpcf7-textarea\" aria-invalid=\"false\" name=\"your-message\"><\/textarea><\/span> <\/label>\n<\/p>\n<p><input class=\"wpcf7-form-control wpcf7-submit has-spinner\" type=\"submit\" value=\"Envoyer\" \/>\n<\/p><div class=\"wpcf7-response-output\" tabindex=\"-1\"><\/div>\n<\/form>\n<\/div>\n<\/h5>\n<\/td>\n<td style=\"width: 50%;\">\n<h6><em>Inria est engag\u00e9 dans une d\u00e9marche de protection des donn\u00e9es personnelles en accord avec le R\u00e8glement G\u00e9n\u00e9ral sur la Protection des Donn\u00e9es (RGPD).<\/em><\/h6>\n<h6><em>Inria utilise ce site web afin de participer au concours \u00ab\u00a0Id\u00e9es innovantes &#8211; 3e \u00e9dition\u00a0\u00bb et d&rsquo;en d\u00e9signer les gagnants,<\/em> <em>\u00a0sur la base l\u00e9gale du consentement. <\/em><\/h6>\n<h6><em>Les destinataires de ces donn\u00e9es sont les membres du service Communication et M\u00e9diation du Centre Inria de l&rsquo;Universit\u00e9 Grenoble Alpes, ainsi que les membres du jury mentionn\u00e9s \u00e0 l&rsquo;article 6 du r\u00e8glement du concours. Ces donn\u00e9es seront conserv\u00e9es pendant trois mois \u00e0 compter de la fin du concours et ne seront pas transf\u00e9r\u00e9es hors de l\u2019Union Europ\u00e9enne<\/em><em>. Cette collecte de donn\u00e9es s\u2019effectue sur la base du volontariat et <\/em> <em>n\u2019engendre pas de prise de d\u00e9cision automatis\u00e9e.<\/em><\/h6>\n<h6><em>Vous pouvez acc\u00e9der \u00e0 vos donn\u00e9es, demander leur effacement, exercer vos droits d\u2019opposition, de rectification et \u00e0 la limitation du traitement de vos donn\u00e9es. Pour exercer ces droits ou pour toute question sur le traitement de vos donn\u00e9es, vous pouvez contacter la DPO via <span id=\"OBJ_PREFIX_DWT1949_ZmEmailObjectHandler\" class=\"Object\" role=\"link\"><span id=\"OBJ_PREFIX_DWT1962_ZmEmailObjectHandler\" class=\"Object\" role=\"link\"><a href=\"mailto:dpo@inria.fr\" target=\"_blank\" rel=\"nofollow noopener noreferrer\">dpo@inria.fr<\/a><\/span><\/span><\/em> <em>. <\/em><br \/>\n<em>Toutefois, si vous estimez que vos droits ne sont pas respect\u00e9s ou que le traitement de vos donn\u00e9es n\u2019est pas conforme, vous pouvez adresser une r\u00e9clamation \u00e0 la CNIL.<\/em><\/h6>\n<h6><em>L&rsquo;ensemble des informations relatives au traitement des donn\u00e9es personnelles est accessible ici : <span id=\"OBJ_PREFIX_DWT1950_com_zimbra_url\" class=\"Object\" role=\"link\"><span id=\"OBJ_PREFIX_DWT1963_com_zimbra_url\" class=\"Object\" role=\"link\"><a href=\"https:\/\/project.inria.fr\/concoursstipgra\/files\/2023\/05\/Reglement-concours-idees-innovantes-3e-V300523.pdf\" target=\"_blank\" rel=\"nofollow noopener noreferrer\">https:\/\/project.inria.fr\/concoursstipgra\/files\/2023\/05\/Reglement-concours-idees-innovantes-3e-V300523.pdf<\/a><\/span><\/span><\/em><\/h6>\n<h6>Merci \u00e9galement de ne pas utiliser de donn\u00e9es sensibles (<span id=\"OBJ_PREFIX_DWT1953_com_zimbra_url\" class=\"Object\" role=\"link\"><span id=\"OBJ_PREFIX_DWT1966_com_zimbra_url\" class=\"Object\" role=\"link\"><a href=\"https:\/\/www.cnil.fr\/fr\/definition\/donnee-sensible\" target=\"_blank\" rel=\"nofollow noopener noreferrer\">https:\/\/www.cnil.fr\/fr\/definition\/donnee-sensible<\/a><\/span><\/span>) dans votre pr\u00e9sentation<\/h6>\n<\/td>\n<\/tr>\n<\/tbody>\n<\/table>\n<h5><\/h5>\n<p><\/p>","protected":false},"excerpt":{"rendered":"<p>Votre candidature pourra \u00eatre :\u00a0\u00a0 \u00a0 une vid\u00e9o (dur\u00e9e 5 minutes maximum) une bande dessin\u00e9e une description \u00e9crite (2 pages A4 maximum) un dessin une construction Lego, Playmobil&#8230; expliqu\u00e9e &#8230; ou tout autre support de votre imagination (pouvant \u00eatre vu, lu, \u00e9cout\u00e9 en 5 minutes environ) Calendrier du concours :\u00a0\u2026<\/p>\n<p> <a class=\"continue-reading-link\" href=\"https:\/\/project.inria.fr\/concoursstipgra\/candidater-2\/\"><span>Continue reading<\/span><i class=\"crycon-right-dir\"><\/i><\/a> <\/p>\n","protected":false},"author":1492,"featured_media":0,"parent":0,"menu_order":0,"comment_status":"closed","ping_status":"closed","template":"","meta":{"footnotes":""},"class_list":["post-360","page","type-page","status-publish","hentry"],"_links":{"self":[{"href":"https:\/\/project.inria.fr\/concoursstipgra\/wp-json\/wp\/v2\/pages\/360","targetHints":{"allow":["GET"]}}],"collection":[{"href":"https:\/\/project.inria.fr\/concoursstipgra\/wp-json\/wp\/v2\/pages"}],"about":[{"href":"https:\/\/project.inria.fr\/concoursstipgra\/wp-json\/wp\/v2\/types\/page"}],"author":[{"embeddable":true,"href":"https:\/\/project.inria.fr\/concoursstipgra\/wp-json\/wp\/v2\/users\/1492"}],"replies":[{"embeddable":true,"href":"https:\/\/project.inria.fr\/concoursstipgra\/wp-json\/wp\/v2\/comments?post=360"}],"version-history":[{"count":50,"href":"https:\/\/project.inria.fr\/concoursstipgra\/wp-json\/wp\/v2\/pages\/360\/revisions"}],"predecessor-version":[{"id":835,"href":"https:\/\/project.inria.fr\/concoursstipgra\/wp-json\/wp\/v2\/pages\/360\/revisions\/835"}],"wp:attachment":[{"href":"https:\/\/project.inria.fr\/concoursstipgra\/wp-json\/wp\/v2\/media?parent=360"}],"curies":[{"name":"wp","href":"https:\/\/api.w.org\/{rel}","templated":true}]}}