

{"id":368,"date":"2022-04-25T09:38:42","date_gmt":"2022-04-25T07:38:42","guid":{"rendered":"https:\/\/project.inria.fr\/concoursstipgra2021\/?page_id=368"},"modified":"2024-05-31T12:48:19","modified_gmt":"2024-05-31T10:48:19","slug":"le-concours","status":"publish","type":"page","link":"https:\/\/project.inria.fr\/concoursstipgra\/","title":{"rendered":"Le concours"},"content":{"rendered":"<h1><span style=\"color: #ff3c00;\">4<sup><span style=\"color: #ff0000;\">\u00e8me<\/span><\/sup> \u00e9dition du Concours d\u2019id\u00e9es innovantes <\/span><\/h1>\n<h4><span style=\"color: #99cc00;\"><strong>Un \u00e9v\u00e9nement interne \u00e0 destination de tous &#8211; organis\u00e9 par le STIP de Grenoble <\/strong><br \/><\/span><\/h4>\n<h3><strong>Surprenez-nous avec vos id\u00e9es ou vos projets ! <\/strong><\/h3>\n<table style=\"border-collapse: collapse; width: 100%;\">\n<tbody>\n<tr>\n<td style=\"width: 23.9285%;\"><a href=\"https:\/\/project.inria.fr\/concoursstipgra\/files\/2022\/04\/visuel_concours_2021.png\"><img loading=\"lazy\" decoding=\"async\" class=\"alignnone size-medium wp-image-464\" src=\"https:\/\/project.inria.fr\/concoursstipgra\/files\/2022\/04\/visuel_concours_2021-300x277.png\" alt=\"\" width=\"300\" height=\"277\" srcset=\"https:\/\/project.inria.fr\/concoursstipgra\/files\/2022\/04\/visuel_concours_2021-300x277.png 300w, https:\/\/project.inria.fr\/concoursstipgra\/files\/2022\/04\/visuel_concours_2021-768x709.png 768w, https:\/\/project.inria.fr\/concoursstipgra\/files\/2022\/04\/visuel_concours_2021-1024x945.png 1024w, https:\/\/project.inria.fr\/concoursstipgra\/files\/2022\/04\/visuel_concours_2021-150x138.png 150w, https:\/\/project.inria.fr\/concoursstipgra\/files\/2022\/04\/visuel_concours_2021.png 1177w\" sizes=\"auto, (max-width: 300px) 100vw, 300px\" \/><\/a><\/td>\n<td style=\"width: 76.0715%;\">\n<h5>\u00a0<\/h5>\n<h5>Vous \u00eates <span style=\"color: #ff0000;\"><strong>chercheur.s<\/strong><strong>e<\/strong><\/span>, <span style=\"color: #ff0000;\"><strong>doctorant.e<\/strong><\/span>, <span style=\"color: #ff0000;\"><strong>postdoctorant.e<\/strong><\/span>,<span style=\"color: #ff0000;\"> <strong>ing\u00e9nieur.e<\/strong><\/span> ou bien <span style=\"color: #ff0000;\"><strong>membre d&rsquo;un service support <\/strong><\/span>et, vous avez une <strong>id\u00e9e d&rsquo;application innovante<\/strong>, une <strong>technologie<\/strong>, ou un <strong>logiciel <\/strong>pour lequel\/laquelle vous souhaiteriez explorer les usages ?<\/h5>\n<h5>Ce concours est fait pour vous !<\/h5>\n<\/td>\n<\/tr>\n<\/tbody>\n<\/table>\n<hr \/>\n<h2><span style=\"color: #808080; font-family: tahoma, arial, helvetica, sans-serif;\"><a href=\"https:\/\/project.inria.fr\/concoursstipgra\/files\/2024\/05\/coupe-1.png\"><img loading=\"lazy\" decoding=\"async\" class=\"wp-image-756 alignleft\" src=\"https:\/\/project.inria.fr\/concoursstipgra\/files\/2024\/05\/coupe-1.png\" alt=\"\" width=\"61\" height=\"59\" \/><\/a>\u00a0 Les Prix<\/span><strong><br \/><\/strong><\/h2>\n<hr \/>\n<table style=\"border-collapse: collapse; width: 100%;\" border=\"1\">\n<tbody>\n<tr>\n<td style=\"width: 14.1332%;\">\n<h5 style=\"padding-left: 30px;\"><a href=\"https:\/\/project.inria.fr\/concoursstipgra\/files\/2024\/05\/vainquer-1.jpg\"><img loading=\"lazy\" decoding=\"async\" class=\"alignnone size-full wp-image-795\" src=\"https:\/\/project.inria.fr\/concoursstipgra\/files\/2024\/05\/vainquer-1.jpg\" alt=\"\" width=\"225\" height=\"225\" srcset=\"https:\/\/project.inria.fr\/concoursstipgra\/files\/2024\/05\/vainquer-1.jpg 225w, https:\/\/project.inria.fr\/concoursstipgra\/files\/2024\/05\/vainquer-1-150x150.jpg 150w\" sizes=\"auto, (max-width: 225px) 100vw, 225px\" \/><\/a><\/h5>\n<\/td>\n<td style=\"width: 85.8669%;\">\n<h5><span style=\"color: #33cccc;\"><strong>PREMIER PRIX<\/strong><\/span>\u00a0 : le premier prix sera d\u00e9cern\u00e9 \u00e0 l&rsquo;id\u00e9e la plus innovante<\/h5>\n<h5><span style=\"color: #33cccc;\"><strong>PRIX SP\u00c9CIAL <\/strong><\/span>: un\u00a0prix sp\u00e9cial\u00a0sera d\u00e9cern\u00e9 \u00e0 la meilleure id\u00e9e \u00e0\u00a0impact social positif<\/h5>\n<h5>Les laur\u00e9ats b\u00e9n\u00e9ficieront d&rsquo;un accompagnement par le Service Innovation du Centre Inria de Grenoble (usage, march\u00e9, d\u00e9veloppement\u2026) et d&rsquo;un soutien financier d\u00e9di\u00e9 \u00e0 l\u2019exploration du projet (visibilit\u00e9, prototype, recherche de financements, stage, missions, participation \u00e0 un salon\u2026)<\/h5>\n<\/td>\n<\/tr>\n<tr>\n<td style=\"width: 14.1332%;\">\u00a0<\/td>\n<td style=\"width: 85.8669%;\">\u00a0<\/td>\n<\/tr>\n<\/tbody>\n<\/table>\n<hr \/>\n<h2><span style=\"color: #808080; font-family: tahoma, arial, helvetica, sans-serif;\">Vous avez des questions ? <a href=\"https:\/\/project.inria.fr\/concoursstipgra\/files\/2024\/05\/question3.jpg\"><img loading=\"lazy\" decoding=\"async\" class=\"wp-image-749 alignleft\" src=\"https:\/\/project.inria.fr\/concoursstipgra\/files\/2024\/05\/question3.jpg\" alt=\"\" width=\"67\" height=\"67\" srcset=\"https:\/\/project.inria.fr\/concoursstipgra\/files\/2024\/05\/question3.jpg 225w, https:\/\/project.inria.fr\/concoursstipgra\/files\/2024\/05\/question3-150x150.jpg 150w\" sizes=\"auto, (max-width: 67px) 100vw, 67px\" \/><\/a><br \/><\/span><\/h2>\n<hr \/>\n<table style=\"border-collapse: collapse; width: 100%; height: 1284px;\" border=\"1\">\n<tbody>\n<tr style=\"height: 650px;\">\n<td style=\"width: 50.2706%; height: 650px;\">\n<h5><span style=\"color: #99cc00;\">Pourquoi ce concours ?<\/span><\/h5>\n<p>Nous avons con\u00e7u ce concours pour cr\u00e9er plus de lien entre toutes les personnes du Centre, pour montrer et partager des id\u00e9es ou des projets innovants, et explorer ensemble leur potentiel.<\/p>\n<h5><span style=\"color: #99cc00;\">Qui peut candidater\u00a0?<\/span><\/h5>\n<p>Tous les membres des \u00e9quipes projets et des services du Centre Inria de Grenoble<\/p>\n<h5><span style=\"color: #99cc00;\">Pourquoi candidater\u00a0?<\/span><\/h5>\n<p>Pour faire gagner de la visibilit\u00e9 \u00e0 votre id\u00e9e ou votre projet\u00a0 aupr\u00e8s de la communaut\u00e9 Inria<br \/>Pour b\u00e9n\u00e9ficier de l\u2019accompagnement de la part du Service Innovation, faire \u00e9voluer votre id\u00e9e et donner naissance \u00e0 votre projet<\/p>\n<h5><span style=\"color: #99cc00;\">Avec quel angle de vue seront regard\u00e9es les propositions ?<\/span><\/h5>\n<ul style=\"list-style-type: square;\">\n<li>\n<p>La faisabilit\u00e9 de l\u2019id\u00e9e ou projet<\/p>\n<\/li>\n<li>\n<p>La qualit\u00e9 de l\u2019argumentaire pour d\u00e9fendre cette id\u00e9e ou ce projet<\/p>\n<\/li>\n<li>\n<p>Le caract\u00e8re innovant de l\u2019id\u00e9e ou du projet<\/p>\n<\/li>\n<li>\n<p>L\u2019originalit\u00e9 de votre dossier de candidature<\/p>\n<\/li>\n<\/ul>\n<h4>\u00a0<\/h4>\n<h4>\u00a0<\/h4>\n<\/td>\n<td style=\"width: 49.7294%; height: 650px;\">\n<h5><span style=\"color: #99cc00;\">C\u2019est quoi une id\u00e9e innovante\u00a0?<\/span><\/h5>\n<ul style=\"list-style-type: square;\">\n<li>\n<p>un r\u00e9sultat de recherche, une id\u00e9e de produit, de service ou un projet de nouvelle activit\u00e9 ou d&rsquo;entreprise,<\/p>\n<\/li>\n<li>\n<p>une r\u00e9ponse \u00e0 un besoin<\/p>\n<\/li>\n<li>\n<p>un vecteur de changement et de nouveaut\u00e9.<\/p>\n<\/li>\n<\/ul>\n<h5><span style=\"color: #99cc00;\">On entend quoi par impact social ou environnemental ?<\/span><\/h5>\n<p>De notre point de vue, il peut intervenir \u00e0 plusieurs niveaux :<br \/>Sur la soci\u00e9t\u00e9 (par exemple en favorisant le lien social), sur l\u2019individu\u00a0 (comme l\u2019am\u00e9lioration des conditions de vie et de la sant\u00e9), sur l\u2019\u00e9conomie, sur la politique (en encourageant l\u2019initiative citoyenne), sur l\u2019environnement et sa pr\u00e9servation<\/p>\n<h5><span style=\"color: #99cc00;\">Est-ce que je dois d\u00e9velopper, coder ou m&rsquo;associer avec une personne ayant ces comp\u00e9tences pour soumettre mon projet ?<\/span><\/h5>\n<p>Non, les id\u00e9es sont les bienvenues au m\u00eame titre que les projets qui int\u00e8grent du code<\/p>\n<h5><span style=\"color: #99cc00;\">Et si je ne souhaite pas d&rsquo;accompagnement apr\u00e8s le concours ?<\/span><\/h5>\n<p>Chaque candidat.e choisit la suite qu&rsquo;il\/elle souhaite donner \u00e0 son projet (accompagnement, visibilit\u00e9&#8230;)<\/p>\n<p>\u00a0<\/p>\n<h4>\u00a0 <a href=\"https:\/\/project.inria.fr\/concoursstipgra\/files\/2024\/05\/participez2.jpg\"><img loading=\"lazy\" decoding=\"async\" class=\" wp-image-758 alignleft\" src=\"https:\/\/project.inria.fr\/concoursstipgra\/files\/2024\/05\/participez2.jpg\" alt=\"\" width=\"164\" height=\"164\" srcset=\"https:\/\/project.inria.fr\/concoursstipgra\/files\/2024\/05\/participez2.jpg 225w, https:\/\/project.inria.fr\/concoursstipgra\/files\/2024\/05\/participez2-150x150.jpg 150w\" sizes=\"auto, (max-width: 164px) 100vw, 164px\" \/><\/a><\/h4>\n<h3><a href=\"https:\/\/project.inria.fr\/concoursstipgra\/candidater-2\/\" target=\"_blank\" rel=\"noopener\"><span style=\"color: #99cc00;\">A vous de jouer !<\/span><\/a><\/h3>\n<\/td>\n<\/tr>\n<\/tbody>\n<\/table>","protected":false},"excerpt":{"rendered":"<p>4\u00e8me \u00e9dition du Concours d\u2019id\u00e9es innovantes Un \u00e9v\u00e9nement interne \u00e0 destination de tous &#8211; organis\u00e9 par le STIP de Grenoble Surprenez-nous avec vos id\u00e9es ou vos projets ! \u00a0 Vous \u00eates chercheur.se, doctorant.e, postdoctorant.e, ing\u00e9nieur.e ou bien membre d&rsquo;un service support et, vous avez une id\u00e9e d&rsquo;application innovante, une technologie,\u2026<\/p>\n<p> <a class=\"continue-reading-link\" href=\"https:\/\/project.inria.fr\/concoursstipgra\/\"><span>Continue reading<\/span><i class=\"crycon-right-dir\"><\/i><\/a> <\/p>\n","protected":false},"author":1492,"featured_media":0,"parent":0,"menu_order":0,"comment_status":"closed","ping_status":"closed","template":"","meta":{"footnotes":""},"class_list":["post-368","page","type-page","status-publish","hentry"],"_links":{"self":[{"href":"https:\/\/project.inria.fr\/concoursstipgra\/wp-json\/wp\/v2\/pages\/368","targetHints":{"allow":["GET"]}}],"collection":[{"href":"https:\/\/project.inria.fr\/concoursstipgra\/wp-json\/wp\/v2\/pages"}],"about":[{"href":"https:\/\/project.inria.fr\/concoursstipgra\/wp-json\/wp\/v2\/types\/page"}],"author":[{"embeddable":true,"href":"https:\/\/project.inria.fr\/concoursstipgra\/wp-json\/wp\/v2\/users\/1492"}],"replies":[{"embeddable":true,"href":"https:\/\/project.inria.fr\/concoursstipgra\/wp-json\/wp\/v2\/comments?post=368"}],"version-history":[{"count":109,"href":"https:\/\/project.inria.fr\/concoursstipgra\/wp-json\/wp\/v2\/pages\/368\/revisions"}],"predecessor-version":[{"id":816,"href":"https:\/\/project.inria.fr\/concoursstipgra\/wp-json\/wp\/v2\/pages\/368\/revisions\/816"}],"wp:attachment":[{"href":"https:\/\/project.inria.fr\/concoursstipgra\/wp-json\/wp\/v2\/media?parent=368"}],"curies":[{"name":"wp","href":"https:\/\/api.w.org\/{rel}","templated":true}]}}