


{"id":162,"date":"2019-01-10T10:50:12","date_gmt":"2019-01-10T09:50:12","guid":{"rendered":"https:\/\/project.inria.fr\/corese\/?page_id=162"},"modified":"2022-02-02T18:13:11","modified_gmt":"2022-02-02T17:13:11","slug":"application","status":"publish","type":"page","link":"https:\/\/project.inria.fr\/corese\/application\/","title":{"rendered":"Applications"},"content":{"rendered":"<p>Corese is used, and has been used, as Semantic Web Factory in several applications.<\/p>\n<p><strong>ANR-RNRT-ACI-PACA Projects<\/strong><\/p>\n<p>1. <a href=\"http:\/\/kolflow.univ-nantes.fr\/mediawiki\/index.php\/Main_Page\" target=\"_blank\" rel=\"noopener\">Kolflow<\/a>: Distributed Semantic Wiki<br \/>\n2. ISICIL: Semantic Web and Social Web for Technological Watch<br \/>\n3. <a href=\"http:\/\/www-sop.inria.fr\/edelweiss\/projects\/ewok\/\" target=\"_blank\" rel=\"noopener\">e-WOK HUB<\/a>: Environment Web Ontology Knowledge Hub, 2006-2008<br \/>\n4. RBP: Genomics RDF Graph Query and Navigation with Immunosearch and IPMC<br \/>\n5. <a href=\"http:\/\/www-sop.inria.fr\/acacia\/soft\/kmp.html\" target=\"_blank\" rel=\"noopener\">KMP<\/a>: Knowledge Management Platform at Sophia Antipolis, RNRT project 2003-2004 and 2004-2005, DRIRE 2005-2006.<a href=\"http:\/\/www-sop.inria.fr\/acacia\/soft\/corese\/screenshots\/KmPValueChain1.jpg\" target=\"_blank\" rel=\"noopener\">screenshot 1<\/a> &#8211; <a href=\"http:\/\/www-sop.inria.fr\/acacia\/soft\/corese\/screenshots\/KmPValueChain2.jpg\" target=\"_blank\" rel=\"noopener\">screenshot 2<\/a> &#8211; <a href=\"http:\/\/www-sop.inria.fr\/acacia\/soft\/corese\/screenshots\/KmPValueChain3.jpg\" target=\"_blank\" rel=\"noopener\">screenshot 3<\/a> &#8211; <a href=\"http:\/\/www-sop.inria.fr\/acacia\/soft\/corese\/screenshots\/KmPRadar.jpg\" target=\"_blank\" rel=\"noopener\">screenshot 4<\/a> &#8211; <a href=\"http:\/\/www-sop.inria.fr\/acacia\/soft\/corese\/screenshots\/KmPApproximate.jpg\" target=\"_blank\" rel=\"noopener\">screenshot 5<\/a> <a href=\"http:\/\/www.newsletter-pro.net\/tv\/news.php?action=0&amp;id_page=354\" target=\"_blank\" rel=\"noopener\">KMP Project<\/a><br \/>\n6. Ligne de Vie: Patient Medical Record with ontologies and viewpoints, with Nautilus Corp. 2003-2004. screenshot<\/p>\n<p><strong>European Projects<\/strong><\/p>\n<p>1. <a href=\"http:\/\/palette.ercim.org\" target=\"_blank\" rel=\"noopener\">Palette<\/a>: Pedagogically sustained Adaptative LEarning Through the exploitation of Tacit and Explicit knowledge. (2006-2008)<br \/>\n2. <a href=\"https:\/\/cordis.europa.eu\/guidance\/archive_en.html\" target=\"_blank\" rel=\"noopener\">SevenPro<\/a>: Semantic Virtual Engineering Environment for Product Design (2006-2008)<br \/>\n3. SeaLife: Semantic Grid Browser for the Life Sciences Applied to the Study of Infectious Diseases (2006-2008)<br \/>\n4. Comma: COrporate Memory Management through Agents, 2000-2001.<br \/>\n<br \/>\n<strong>Industry Grants<\/strong><\/p>\n<p>1. Orange Labs: Semantic Social Network Analysis, Cifre PhD Grant, 2008-2010<br \/>\n2. Philips-NXP: KM2 : Knowledge Management 2005-2006<br \/>\n3. EADS (Corporate Research Center) : Collaboration on a prototype of Corporate Semantic Web on Knowledge Management for an Industrial Research Center. 2003-2004. <a href=\"http:\/\/www-sop.inria.fr\/acacia\/soft\/corese\/screenshots\/CoreseBrowse.jpg\" rel=\"noopener\" target=\"_blank\">screenshot 1<\/a> &#8211; <a href=\"http:\/\/www-sop.inria.fr\/acacia\/soft\/corese\/screenshots\/CoreseOntology.jpg\" rel=\"noopener\" target=\"_blank\">screenshot 2<\/a> &#8211; <a href=\"http:\/\/www-sop.inria.fr\/acacia\/soft\/corese\/screenshots\/CoreseResult.jpg\" rel=\"noopener\" target=\"_blank\">screenshot 3<\/a><br \/>\n4. Renault: Samovar car design project memory, 2000-2002<br \/>\n<br \/>\n<strong>Academic Grants<\/strong><\/p>\n<p>1. Corese (3) KGRAM INRIA ADT, 2013-2015<br \/>\n2. <a href=\"https:\/\/github.com\/gephi\/gephi\/wiki\/index.php\" rel=\"noopener\" target=\"_blank\">SemanticWebImport<\/a>: Semantic Graph Visualization using Gephi &amp; Corese, INRIA ADT, 2011-2012<br \/>\n3. Corese (2) INRIA ADT, 2005-2007<br \/>\n4. Corese (1) INRIA ODL, 2002-2004<br \/>\n5. CSTB : Agent software for the Web mining: Application in the science-technology watch (monitoring)<br \/>\n6. Desir: Annotation of R Scripts with INRA Montpellier, INRIA Color<br \/>\n7. Edcaeteras: Comparing Semantic Distances, INRIA Color<br \/>\n8. <a href=\"http:\/\/www-sop.inria.fr\/acacia\/meat\/\" rel=\"noopener\" target=\"_blank\">Meat <\/a>: Bioinformatics with IPMC : describing experiments with DNA microarrays <a href=\"http:\/\/www-sop.inria.fr\/acacia\/soft\/corese\/screenshots\/MEAT.jpg\" rel=\"noopener\" target=\"_blank\">screenshot <\/a>INRIA Color<br \/>\n9. WebLearn: Semantic Web for eLearning, CNRS AS 149 &amp; INRIA Color<br \/>\n10. <a href=\"http:\/\/www-sop.inria.fr\/acacia\/aprobatiom\/\" rel=\"noopener\" target=\"_blank\">Aprobatiom<\/a> : project with CSTB, design documents management, 2001 <a href=\"http:\/\/www-sop.inria.fr\/acacia\/soft\/corese\/screenshots\/Aprobatiom.jpg\" rel=\"noopener\" target=\"_blank\">screenshot<\/a> INRIA Color<br \/>\n11. <a href=\"http:\/\/exmo.inrialpes.fr\/cooperation\/escrire\/\" rel=\"noopener\" target=\"_blank\">Escrire<\/a> project : Inria cooperation with Orpailleur and Exmo teams to compare objects, description logics and conceptual graphs for document content model, 2001-2002 <a href=\"http:\/\/www-sop.inria.fr\/acacia\/soft\/corese\/screenshots\/Escrire.jpg\" rel=\"noopener\" target=\"_blank\">screenshot<\/a> INRIA ARC<br \/>\n<br \/>\n<strong>Users<\/strong><\/p>\n<p>1. <a href=\"http:\/\/www.mnemotix.org\" rel=\"noopener\" target=\"_blank\">Mnemotix<\/a><br \/>\n2. <a href=\"http:\/\/www.liganz.com\" rel=\"noopener\" target=\"_blank\">Liganz<\/a>: Shopping Engine<br \/>\n3. <a href=\"http:\/\/www.irstea.fr\/accueil\" rel=\"noopener\" target=\"_blank\">IRSTEA<\/a><br \/>\n4. <a href=\"http:\/\/www.e-ginseng.org\" rel=\"noopener\" target=\"_blank\">Ginseng<\/a> ANR project<br \/>\n5. <a href=\"https:\/\/www.creatis.insa-lyon.fr\/vip\/\" rel=\"noopener\" target=\"_blank\">VIP<\/a> ANR Project: Virtual Imaging Platform, Modalis I3S CNRS UNS<br \/>\n6. <a href=\"http:\/\/neurolog.polytech.unice.fr\/doku.php\" rel=\"noopener\" target=\"_blank\">NeuroLOG<\/a> ANR Project: Medical Imaging, Modalis I3S CNRS UNS<br \/>\n7. Elico ANR Project: Annotation semi-automatique des d\u00e9terminants de la langue fran\u00e7aise &amp; outil d&#8217;interrogation s\u00e9mantique du corpus<br \/>\n8. <a href=\"http:\/\/www.semantic-web-journal.net\/content\/contextual-information-retrieval-research-articles-semantic-publishing-tools-research-commun\" rel=\"noopener\" target=\"_blank\">Contextual Information Retrieval in Research Articles<\/a><br \/>\n9. IGN Cogit: Cartography Problem Solving (Master Thesis)<br \/>\n10. INRA Semantic Graphs For Traceability <a href=\"https:\/\/informatique-mia.inra.fr\/prodmia\/node\/252\" rel=\"noopener\" target=\"_blank\">SG4T<\/a><br \/>\n11. INRA: Gestion de donn\u00e9es et de connaissances appliqu\u00e9es aux bioproc\u00e9d\u00e9s<br \/>\n12. LIPN: <a href=\"http:\/\/lipn.univ-paris13.fr\/images\/RCLN\/RAPPORT_07_12_RCLN.pdf\" rel=\"noopener\" target=\"_blank\">Ontorule<\/a> EU Project<br \/>\n13. <a href=\"http:\/\/eprints.biblio.unitn.it\/1193\/1\/dtr-07-020.pdf\" rel=\"noopener\" target=\"_blank\">U. of Trento<\/a>: Semantic-web based framework for adaptive selection of learning objects during the authoring process<br \/>\n14. <a href=\"https:\/\/hal.archives-ouvertes.fr\/hal-00498305\/\" rel=\"noopener\" target=\"_blank\">Telecom Bretagne<\/a>: Exploiting Semantic Web Techniques for Representing and Utilising Folksonomies<br \/>\n15. U. Nagoya: Visual Semantic Query for document retrieval (Villavicencio &amp; Watanabe)<br \/>\n16.<a href=\"http:\/\/soict.hut.edu.vn\/~dungct\/Publications\/AUNSEED-Cao.pdf\" rel=\"noopener\" target=\"_blank\"> U. Hanoi<\/a>: Integrating a Graphical Semantic Query Tool and a SVG-based knowledge presentation method in a Knowledge Management System,<br \/>\n17. I3S CNRS UNS: Kewi &amp; Modalis, <a href=\"http:\/\/www.i3s.unice.fr\/~crescenz\/publications\/conferences\/iess-2010-02.ps\" rel=\"noopener\" target=\"_blank\">SATIS<\/a>, Semantically Annotated Intentions for Services,<br \/>\n18. <a href=\"http:\/\/www.aim-at-shape.net\" rel=\"noopener\" target=\"_blank\">Aim@Shape<\/a>: INRIA Galaad team 2004-2006.<br \/>\n19. Eric, Lyon: Integration of metadata in data mining,<br \/>\n20. EADS &amp; OW2: WebLab Platform<br \/>\n21. I3S CNRS UNS, Mainline: eLearning,<br \/>\n22. Free U. Brussels: Semantic Services Discovery in .NET,<br \/>\n23. <a href=\"http:\/\/techcico.utt.fr\/fr\/index.html\" rel=\"noopener\" target=\"_blank\">UTT Tech Cico<\/a>: Project Memory<br \/>\n24. CETU: Centre d&#8217;\u00e9tude des tunnels du Minist\u00e8re de l&#8217;Equipement<br \/>\n<br \/>\n<strong>Academic Applications<\/strong><\/p>\n<p>1. <a href=\"http:\/\/discoveryhub.co\" rel=\"noopener\" target=\"_blank\">Discovery Hub<\/a> with Alcatel Bell Lucent.<br \/>\n2. <a href=\"http:\/\/corese.inria.fr\" rel=\"noopener\" target=\"_blank\">Linked Data Navigator using STTL<\/a><br \/>\n3. <a href=\"http:\/\/ns.inria.fr\/sparql-template\/\" rel=\"noopener\" target=\"_blank\">STTL<\/a> SPARQL Template Transformation Language for RDF<br \/>\n4. Semantic Annotation of ancient text in <a href=\"http:\/\/www.cepam.cnrs.fr\/zoomathia\/\" rel=\"noopener\" target=\"_blank\">Zoomathia<\/a><br \/>\n5. <a href=\"http:\/\/erebe-vm15.i3s.unice.fr\/biblio\/#\/\" rel=\"noopener\" target=\"_blank\">Bibliography Display<\/a><br \/>\n6. Federated Distributed SPARQL Queries with I3S CNRS<br \/>\n7. Natural Language Query Answering: QAKIS<br \/>\n8. RIF2SPARQL compiler and interpreter<br \/>\n9. R2RML draft implementation<br \/>\n10. Access Right Management, Isicil &amp; Datalift<br \/>\n11. Social Webmarks, Isicil, Master Thesis<br \/>\n12. KGRAM SPARQL 1.1 Query &amp; Update W3C Test Case<br \/>\n13. Semantic Web Services in Corporate Memories, M. Lo<br \/>\n14. ECCO Contextual Collaborative Ontology Editor<br \/>\n15. <a href=\"https:\/\/www.w3.org\/Submission\/rdfsource\/\" rel=\"noopener\" target=\"_blank\">RDF XML Source Declaration<\/a>, W3C Member submission, was designed and implemented using Corese<br \/>\n16. Sewese : Semantic Web Server Factory<br \/>\n17. SweetWiki : Semantic Web Enabled Technologies for Wikis<br \/>\n18. EcoAgents : Collaboration with University of Santiago, Chile, <a href=\"http:\/\/econ.uchile.cl\" rel=\"noopener\" target=\"_blank\">departement of economics<\/a> 2003-2004. Representation of informations from ISIC standard into RDF and exploitation with Corese, funded by Conicyt.<br \/>\n19. <a href=\"http:\/\/corese.inria.fr\/srv\/sdk\" rel=\"noopener\" target=\"_blank\">Sudoku Solver<\/a><br \/>\n<br \/>\n<strong>PhD Thesis<\/strong><\/p>\n<p>1. Community Ontology for Social Semantic Web, Papa Fary Diallo, Inria, U. Gaston Berger St Louis Senegal.<br \/>\n2. Parallelism for Distributed Query Processing, Abdoul Macina, Modalis &amp; Wimmics, I3S, INRIA<br \/>\n3. Federation of heterogeneous data, Franck Michel, Modalis, I3S<br \/>\n4. Emotion modelization and detection, Franck Berthelon, UNS<br \/>\n5. Usage Semantics of Analytics and Business Intelligence, Corentin Follenfant with SAP<br \/>\n6. Collaborative Multilingual Management of Interlingual Knowledge Bases, Maxime Lefran\u00e7ois UNS<br \/>\n7. Mobile Access for the Web of Data, Luca Costabello, INRIA<br \/>\n8. Pervasive Sociality through Social Objects, Nicolas Marie with Alcatel Lucent<br \/>\n9. Explanations for the Semantic Web, Rakebul Hasan, Kolflow ANR Project<br \/>\n10. Rules for the Web of Data, Oumy Seye, INRIA &amp; U. Gaston Berger Senegal<br \/>\n11. Index for RDF Graph Store, Adrian Basse, INRIA &amp; U. Gaston Berger Senegal<br \/>\n12. SPARQL Query Distribution, Alban Gaignard at I3S CNRS UNS<br \/>\n13. Semantics and Web Service, J\u00e9r\u00e9mie Doucy at Cassidian (EADS)<br \/>\n14. Semantics for GUI Composition, Christian Brel, Rainbow team, I3S CNRS UNS<br \/>\n15. Social Network Analysis, Guillaume Er\u00e9t\u00e9o with Orange Labs<br \/>\n16. Social tagging, from folksonomies to ontologies and thesaurus, Freddy Limpens<br \/>\n17. Extraction of contextual annotations from text, Noureddine Mokhtari<br \/>\n18. eLearning, Amel Yessad<br \/>\n19. WebDocAnnot: Semantic and Adaptative Approach to Annotate HTML Documents, Mouhamadou Thiam at LRI<br \/>\n20. Constraints modeling, K. Bouzidi at CSTB with Kewi I3S CNRS UNS<br \/>\n21. Constraints modeling, A. Yurchyshyna at CSTB with Kewi I3S CNRS UNS<br \/>\n22. A Rule-based Approach for Semantic Annotation Evolution, Phuc-Hiep Luong<br \/>\n23. Ontologie de partage de donn\u00e9es et d\u2019outils de traitement dans le domaine de la neuroimagerie, Lynda Temal<br \/>\n24. Web s\u00e9mantique et m\u00e9moire d&#8217;exp\u00e9riences pour l&#8217;analyse du transcriptome, Khaled Khelif<br \/>\n25. Exploitation du Web s\u00e9mantique pour la veille technologique, with CSTB, T. Cao<br \/>\n26. QBLS : Question Based Learning System for eLearning <a href=\"http:\/\/www-sop.inria.fr\/acacia\/personnel\/Sylvain.Dehors\/\" rel=\"noopener\" target=\"_blank\">S. Dehors<\/a>.<br \/>\n27. Distributed Artificial Intelligence and Knowledge Management: ontologies and multi-agent systems for a corporate semantic web, F. Gandon<br \/>\n28. Exploitation des ontologies pour la m\u00e9moire d&#8217;un projet-v\u00e9hicule, M\u00e9thode et outil Samovar, J. Golebiowska<br \/>\n<br \/>\n<strong>Semantic Web Education<\/strong><\/p>\n<p>1. <a href=\"https:\/\/www.fun-mooc.fr\/courses\/inria\/41002\/Trimestre_1_2015\/about\" rel=\"noopener\" target=\"_blank\">Semantic Web MOOC<\/a><br \/>\n2. <a href=\"http:\/\/www.polytechnice.fr\/informatique\/page1569.html\" rel=\"noopener\" target=\"_blank\">PolyTech&#8217;Nice-Sophia Antipolis<\/a><br \/>\n3. IUT Nice<br \/>\n4. U. Nantes<br \/>\n5. U. Gaston Berger Saint Louis, S\u00e9n\u00e9gal<br \/>\n6. JDEV CNRS 2013<br \/>\n7. ENSI Bourges<br \/>\n8. Ecole des Mines de Nancy<br \/>\n9. Institut Galil\u00e9e, U. Paris XIII<br \/>\n10. U. Lille<br \/>\n11. U. La R\u00e9union<br \/>\n12. U. Corse<br \/>\n13. SemWeb Pro 2011<br \/>\n14. Tutorial Paris Web 2010<br \/>\n15. Tutorial IC 2009<br \/>\n16. Tutorial EGC 2008<\/p>\n","protected":false},"excerpt":{"rendered":"<p>Corese is used, and has been used, as Semantic Web Factory in several applications. ANR-RNRT-ACI-PACA Projects 1. Kolflow: Distributed Semantic Wiki 2. ISICIL: Semantic Web and Social Web for Technological Watch 3. e-WOK HUB: Environment Web Ontology Knowledge Hub, 2006-2008 4. RBP: Genomics RDF Graph Query and Navigation with Immunosearch\u2026<\/p>\n<p> <a class=\"continue-reading-link\" href=\"https:\/\/project.inria.fr\/corese\/application\/\"><span>Continue reading<\/span><i class=\"crycon-right-dir\"><\/i><\/a> <\/p>\n","protected":false},"author":42,"featured_media":0,"parent":0,"menu_order":0,"comment_status":"closed","ping_status":"closed","template":"","meta":{"footnotes":""},"class_list":["post-162","page","type-page","status-publish","hentry"],"_links":{"self":[{"href":"https:\/\/project.inria.fr\/corese\/wp-json\/wp\/v2\/pages\/162","targetHints":{"allow":["GET"]}}],"collection":[{"href":"https:\/\/project.inria.fr\/corese\/wp-json\/wp\/v2\/pages"}],"about":[{"href":"https:\/\/project.inria.fr\/corese\/wp-json\/wp\/v2\/types\/page"}],"author":[{"embeddable":true,"href":"https:\/\/project.inria.fr\/corese\/wp-json\/wp\/v2\/users\/42"}],"replies":[{"embeddable":true,"href":"https:\/\/project.inria.fr\/corese\/wp-json\/wp\/v2\/comments?post=162"}],"version-history":[{"count":4,"href":"https:\/\/project.inria.fr\/corese\/wp-json\/wp\/v2\/pages\/162\/revisions"}],"predecessor-version":[{"id":385,"href":"https:\/\/project.inria.fr\/corese\/wp-json\/wp\/v2\/pages\/162\/revisions\/385"}],"wp:attachment":[{"href":"https:\/\/project.inria.fr\/corese\/wp-json\/wp\/v2\/media?parent=162"}],"curies":[{"name":"wp","href":"https:\/\/api.w.org\/{rel}","templated":true}]}}