

{"id":167,"date":"2023-10-25T11:12:03","date_gmt":"2023-10-25T09:12:03","guid":{"rendered":"https:\/\/project.inria.fr\/cornelia\/?page_id=167"},"modified":"2024-01-29T15:08:42","modified_gmt":"2024-01-29T14:08:42","slug":"francais-calculo","status":"publish","type":"page","link":"https:\/\/project.inria.fr\/cornelia\/fr\/francais-plateformes\/francais-calculo\/","title":{"rendered":"Calculco"},"content":{"rendered":"<p><strong>Porteur : ULCO<\/strong><\/p>\n\n\n\n<p>L&rsquo;ULCO h\u00e9berge un datacenter appel\u00e9 Green Data Center\/Calculco. Il est mutualis\u00e9 entre les laboratoires de l&rsquo;ULCO de diff\u00e9rentes disciplines pour r\u00e9aliser principalement des calculs de mod\u00e8les num\u00e9riques li\u00e9s \u00e0 l&rsquo;environnement, \u00e0 la chimie, ou encore \u00e0 la physique, il est aussi largement utilis\u00e9 conjointement aux mod\u00e8les num\u00e9riques ou ind\u00e9pendamment pour le calcul d&rsquo;algorithmes dans le domaine de l&rsquo;apprentissage automatique et l&rsquo;optimisation (IA).<\/p>\n\n\n\n<p>Sur financement propre de l&rsquo;ULCO et de ses laboratoires, les am\u00e9nagements de la salle qui h\u00e9berge le datacenter sont inscrits dans la politique de d\u00e9veloppement durable et de transition \u00e9nerg\u00e9tique. La production du froid allie 2 technologies, une plus classique par d\u00e9tente directe et une autre indirecte en utilisant du froid ext\u00e9rieur.<\/p>\n\n\n\n<p>Le cluster dispose de 1624 c\u0153urs r\u00e9partis sur 26 n\u0153uds de calcul, 12,66To de RAM et environ 800To d&rsquo;espace de stockage. La puissance de calcul totale cumul\u00e9 est de 180 TFlops. De plus pour le calcul d\u00e9di\u00e9 \u00e0 l&rsquo;apprentissage automatique, les laboratoires ont aussi fait un investissement dans 8 cartes GPGPU en 2022.<\/p>\n\n\n\n<p>Exemples de domaines utilisant le Green datacenter :<\/p>\n\n\n\n<p>&#8211; agriculture de pr\u00e9cision,<\/p>\n\n\n\n<p>&#8211; mod\u00e9lisation de ph\u00e9nom\u00e8nes atmosph\u00e9riques,<\/p>\n\n\n\n<p>&#8211; analyse de spectres \u00e0&nbsp; haute r\u00e9solution,<\/p>\n\n\n\n<p>&#8211; \u00e9tude de la mobilit\u00e9 urbaine associ\u00e9 \u00c3&nbsp; la propagation de la COVID-19,<\/p>\n\n\n\n<p>&#8211; caract\u00e9risation de mat\u00e9riaux pour des applications dans le domaine de l\u2019\u00e9nergie ou de l\u2019environnement<\/p>\n\n\n\n<p>&#8211; s\u00e9quen\u00e7age g\u00e9nomique (UCEIV, BPA),<\/p>\n\n\n\n<p>&#8211; d\u00e9termination des param\u00e8tres physiques, biologiques et environnementaux du milieu c\u00f4tier<\/p>\n\n\n\n<p>&#8211; r\u00e9solution automatique de probl\u00e8me bas\u00e9 simulateur<\/p>\n\n\n\n<p>&#8211; apprentissage automatique de s\u00e9rie temporelle, d&rsquo;image, etc.<\/p>\n\n\n\n<p>&#8211; r\u00e9solution de probl\u00e8mes combinatoires (transport, planning, etc.)<\/p>","protected":false},"excerpt":{"rendered":"<p>Porteur : ULCO L&rsquo;ULCO h\u00e9berge un datacenter appel\u00e9 Green Data Center\/Calculco. Il est mutualis\u00e9 entre les laboratoires de l&rsquo;ULCO de diff\u00e9rentes disciplines pour r\u00e9aliser principalement des calculs de mod\u00e8les num\u00e9riques li\u00e9s \u00e0 l&rsquo;environnement, \u00e0 la chimie, ou encore \u00e0 la physique, il est aussi largement utilis\u00e9 conjointement aux mod\u00e8les num\u00e9riques&#8230;<\/p>\n<p> <a class=\"continue-reading-link\" href=\"https:\/\/project.inria.fr\/cornelia\/fr\/francais-plateformes\/francais-calculo\/\"><span>Continue reading<\/span><i class=\"crycon-right-dir\"><\/i><\/a> <\/p>\n","protected":false},"author":2387,"featured_media":0,"parent":159,"menu_order":1,"comment_status":"closed","ping_status":"closed","template":"","meta":{"footnotes":""},"class_list":["post-167","page","type-page","status-publish","hentry"],"_links":{"self":[{"href":"https:\/\/project.inria.fr\/cornelia\/fr\/wp-json\/wp\/v2\/pages\/167","targetHints":{"allow":["GET"]}}],"collection":[{"href":"https:\/\/project.inria.fr\/cornelia\/fr\/wp-json\/wp\/v2\/pages"}],"about":[{"href":"https:\/\/project.inria.fr\/cornelia\/fr\/wp-json\/wp\/v2\/types\/page"}],"author":[{"embeddable":true,"href":"https:\/\/project.inria.fr\/cornelia\/fr\/wp-json\/wp\/v2\/users\/2387"}],"replies":[{"embeddable":true,"href":"https:\/\/project.inria.fr\/cornelia\/fr\/wp-json\/wp\/v2\/comments?post=167"}],"version-history":[{"count":4,"href":"https:\/\/project.inria.fr\/cornelia\/fr\/wp-json\/wp\/v2\/pages\/167\/revisions"}],"predecessor-version":[{"id":330,"href":"https:\/\/project.inria.fr\/cornelia\/fr\/wp-json\/wp\/v2\/pages\/167\/revisions\/330"}],"up":[{"embeddable":true,"href":"https:\/\/project.inria.fr\/cornelia\/fr\/wp-json\/wp\/v2\/pages\/159"}],"wp:attachment":[{"href":"https:\/\/project.inria.fr\/cornelia\/fr\/wp-json\/wp\/v2\/media?parent=167"}],"curies":[{"name":"wp","href":"https:\/\/api.w.org\/{rel}","templated":true}]}}