

{"id":178,"date":"2023-10-25T11:46:19","date_gmt":"2023-10-25T09:46:19","guid":{"rendered":"https:\/\/project.inria.fr\/cornelia\/?page_id=178"},"modified":"2026-01-29T12:33:57","modified_gmt":"2026-01-29T11:33:57","slug":"francais-iot-lab","status":"publish","type":"page","link":"https:\/\/project.inria.fr\/cornelia\/fr\/francais-plateformes\/francais-iot-lab\/","title":{"rendered":"SLICES-FR"},"content":{"rendered":"<p><a href=\"https:\/\/slices-fr.eu\/\">https:\/\/slices-fr.eu\/<\/a><\/p>\n\n\n\n<p><strong>Description&nbsp;:<\/strong><\/p>\n\n\n\n<p>L\u2019Infrastructure de Recherche&nbsp;SLICES-FR&nbsp; inscrite \u00e0 la feuille de route des infrastructures nationales, permet d\u2019exp\u00e9rimenter toute nouvelle approche logicielle et\/ou mat\u00e9rielle sur l\u2019ensemble du continuum IoT\/r\u00e9seaux\/edge\/cloud permettant une vision holistique sur l\u2019ensemble de la chaine de la donn\u00e9e, de sa captation \u00e0 son traitement en passant par son transport et son stockage.&nbsp;<\/p>\n\n\n\n<p>SLICES-FR offre des services de configuration, de programmation et de mesures sur une large gamme d\u2019\u00e9quipements h\u00e9t\u00e9rog\u00e8nes via des acc\u00e8s uniques.&nbsp;<\/p>\n\n\n\n<p>Ces \u00e9quipements et services&nbsp;couvrent les domaines des protocoles r\u00e9seaux, des technologies radio, de l\u2019Internet des Objets, des services et de la collecte de donn\u00e9es&nbsp;du calcul parall\u00e8le et distribu\u00e9, du&nbsp;edge&nbsp;and cloud&nbsp;computing&nbsp;pour une recherche reproductible et responsable.&nbsp;<\/p>\n\n\n\n<p>Le site de calcul Lillois de SLICES-FR contribue \u00e0&nbsp; l\u2019effort collectif en mati\u00e8re de jouvence de l\u2019\u00e9quipement, de recrutement d\u2019ing\u00e9nieurs pour son administration syst\u00e8me et r\u00e9seau, et de l\u2019animation scientifique autour de la plate-forme. Le noeud lillois a \u00e9t\u00e9 h\u00e9berg\u00e9 par le CRI (DGDNum maintenant) de l\u2019Universit\u00e9 de Lille de 2005 \u00e0 2017 et op\u00e9r\u00e9 par Inria. Dans le cadre du CPER Data, le site a \u00e9t\u00e9 migr\u00e9 en 2017 dans les locaux du centre Inria de l\u2019universit\u00e9 de Lille, l\u2019\u00e9quipement a \u00e9t\u00e9 renouvel\u00e9 et un ing\u00e9nieur a \u00e9t\u00e9 recrut\u00e9 sur CDD pour en assurer l\u2019administration technique.<\/p>\n\n\n\n<p>Dans le cadre du CPER CornelIA, l\u2019\u00e9quipement a \u00e9t\u00e9 modernis\u00e9 pour r\u00e9pondre aux diff\u00e9rents besoins utilisateurs et install\u00e9 au sein de notre datacenter r\u00e9gional Hauts-de-France, lab\u00e9lis\u00e9 INFRANUM en D\u00e9cembre 2022. Le site SLICES-FR b\u00e9n\u00e9ficie ainsi d\u2019une infrastructure d\u2019h\u00e9bergement \u00e0 l\u2019\u00e9tat de l\u2019art en termes de s\u00e9curit\u00e9, d\u2019alimentation \u00e9lectrique et de climatisation \u00e9co-responsable (PUE=1,35).<\/p>\n\n\n\n<p>L\u2019Intelligence Artificielle (IA) \u00e9tant de plus en plus gourmande en ressources informatiques (calcul, stockage et r\u00e9seau), le nouvel \u00e9quipement est vital pour r\u00e9pondre aux besoins grandissants des chercheurs de notre r\u00e9gion, notamment en IA (alliance humAIn, \u2026). On compte aujourd\u2019hui +130 utilisateurs dans notre r\u00e9gion en majorit\u00e9 jeunes chercheurs, sans compter les \u00e9tudiants de Master (mutualisation avec l\u2019enseignement).<\/p>\n\n\n\n<p>Le site IoT Lillois de SLICES-FR est h\u00e9berg\u00e9 au centre Inria de l\u2019Universit\u00e9 de Lille. Il contribue notamment aux d\u00e9veloppements de l\u2019axe 2 du CPER CORNELIA qui pr\u00e9voie le d\u00e9ploiement de r\u00e9seaux de capteurs sans fil dans des milieux de vie (\u00e0 la diff\u00e9rence du milieu contr\u00f4l\u00e9 offert par SLICES-FR). Le site SLICES-FR permettra dans un premier temps de prototyper et de mettre au point les solutions logicielles de collecte de donn\u00e9es en milieu contr\u00f4l\u00e9 avant leur d\u00e9ploiement en milieu ouvert. Cela permettra \u00e9galement d\u2019observer l\u2019impact de l\u2019environnement sur les performances des solutions de collecte de donn\u00e9es.<\/p>\n\n\n\n<p>Au-del\u00e0 du paysage fran\u00e7ais, SLICES-FR d\u00e9passe les fronti\u00e8res. SLICES-FR est le n\u0153ud fran\u00e7ais de l\u2019Infrastructure de Recherche europ\u00e9enne SLICES-RI&nbsp;(Research&nbsp;Infrastructure) qui compte&nbsp;16&nbsp;pays partenaires&nbsp;pour une dur\u00e9e d\u2019exploitation pr\u00e9vue jusqu\u2019en&nbsp;2040. Les utilisateurs europ\u00e9ens de SLICES-RI auront acc\u00e8s aux \u00e9quipements op\u00e9r\u00e9s par SLICES-FR et r\u00e9ciproquement, les utilisateurs&nbsp;fran\u00e7ais&nbsp;enregistr\u00e9s sur SLICES-RI b\u00e9n\u00e9ficieront&nbsp;de l\u2019acc\u00e8s aux \u00e9quipements des partenaires europ\u00e9ens. En dehors des autres infrastructures europ\u00e9ennes d\u00e9di\u00e9es aux sciences fondamentales, SLICES-RI est la premi\u00e8re infrastructure labellis\u00e9e ESFRI d\u00e9di\u00e9e \u00e0 la recherche en informatique.<\/p>\n\n\n\n<p><\/p>","protected":false},"excerpt":{"rendered":"<p>https:\/\/slices-fr.eu\/ Description&nbsp;: L\u2019Infrastructure de Recherche&nbsp;SLICES-FR&nbsp; inscrite \u00e0 la feuille de route des infrastructures nationales, permet d\u2019exp\u00e9rimenter toute nouvelle approche logicielle et\/ou mat\u00e9rielle sur l\u2019ensemble du continuum IoT\/r\u00e9seaux\/edge\/cloud permettant une vision holistique sur l\u2019ensemble de la chaine de la donn\u00e9e, de sa captation \u00e0 son traitement en passant par son transport&#8230;<\/p>\n<p> <a class=\"continue-reading-link\" href=\"https:\/\/project.inria.fr\/cornelia\/fr\/francais-plateformes\/francais-iot-lab\/\"><span>Continue reading<\/span><i class=\"crycon-right-dir\"><\/i><\/a> <\/p>\n","protected":false},"author":2387,"featured_media":0,"parent":159,"menu_order":0,"comment_status":"closed","ping_status":"closed","template":"","meta":{"footnotes":""},"class_list":["post-178","page","type-page","status-publish","hentry"],"_links":{"self":[{"href":"https:\/\/project.inria.fr\/cornelia\/fr\/wp-json\/wp\/v2\/pages\/178","targetHints":{"allow":["GET"]}}],"collection":[{"href":"https:\/\/project.inria.fr\/cornelia\/fr\/wp-json\/wp\/v2\/pages"}],"about":[{"href":"https:\/\/project.inria.fr\/cornelia\/fr\/wp-json\/wp\/v2\/types\/page"}],"author":[{"embeddable":true,"href":"https:\/\/project.inria.fr\/cornelia\/fr\/wp-json\/wp\/v2\/users\/2387"}],"replies":[{"embeddable":true,"href":"https:\/\/project.inria.fr\/cornelia\/fr\/wp-json\/wp\/v2\/comments?post=178"}],"version-history":[{"count":4,"href":"https:\/\/project.inria.fr\/cornelia\/fr\/wp-json\/wp\/v2\/pages\/178\/revisions"}],"predecessor-version":[{"id":437,"href":"https:\/\/project.inria.fr\/cornelia\/fr\/wp-json\/wp\/v2\/pages\/178\/revisions\/437"}],"up":[{"embeddable":true,"href":"https:\/\/project.inria.fr\/cornelia\/fr\/wp-json\/wp\/v2\/pages\/159"}],"wp:attachment":[{"href":"https:\/\/project.inria.fr\/cornelia\/fr\/wp-json\/wp\/v2\/media?parent=178"}],"curies":[{"name":"wp","href":"https:\/\/api.w.org\/{rel}","templated":true}]}}