

{"id":4,"date":"2023-10-08T11:55:00","date_gmt":"2023-10-08T09:55:00","guid":{"rendered":"http:\/\/project.inria.fr\/template1\/?page_id=4"},"modified":"2026-01-29T10:25:02","modified_gmt":"2026-01-29T09:25:02","slug":"home","status":"publish","type":"page","link":"https:\/\/project.inria.fr\/cornelia\/fr\/","title":{"rendered":""},"content":{"rendered":"<h2 class=\"wp-block-heading\">CornelIA <\/h2>\n\n\n\n<p><\/p>\n\n\n\n<p>Le d\u00e9veloppement spectaculaire de l\u2019Intelligence Artificielle et des technologies associ\u00e9es pose de nombreux d\u00e9fis et opportunit\u00e9s pour la recherche (y compris hors du champ des sciences du num\u00e9rique) mais aussi pour l\u2019\u00e9conomie, l\u2019emploi et plus g\u00e9n\u00e9ralement la soci\u00e9t\u00e9. Ce sujet suscite \u00e0 la fois engouement et rejet et divise parfois, jusqu\u2019aux communaut\u00e9s scientifiques. Par ailleurs, l\u2019\u00e9volution du num\u00e9rique et en particulier l\u2019IA pose un d\u00e9fi en termes de responsabilit\u00e9 et de soutenabilit\u00e9&nbsp;: <strong>il est crucial que les technologies li\u00e9es \u00e0 l\u2019IA soient utilis\u00e9es pour le bien de la soci\u00e9t\u00e9 (IA responsable) et soutenables en termes de ressources et d\u2019usage (IA durable). Cela passe \u00e9galement par une sensibilisation, une d\u00e9mystification et un \u00e9clairage de la soci\u00e9t\u00e9 quant \u00e0 cette technologie.<\/strong><\/p>\n\n\n\n<p class=\"has-black-color has-text-color\">Face \u00e0 de vraies attentes soci\u00e9tales et l\u2019urgence \u00e0 agir, des laboratoires et des \u00e9quipes de recherche sur le territoire de Hauts-de-France, reconnus au plus haut niveau international sur ces sujets, se sont regroup\u00e9s au sein de <a href=\"https:\/\/www.alliance-humain.com\/\">l\u2019Alliance humAIn<\/a>. Pour faire montrer en puissance cette dynamique, le projet interdisciplinaire CornelIA (2021-2027) est b\u00e2ti avec ces acteurs dans le maillage du r\u00e9seau national IA. <\/p>\n\n\n\n<p class=\"has-vivid-red-color has-text-color\"><\/p>\n\n\n\n<p class=\"has-black-color has-text-color\"><strong>CornelIA r\u00e9pond au d\u00e9fi d\u2019une IA responsable et durable par des processus de co-construction impliquant la recherche, le tissus socio-\u00e9conomique, les acteurs institutionnels et les citoyens, en favorisant une utilisation \u00e9thique et une appropriation sereine. Il associe des \u00e9quipements innovants et f\u00e9d\u00e9rateurs \u00e0 une recherche d\u2019excellence en IA, autour de la construction d\u2019une chaine de valeur et de maturation des technologies, pour r\u00e9pondre concr\u00e8tement \u00e0 la volont\u00e9 d\u2019innovation et de valorisation.<\/strong><\/p>\n\n\n\n<p><em> <\/em><\/p>\n\n\n<div class=\"wp-block-image is-style-default\">\n<figure class=\"aligncenter size-large is-resized\"><a href=\"https:\/\/project.inria.fr\/cornelia\/files\/2025\/06\/Capture-de\u0301cran-2025-06-03-a\u0300-07.26.09.png\"><img loading=\"lazy\" decoding=\"async\" width=\"1024\" height=\"429\" src=\"https:\/\/project.inria.fr\/cornelia\/files\/2025\/06\/Capture-de\u0301cran-2025-06-03-a\u0300-07.26.09-1024x429.png\" alt=\"LOGOS_BLOC\" class=\"wp-image-395\" style=\"width:683px;height:285px\" srcset=\"https:\/\/project.inria.fr\/cornelia\/files\/2025\/06\/Capture-de\u0301cran-2025-06-03-a\u0300-07.26.09-1024x429.png 1024w, https:\/\/project.inria.fr\/cornelia\/files\/2025\/06\/Capture-de\u0301cran-2025-06-03-a\u0300-07.26.09-300x126.png 300w, https:\/\/project.inria.fr\/cornelia\/files\/2025\/06\/Capture-de\u0301cran-2025-06-03-a\u0300-07.26.09-768x322.png 768w, https:\/\/project.inria.fr\/cornelia\/files\/2025\/06\/Capture-de\u0301cran-2025-06-03-a\u0300-07.26.09-150x63.png 150w, https:\/\/project.inria.fr\/cornelia\/files\/2025\/06\/Capture-de\u0301cran-2025-06-03-a\u0300-07.26.09.png 1519w\" sizes=\"auto, (max-width: 1024px) 100vw, 1024px\" \/><\/a><\/figure><\/div>","protected":false},"excerpt":{"rendered":"<p>CornelIA Le d\u00e9veloppement spectaculaire de l\u2019Intelligence Artificielle et des technologies associ\u00e9es pose de nombreux d\u00e9fis et opportunit\u00e9s pour la recherche (y compris hors du champ des sciences du num\u00e9rique) mais aussi pour l\u2019\u00e9conomie, l\u2019emploi et plus g\u00e9n\u00e9ralement la soci\u00e9t\u00e9. Ce sujet suscite \u00e0 la fois engouement et rejet et divise&#8230;<\/p>\n<p> <a class=\"continue-reading-link\" href=\"https:\/\/project.inria.fr\/cornelia\/fr\/\"><span>Continue reading<\/span><i class=\"crycon-right-dir\"><\/i><\/a> <\/p>\n","protected":false},"author":1,"featured_media":0,"parent":0,"menu_order":0,"comment_status":"closed","ping_status":"closed","template":"","meta":{"footnotes":""},"class_list":["post-4","page","type-page","status-publish","hentry"],"_links":{"self":[{"href":"https:\/\/project.inria.fr\/cornelia\/fr\/wp-json\/wp\/v2\/pages\/4","targetHints":{"allow":["GET"]}}],"collection":[{"href":"https:\/\/project.inria.fr\/cornelia\/fr\/wp-json\/wp\/v2\/pages"}],"about":[{"href":"https:\/\/project.inria.fr\/cornelia\/fr\/wp-json\/wp\/v2\/types\/page"}],"author":[{"embeddable":true,"href":"https:\/\/project.inria.fr\/cornelia\/fr\/wp-json\/wp\/v2\/users\/1"}],"replies":[{"embeddable":true,"href":"https:\/\/project.inria.fr\/cornelia\/fr\/wp-json\/wp\/v2\/comments?post=4"}],"version-history":[{"count":38,"href":"https:\/\/project.inria.fr\/cornelia\/fr\/wp-json\/wp\/v2\/pages\/4\/revisions"}],"predecessor-version":[{"id":433,"href":"https:\/\/project.inria.fr\/cornelia\/fr\/wp-json\/wp\/v2\/pages\/4\/revisions\/433"}],"wp:attachment":[{"href":"https:\/\/project.inria.fr\/cornelia\/fr\/wp-json\/wp\/v2\/media?parent=4"}],"curies":[{"name":"wp","href":"https:\/\/api.w.org\/{rel}","templated":true}]}}