

{"id":76,"date":"2023-10-24T09:49:40","date_gmt":"2023-10-24T07:49:40","guid":{"rendered":"https:\/\/project.inria.fr\/cornelia\/?page_id=76"},"modified":"2023-11-01T08:33:42","modified_gmt":"2023-11-01T07:33:42","slug":"wp1","status":"publish","type":"page","link":"https:\/\/project.inria.fr\/cornelia\/fr\/francais-projet-scientifique\/wp1\/","title":{"rendered":"WP1 : Bases th\u00e9oriques et scientifiques de l&rsquo;IA"},"content":{"rendered":"<p><\/p>\n\n\n\n<p><strong>Porteurs : Christophe Lecoutre (Univ. Artois) &#8211; Ren\u00e9 Mandiau (UPHF)<\/strong><\/p>\n\n\n\n<p><\/p>\n\n\n\n<p>Le WP 1 visera \u00e0 \u00e9tablir les bases th\u00e9oriques vers une IA responsable et durable. Les th\u00e8mes suivants seront abord\u00e9s en explorant \u00e0 la fois des approches symboliques et num\u00e9riques : <\/p>\n\n\n\n<p><strong>Explicabilit\u00e9, Tra\u00e7abilit\u00e9 et Interpr\u00e9tabilit\u00e9<\/strong> : D\u00e9velopper des mod\u00e8les de raisonnement, de d\u00e9cision et d&rsquo;apprentissage lisibles, transparents et interpr\u00e9tables par le citoyen et lui fournir des explications pr\u00e9cises sur le r\u00e9sultat d\u2019un algorithme.<br><br><strong>Confiance<\/strong> : Garantir et quantifier formellement les incertitudes, les erreurs, la sensibilit\u00e9 des algorithmes.<br><br><strong>\u00c9quit\u00e9<\/strong> : Assurer que les r\u00e9sultats produits par les algorithmes respectent une \u00e9quit\u00e9 de traitement pour diff\u00e9rentes personnes ou cat\u00e9gories de personnes.<br><br><strong>Transparence<\/strong> : Fournir des explications pr\u00e9cises sur la raison pour laquelle un algorithme a produit tel r\u00e9sultat.<br><br><strong>Int\u00e9gration de connaissances et contraintes :<\/strong> Assurer que le r\u00e9sultat d&rsquo;un algorithme respecte des connaissances et contraintes du domaine (de nature physique ou temporelle par exemple).<br><br><strong>Respect de la vie priv\u00e9e<\/strong> : Garantir que la conception et l\u2019utilisation des algorithmes ne r\u00e9v\u00e8lent pas de donn\u00e9es \u00e0 caract\u00e8re priv\u00e9 et personnel.<br><br><strong>S\u00e9curit\u00e9 et Robustesse aux attaques<\/strong> : Contr\u00f4ler que les mod\u00e8les et algorithmes (en particulier d\u2019apprentissage) ne puissent pas \u00eatre d\u00e9tourn\u00e9s par des utilisateurs&nbsp;malveillants<\/p>","protected":false},"excerpt":{"rendered":"<p>Porteurs : Christophe Lecoutre (Univ. Artois) &#8211; Ren\u00e9 Mandiau (UPHF) Le WP 1 visera \u00e0 \u00e9tablir les bases th\u00e9oriques vers une IA responsable et durable. Les th\u00e8mes suivants seront abord\u00e9s en explorant \u00e0 la fois des approches symboliques et num\u00e9riques : Explicabilit\u00e9, Tra\u00e7abilit\u00e9 et Interpr\u00e9tabilit\u00e9 : D\u00e9velopper des mod\u00e8les de&#8230;<\/p>\n<p> <a class=\"continue-reading-link\" href=\"https:\/\/project.inria.fr\/cornelia\/fr\/francais-projet-scientifique\/wp1\/\"><span>Continue reading<\/span><i class=\"crycon-right-dir\"><\/i><\/a> <\/p>\n","protected":false},"author":2387,"featured_media":0,"parent":201,"menu_order":0,"comment_status":"closed","ping_status":"closed","template":"","meta":{"footnotes":""},"class_list":["post-76","page","type-page","status-publish","hentry"],"_links":{"self":[{"href":"https:\/\/project.inria.fr\/cornelia\/fr\/wp-json\/wp\/v2\/pages\/76","targetHints":{"allow":["GET"]}}],"collection":[{"href":"https:\/\/project.inria.fr\/cornelia\/fr\/wp-json\/wp\/v2\/pages"}],"about":[{"href":"https:\/\/project.inria.fr\/cornelia\/fr\/wp-json\/wp\/v2\/types\/page"}],"author":[{"embeddable":true,"href":"https:\/\/project.inria.fr\/cornelia\/fr\/wp-json\/wp\/v2\/users\/2387"}],"replies":[{"embeddable":true,"href":"https:\/\/project.inria.fr\/cornelia\/fr\/wp-json\/wp\/v2\/comments?post=76"}],"version-history":[{"count":7,"href":"https:\/\/project.inria.fr\/cornelia\/fr\/wp-json\/wp\/v2\/pages\/76\/revisions"}],"predecessor-version":[{"id":294,"href":"https:\/\/project.inria.fr\/cornelia\/fr\/wp-json\/wp\/v2\/pages\/76\/revisions\/294"}],"up":[{"embeddable":true,"href":"https:\/\/project.inria.fr\/cornelia\/fr\/wp-json\/wp\/v2\/pages\/201"}],"wp:attachment":[{"href":"https:\/\/project.inria.fr\/cornelia\/fr\/wp-json\/wp\/v2\/media?parent=76"}],"curies":[{"name":"wp","href":"https:\/\/api.w.org\/{rel}","templated":true}]}}