

{"id":112,"date":"2022-04-22T14:33:05","date_gmt":"2022-04-22T12:33:05","guid":{"rendered":"https:\/\/project.inria.fr\/creattive3d\/?page_id=112"},"modified":"2024-05-14T08:36:53","modified_gmt":"2024-05-14T06:36:53","slug":"publications","status":"publish","type":"page","link":"https:\/\/project.inria.fr\/creattive3d\/publications\/","title":{"rendered":"Publications"},"content":{"rendered":"<p><strong>International conference and journal papers<\/strong><\/p>\n<p>J. Delachambre, H.-Y. Wu, S. Vizcay, M. Di Meo, F. Lagniez, C. Morfin-Bourlat, S. Baillif, P. Kornprobst. AMD Journee: A Patient Co-designed VR Experience to Raise Awareness Towards the Impact of AMD on Social Interactions. <i>ACM International Conference on Interactive Media Experiences (IMX 2024)<\/i>, Jun 2024, Stockholm, Sweden. (<a href=\"https:\/\/hal.science\/hal-04573093\">HAL<\/a>)(<a href=\"_wp_link_placeholder\" data-wplink-edit=\"true\">DOI<\/a>)<\/p>\n<p>F. Robert, H.-Y. Wu, L. Sassatelli, and M. Winckler, 2024.03, \u201cTask-based methodology to characterise immersive user experience with multivariate data\u201d. Proceedings of 2024 IEEE Conference on Virtual Reality (IEEE VR), Orlando, Florida, USA. (<a href=\"https:\/\/hal.science\/hal-04446066\">HAL<\/a>) (<a href=\"https:\/\/doi.org\/10.1109\/VR58804.2024.00092\">DOI<\/a>)<\/p>\n<p>F. Robert, H.-Y. Wu, L. Sassatelli, S. Ramano\u00ebl, A. Gros, and M. Winckler, 2023.06, \u201cAn Integrated Framework for Understanding Multimodal Embodied Experiences in Interactive Virtual Reality\u201d. Proceedings of 2023 ACM Conference on Interactive Media Experiences (IMX), Nantes, France. <em><strong>Best paper award<\/strong><\/em> (<a href=\"https:\/\/hal.science\/hal-04102737\">HAL<\/a>)<\/p>\n<p>H.-Y. Wu, F. Robert, B. Passin-Cauneau, B. Graulier, T. Fafet, L. Sassatelli, and M. Winckler. Designing Guided User Tasks in VR Embodied Experiences. In <em>Proceedings of the ACM on Human Computer Interaction (PACM-HCI-EICS)<\/em>. ACM, 6(158), pp.1-24, June 2022. (<a href=\"https:\/\/hal.inria.fr\/hal-03635452\/\">HAL<\/a> <a href=\"https:\/\/dl.acm.org\/doi\/10.1145\/3532208\">DOI<\/a>)<span id=\"page42R_mcid77\" class=\"markedContent\"><\/span><\/p>\n<p><strong>Workshops, posters, doctorial symposiums<\/strong><\/p>\n<p>F. Gallo, H.-Y. Wu, L. Sassatelli, 2024.04, &#8220;Human Trajectory Forecasting in 3D Environments: Navigating Complexity under Low Vision&#8221;. Proceedings of 2024 ACM Multimedia Systems Workshop on IMmersive Mixed and Virtual Environment Systems (MMVE), Bari, Italy. pp.57-63. (<a href=\"https:\/\/inria.hal.science\/hal-04569869\">HAL<\/a>)(<a href=\"https:\/\/dx.doi.org\/10.1145\/3652212.3652223\">DOI<\/a>)<\/p>\n<p>K. Pirkovets, C. Merveille, V. Gagliano, S. Ramano\u00ebl, A. Gros, H.-Y. Wu. Analyzing gaze behaviors in interactive VR scenes. <em>Neuromod conference 2023<\/em>, Nice. (Poster)(<a href=\"https:\/\/inria.hal.science\/hal-04208129\">HAL<\/a>)<\/p>\n<p>F. Robert, M. Winckler, H.-Y. Wu, and L. Sassatelli. Analyzing and understanding embodied interactions in virtual reality systems: research proposal. In <em>Proceedings of the 13th ACM Multimedia Systems Conference (MMSys &#8217;22)<\/em>. Association for Computing Machinery, pp. 362\u2013366. (<a href=\"https:\/\/hal.inria.fr\/hal-03698833\/\">HAL<\/a> <a href=\"https:\/\/doi.org\/10.1145\/3524273.3533928\">DOI<\/a>)<\/p>\n<p><span id=\"page42R_mcid71\" class=\"markedContent\"><span dir=\"ltr\" role=\"presentation\">F. Robert, H.<\/span><\/span><span id=\"page42R_mcid72\" class=\"markedContent\"><span dir=\"ltr\" role=\"presentation\">&#8211;<\/span><\/span><span id=\"page42R_mcid73\" class=\"markedContent\"><span dir=\"ltr\" role=\"presentation\">Y. Wu, L. Sassatelli, and M. Winckler. <\/span><\/span><span id=\"page42R_mcid74\" class=\"markedContent\"><span dir=\"ltr\" role=\"presentation\">Cr\u00e9ation de jeux s\u00e9rieux \u00e0 l\u2019aide<\/span><\/span><span id=\"page42R_mcid75\" class=\"markedContent\"> <span dir=\"ltr\" role=\"presentation\">d\u2019un langage d\u00e9di\u00e9 pour des <\/span><\/span><span id=\"page42R_mcid76\" class=\"markedContent\"><span dir=\"ltr\" role=\"presentation\">exp\u00e9riences incarn\u00e9es en r\u00e9alit\u00e9 virtuelle. <em>Les journ\u00e9es <\/em><\/span><\/span><span id=\"page42R_mcid77\" class=\"markedContent\"><span dir=\"ltr\" role=\"presentation\"><em>Fran\u00e7aises de l\u2019Informatique Graphique<\/em>. Biot, France. November 2021.<\/span><\/span><\/p>\n","protected":false},"excerpt":{"rendered":"<p>International conference and journal papers J. Delachambre, H.-Y. Wu, S. Vizcay, M. Di Meo, F. Lagniez, C. Morfin-Bourlat, S. Baillif, P. Kornprobst. AMD Journee: A Patient Co-designed VR Experience to Raise Awareness Towards the Impact of AMD on Social Interactions. ACM International Conference on Interactive Media Experiences (IMX 2024), Jun\u2026<\/p>\n<p> <a class=\"continue-reading-link\" href=\"https:\/\/project.inria.fr\/creattive3d\/publications\/\"><span>Continue reading<\/span><i class=\"crycon-right-dir\"><\/i><\/a> <\/p>\n","protected":false},"author":670,"featured_media":0,"parent":0,"menu_order":0,"comment_status":"closed","ping_status":"closed","template":"","meta":{"footnotes":""},"class_list":["post-112","page","type-page","status-publish","hentry"],"_links":{"self":[{"href":"https:\/\/project.inria.fr\/creattive3d\/wp-json\/wp\/v2\/pages\/112","targetHints":{"allow":["GET"]}}],"collection":[{"href":"https:\/\/project.inria.fr\/creattive3d\/wp-json\/wp\/v2\/pages"}],"about":[{"href":"https:\/\/project.inria.fr\/creattive3d\/wp-json\/wp\/v2\/types\/page"}],"author":[{"embeddable":true,"href":"https:\/\/project.inria.fr\/creattive3d\/wp-json\/wp\/v2\/users\/670"}],"replies":[{"embeddable":true,"href":"https:\/\/project.inria.fr\/creattive3d\/wp-json\/wp\/v2\/comments?post=112"}],"version-history":[{"count":13,"href":"https:\/\/project.inria.fr\/creattive3d\/wp-json\/wp\/v2\/pages\/112\/revisions"}],"predecessor-version":[{"id":197,"href":"https:\/\/project.inria.fr\/creattive3d\/wp-json\/wp\/v2\/pages\/112\/revisions\/197"}],"wp:attachment":[{"href":"https:\/\/project.inria.fr\/creattive3d\/wp-json\/wp\/v2\/media?parent=112"}],"curies":[{"name":"wp","href":"https:\/\/api.w.org\/{rel}","templated":true}]}}