

{"id":83,"date":"2021-11-06T20:24:52","date_gmt":"2021-11-06T19:24:52","guid":{"rendered":"https:\/\/project.inria.fr\/creattive3d\/?page_id=83"},"modified":"2025-01-28T12:47:40","modified_gmt":"2025-01-28T11:47:40","slug":"participants","status":"publish","type":"page","link":"https:\/\/project.inria.fr\/creattive3d\/participants\/","title":{"rendered":"Participants"},"content":{"rendered":"<p>Coordinator:<\/p>\n<p><strong><a href=\"https:\/\/www-sop.inria.fr\/members\/Hui-Yin.Wu\/\">Hui-Yin (Helen) Wu<\/a><\/strong>, Centre Inria d&#8217;Universit\u00e9 C\u00f4te d&#8217;Azur, Biovision<\/p>\n<p>UCA Participants (alphabetical):<\/p>\n<p><a href=\"https:\/\/team.inria.fr\/biovision\/bruno-cessac\/\"><strong>Bruno Cessac<\/strong><\/a>, Centre Inria d&#8217;Universit\u00e9 C\u00f4te d&#8217;Azur, Biovision<br \/>\n<a href=\"http:\/\/www.innovation-alzheimer.fr\/cobtek\/\"><strong>Auriane Gros<\/strong><\/a>, Universit\u00e9 C\u00f4te d&#8217;Azur, CHU, CoBTeK<br \/>\n<a href=\"https:\/\/univ-cotedazur.fr\/ispa\/meggy-hayotte\"><strong>Meggy Hayotte<\/strong><\/a>, Universit\u00e9 C\u00f4te d&#8217;Azur, LAMHESS<br \/>\n<a href=\"https:\/\/team.inria.fr\/biovision\/pierre-kornprobst\"><strong>Pierre Kornprobst<\/strong><\/a>, Centre Inria d&#8217;Universit\u00e9 C\u00f4te d&#8217;Azur, Biovision<br \/>\n<a href=\"https:\/\/amenin.gitlab.io\/\"><strong>Aline Menin<\/strong><\/a>, Universit\u00e9 C\u00f4te d&#8217;Azur, IUT, CNRS I3S<br \/>\n<a href=\"https:\/\/univ-cotedazur.fr\/annuaire\/m-stephen-ramanoel\"><strong>Stephen Ramano\u00ebl<\/strong><\/a>, Universit\u00e9 C\u00f4te d&#8217;Azur, LAMHESS<br \/>\n<a href=\"https:\/\/www.i3s.unice.fr\/~sassatelli\/index.html\"><strong>Lucile Sassatelli<\/strong><\/a>, Universit\u00e9 C\u00f4te d&#8217;Azur, IUF, CNRS I3S<br \/>\n<a href=\"https:\/\/www.i3s.unice.fr\/~winckler\/\"><strong>Marco Winckler<\/strong><\/a>, Universit\u00e9 C\u00f4te d&#8217;Azur, CNRS I3S, Inria<\/p>\n<p>External collaborators:<\/p>\n<p><a href=\"https:\/\/lpc.univ-amu.fr\/fr\/users\/castet-eric\"><strong>\u00c9ric Castet<\/strong><\/a>, Aix-Marseille Universit\u00e9, CNRS LPC<\/p>\n<p>PhD Students (by starting year, alphabetical):<\/p>\n<p>Johanna Delachambre (2022 &#8211; current)<br \/>\nFranz Franco Gallo (2022 &#8211; current)<br \/>\nCl\u00e9ment Qu\u00e9r\u00e9 (2022 &#8211; current)<br \/>\nFlorent Robert (defended 9 December 2024)<\/p>\n<p>Masters students:<br \/>\nWei-Tung Pan (2025), Pauline Devictor (2024), Kateryna Pirkovets (2023), Cl\u00e9ment Qu\u00e9r\u00e9 (2022), Cl\u00e9ment Merveille (2022), Vivien Gagliano (2021)<\/p>\n","protected":false},"excerpt":{"rendered":"<p>Coordinator: Hui-Yin (Helen) Wu, Centre Inria d&#8217;Universit\u00e9 C\u00f4te d&#8217;Azur, Biovision UCA Participants (alphabetical): Bruno Cessac, Centre Inria d&#8217;Universit\u00e9 C\u00f4te d&#8217;Azur, Biovision Auriane Gros, Universit\u00e9 C\u00f4te d&#8217;Azur, CHU, CoBTeK Meggy Hayotte, Universit\u00e9 C\u00f4te d&#8217;Azur, LAMHESS Pierre Kornprobst, Centre Inria d&#8217;Universit\u00e9 C\u00f4te d&#8217;Azur, Biovision Aline Menin, Universit\u00e9 C\u00f4te d&#8217;Azur, IUT, CNRS I3S\u2026<\/p>\n<p> <a class=\"continue-reading-link\" href=\"https:\/\/project.inria.fr\/creattive3d\/participants\/\"><span>Continue reading<\/span><i class=\"crycon-right-dir\"><\/i><\/a> <\/p>\n","protected":false},"author":670,"featured_media":0,"parent":0,"menu_order":0,"comment_status":"closed","ping_status":"closed","template":"","meta":{"footnotes":""},"class_list":["post-83","page","type-page","status-publish","hentry"],"_links":{"self":[{"href":"https:\/\/project.inria.fr\/creattive3d\/wp-json\/wp\/v2\/pages\/83","targetHints":{"allow":["GET"]}}],"collection":[{"href":"https:\/\/project.inria.fr\/creattive3d\/wp-json\/wp\/v2\/pages"}],"about":[{"href":"https:\/\/project.inria.fr\/creattive3d\/wp-json\/wp\/v2\/types\/page"}],"author":[{"embeddable":true,"href":"https:\/\/project.inria.fr\/creattive3d\/wp-json\/wp\/v2\/users\/670"}],"replies":[{"embeddable":true,"href":"https:\/\/project.inria.fr\/creattive3d\/wp-json\/wp\/v2\/comments?post=83"}],"version-history":[{"count":18,"href":"https:\/\/project.inria.fr\/creattive3d\/wp-json\/wp\/v2\/pages\/83\/revisions"}],"predecessor-version":[{"id":206,"href":"https:\/\/project.inria.fr\/creattive3d\/wp-json\/wp\/v2\/pages\/83\/revisions\/206"}],"wp:attachment":[{"href":"https:\/\/project.inria.fr\/creattive3d\/wp-json\/wp\/v2\/media?parent=83"}],"curies":[{"name":"wp","href":"https:\/\/api.w.org\/{rel}","templated":true}]}}