

{"id":104,"date":"2023-04-28T09:45:28","date_gmt":"2023-04-28T07:45:28","guid":{"rendered":"https:\/\/project.inria.fr\/crystalfree\/?page_id=104"},"modified":"2023-09-07T21:26:15","modified_gmt":"2023-09-07T19:26:15","slug":"attendees","status":"publish","type":"page","link":"https:\/\/project.inria.fr\/crystalfree\/attendees\/","title":{"rendered":"Attendees"},"content":{"rendered":"\n<ul class=\"wp-block-list\"><li><strong>Alexandre Abadie<\/strong>, Inria, FR<\/li><li><strong>Branko Kerkez<\/strong>, University of Michigan, US<\/li><li><strong>Daniel Lovell<\/strong>, UC Berkeley, US<\/li><li><strong>Danny Hughes<\/strong>, KU Leuven, BE<\/li><li><strong>David Burnett<\/strong>, Portand State Univesity, US<\/li><li><strong>Dominique Barthel<\/strong>, Orange, France<\/li><li><strong>Elsa Lopez Perez<\/strong>, Nokia, France<\/li><li><strong>Fabrice Theoleyre<\/strong>, CNRS, France<\/li><li><strong>Filip Maksimovic<\/strong>, Inria Paris, FR<\/li><li><strong>Genki Miyauchi<\/strong>, University of Sheffield, UK<\/li><li><strong>Jacob Louie<\/strong>, Portand State Univesity, US<\/li><li><strong>Kristofer Pister<\/strong>, UC Berkeley, US<\/li><li><strong>Lance Doherty<\/strong>, Analog Devices, IE<\/li><li><strong>Mali\u0161a Vu\u010dini\u0107<\/strong>, Inria Paris, FR<\/li><li><strong>Martina Balbi<\/strong>, Analog Devices, FR<\/li><li><strong>Mengyao Liu<\/strong>, KU Leuven, BE<\/li><li><strong>Nathalie Mitton<\/strong>, Inria Lille, FR<\/li><li><strong>Razanne Abu-Aisheh<\/strong>, Bristol University, UK<\/li><li><strong>Roderich Gross<\/strong>, University of Sheffield, UK<\/li><li><strong>Said Alvarado-Marin<\/strong>, Inria Paris, FR<\/li><li><strong>Sam Michiels<\/strong>, KU Leuven, BE<\/li><li><strong>Sara Faour<\/strong>, Inria Paris, FR<\/li><li><strong>Tengfei Chang<\/strong>, HKUST (GZ), CN<\/li><li><strong>Thomas Watteyne<\/strong>, Inria Paris, FR<\/li><li><strong>Titan Yuan<\/strong>, UC Berkeley, US<\/li><li><strong>Xavi Vilajosana<\/strong>, UOC, Catalunya<\/li><\/ul>\n\n\n\n<p>If you have any questions, reach out to <a href=\"mailto:pariscrystalfreeworkshop.org@inria.fr\">pariscrystalfreeworkshop.org@inria.fr<\/a>.<\/p>\n","protected":false},"excerpt":{"rendered":"<p>Alexandre Abadie, Inria, FR Branko Kerkez, University of Michigan, US Daniel Lovell, UC Berkeley, US Danny Hughes, KU Leuven, BE David Burnett, Portand State Univesity, US Dominique Barthel, Orange, France Elsa Lopez Perez, Nokia, France Fabrice Theoleyre, CNRS, France Filip Maksimovic, Inria Paris, FR Genki Miyauchi, University of Sheffield, UK\u2026<\/p>\n<p> <a class=\"continue-reading-link\" href=\"https:\/\/project.inria.fr\/crystalfree\/attendees\/\"><span>Continue reading<\/span><i class=\"crycon-right-dir\"><\/i><\/a> <\/p>\n","protected":false},"author":943,"featured_media":0,"parent":0,"menu_order":1,"comment_status":"closed","ping_status":"closed","template":"","meta":{"footnotes":""},"class_list":["post-104","page","type-page","status-publish","hentry"],"_links":{"self":[{"href":"https:\/\/project.inria.fr\/crystalfree\/wp-json\/wp\/v2\/pages\/104","targetHints":{"allow":["GET"]}}],"collection":[{"href":"https:\/\/project.inria.fr\/crystalfree\/wp-json\/wp\/v2\/pages"}],"about":[{"href":"https:\/\/project.inria.fr\/crystalfree\/wp-json\/wp\/v2\/types\/page"}],"author":[{"embeddable":true,"href":"https:\/\/project.inria.fr\/crystalfree\/wp-json\/wp\/v2\/users\/943"}],"replies":[{"embeddable":true,"href":"https:\/\/project.inria.fr\/crystalfree\/wp-json\/wp\/v2\/comments?post=104"}],"version-history":[{"count":8,"href":"https:\/\/project.inria.fr\/crystalfree\/wp-json\/wp\/v2\/pages\/104\/revisions"}],"predecessor-version":[{"id":275,"href":"https:\/\/project.inria.fr\/crystalfree\/wp-json\/wp\/v2\/pages\/104\/revisions\/275"}],"wp:attachment":[{"href":"https:\/\/project.inria.fr\/crystalfree\/wp-json\/wp\/v2\/media?parent=104"}],"curies":[{"name":"wp","href":"https:\/\/api.w.org\/{rel}","templated":true}]}}